{"id":815,"date":"2021-02-02T00:33:17","date_gmt":"2021-02-01T17:33:17","guid":{"rendered":"http:\/\/homegy.sonqb.com\/?post_type=product&#038;p=815"},"modified":"2021-02-02T00:33:17","modified_gmt":"2021-02-01T17:33:17","slug":"loa-google-home","status":"publish","type":"product","link":"https:\/\/test1.cmsmart.net\/vthouse\/san-pham\/loa-google-home\/","title":{"rendered":"Loa Google Home"},"content":{"rendered":"<div id=\"0a\" class=\"tab_pane\">\n<div class=\"content-post\">\n<table class=\"table table-bordered\">\n<tbody>\n<tr>\n<td>K\u00edch th\u01b0\u1edbc<\/td>\n<td>\u0111\u01b0\u1eddng k\u00ednh 96.4 mm, cao 142.8 mm<\/td>\n<\/tr>\n<tr>\n<td>C\u00e2n n\u1eb7ng<\/td>\n<td>\u00a0477 g<\/td>\n<\/tr>\n<tr>\n<td>Ngu\u1ed3n<\/td>\n<td>16.5V, 2A, d\u00e2y d\u00e0i 1.8 m, jack DC<\/td>\n<\/tr>\n<tr>\n<td>M\u00e0u s\u1eafc<\/td>\n<td>Tr\u1eafng, \u0110en<\/td>\n<\/tr>\n<tr>\n<td>K\u1ebft n\u1ed1i<\/td>\n<td>802.11b\/g\/n\/ac (2.4 GHz\/5 GHz) Wi-Fi, Bluetooth\u00ae 4.1<\/td>\n<\/tr>\n<tr>\n<td>Loa<\/td>\n<td>2\u2033 driver + dual 2\u2033 m\u00e0ng rung th\u1ee5 \u0111\u1ed9ng cho \u00e2m thanh trong tr\u1ebbo v\u00e0 bass m\u1ea1nh<\/td>\n<\/tr>\n<tr>\n<td>Micro<\/td>\n<td>2 micro si\u00eau nh\u1ea1y<\/td>\n<\/tr>\n<tr>\n<td>C\u1ea3m bi\u1ebfn<\/td>\n<td>\u0111i\u1ec1u khi\u1ec3n c\u1ea3m \u1ee9ng \u0111i\u1ec7n dung, \u00e1nh s\u00e1ng m\u00f4i tr\u01b0\u1eddng xung quanh<\/td>\n<\/tr>\n<tr>\n<td>H\u1ec7 \u0111i\u1ec1u h\u00e0nh<\/td>\n<td>Android 5.0 ho\u1eb7c iOS 9.1 tr\u1edf l\u00ean<\/td>\n<\/tr>\n<\/tbody>\n<\/table>\n<\/div>\n<\/div>\n<div id=\"1a\" class=\"tab_pane\">\n<div class=\"content-post\">\n<h2>C\u00e0i \u0111\u1eb7t v\u00e0 \u0111i\u1ec1u khi\u1ec3n d\u1ec5 d\u00e0ng<\/h2>\n<p>Vi\u1ec7c c\u00e0i \u0111\u1eb7t h\u1ebft s\u1ee9c \u0111\u01a1n gi\u1ea3n, g\u00f3i g\u1ecdn trong 3 b\u01b0\u1edbc: c\u1eafm ngu\u1ed3n \u2013 \u0111\u1eb7t v\u00e0o v\u1ecb tr\u00ed \u01b0u th\u00edch \u2013 c\u00e0i \u0111\u1eb7t qua \u1ee9ng d\u1ee5ng Google Home tr\u00ean \u0111i\u1ec7n tho\u1ea1i di \u0111\u1ed9ng ho\u1eb7c m\u00e1y t\u00ednh b\u1ea3ng. M\u1eb7t tr\u00ean c\u00f9ng c\u1ee7a loa cho b\u1ea1n to\u00e0n b\u1ed9 quy\u1ec1n \u0111i\u1ec1u khi\u1ec3n:<\/p>\n<ul>\n<li>Ch\u1ea1m m\u1ed9t l\u1ea7n \u0111\u1ec3 t\u1ea1m d\u1eebng \u00e2m thanh t\u1eeb nh\u1ea1c, h\u1eb9n gi\u1edd, b\u00e1o th\u1ee9c<\/li>\n<li>Vu\u1ed1t theo chi\u1ec1u kim \u0111\u1ed3ng h\u1ed3 \u0111\u1ec3 t\u0103ng \u00e2m l\u01b0\u1ee3ng v\u00e0 ng\u01b0\u1ee3c l\u1ea1i<\/li>\n<li>Nh\u1ea5n v\u00e0 gi\u1eef \u0111\u1ec3 g\u1ecdi tr\u1ee3 l\u00fd \u1ea3o Google Assistant<\/li>\n<\/ul>\n<h2>Tr\u1ee3 l\u00fd \u1ea3o \u0111\u1eafc l\u1ef1c<\/h2>\n<p>V\u1edbi\u00a0<strong>Google\u00a0Assistant<\/strong>\u00a0t\u00edch h\u1ee3p s\u1eb5n b\u00ean trong, b\u1ea1n \u0111\u00e3 c\u00f3 ngay m\u1ed9t tr\u1ee3 l\u00fd \u1ea3o \u0111\u1eafc l\u1ef1c lu\u00f4n lu\u00f4n xu\u1ea5t hi\u1ec7n khi b\u1ea1n g\u1ecdi, gi\u00fap gi\u1ea3i \u0111\u00e1p m\u1ecdi v\u1ea5n \u0111\u1ec1. Ch\u1ec9 c\u1ea7n ra l\u1ec7nh, b\u1ea1n c\u00f3 th\u1ec3 tra c\u1ee9u nhanh ch\u00f3ng th\u00f4ng tin v\u1ec1 m\u1ecdi l\u0129nh v\u1ef1c nh\u01b0 \u0111\u1eddi s\u1ed1ng, th\u1ec3 thao, th\u1eddi ti\u1ebft, t\u00ecnh h\u00ecnh giao th\u00f4ng, t\u00e0i ch\u00ednh\u2026 \u0110\u1eb7c bi\u1ec7t, th\u00f4ng tin mang t\u00ednh ch\u1ea5t c\u1eadp nh\u1eadt tr\u1ef1c ti\u1ebfp nh\u01b0 th\u1eddi ti\u1ebft, tin t\u1ee9c th\u1eddi s\u1ef1.<\/p>\n<p>B\u00ean c\u1ea1nh \u0111\u00f3, ch\u1ec9 v\u1edbi 1 c\u00e2u l\u1ec7nh \u0111\u01a1n gi\u1ea3n, b\u1ea1n c\u00f3 th\u1ec3 y\u00eau c\u1ea7u\u00a0Google Home\u00a0b\u1eadt nh\u1ea1c, \u0111\u00e0i ph\u00e1t thanh t\u1eeb c\u00e1c d\u1ecbch v\u1ee5 tr\u1ef1c tuy\u1ebfn nh\u01b0 Google Play Music, Spotify, YouTube Music, Pandora v\u00e0 TuneIn.<\/p>\n<h2>\u0110i\u1ec1u khi\u1ec3n nh\u00e0 th\u00f4ng minh<\/h2>\n<p><strong>Google Home<\/strong>\u00a0v\u1edbi tr\u1ee3 l\u00fd \u1ea3o\u00a0Google\u00a0Assistant ho\u1ea1t \u0111\u1ed9ng nh\u01b0 m\u1ed9t b\u1ed9 \u0111i\u1ec1u khi\u1ec3n trung t\u00e2m,\u00a0t\u01b0\u01a1ng th\u00edch v\u1edbi h\u01a1n 5.000 thi\u1ebft b\u1ecb th\u00f4ng minh t\u1eeb 150 h\u00e3ng n\u1ed5i ti\u1ebfng,\u00a0 B\u1ea1n c\u00f3 th\u1ec3 k\u1ebft n\u1ed1i v\u1edbi \u0111\u00e8n, c\u1ea3m bi\u1ebfn nhi\u1ec7t, \u1ed5 c\u1eafm\u2026 \u0111\u1ec3 thi\u1ebft l\u1eadp b\u1eadt t\u1eaft theo th\u1eddi gian ho\u1eb7c \u0111i\u1ec1u khi\u1ec3n tr\u1ef1c ti\u1ebfp b\u1eb1ng gi\u1ecdng n\u00f3i.<\/p>\n<p>B\u1ea1n c\u0169ng c\u00f3 th\u1ec3 k\u1ebft n\u1ed1i v\u1edbi Chromecast \u0111\u1ec3 \u0111i\u1ec1u khi\u1ec3n tivi tr\u00ecnh chi\u1ebfu c\u00e1c ch\u01b0\u01a1ng tr\u00ecnh y\u00eau th\u00edch hay tua nhanh\/t\u1ea1m d\u1eebng m\u00e0 kh\u00f4ng c\u1ea7n d\u00f9ng tay \u2013 ch\u1ec9 c\u1ea7n ra l\u1ec7nh.<\/p>\n<p>H\u1ec7 th\u1ed1ng micro thu \u00e2m c\u00f9ng c\u00f4ng ngh\u1ec7 x\u1eed l\u00fd ng\u00f4n ng\u1eef ti\u00ean ti\u1ebfn gi\u00fap Google Home nh\u1eadn d\u1ea1ng gi\u1ecdng n\u00f3i c\u1ee7a b\u1ea1n nhanh ch\u00f3ng v\u00e0 ch\u00ednh x\u00e1c.<\/p>\n<h2>H\u1ed7 tr\u1ee3 qu\u1ea3n l\u00fd t\u1eeb s\u00e1ng \u0111\u1ebfn \u0111\u00eam<\/h2>\n<p>Khi k\u1ebft n\u1ed1i v\u1edbi t\u00e0i kho\u1ea3n Google c\u1ee7a b\u1ea1n, Google Home s\u1ebd theo d\u00f5i l\u1ecbch l\u00e0m vi\u1ec7c \u0111\u1ec3 \u0111\u01b0a ra th\u00f4ng tin nh\u1eafc nh\u1edf \u0111\u1ed3ng th\u1eddi c\u1eadp nh\u1eadt t\u00ecnh h\u00ecnh th\u1eddi ti\u1ebft, giao th\u00f4ng tr\u01b0\u1edbc khi b\u1ea1n ra kh\u1ecfi nh\u00e0\u2026 B\u1ea1n c\u0169ng c\u00f3 th\u1ec3 thi\u1ebft l\u1eadp \u0111\u1ed3ng h\u1ed3 b\u00e1o th\u1ee9c, h\u1eb9n gi\u1edd, th\u00f4ng b\u00e1o v\u1ec1 t\u00ecnh h\u00ecnh chuy\u1ebfn bay.<\/p>\n<h2>Ch\u1ee9c n\u0103ng \u0111a ph\u00f2ng v\u00e0 \u0111a ng\u01b0\u1eddi d\u00f9ng<\/h2>\n<p>Ch\u1ee9c n\u0103ng Multi-Room cho ph\u00e9p g\u1ed9p r\u1ea5t nhi\u1ec1u thi\u1ebft b\u1ecb Google Home l\u1ea1i v\u00e0 c\u00f9ng ph\u00e1t b\u1ea3n nh\u1ea1c y\u00eau th\u00edch trong kh\u1eafp c\u0103n nh\u00e0 b\u1ea1n.\u00a0B\u00ean c\u1ea1nh \u0111\u00f3, v\u1edbi ch\u1ee9c n\u0103ng Multi-User, c\u00f3 th\u1ec3 k\u1ebft n\u1ed1i c\u00f9ng l\u00fac 6 ng\u01b0\u1eddi v\u00e0o 1 chi\u1ebfc Google Home v\u1edbi c\u00e1c t\u00e0i kho\u1ea3n ri\u00eang bi\u1ec7t. Chi\u1ebfc loa th\u00f4ng minh n\u00e0y ho\u00e0n to\u00e0n c\u00f3 th\u1ec3 ph\u00e2n bi\u1ec7t gi\u1ecdng n\u00f3i c\u1ee7a b\u1ea1n v\u1edbi c\u00e1c th\u00e0nh vi\u00ean kh\u00e1c trong gia \u0111\u00ecnh \u0111\u1ec3 c\u00f3 th\u1ec3 ph\u1ea3n h\u1ed3i t\u1ed1t nh\u1ea5t.<\/p>\n<h2>G\u1ecdi \u0111i\u1ec7n tho\u1ea1i ch\u1ec9 b\u1eb1ng c\u00e1ch ra l\u1ec7nh<\/h2>\n<p>V\u1edbi t\u00ednh n\u0103ng \u201c\u0111\u00e0m tho\u1ea1i r\u1ea3nh tay\u201d, ch\u1ec9 c\u1ea7n h\u00f4 t\u00ean ng\u01b0\u1eddi b\u1ea1n mu\u1ed1n g\u1ecdi v\u00e0o Google Home, ngay l\u1eadp t\u1ee9c, chi\u1ebfc loa n\u00e0y s\u1ebd k\u1ebft n\u1ed1i v\u1edbi smart phone c\u1ee7a b\u1ea1n v\u00e0 quay s\u1ed1 \u0111\u1ec3 th\u1ef1c hi\u1ec7n cu\u1ed9c g\u1ecdi. Tuy\u1ec7t nhi\u00ean trong qu\u00e1 tr\u00ecnh \u0111\u00f3, b\u1ea1n kh\u00f4ng c\u1ea7n ch\u1ea1m \u0111\u1ebfn chi\u1ebfc \u0111i\u1ec7n tho\u1ea1i c\u1ee7a m\u00ecnh v\u00e0 ho\u00e0n to\u00e0n r\u1ea3nh tay \u0111\u1ec3 l\u00e0m nh\u1eefng c\u00f4ng vi\u1ec7c kh\u00e1c.<\/p>\n<h2>Mang \u0111\u1ebfn th\u1ebf gi\u1edbi \u00e2m nh\u1ea1c s\u1ed1ng \u0111\u1ed9ng<\/h2>\n<p>Chi\u1ebfc loa nh\u1ecf g\u1ecdn nh\u01b0ng c\u1ef1c ch\u1ea5t l\u01b0\u1ee3ng Google Home mang t\u1edbi \u00e2m thanh s\u1ed1ng \u0111\u1ed9ng v\u00e0 phong ph\u00fa cho c\u1ea3 c\u0103n ph\u00f2ng.\u00a0Ch\u1ec9 c\u1ea7n n\u00f3i ra b\u1ea3n nh\u1ea1c y\u00eau th\u00edch, trong v\u00f2ng m\u1ed9t n\u1ed1t nh\u1ea1c, chi\u1ebfc loa n\u00e0y s\u1ebd ph\u00e1t ngay b\u00e0i h\u00e1t \u0111\u00f3.<\/p>\n<h2>Ph\u00f9 h\u1ee3p v\u1edbi t\u1eebng c\u0103n ph\u00f2ng<\/h2>\n<p>V\u1edbi thi\u1ebft k\u1ebf tr\u1ebb trung c\u00f9ng 7 gam m\u00e0u ri\u00eang bi\u1ec7t, Google Home ph\u00f9 h\u1ee3p v\u1edbi b\u1ea5t c\u1ee9 c\u0103n ph\u00f2ng n\u00e0o trong gia \u0111\u00ecnh b\u1ea1n, t\u1eeb ph\u00f2ng kh\u00e1ch \u0111\u1ebfn ph\u00f2ng ng\u1ee7.<\/p>\n<\/div>\n<\/div>\n","protected":false},"excerpt":{"rendered":"<div class=\"font_default mobi_nhathongminh_detail content-post\">\n<p><strong>Google Home<\/strong> l\u00e0 m\u1ed9t chi\u1ebfc loa wifi \u0111\u01b0\u1ee3c s\u1ea3n xu\u1ea5t b\u1edfi Google. Loa th\u00f4ng minh Google t\u00edch h\u1ee3p tr\u1ee3 l\u00fd \u1ea3o Google Assistant gi\u00fap \u0111i\u1ec1u khi\u1ec3n b\u1eb1ng gi\u1ecdng n\u00f3i. B\u1ea1n c\u0169ng c\u00f3 th\u1ec3 s\u1eed d\u1ee5ng loa Google nh\u01b0 c\u00e1c thi\u1ebft b\u1ecb ph\u00e1t \u00e2m thanh t\u1eeb c\u00e1c b\u1ed9 phim, nghe nh\u1ea1c t\u1eeb c\u00e1c d\u1ecbch v\u1ee5 tr\u1ef1c tuy\u1ebfn.<\/p>\n<\/div>\n","protected":false},"featured_media":816,"template":"","meta":{"inline_featured_image":false},"product_cat":[87],"product_tag":[],"yoast_head":"<!-- This site is optimized with the Yoast SEO plugin v20.8 - https:\/\/yoast.com\/wordpress\/plugins\/seo\/ -->\n<title>Loa Google Home - SUNTHAO Smarthome<\/title>\n<meta name=\"robots\" content=\"noindex, follow, max-snippet:-1, max-image-preview:large, max-video-preview:-1\" \/>\n<meta property=\"og:locale\" content=\"vi_VN\" \/>\n<meta property=\"og:type\" content=\"article\" \/>\n<meta property=\"og:title\" content=\"Loa Google Home - SUNTHAO Smarthome\" \/>\n<meta property=\"og:description\" content=\"Google Home l\u00e0 m\u1ed9t chi\u1ebfc loa wifi \u0111\u01b0\u1ee3c s\u1ea3n xu\u1ea5t b\u1edfi Google. Loa th\u00f4ng minh Google t\u00edch h\u1ee3p tr\u1ee3 l\u00fd \u1ea3o Google Assistant gi\u00fap \u0111i\u1ec1u khi\u1ec3n b\u1eb1ng gi\u1ecdng n\u00f3i. B\u1ea1n c\u0169ng c\u00f3 th\u1ec3 s\u1eed d\u1ee5ng loa Google nh\u01b0 c\u00e1c thi\u1ebft b\u1ecb ph\u00e1t \u00e2m thanh t\u1eeb c\u00e1c b\u1ed9 phim, nghe nh\u1ea1c t\u1eeb c\u00e1c d\u1ecbch v\u1ee5 tr\u1ef1c tuy\u1ebfn.\" \/>\n<meta property=\"og:url\" content=\"https:\/\/test1.cmsmart.net\/vthouse\/san-pham\/loa-google-home\/\" \/>\n<meta property=\"og:site_name\" content=\"SUNTHAO Smarthome\" \/>\n<meta property=\"og:image\" content=\"https:\/\/test1.cmsmart.net\/vthouse\/wp-content\/uploads\/2021\/02\/Google-Home-Chinh-Hang-TPHCM.jpg\" \/>\n\t<meta property=\"og:image:width\" content=\"700\" \/>\n\t<meta property=\"og:image:height\" content=\"525\" \/>\n\t<meta property=\"og:image:type\" content=\"image\/jpeg\" \/>\n<meta name=\"twitter:card\" content=\"summary_large_image\" \/>\n<meta name=\"twitter:label1\" content=\"\u01af\u1edbc t\u00ednh th\u1eddi gian \u0111\u1ecdc\" \/>\n\t<meta name=\"twitter:data1\" content=\"4 ph\u00fat\" \/>\n<script type=\"application\/ld+json\" class=\"yoast-schema-graph\">{\"@context\":\"https:\/\/schema.org\",\"@graph\":[{\"@type\":\"WebPage\",\"@id\":\"https:\/\/test1.cmsmart.net\/vthouse\/san-pham\/loa-google-home\/\",\"url\":\"https:\/\/test1.cmsmart.net\/vthouse\/san-pham\/loa-google-home\/\",\"name\":\"Loa Google Home - SUNTHAO Smarthome\",\"isPartOf\":{\"@id\":\"https:\/\/test1.cmsmart.net\/vthouse\/#website\"},\"datePublished\":\"2021-02-01T17:33:17+00:00\",\"dateModified\":\"2021-02-01T17:33:17+00:00\",\"breadcrumb\":{\"@id\":\"https:\/\/test1.cmsmart.net\/vthouse\/san-pham\/loa-google-home\/#breadcrumb\"},\"inLanguage\":\"vi\",\"potentialAction\":[{\"@type\":\"ReadAction\",\"target\":[\"https:\/\/test1.cmsmart.net\/vthouse\/san-pham\/loa-google-home\/\"]}]},{\"@type\":\"BreadcrumbList\",\"@id\":\"https:\/\/test1.cmsmart.net\/vthouse\/san-pham\/loa-google-home\/#breadcrumb\",\"itemListElement\":[{\"@type\":\"ListItem\",\"position\":1,\"name\":\"Trang ch\u1ee7\",\"item\":\"https:\/\/test1.cmsmart.net\/vthouse\/\"},{\"@type\":\"ListItem\",\"position\":2,\"name\":\"S\u1ea3n ph\u1ea9m\",\"item\":\"https:\/\/test1.cmsmart.net\/vthouse\/san-pham\/\"},{\"@type\":\"ListItem\",\"position\":3,\"name\":\"Loa Google Home\"}]},{\"@type\":\"WebSite\",\"@id\":\"https:\/\/test1.cmsmart.net\/vthouse\/#website\",\"url\":\"https:\/\/test1.cmsmart.net\/vthouse\/\",\"name\":\"SUNTHAO Smarthome\",\"description\":\"\",\"potentialAction\":[{\"@type\":\"SearchAction\",\"target\":{\"@type\":\"EntryPoint\",\"urlTemplate\":\"https:\/\/test1.cmsmart.net\/vthouse\/?s={search_term_string}\"},\"query-input\":\"required name=search_term_string\"}],\"inLanguage\":\"vi\"}]}<\/script>\n<!-- \/ Yoast SEO plugin. -->","yoast_head_json":{"title":"Loa Google Home - SUNTHAO Smarthome","robots":{"index":"noindex","follow":"follow","max-snippet":"max-snippet:-1","max-image-preview":"max-image-preview:large","max-video-preview":"max-video-preview:-1"},"og_locale":"vi_VN","og_type":"article","og_title":"Loa Google Home - SUNTHAO Smarthome","og_description":"Google Home l\u00e0 m\u1ed9t chi\u1ebfc loa wifi \u0111\u01b0\u1ee3c s\u1ea3n xu\u1ea5t b\u1edfi Google. Loa th\u00f4ng minh Google t\u00edch h\u1ee3p tr\u1ee3 l\u00fd \u1ea3o Google Assistant gi\u00fap \u0111i\u1ec1u khi\u1ec3n b\u1eb1ng gi\u1ecdng n\u00f3i. B\u1ea1n c\u0169ng c\u00f3 th\u1ec3 s\u1eed d\u1ee5ng loa Google nh\u01b0 c\u00e1c thi\u1ebft b\u1ecb ph\u00e1t \u00e2m thanh t\u1eeb c\u00e1c b\u1ed9 phim, nghe nh\u1ea1c t\u1eeb c\u00e1c d\u1ecbch v\u1ee5 tr\u1ef1c tuy\u1ebfn.","og_url":"https:\/\/test1.cmsmart.net\/vthouse\/san-pham\/loa-google-home\/","og_site_name":"SUNTHAO Smarthome","og_image":[{"width":700,"height":525,"url":"https:\/\/test1.cmsmart.net\/vthouse\/wp-content\/uploads\/2021\/02\/Google-Home-Chinh-Hang-TPHCM.jpg","type":"image\/jpeg"}],"twitter_card":"summary_large_image","twitter_misc":{"\u01af\u1edbc t\u00ednh th\u1eddi gian \u0111\u1ecdc":"4 ph\u00fat"},"schema":{"@context":"https:\/\/schema.org","@graph":[{"@type":"WebPage","@id":"https:\/\/test1.cmsmart.net\/vthouse\/san-pham\/loa-google-home\/","url":"https:\/\/test1.cmsmart.net\/vthouse\/san-pham\/loa-google-home\/","name":"Loa Google Home - SUNTHAO Smarthome","isPartOf":{"@id":"https:\/\/test1.cmsmart.net\/vthouse\/#website"},"datePublished":"2021-02-01T17:33:17+00:00","dateModified":"2021-02-01T17:33:17+00:00","breadcrumb":{"@id":"https:\/\/test1.cmsmart.net\/vthouse\/san-pham\/loa-google-home\/#breadcrumb"},"inLanguage":"vi","potentialAction":[{"@type":"ReadAction","target":["https:\/\/test1.cmsmart.net\/vthouse\/san-pham\/loa-google-home\/"]}]},{"@type":"BreadcrumbList","@id":"https:\/\/test1.cmsmart.net\/vthouse\/san-pham\/loa-google-home\/#breadcrumb","itemListElement":[{"@type":"ListItem","position":1,"name":"Trang ch\u1ee7","item":"https:\/\/test1.cmsmart.net\/vthouse\/"},{"@type":"ListItem","position":2,"name":"S\u1ea3n ph\u1ea9m","item":"https:\/\/test1.cmsmart.net\/vthouse\/san-pham\/"},{"@type":"ListItem","position":3,"name":"Loa Google Home"}]},{"@type":"WebSite","@id":"https:\/\/test1.cmsmart.net\/vthouse\/#website","url":"https:\/\/test1.cmsmart.net\/vthouse\/","name":"SUNTHAO Smarthome","description":"","potentialAction":[{"@type":"SearchAction","target":{"@type":"EntryPoint","urlTemplate":"https:\/\/test1.cmsmart.net\/vthouse\/?s={search_term_string}"},"query-input":"required name=search_term_string"}],"inLanguage":"vi"}]}},"_links":{"self":[{"href":"https:\/\/test1.cmsmart.net\/vthouse\/wp-json\/wp\/v2\/product\/815"}],"collection":[{"href":"https:\/\/test1.cmsmart.net\/vthouse\/wp-json\/wp\/v2\/product"}],"about":[{"href":"https:\/\/test1.cmsmart.net\/vthouse\/wp-json\/wp\/v2\/types\/product"}],"wp:featuredmedia":[{"embeddable":true,"href":"https:\/\/test1.cmsmart.net\/vthouse\/wp-json\/wp\/v2\/media\/816"}],"wp:attachment":[{"href":"https:\/\/test1.cmsmart.net\/vthouse\/wp-json\/wp\/v2\/media?parent=815"}],"wp:term":[{"taxonomy":"product_cat","embeddable":true,"href":"https:\/\/test1.cmsmart.net\/vthouse\/wp-json\/wp\/v2\/product_cat?post=815"},{"taxonomy":"product_tag","embeddable":true,"href":"https:\/\/test1.cmsmart.net\/vthouse\/wp-json\/wp\/v2\/product_tag?post=815"}],"curies":[{"name":"wp","href":"https:\/\/api.w.org\/{rel}","templated":true}]}}