{"id":812,"date":"2021-02-02T00:28:13","date_gmt":"2021-02-01T17:28:13","guid":{"rendered":"http:\/\/homegy.sonqb.com\/?post_type=product&#038;p=812"},"modified":"2021-02-02T00:28:13","modified_gmt":"2021-02-01T17:28:13","slug":"loa-amazon-echo-dot","status":"publish","type":"product","link":"https:\/\/test1.cmsmart.net\/vthouse\/san-pham\/loa-amazon-echo-dot\/","title":{"rendered":"Loa Amazon Echo Dot"},"content":{"rendered":"<div id=\"0a\" class=\"tab_pane\">\n<div class=\"content-post\">\n<table class=\"table table-bordered\">\n<tbody>\n<tr>\n<td>K\u00edch th\u01b0\u1edbc<\/td>\n<td>99 mm x 99 mm x 43 mm<\/td>\n<\/tr>\n<tr>\n<td>C\u00e2n n\u1eb7ng<\/td>\n<td>300 grams<\/td>\n<\/tr>\n<tr>\n<td>Wifi<\/td>\n<td>Dual-band Wi-Fi supports 802.11 a\/b\/g\/n\/ac (2.4 and 5 GHz) networks. Does not support connecting to ad-hoc (or peer-to-peer) Wi-Fi networks.<\/td>\n<\/tr>\n<tr>\n<td>Bluetooth connectivity<\/td>\n<td>Advanced Audio Distribution Profile (A2DP) support for audio streaming from your mobile device to Echo or from Echo to your Bluetooth speaker. Audio\/Video Remote Control Profile (AVRCP) for voice control of connected mobile devices. Hands-free voice control is not supported for Mac OS X devices. Bluetooth speakers requiring PIN codes are not supported.<\/td>\n<\/tr>\n<tr>\n<td>Audio<\/td>\n<td>Built-in speaker for voice feedback when not connected to external speakers. 3.5 mm stereo audio output for use with external speakers (audio cable not included).<\/td>\n<\/tr>\n<tr>\n<td>Audio<\/td>\n<td>Built-in speaker for voice feedback when not connected to external speakers. 3.5 mm stereo audio output for use with external speakers (audio cable not included).<\/td>\n<\/tr>\n<\/tbody>\n<\/table>\n<\/div>\n<\/div>\n<div id=\"1a\" class=\"tab_pane\">\n<div class=\"content-post\">\n<p><strong>Amazon Echo Dot<\/strong>\u00a0c\u00f3 th\u1ec3 k\u1ebft n\u1ed1i tr\u1ef1c ti\u1ebfp v\u1edbi h\u1ec7 th\u1ed1ng loa ngo\u00e0i b\u1eb1ng c\u00e1p \u00e2m thanh 3.5mm, Bluetooth ho\u1eb7c Wi-Fi \u0111\u1ec3 th\u00eam ch\u1ee9c n\u0103ng \u0111i\u1ec1u khi\u1ec3n b\u1eb1ng gi\u1ecdng n\u00f3i v\u00e0o h\u1ec7 th\u1ed1ng \u00e2m thanh trong nh\u00e0, trong ph\u00f2ng kh\u00e1ch ho\u1eb7c ph\u00f2ng l\u00e0m vi\u1ec7c. V\u1edbi t\u00ednh n\u0103ng Multi-Room Music, b\u1ea1n c\u00f3 th\u1ec3 ph\u00e1t nh\u1ea1c c\u00f9ng l\u00fac qua nhi\u1ec1u thi\u1ebft b\u1ecb Echo.<\/p>\n<p>Ch\u1ec9 c\u1ea7n ra l\u1ec7nh b\u1eb1ng gi\u1ecdng n\u00f3i,\u00a0<strong>Echo Dot<\/strong>\u00a0s\u1ebd gi\u00fap b\u1ea1n ch\u01a1i nh\u1ea1c t\u1eeb Amazon Music, Spotify, Apple Music, Pandora, iHeartRadio hay TuneIn. B\u1eadt b\u1ea5t c\u1ee9 b\u00e0i h\u00e1t b\u1ea1n y\u00eau th\u00edch hay th\u1eadm ch\u00ed t\u00ecm ki\u1ebfm nh\u1ea1c theo l\u1eddi b\u00e0i h\u00e1t, nh\u1ea1c s\u0129, th\u1ec3 lo\u1ea1i, n\u0103m ph\u00e1t h\u00e0nh. B\u1ea1n c\u00f3 th\u1ec3 s\u1eed d\u1ee5ng m\u1ed9t b\u00e0i h\u00e1t ho\u1eb7c playlist y\u00eau th\u00edch b\u1ea5t k\u1ef3 \u0111\u1ec3 \u0111\u00e1nh th\u1ee9c m\u1ed7i s\u00e1ng.<\/p>\n<p>D\u1ecbch v\u1ee5 nghe nh\u1ea1c tr\u1ef1c tuy\u1ebfn Spotify \u0111\u00e3 gia nh\u1eadp Vi\u1ec7t Nam. Gi\u1edd \u0111\u00e2y, b\u1ea1n c\u00f3 th\u1ec3 nghe b\u1ea5t c\u1ee9 ca kh\u00fac n\u00e0o v\u1edbi s\u1ef1 k\u1ebft h\u1ee3p Echo c\u00f9ng\u00a0Spotify.<\/p>\n<\/div>\n<\/div>\n","protected":false},"excerpt":{"rendered":"<p>Echo Dot l\u00e0 loa th\u00f4ng minh \u0111i\u1ec1u khi\u1ec3n b\u1eb1ng gi\u1ecdng n\u00f3i ph\u1ed5 bi\u1ebfn nh\u1ea5t c\u1ee7a Amazon, nay \u0111\u01b0\u1ee3c n\u00e2ng c\u1ea5p ch\u1ea5t l\u01b0\u1ee3ng \u00e2m thanh v\u00e0 thi\u1ebft k\u1ebf m\u1edbi.<br \/>\nS\u1eed d\u1ee5ng Alexa \u0111\u1ec3 ch\u01a1i nh\u1ea1c, \u0111i\u1ec1u khi\u1ec3n smart home, g\u1ecdi \u0111i\u1ec7n, g\u1eedi tin nh\u1eafn, \u0111\u1ecdc tin t\u1ee9c, tra th\u1eddi ti\u1ebft\u2026..<br \/>\nK\u1ebft n\u1ed1i \u0111\u1ebfn loa ho\u1eb7c tai nghe qua Bluetooth ho\u1eb7c jack c\u1eafm 3.5mm \u0111\u1ec3 c\u00f3 \u00e2m thanh to v\u00e0 ch\u1ea5t l\u01b0\u1ee3ng h\u01a1n.<br \/>\nCh\u01a1i nh\u1ea1c t\u1eeb Amazon Music, Spotify, Apple Music, Pandora, iHeartRadio, v\u00e0 TuneIn.<br \/>\n\u0110i\u1ec1u khi\u1ec3n \u0111\u00e8n, qu\u1ea1t, TV, c\u00f4ng t\u1eafc, \u0111i\u1ec1u h\u00f2a\u2026 t\u01b0\u01a1ng th\u00edch v\u1edbi c\u00e1c thi\u1ebft b\u1ecb WeMo, Philips Hue, Logitech Harmony, Samsung SmartThings, Nest, ecobee\u2026.<\/p>\n","protected":false},"featured_media":813,"template":"","meta":{"inline_featured_image":false},"product_cat":[87],"product_tag":[],"yoast_head":"<!-- This site is optimized with the Yoast SEO plugin v20.8 - https:\/\/yoast.com\/wordpress\/plugins\/seo\/ -->\n<title>Loa Amazon Echo Dot - SUNTHAO Smarthome<\/title>\n<meta name=\"robots\" content=\"noindex, follow, max-snippet:-1, max-image-preview:large, max-video-preview:-1\" \/>\n<meta property=\"og:locale\" content=\"vi_VN\" \/>\n<meta property=\"og:type\" content=\"article\" \/>\n<meta property=\"og:title\" content=\"Loa Amazon Echo Dot - SUNTHAO Smarthome\" \/>\n<meta property=\"og:description\" content=\"Echo Dot l\u00e0 loa th\u00f4ng minh \u0111i\u1ec1u khi\u1ec3n b\u1eb1ng gi\u1ecdng n\u00f3i ph\u1ed5 bi\u1ebfn nh\u1ea5t c\u1ee7a Amazon, nay \u0111\u01b0\u1ee3c n\u00e2ng c\u1ea5p ch\u1ea5t l\u01b0\u1ee3ng \u00e2m thanh v\u00e0 thi\u1ebft k\u1ebf m\u1edbi. S\u1eed d\u1ee5ng Alexa \u0111\u1ec3 ch\u01a1i nh\u1ea1c, \u0111i\u1ec1u khi\u1ec3n smart home, g\u1ecdi \u0111i\u1ec7n, g\u1eedi tin nh\u1eafn, \u0111\u1ecdc tin t\u1ee9c, tra th\u1eddi ti\u1ebft\u2026.. K\u1ebft n\u1ed1i \u0111\u1ebfn loa ho\u1eb7c tai nghe qua Bluetooth ho\u1eb7c jack c\u1eafm 3.5mm \u0111\u1ec3 c\u00f3 \u00e2m thanh to v\u00e0 ch\u1ea5t l\u01b0\u1ee3ng h\u01a1n. Ch\u01a1i nh\u1ea1c t\u1eeb Amazon Music, Spotify, Apple Music, Pandora, iHeartRadio, v\u00e0 TuneIn. \u0110i\u1ec1u khi\u1ec3n \u0111\u00e8n, qu\u1ea1t, TV, c\u00f4ng t\u1eafc, \u0111i\u1ec1u h\u00f2a\u2026 t\u01b0\u01a1ng th\u00edch v\u1edbi c\u00e1c thi\u1ebft b\u1ecb WeMo, Philips Hue, Logitech Harmony, Samsung SmartThings, Nest, ecobee\u2026.\" \/>\n<meta property=\"og:url\" content=\"https:\/\/test1.cmsmart.net\/vthouse\/san-pham\/loa-amazon-echo-dot\/\" \/>\n<meta property=\"og:site_name\" content=\"SUNTHAO Smarthome\" \/>\n<meta property=\"og:image\" content=\"https:\/\/test1.cmsmart.net\/vthouse\/wp-content\/uploads\/2021\/02\/Amazon-Echo-Dot-3-mau-xam-510x510-1.jpg\" \/>\n\t<meta property=\"og:image:width\" content=\"510\" \/>\n\t<meta property=\"og:image:height\" content=\"510\" \/>\n\t<meta property=\"og:image:type\" content=\"image\/jpeg\" \/>\n<meta name=\"twitter:card\" content=\"summary_large_image\" \/>\n<meta name=\"twitter:label1\" content=\"\u01af\u1edbc t\u00ednh th\u1eddi gian \u0111\u1ecdc\" \/>\n\t<meta name=\"twitter:data1\" content=\"2 ph\u00fat\" \/>\n<script type=\"application\/ld+json\" class=\"yoast-schema-graph\">{\"@context\":\"https:\/\/schema.org\",\"@graph\":[{\"@type\":\"WebPage\",\"@id\":\"https:\/\/test1.cmsmart.net\/vthouse\/san-pham\/loa-amazon-echo-dot\/\",\"url\":\"https:\/\/test1.cmsmart.net\/vthouse\/san-pham\/loa-amazon-echo-dot\/\",\"name\":\"Loa Amazon Echo Dot - SUNTHAO Smarthome\",\"isPartOf\":{\"@id\":\"https:\/\/test1.cmsmart.net\/vthouse\/#website\"},\"datePublished\":\"2021-02-01T17:28:13+00:00\",\"dateModified\":\"2021-02-01T17:28:13+00:00\",\"breadcrumb\":{\"@id\":\"https:\/\/test1.cmsmart.net\/vthouse\/san-pham\/loa-amazon-echo-dot\/#breadcrumb\"},\"inLanguage\":\"vi\",\"potentialAction\":[{\"@type\":\"ReadAction\",\"target\":[\"https:\/\/test1.cmsmart.net\/vthouse\/san-pham\/loa-amazon-echo-dot\/\"]}]},{\"@type\":\"BreadcrumbList\",\"@id\":\"https:\/\/test1.cmsmart.net\/vthouse\/san-pham\/loa-amazon-echo-dot\/#breadcrumb\",\"itemListElement\":[{\"@type\":\"ListItem\",\"position\":1,\"name\":\"Trang ch\u1ee7\",\"item\":\"https:\/\/test1.cmsmart.net\/vthouse\/\"},{\"@type\":\"ListItem\",\"position\":2,\"name\":\"S\u1ea3n ph\u1ea9m\",\"item\":\"https:\/\/test1.cmsmart.net\/vthouse\/san-pham\/\"},{\"@type\":\"ListItem\",\"position\":3,\"name\":\"Loa Amazon Echo Dot\"}]},{\"@type\":\"WebSite\",\"@id\":\"https:\/\/test1.cmsmart.net\/vthouse\/#website\",\"url\":\"https:\/\/test1.cmsmart.net\/vthouse\/\",\"name\":\"SUNTHAO Smarthome\",\"description\":\"\",\"potentialAction\":[{\"@type\":\"SearchAction\",\"target\":{\"@type\":\"EntryPoint\",\"urlTemplate\":\"https:\/\/test1.cmsmart.net\/vthouse\/?s={search_term_string}\"},\"query-input\":\"required name=search_term_string\"}],\"inLanguage\":\"vi\"}]}<\/script>\n<!-- \/ Yoast SEO plugin. -->","yoast_head_json":{"title":"Loa Amazon Echo Dot - SUNTHAO Smarthome","robots":{"index":"noindex","follow":"follow","max-snippet":"max-snippet:-1","max-image-preview":"max-image-preview:large","max-video-preview":"max-video-preview:-1"},"og_locale":"vi_VN","og_type":"article","og_title":"Loa Amazon Echo Dot - SUNTHAO Smarthome","og_description":"Echo Dot l\u00e0 loa th\u00f4ng minh \u0111i\u1ec1u khi\u1ec3n b\u1eb1ng gi\u1ecdng n\u00f3i ph\u1ed5 bi\u1ebfn nh\u1ea5t c\u1ee7a Amazon, nay \u0111\u01b0\u1ee3c n\u00e2ng c\u1ea5p ch\u1ea5t l\u01b0\u1ee3ng \u00e2m thanh v\u00e0 thi\u1ebft k\u1ebf m\u1edbi. S\u1eed d\u1ee5ng Alexa \u0111\u1ec3 ch\u01a1i nh\u1ea1c, \u0111i\u1ec1u khi\u1ec3n smart home, g\u1ecdi \u0111i\u1ec7n, g\u1eedi tin nh\u1eafn, \u0111\u1ecdc tin t\u1ee9c, tra th\u1eddi ti\u1ebft\u2026.. K\u1ebft n\u1ed1i \u0111\u1ebfn loa ho\u1eb7c tai nghe qua Bluetooth ho\u1eb7c jack c\u1eafm 3.5mm \u0111\u1ec3 c\u00f3 \u00e2m thanh to v\u00e0 ch\u1ea5t l\u01b0\u1ee3ng h\u01a1n. Ch\u01a1i nh\u1ea1c t\u1eeb Amazon Music, Spotify, Apple Music, Pandora, iHeartRadio, v\u00e0 TuneIn. \u0110i\u1ec1u khi\u1ec3n \u0111\u00e8n, qu\u1ea1t, TV, c\u00f4ng t\u1eafc, \u0111i\u1ec1u h\u00f2a\u2026 t\u01b0\u01a1ng th\u00edch v\u1edbi c\u00e1c thi\u1ebft b\u1ecb WeMo, Philips Hue, Logitech Harmony, Samsung SmartThings, Nest, ecobee\u2026.","og_url":"https:\/\/test1.cmsmart.net\/vthouse\/san-pham\/loa-amazon-echo-dot\/","og_site_name":"SUNTHAO Smarthome","og_image":[{"width":510,"height":510,"url":"https:\/\/test1.cmsmart.net\/vthouse\/wp-content\/uploads\/2021\/02\/Amazon-Echo-Dot-3-mau-xam-510x510-1.jpg","type":"image\/jpeg"}],"twitter_card":"summary_large_image","twitter_misc":{"\u01af\u1edbc t\u00ednh th\u1eddi gian \u0111\u1ecdc":"2 ph\u00fat"},"schema":{"@context":"https:\/\/schema.org","@graph":[{"@type":"WebPage","@id":"https:\/\/test1.cmsmart.net\/vthouse\/san-pham\/loa-amazon-echo-dot\/","url":"https:\/\/test1.cmsmart.net\/vthouse\/san-pham\/loa-amazon-echo-dot\/","name":"Loa Amazon Echo Dot - SUNTHAO Smarthome","isPartOf":{"@id":"https:\/\/test1.cmsmart.net\/vthouse\/#website"},"datePublished":"2021-02-01T17:28:13+00:00","dateModified":"2021-02-01T17:28:13+00:00","breadcrumb":{"@id":"https:\/\/test1.cmsmart.net\/vthouse\/san-pham\/loa-amazon-echo-dot\/#breadcrumb"},"inLanguage":"vi","potentialAction":[{"@type":"ReadAction","target":["https:\/\/test1.cmsmart.net\/vthouse\/san-pham\/loa-amazon-echo-dot\/"]}]},{"@type":"BreadcrumbList","@id":"https:\/\/test1.cmsmart.net\/vthouse\/san-pham\/loa-amazon-echo-dot\/#breadcrumb","itemListElement":[{"@type":"ListItem","position":1,"name":"Trang ch\u1ee7","item":"https:\/\/test1.cmsmart.net\/vthouse\/"},{"@type":"ListItem","position":2,"name":"S\u1ea3n ph\u1ea9m","item":"https:\/\/test1.cmsmart.net\/vthouse\/san-pham\/"},{"@type":"ListItem","position":3,"name":"Loa Amazon Echo Dot"}]},{"@type":"WebSite","@id":"https:\/\/test1.cmsmart.net\/vthouse\/#website","url":"https:\/\/test1.cmsmart.net\/vthouse\/","name":"SUNTHAO Smarthome","description":"","potentialAction":[{"@type":"SearchAction","target":{"@type":"EntryPoint","urlTemplate":"https:\/\/test1.cmsmart.net\/vthouse\/?s={search_term_string}"},"query-input":"required name=search_term_string"}],"inLanguage":"vi"}]}},"_links":{"self":[{"href":"https:\/\/test1.cmsmart.net\/vthouse\/wp-json\/wp\/v2\/product\/812"}],"collection":[{"href":"https:\/\/test1.cmsmart.net\/vthouse\/wp-json\/wp\/v2\/product"}],"about":[{"href":"https:\/\/test1.cmsmart.net\/vthouse\/wp-json\/wp\/v2\/types\/product"}],"wp:featuredmedia":[{"embeddable":true,"href":"https:\/\/test1.cmsmart.net\/vthouse\/wp-json\/wp\/v2\/media\/813"}],"wp:attachment":[{"href":"https:\/\/test1.cmsmart.net\/vthouse\/wp-json\/wp\/v2\/media?parent=812"}],"wp:term":[{"taxonomy":"product_cat","embeddable":true,"href":"https:\/\/test1.cmsmart.net\/vthouse\/wp-json\/wp\/v2\/product_cat?post=812"},{"taxonomy":"product_tag","embeddable":true,"href":"https:\/\/test1.cmsmart.net\/vthouse\/wp-json\/wp\/v2\/product_tag?post=812"}],"curies":[{"name":"wp","href":"https:\/\/api.w.org\/{rel}","templated":true}]}}