{"id":809,"date":"2021-02-02T00:25:03","date_gmt":"2021-02-01T17:25:03","guid":{"rendered":"http:\/\/homegy.sonqb.com\/?post_type=product&#038;p=809"},"modified":"2021-02-02T00:25:03","modified_gmt":"2021-02-01T17:25:03","slug":"loa-google-home-mini","status":"publish","type":"product","link":"https:\/\/test1.cmsmart.net\/vthouse\/san-pham\/loa-google-home-mini\/","title":{"rendered":"Loa Google Home Mini"},"content":{"rendered":"<div id=\"0a\" class=\"tab_pane\">\n<div class=\"content-post\">\n<table class=\"table table-bordered\">\n<tbody>\n<tr>\n<td>K\u00edch th\u01b0\u1edbc<\/td>\n<td>\u0111\u01b0\u1eddng k\u00ednh 98 mm, cao 42 mm<\/td>\n<\/tr>\n<tr>\n<td>C\u00e2n n\u1eb7ng<\/td>\n<td>181 g<\/td>\n<\/tr>\n<tr>\n<td>Ngu\u1ed3n<\/td>\n<td>15 W, d\u00e2y d\u00e0i 1.5 m, jack DC<\/td>\n<\/tr>\n<tr>\n<td>M\u00e0u s\u1eafc<\/td>\n<td>Charcoal (\u0110en), Chalk (Ghi), Coral (Cam), Sky (Xanh)<\/td>\n<\/tr>\n<tr>\n<td>K\u1ebft n\u1ed1i<\/td>\n<td>802.11b\/g\/n\/ac (2.4 GHz\/5 GHz) Wi-Fi, Bluetooth\u00ae 5.0, t\u00edch h\u1ee3p Chromecast<\/td>\n<\/tr>\n<tr>\n<td>Loa<\/td>\n<td>2\u2033 driver + dual 2\u2033 m\u00e0ng rung th\u1ee5 \u0111\u1ed9ng cho \u00e2m thanh trong tr\u1ebbo v\u00e0 bass m\u1ea1nh<\/td>\n<\/tr>\n<tr>\n<td>Micro<\/td>\n<td>\u00a0loa \u00e2m thanh 360 \u0111\u1ed9 v\u1edbi driver 40 mm t\u00edch h\u1ee3p tr\u1ee3 l\u00fd Google, 3 microphone si\u00eau nh\u1ea1y h\u1ed7 tr\u1ee3 Voice Match<\/td>\n<\/tr>\n<tr>\n<td>C\u1ea3m bi\u1ebfn<\/td>\n<td>\u0111i\u1ec1u khi\u1ec3n c\u1ea3m \u1ee9ng \u0111i\u1ec7n dung<\/td>\n<\/tr>\n<tr>\n<td>H\u1ec7 \u0111i\u1ec1u h\u00e0nh<\/td>\n<td>\u00a0Android 5.0 ho\u1eb7c iOS 9.1 tr\u1edf l\u00ean<\/td>\n<\/tr>\n<\/tbody>\n<\/table>\n<\/div>\n<\/div>\n<div id=\"1a\" class=\"tab_pane\">\n<div class=\"content-post\">\n<h2>Tr\u1ee3 l\u00fd \u1ea3o \u0111\u1eafc l\u1ef1c<\/h2>\n<p>V\u1edbi\u00a0<strong>Google\u00a0Assistant<\/strong>\u00a0t\u00edch h\u1ee3p s\u1eb5n b\u00ean trong, b\u1ea1n \u0111\u00e3 c\u00f3 ngay m\u1ed9t tr\u1ee3 l\u00fd \u1ea3o \u0111\u1eafc l\u1ef1c lu\u00f4n lu\u00f4n xu\u1ea5t hi\u1ec7n khi b\u1ea1n g\u1ecdi, gi\u00fap gi\u1ea3i \u0111\u00e1p m\u1ecdi v\u1ea5n \u0111\u1ec1. Ch\u1ec9 c\u1ea7n ra l\u1ec7nh, b\u1ea1n c\u00f3 th\u1ec3 tra c\u1ee9u nhanh ch\u00f3ng th\u00f4ng tin v\u1ec1 m\u1ecdi l\u0129nh v\u1ef1c nh\u01b0 \u0111\u1eddi s\u1ed1ng, th\u1ec3 thao, th\u1eddi ti\u1ebft, t\u00ecnh h\u00ecnh giao th\u00f4ng, t\u00e0i ch\u00ednh\u2026 \u0110\u1eb7c bi\u1ec7t, th\u00f4ng tin mang t\u00ednh ch\u1ea5t c\u1eadp nh\u1eadt tr\u1ef1c ti\u1ebfp nh\u01b0 th\u1eddi ti\u1ebft, tin t\u1ee9c th\u1eddi s\u1ef1.<\/p>\n<p>B\u00ean c\u1ea1nh \u0111\u00f3, ch\u1ec9 v\u1edbi 1 c\u00e2u l\u1ec7nh \u0111\u01a1n gi\u1ea3n, b\u1ea1n c\u00f3 th\u1ec3 y\u00eau c\u1ea7u Google Home b\u1eadt nh\u1ea1c t\u1eeb c\u00e1c d\u1ecbch v\u1ee5 tr\u1ef1c tuy\u1ebfn nh\u01b0 Google Play Music, Spotify, Apple Music, YouTube Music, Pandora v\u00e0 TuneIn.<\/p>\n<h2>\u0110i\u1ec1u khi\u1ec3n nh\u00e0 th\u00f4ng minh<\/h2>\n<p><strong>Google Home Mini<\/strong>\u00a0c\u00f9ng tr\u1ee3 l\u00fd \u1ea3o ho\u1ea1t \u0111\u1ed9ng nh\u01b0 m\u1ed9t b\u1ed9 \u0111i\u1ec1u khi\u1ec3n trung t\u00e2m, t\u01b0\u01a1ng th\u00edch v\u1edbi h\u01a1n 5.000 thi\u1ebft b\u1ecb th\u00f4ng minh t\u1eeb 150 h\u00e3ng n\u1ed5i ti\u1ebfng.\u00a0B\u1ea1n c\u00f3 th\u1ec3 k\u1ebft n\u1ed1i v\u1edbi b\u00f3ng \u0111\u00e8n, qu\u1ea1t, camera an ninh\u2026 \u0111\u1ec3 \u0111i\u1ec1u khi\u1ec3n b\u1eb1ng gi\u1ecdng n\u00f3i hay h\u1eb9n l\u1ecbch tr\u00ecnh b\u1eadt t\u1eaft. B\u1ea1n c\u0169ng c\u00f3 th\u1ec3 k\u1ebft n\u1ed1i v\u1edbi Chromecast \u0111\u1ec3 \u0111i\u1ec1u khi\u1ec3n tivi tr\u00ecnh chi\u1ebfu c\u00e1c ch\u01b0\u01a1ng tr\u00ecnh y\u00eau th\u00edch hay tua nhanh\/t\u1ea1m d\u1eebng m\u00e0 kh\u00f4ng c\u1ea7n d\u00f9ng tay \u2013 ch\u1ec9 c\u1ea7n ra l\u1ec7nh.<\/p>\n<p>L\u01b0u \u00fd, Google Home Mini ch\u1ec9 c\u00f3 th\u1ec3 stream nh\u1ea1c qua bluetooth do kh\u00f4ng c\u00f3 gi\u1eafc c\u1eafm 3.5mm<\/p>\n<h2>H\u1ed7 tr\u1ee3 qu\u1ea3n l\u00fd t\u1eeb s\u00e1ng \u0111\u1ebfn \u0111\u00eam<\/h2>\n<p>\u0110\u01b0\u1ee3c k\u1ebft v\u1edbi t\u00e0i kho\u1ea3n Google c\u1ee7a b\u1ea1n, Google Home Mini s\u1ebd theo d\u00f5i l\u1ecbch l\u00e0m vi\u1ec7c \u0111\u1ec3 \u0111\u01b0a ra th\u00f4ng tin nh\u1eafc nh\u1edf \u0111\u1ed3ng th\u1eddi c\u1eadp nh\u1eadt t\u00ecnh h\u00ecnh th\u1eddi ti\u1ebft, giao th\u00f4ng tr\u01b0\u1edbc khi b\u1ea1n ra kh\u1ecfi nh\u00e0\u2026 B\u1ea1n c\u0169ng c\u00f3 th\u1ec3 thi\u1ebft l\u1eadp \u0111\u1ed3ng h\u1ed3 b\u00e1o th\u1ee9c, h\u1eb9n gi\u1edd.<\/p>\n<h2>Ch\u1ee9c n\u0103ng \u0111a ng\u01b0\u1eddi d\u00f9ng<\/h2>\n<p>V\u1edbi ch\u1ee9c n\u0103ng Multi-User, c\u00f3 th\u1ec3 k\u1ebft n\u1ed1i c\u00f9ng l\u00fac 6 ng\u01b0\u1eddi v\u00e0o 1 chi\u1ebfc Google Home v\u1edbi c\u00e1c t\u00e0i kho\u1ea3n ri\u00eang bi\u1ec7t. Chi\u1ebfc loa th\u00f4ng minh n\u00e0y ho\u00e0n to\u00e0n c\u00f3 th\u1ec3 ph\u00e2n bi\u1ec7t gi\u1ecdng n\u00f3i c\u1ee7a b\u1ea1n v\u1edbi c\u00e1c th\u00e0nh vi\u00ean kh\u00e1c trong gia \u0111\u00ecnh \u0111\u1ec3 c\u00f3 th\u1ec3 ph\u1ea3n h\u1ed3i t\u1ed1t nh\u1ea5t.\u00a0H\u1ec7 th\u1ed1ng micro thu \u00e2m c\u00f9ng c\u00f4ng ngh\u1ec7 x\u1eed l\u00fd ng\u00f4n ng\u1eef ti\u00ean ti\u1ebfn gi\u00fap Google Home nh\u1eadn d\u1ea1ng gi\u1ecdng n\u00f3i c\u1ee7a b\u1ea1n nhanh ch\u00f3ng v\u00e0 ch\u00ednh x\u00e1c.<\/p>\n<h2>G\u1ecdi \u0111i\u1ec7n tho\u1ea1i ch\u1ec9 b\u1eb1ng c\u00e1ch ra l\u1ec7nh<\/h2>\n<p>V\u1edbi t\u00ednh n\u0103ng \u201c\u0111\u00e0m tho\u1ea1i r\u1ea3nh tay\u201d, ch\u1ec9 c\u1ea7n ra l\u1ec7nh v\u00e0 h\u00f4 t\u00ean ng\u01b0\u1eddi b\u1ea1n mu\u1ed1n g\u1ecdi, ngay l\u1eadp t\u1ee9c, chi\u1ebfc loa n\u00e0y s\u1ebd k\u1ebft n\u1ed1i v\u1edbi smart phone c\u1ee7a b\u1ea1n v\u00e0 quay s\u1ed1 \u0111\u1ec3 th\u1ef1c hi\u1ec7n cu\u1ed9c g\u1ecdi. Tuy\u1ec7t nhi\u00ean trong qu\u00e1 tr\u00ecnh \u0111\u00f3, b\u1ea1n kh\u00f4ng c\u1ea7n ch\u1ea1m \u0111\u1ebfn chi\u1ebfc \u0111i\u1ec7n tho\u1ea1i c\u1ee7a m\u00ecnh v\u00e0 ho\u00e0n to\u00e0n r\u1ea3nh tay \u0111\u1ec3 l\u00e0m nh\u1eefng c\u00f4ng vi\u1ec7c kh\u00e1c.<\/p>\n<\/div>\n<\/div>\n","protected":false},"excerpt":{"rendered":"<p><strong>Google Home Mini<\/strong>\u00a0l\u00e0 m\u1ed9t chi\u1ebfc loa th\u00f4ng minh ki\u00eam tr\u1ee3 l\u00fd \u1ea3o Google Assistant cho ph\u00e9p b\u1ea1n t\u01b0\u01a1ng t\u00e1c, ra l\u1ec7nh v\u00e0 \u0111i\u1ec1u khi\u1ec3n c\u00e1c thi\u1ebft b\u1ecb nh\u00e0 th\u00f4ng minh. So v\u1edbi \u0111\u00e0n anh \u201cGoogle Home\u201d, s\u1ea3n ph\u1ea9m n\u00e0y ra \u0111\u1eddi v\u1edbi m\u1ee5c \u0111\u00edch ch\u00ednh \u2013 ph\u1ee7 s\u00f3ng Google Assistant \u0111\u1ebfn m\u1ecdi n\u01a1i trong c\u0103n nh\u00e0 b\u1ea1n.<\/p>\n<p>L\u00e0 m\u1ed9t thi\u1ebft b\u1ecb trung t\u00e2m gi\u00fap \u0111i\u1ec1u khi\u1ec3n c\u00e1c thi\u1ebft b\u1ecb th\u00f4ng minh trong nh\u00e0 n\u00ean\u00a0<strong>Google Home Mini<\/strong>\u00a0\u0111\u01b0\u1ee3c c\u1ea5p ngu\u1ed3n qua c\u1ed5ng microUSB, kh\u00f4ng s\u1eed d\u1ee5ng pin. S\u1ea3n ph\u1ea9m \u0111\u01b0\u1ee3c thi\u1ebft l\u1eadp h\u1ebft s\u1ee9c \u0111\u01a1n gi\u1ea3n \u2013 c\u1eafm ngu\u1ed3n v\u00e0 k\u1ebft n\u1ed1i th\u00f4ng qua \u1ee9ng d\u1ee5ng Google Home tr\u00ean \u0111i\u1ec7n tho\u1ea1i (h\u1ed7 tr\u1ee3 c\u1ea3 Android v\u00e0 iOS), L\u1ea7n \u0111\u1ea7u k\u1ebft n\u1ed1i s\u1ebd l\u01b0u t\u00e0i kho\u1ea3n Google c\u1ee7a b\u1ea1n v\u00e0 \u00e1p d\u1ee5ng c\u1ea5u h\u00ecnh \u0111\u1ed3ng b\u1ed9 cho c\u00e1c thi\u1ebft b\u1ecb k\u1ebft n\u1ed1i sau.<\/p>\n<p><strong>Loa Google Home Mini<\/strong>\u00a0c\u00f3\u00a0thi\u1ebft k\u1ebf nh\u1ecf g\u1ecdn, b\u1eaft m\u1eaft v\u1edbi nhi\u1ec1u m\u00e0u s\u1eafc cho kh\u00e1ch h\u00e0ng l\u1ef1a ch\u1ecdn.<\/p>\n","protected":false},"featured_media":810,"template":"","meta":{"inline_featured_image":false},"product_cat":[87],"product_tag":[],"yoast_head":"<!-- This site is optimized with the Yoast SEO plugin v20.8 - https:\/\/yoast.com\/wordpress\/plugins\/seo\/ -->\n<title>Loa Google Home Mini - SUNTHAO Smarthome<\/title>\n<meta name=\"robots\" content=\"noindex, follow, max-snippet:-1, max-image-preview:large, max-video-preview:-1\" \/>\n<meta property=\"og:locale\" content=\"vi_VN\" \/>\n<meta property=\"og:type\" content=\"article\" \/>\n<meta property=\"og:title\" content=\"Loa Google Home Mini - SUNTHAO Smarthome\" \/>\n<meta property=\"og:description\" content=\"Google Home Mini\u00a0l\u00e0 m\u1ed9t chi\u1ebfc loa th\u00f4ng minh ki\u00eam tr\u1ee3 l\u00fd \u1ea3o Google Assistant cho ph\u00e9p b\u1ea1n t\u01b0\u01a1ng t\u00e1c, ra l\u1ec7nh v\u00e0 \u0111i\u1ec1u khi\u1ec3n c\u00e1c thi\u1ebft b\u1ecb nh\u00e0 th\u00f4ng minh. So v\u1edbi \u0111\u00e0n anh \u201cGoogle Home\u201d, s\u1ea3n ph\u1ea9m n\u00e0y ra \u0111\u1eddi v\u1edbi m\u1ee5c \u0111\u00edch ch\u00ednh \u2013 ph\u1ee7 s\u00f3ng Google Assistant \u0111\u1ebfn m\u1ecdi n\u01a1i trong c\u0103n nh\u00e0 b\u1ea1n.  L\u00e0 m\u1ed9t thi\u1ebft b\u1ecb trung t\u00e2m gi\u00fap \u0111i\u1ec1u khi\u1ec3n c\u00e1c thi\u1ebft b\u1ecb th\u00f4ng minh trong nh\u00e0 n\u00ean\u00a0Google Home Mini\u00a0\u0111\u01b0\u1ee3c c\u1ea5p ngu\u1ed3n qua c\u1ed5ng microUSB, kh\u00f4ng s\u1eed d\u1ee5ng pin. S\u1ea3n ph\u1ea9m \u0111\u01b0\u1ee3c thi\u1ebft l\u1eadp h\u1ebft s\u1ee9c \u0111\u01a1n gi\u1ea3n \u2013 c\u1eafm ngu\u1ed3n v\u00e0 k\u1ebft n\u1ed1i th\u00f4ng qua \u1ee9ng d\u1ee5ng Google Home tr\u00ean \u0111i\u1ec7n tho\u1ea1i (h\u1ed7 tr\u1ee3 c\u1ea3 Android v\u00e0 iOS), L\u1ea7n \u0111\u1ea7u k\u1ebft n\u1ed1i s\u1ebd l\u01b0u t\u00e0i kho\u1ea3n Google c\u1ee7a b\u1ea1n v\u00e0 \u00e1p d\u1ee5ng c\u1ea5u h\u00ecnh \u0111\u1ed3ng b\u1ed9 cho c\u00e1c thi\u1ebft b\u1ecb k\u1ebft n\u1ed1i sau.  Loa Google Home Mini\u00a0c\u00f3\u00a0thi\u1ebft k\u1ebf nh\u1ecf g\u1ecdn, b\u1eaft m\u1eaft v\u1edbi nhi\u1ec1u m\u00e0u s\u1eafc cho kh\u00e1ch h\u00e0ng l\u1ef1a ch\u1ecdn.\" \/>\n<meta property=\"og:url\" content=\"https:\/\/test1.cmsmart.net\/vthouse\/san-pham\/loa-google-home-mini\/\" \/>\n<meta property=\"og:site_name\" content=\"SUNTHAO Smarthome\" \/>\n<meta property=\"og:image\" content=\"https:\/\/test1.cmsmart.net\/vthouse\/wp-content\/uploads\/2021\/02\/Google-Nest-Mini-den-510x510-1.jpg\" \/>\n\t<meta property=\"og:image:width\" content=\"510\" \/>\n\t<meta property=\"og:image:height\" content=\"510\" \/>\n\t<meta property=\"og:image:type\" content=\"image\/jpeg\" \/>\n<meta name=\"twitter:card\" content=\"summary_large_image\" \/>\n<meta name=\"twitter:label1\" content=\"\u01af\u1edbc t\u00ednh th\u1eddi gian \u0111\u1ecdc\" \/>\n\t<meta name=\"twitter:data1\" content=\"3 ph\u00fat\" \/>\n<script type=\"application\/ld+json\" class=\"yoast-schema-graph\">{\"@context\":\"https:\/\/schema.org\",\"@graph\":[{\"@type\":\"WebPage\",\"@id\":\"https:\/\/test1.cmsmart.net\/vthouse\/san-pham\/loa-google-home-mini\/\",\"url\":\"https:\/\/test1.cmsmart.net\/vthouse\/san-pham\/loa-google-home-mini\/\",\"name\":\"Loa Google Home Mini - SUNTHAO Smarthome\",\"isPartOf\":{\"@id\":\"https:\/\/test1.cmsmart.net\/vthouse\/#website\"},\"datePublished\":\"2021-02-01T17:25:03+00:00\",\"dateModified\":\"2021-02-01T17:25:03+00:00\",\"breadcrumb\":{\"@id\":\"https:\/\/test1.cmsmart.net\/vthouse\/san-pham\/loa-google-home-mini\/#breadcrumb\"},\"inLanguage\":\"vi\",\"potentialAction\":[{\"@type\":\"ReadAction\",\"target\":[\"https:\/\/test1.cmsmart.net\/vthouse\/san-pham\/loa-google-home-mini\/\"]}]},{\"@type\":\"BreadcrumbList\",\"@id\":\"https:\/\/test1.cmsmart.net\/vthouse\/san-pham\/loa-google-home-mini\/#breadcrumb\",\"itemListElement\":[{\"@type\":\"ListItem\",\"position\":1,\"name\":\"Trang ch\u1ee7\",\"item\":\"https:\/\/test1.cmsmart.net\/vthouse\/\"},{\"@type\":\"ListItem\",\"position\":2,\"name\":\"S\u1ea3n ph\u1ea9m\",\"item\":\"https:\/\/test1.cmsmart.net\/vthouse\/san-pham\/\"},{\"@type\":\"ListItem\",\"position\":3,\"name\":\"Loa Google Home Mini\"}]},{\"@type\":\"WebSite\",\"@id\":\"https:\/\/test1.cmsmart.net\/vthouse\/#website\",\"url\":\"https:\/\/test1.cmsmart.net\/vthouse\/\",\"name\":\"SUNTHAO Smarthome\",\"description\":\"\",\"potentialAction\":[{\"@type\":\"SearchAction\",\"target\":{\"@type\":\"EntryPoint\",\"urlTemplate\":\"https:\/\/test1.cmsmart.net\/vthouse\/?s={search_term_string}\"},\"query-input\":\"required name=search_term_string\"}],\"inLanguage\":\"vi\"}]}<\/script>\n<!-- \/ Yoast SEO plugin. -->","yoast_head_json":{"title":"Loa Google Home Mini - SUNTHAO Smarthome","robots":{"index":"noindex","follow":"follow","max-snippet":"max-snippet:-1","max-image-preview":"max-image-preview:large","max-video-preview":"max-video-preview:-1"},"og_locale":"vi_VN","og_type":"article","og_title":"Loa Google Home Mini - SUNTHAO Smarthome","og_description":"Google Home Mini\u00a0l\u00e0 m\u1ed9t chi\u1ebfc loa th\u00f4ng minh ki\u00eam tr\u1ee3 l\u00fd \u1ea3o Google Assistant cho ph\u00e9p b\u1ea1n t\u01b0\u01a1ng t\u00e1c, ra l\u1ec7nh v\u00e0 \u0111i\u1ec1u khi\u1ec3n c\u00e1c thi\u1ebft b\u1ecb nh\u00e0 th\u00f4ng minh. So v\u1edbi \u0111\u00e0n anh \u201cGoogle Home\u201d, s\u1ea3n ph\u1ea9m n\u00e0y ra \u0111\u1eddi v\u1edbi m\u1ee5c \u0111\u00edch ch\u00ednh \u2013 ph\u1ee7 s\u00f3ng Google Assistant \u0111\u1ebfn m\u1ecdi n\u01a1i trong c\u0103n nh\u00e0 b\u1ea1n.  L\u00e0 m\u1ed9t thi\u1ebft b\u1ecb trung t\u00e2m gi\u00fap \u0111i\u1ec1u khi\u1ec3n c\u00e1c thi\u1ebft b\u1ecb th\u00f4ng minh trong nh\u00e0 n\u00ean\u00a0Google Home Mini\u00a0\u0111\u01b0\u1ee3c c\u1ea5p ngu\u1ed3n qua c\u1ed5ng microUSB, kh\u00f4ng s\u1eed d\u1ee5ng pin. S\u1ea3n ph\u1ea9m \u0111\u01b0\u1ee3c thi\u1ebft l\u1eadp h\u1ebft s\u1ee9c \u0111\u01a1n gi\u1ea3n \u2013 c\u1eafm ngu\u1ed3n v\u00e0 k\u1ebft n\u1ed1i th\u00f4ng qua \u1ee9ng d\u1ee5ng Google Home tr\u00ean \u0111i\u1ec7n tho\u1ea1i (h\u1ed7 tr\u1ee3 c\u1ea3 Android v\u00e0 iOS), L\u1ea7n \u0111\u1ea7u k\u1ebft n\u1ed1i s\u1ebd l\u01b0u t\u00e0i kho\u1ea3n Google c\u1ee7a b\u1ea1n v\u00e0 \u00e1p d\u1ee5ng c\u1ea5u h\u00ecnh \u0111\u1ed3ng b\u1ed9 cho c\u00e1c thi\u1ebft b\u1ecb k\u1ebft n\u1ed1i sau.  Loa Google Home Mini\u00a0c\u00f3\u00a0thi\u1ebft k\u1ebf nh\u1ecf g\u1ecdn, b\u1eaft m\u1eaft v\u1edbi nhi\u1ec1u m\u00e0u s\u1eafc cho kh\u00e1ch h\u00e0ng l\u1ef1a ch\u1ecdn.","og_url":"https:\/\/test1.cmsmart.net\/vthouse\/san-pham\/loa-google-home-mini\/","og_site_name":"SUNTHAO Smarthome","og_image":[{"width":510,"height":510,"url":"https:\/\/test1.cmsmart.net\/vthouse\/wp-content\/uploads\/2021\/02\/Google-Nest-Mini-den-510x510-1.jpg","type":"image\/jpeg"}],"twitter_card":"summary_large_image","twitter_misc":{"\u01af\u1edbc t\u00ednh th\u1eddi gian \u0111\u1ecdc":"3 ph\u00fat"},"schema":{"@context":"https:\/\/schema.org","@graph":[{"@type":"WebPage","@id":"https:\/\/test1.cmsmart.net\/vthouse\/san-pham\/loa-google-home-mini\/","url":"https:\/\/test1.cmsmart.net\/vthouse\/san-pham\/loa-google-home-mini\/","name":"Loa Google Home Mini - SUNTHAO Smarthome","isPartOf":{"@id":"https:\/\/test1.cmsmart.net\/vthouse\/#website"},"datePublished":"2021-02-01T17:25:03+00:00","dateModified":"2021-02-01T17:25:03+00:00","breadcrumb":{"@id":"https:\/\/test1.cmsmart.net\/vthouse\/san-pham\/loa-google-home-mini\/#breadcrumb"},"inLanguage":"vi","potentialAction":[{"@type":"ReadAction","target":["https:\/\/test1.cmsmart.net\/vthouse\/san-pham\/loa-google-home-mini\/"]}]},{"@type":"BreadcrumbList","@id":"https:\/\/test1.cmsmart.net\/vthouse\/san-pham\/loa-google-home-mini\/#breadcrumb","itemListElement":[{"@type":"ListItem","position":1,"name":"Trang ch\u1ee7","item":"https:\/\/test1.cmsmart.net\/vthouse\/"},{"@type":"ListItem","position":2,"name":"S\u1ea3n ph\u1ea9m","item":"https:\/\/test1.cmsmart.net\/vthouse\/san-pham\/"},{"@type":"ListItem","position":3,"name":"Loa Google Home Mini"}]},{"@type":"WebSite","@id":"https:\/\/test1.cmsmart.net\/vthouse\/#website","url":"https:\/\/test1.cmsmart.net\/vthouse\/","name":"SUNTHAO Smarthome","description":"","potentialAction":[{"@type":"SearchAction","target":{"@type":"EntryPoint","urlTemplate":"https:\/\/test1.cmsmart.net\/vthouse\/?s={search_term_string}"},"query-input":"required name=search_term_string"}],"inLanguage":"vi"}]}},"_links":{"self":[{"href":"https:\/\/test1.cmsmart.net\/vthouse\/wp-json\/wp\/v2\/product\/809"}],"collection":[{"href":"https:\/\/test1.cmsmart.net\/vthouse\/wp-json\/wp\/v2\/product"}],"about":[{"href":"https:\/\/test1.cmsmart.net\/vthouse\/wp-json\/wp\/v2\/types\/product"}],"wp:featuredmedia":[{"embeddable":true,"href":"https:\/\/test1.cmsmart.net\/vthouse\/wp-json\/wp\/v2\/media\/810"}],"wp:attachment":[{"href":"https:\/\/test1.cmsmart.net\/vthouse\/wp-json\/wp\/v2\/media?parent=809"}],"wp:term":[{"taxonomy":"product_cat","embeddable":true,"href":"https:\/\/test1.cmsmart.net\/vthouse\/wp-json\/wp\/v2\/product_cat?post=809"},{"taxonomy":"product_tag","embeddable":true,"href":"https:\/\/test1.cmsmart.net\/vthouse\/wp-json\/wp\/v2\/product_tag?post=809"}],"curies":[{"name":"wp","href":"https:\/\/api.w.org\/{rel}","templated":true}]}}