{"id":806,"date":"2021-02-02T00:21:21","date_gmt":"2021-02-01T17:21:21","guid":{"rendered":"http:\/\/homegy.sonqb.com\/?post_type=product&#038;p=806"},"modified":"2021-02-02T00:21:21","modified_gmt":"2021-02-01T17:21:21","slug":"cam-bien-moi-truong-ev2","status":"publish","type":"product","link":"https:\/\/test1.cmsmart.net\/vthouse\/san-pham\/cam-bien-moi-truong-ev2\/","title":{"rendered":"C\u1ea3m bi\u1ebfn m\u00f4i tr\u01b0\u1eddng EV2"},"content":{"rendered":"<div id=\"0a\" class=\"tab_pane\">\n<div class=\"content-post\">\n<table class=\"table table-bordered\">\n<tbody>\n<tr>\n<td>\u0110i\u1ec7n \u00e1p \u0111\u1ea7u v\u00e0o<\/td>\n<td>C\u1ed5ng USB 5V<\/td>\n<\/tr>\n<tr>\n<td>Chu\u1ea9n \u0111i\u1ec1u khi\u1ec3n<\/td>\n<td>Wifi 2,4Ghz IEEE 802.11b\/g\/n<\/td>\n<\/tr>\n<tr>\n<td>Dung l\u01b0\u1ee3ng pin<\/td>\n<td>530mAh<\/td>\n<\/tr>\n<tr>\n<td>V\u1eadt li\u1ec7u nh\u1ef1a ch\u1ed1ng ch\u00e1y<\/td>\n<td>PC \/ ABS<\/td>\n<\/tr>\n<tr>\n<td>M\u00e0u s\u1eafc<\/td>\n<td>Tr\u1eafng<\/td>\n<\/tr>\n<tr>\n<td>\u0110o c\u00e1c th\u00f4ng s\u1ed1<\/td>\n<td>Nhi\u1ec7t \u0111\u1ed9 \/ \u0110\u1ed9 \u1ea9m \/ B\u1ee5i<\/td>\n<\/tr>\n<tr>\n<td>Ph\u00e1t hi\u1ec7n \u0111\u01b0\u1ee3c c\u00e1c lo\u1ea1i b\u1ee5i \u0111\u01b0\u1eddng k\u00ednh\u00a0<span data-sheets-formula-bar-text-style=\"font-size:16px;color:#000000;font-weight:normal;text-decoration:none;font-family:'Times New Roman';font-style:normal;text-decoration-skip-ink:none;\">&lt; 1<\/span><span data-sheets-formula-bar-text-style=\"font-size:16px;color:#000000;font-weight:normal;text-decoration:none;font-family:'docs-Calibri';font-style:normal;text-decoration-skip-ink:none;\">\u00b5<\/span><span data-sheets-formula-bar-text-style=\"font-size:16px;color:#000000;font-weight:normal;text-decoration:none;font-family:'Times New Roman';font-style:normal;text-decoration-skip-ink:none;\">m, &lt; 2.5\u00b5m, &lt; 19\u00b5m<\/span><\/td>\n<td>PM1.0 \/ PM2.5 \/ PM19<\/td>\n<\/tr>\n<tr>\n<td>Sai s\u1ed1<\/td>\n<td><span data-sheets-formula-bar-text-style=\"font-size:16px;color:#000000;font-weight:normal;text-decoration:none;font-family:'Times New Roman';font-style:normal;text-decoration-skip-ink:none;\">0.1\u2103 \u2013 1%RH \u2013 1ug\/m<\/span><span data-sheets-formula-bar-text-style=\"font-size:16px;color:#000000;font-weight:normal;text-decoration:none;font-family:'docs-Calibri';font-style:normal;text-decoration-skip-ink:none;\">\u00b3<\/span><\/td>\n<\/tr>\n<tr>\n<td>K\u00edch th\u01b0\u1edbc<\/td>\n<td>77x77x35<\/td>\n<\/tr>\n<tr>\n<td>Kh\u1ed1i l\u01b0\u1ee3ng 1 s\u1ea3n ph\u1ea9m (gam)<\/td>\n<td>110<\/td>\n<\/tr>\n<tr>\n<td>Th\u1eddi gian b\u1ea3o h\u00e0nh<\/td>\n<td>2 n\u0103m<\/td>\n<\/tr>\n<\/tbody>\n<\/table>\n<\/div>\n<\/div>\n<div id=\"1a\" class=\"tab_pane\">\n<div class=\"content-post\">\n<p data-spm-anchor-id=\"a2o4n.pdp.product_detail.i5.129f3721ArMHUI\">Thi\u1ebft k\u1ebf c\u1ee7a m\u00e1y \u0111o ch\u1ea5t l\u01b0\u1ee3ng kh\u00f4ng kh\u00ed Xiaomi kh\u00e1 nh\u1ecf g\u1ecdn. N\u00f3 c\u00f3 th\u1ec3 n\u1eb1m g\u1ecdn trong l\u00f2ng b\u00e0n tay v\u00e0 c\u00f3 th\u1ec3 b\u1ecf v\u00e0o t\u00fai qu\u1ea7n, \u00e1o \u0111\u1ec3 mang \u0111i kh\u1eafp m\u1ecdi n\u01a1i. K\u00edch th\u01b0\u1edbc t\u1ed5ng th\u1ec3 l\u00e0 96 \u00d7 96 \u00d7 44mm. To\u00e0n b\u1ed9 thi\u1ebft b\u1ecb \u0111\u01b0\u1ee3c thi\u1ebft k\u1ebf d\u1ea1ng l\u00e2p ph\u01b0\u01a1ng v\u1edbi ph\u1ea7n v\u1ecf m\u00e0u tr\u1eafng. M\u1eb7t tr\u01b0\u1edbc n\u01a1i \u0111\u1eb7t m\u00e0n h\u00ecnh OLED 1,4inch v\u00e0 c\u1ea3m bi\u1ebfn lazer, \u0111\u01b0\u1ee3c l\u00e0m m\u00e0u \u0111en \u0111\u1ec3 t\u1ea1o n\u00ean s\u1ef1 \u0111\u1ed3ng nh\u1ea5t v\u1edbi m\u00e0n h\u00ecnh.<\/p>\n<\/div>\n<\/div>\n","protected":false},"excerpt":{"rendered":"<div class=\"html-content pdp-product-highlights\">\n<p>V\u1edbi nh\u1eefng \u01b0u \u0111i\u1ec3m c\u00f9ng kh\u1ea3 n\u0103ng x\u00e1c \u0111\u1ecbnh h\u00e0m l\u01b0\u1ee3ng b\u1ee5i trong kh\u00f4ng m\u1ed9t c\u00e1ch hi\u1ec7u qu\u1ea3, thi\u1ebft b\u1ecb \u0111o l\u01b0\u1eddng kh\u00f4ng kh\u00ed PM2.5 l\u00e0 c\u00f4ng c\u1ee5 h\u1ed7 tr\u1ee3 \u0111\u1eafc l\u1ef1c gi\u00fap b\u1ea1n c\u00f3 th\u1ec3 h\u1ea1n ch\u1ebf v\u00e0 b\u1ea3o v\u1ec7 kh\u00f4ng gian nh\u00e0 b\u1ea1n lu\u00f4n s\u1ea1ch s\u1ebd v\u00e0 tho\u00e1ng m\u00e1t.<\/p>\n<\/div>\n<p>Dung l\u01b0\u1ee3ng pin:\u00a0530mAh<\/p>\n<p>V\u1eadt li\u1ec7u nh\u1ef1a ch\u1ed1ng ch\u00e1y:\u00a0PC\/ABS<\/p>\n<p>M\u00e0u s\u1eafc:\u00a0Tr\u1eafng<\/p>\n","protected":false},"featured_media":807,"template":"","meta":{"inline_featured_image":false},"product_cat":[86],"product_tag":[],"yoast_head":"<!-- This site is optimized with the Yoast SEO plugin v20.8 - https:\/\/yoast.com\/wordpress\/plugins\/seo\/ -->\n<title>C\u1ea3m bi\u1ebfn m\u00f4i tr\u01b0\u1eddng EV2 - SUNTHAO Smarthome<\/title>\n<meta name=\"robots\" content=\"noindex, follow, max-snippet:-1, max-image-preview:large, max-video-preview:-1\" \/>\n<meta property=\"og:locale\" content=\"vi_VN\" \/>\n<meta property=\"og:type\" content=\"article\" \/>\n<meta property=\"og:title\" content=\"C\u1ea3m bi\u1ebfn m\u00f4i tr\u01b0\u1eddng EV2 - SUNTHAO Smarthome\" \/>\n<meta property=\"og:description\" content=\"V\u1edbi nh\u1eefng \u01b0u \u0111i\u1ec3m c\u00f9ng kh\u1ea3 n\u0103ng x\u00e1c \u0111\u1ecbnh h\u00e0m l\u01b0\u1ee3ng b\u1ee5i trong kh\u00f4ng m\u1ed9t c\u00e1ch hi\u1ec7u qu\u1ea3, thi\u1ebft b\u1ecb \u0111o l\u01b0\u1eddng kh\u00f4ng kh\u00ed PM2.5 l\u00e0 c\u00f4ng c\u1ee5 h\u1ed7 tr\u1ee3 \u0111\u1eafc l\u1ef1c gi\u00fap b\u1ea1n c\u00f3 th\u1ec3 h\u1ea1n ch\u1ebf v\u00e0 b\u1ea3o v\u1ec7 kh\u00f4ng gian nh\u00e0 b\u1ea1n lu\u00f4n s\u1ea1ch s\u1ebd v\u00e0 tho\u00e1ng m\u00e1t.   Dung l\u01b0\u1ee3ng pin:\u00a0530mAh  V\u1eadt li\u1ec7u nh\u1ef1a ch\u1ed1ng ch\u00e1y:\u00a0PC\/ABS  M\u00e0u s\u1eafc:\u00a0Tr\u1eafng\" \/>\n<meta property=\"og:url\" content=\"https:\/\/test1.cmsmart.net\/vthouse\/san-pham\/cam-bien-moi-truong-ev2\/\" \/>\n<meta property=\"og:site_name\" content=\"SUNTHAO Smarthome\" \/>\n<meta property=\"og:image\" content=\"https:\/\/test1.cmsmart.net\/vthouse\/wp-content\/uploads\/2021\/02\/moi-truong1.png\" \/>\n\t<meta property=\"og:image:width\" content=\"1000\" \/>\n\t<meta property=\"og:image:height\" content=\"1000\" \/>\n\t<meta property=\"og:image:type\" content=\"image\/png\" \/>\n<meta name=\"twitter:card\" content=\"summary_large_image\" \/>\n<meta name=\"twitter:label1\" content=\"\u01af\u1edbc t\u00ednh th\u1eddi gian \u0111\u1ecdc\" \/>\n\t<meta name=\"twitter:data1\" content=\"1 ph\u00fat\" \/>\n<script type=\"application\/ld+json\" class=\"yoast-schema-graph\">{\"@context\":\"https:\/\/schema.org\",\"@graph\":[{\"@type\":\"WebPage\",\"@id\":\"https:\/\/test1.cmsmart.net\/vthouse\/san-pham\/cam-bien-moi-truong-ev2\/\",\"url\":\"https:\/\/test1.cmsmart.net\/vthouse\/san-pham\/cam-bien-moi-truong-ev2\/\",\"name\":\"C\u1ea3m bi\u1ebfn m\u00f4i tr\u01b0\u1eddng EV2 - SUNTHAO Smarthome\",\"isPartOf\":{\"@id\":\"https:\/\/test1.cmsmart.net\/vthouse\/#website\"},\"datePublished\":\"2021-02-01T17:21:21+00:00\",\"dateModified\":\"2021-02-01T17:21:21+00:00\",\"breadcrumb\":{\"@id\":\"https:\/\/test1.cmsmart.net\/vthouse\/san-pham\/cam-bien-moi-truong-ev2\/#breadcrumb\"},\"inLanguage\":\"vi\",\"potentialAction\":[{\"@type\":\"ReadAction\",\"target\":[\"https:\/\/test1.cmsmart.net\/vthouse\/san-pham\/cam-bien-moi-truong-ev2\/\"]}]},{\"@type\":\"BreadcrumbList\",\"@id\":\"https:\/\/test1.cmsmart.net\/vthouse\/san-pham\/cam-bien-moi-truong-ev2\/#breadcrumb\",\"itemListElement\":[{\"@type\":\"ListItem\",\"position\":1,\"name\":\"Trang ch\u1ee7\",\"item\":\"https:\/\/test1.cmsmart.net\/vthouse\/\"},{\"@type\":\"ListItem\",\"position\":2,\"name\":\"S\u1ea3n ph\u1ea9m\",\"item\":\"https:\/\/test1.cmsmart.net\/vthouse\/san-pham\/\"},{\"@type\":\"ListItem\",\"position\":3,\"name\":\"C\u1ea3m bi\u1ebfn m\u00f4i tr\u01b0\u1eddng EV2\"}]},{\"@type\":\"WebSite\",\"@id\":\"https:\/\/test1.cmsmart.net\/vthouse\/#website\",\"url\":\"https:\/\/test1.cmsmart.net\/vthouse\/\",\"name\":\"SUNTHAO Smarthome\",\"description\":\"\",\"potentialAction\":[{\"@type\":\"SearchAction\",\"target\":{\"@type\":\"EntryPoint\",\"urlTemplate\":\"https:\/\/test1.cmsmart.net\/vthouse\/?s={search_term_string}\"},\"query-input\":\"required name=search_term_string\"}],\"inLanguage\":\"vi\"}]}<\/script>\n<!-- \/ Yoast SEO plugin. -->","yoast_head_json":{"title":"C\u1ea3m bi\u1ebfn m\u00f4i tr\u01b0\u1eddng EV2 - SUNTHAO Smarthome","robots":{"index":"noindex","follow":"follow","max-snippet":"max-snippet:-1","max-image-preview":"max-image-preview:large","max-video-preview":"max-video-preview:-1"},"og_locale":"vi_VN","og_type":"article","og_title":"C\u1ea3m bi\u1ebfn m\u00f4i tr\u01b0\u1eddng EV2 - SUNTHAO Smarthome","og_description":"V\u1edbi nh\u1eefng \u01b0u \u0111i\u1ec3m c\u00f9ng kh\u1ea3 n\u0103ng x\u00e1c \u0111\u1ecbnh h\u00e0m l\u01b0\u1ee3ng b\u1ee5i trong kh\u00f4ng m\u1ed9t c\u00e1ch hi\u1ec7u qu\u1ea3, thi\u1ebft b\u1ecb \u0111o l\u01b0\u1eddng kh\u00f4ng kh\u00ed PM2.5 l\u00e0 c\u00f4ng c\u1ee5 h\u1ed7 tr\u1ee3 \u0111\u1eafc l\u1ef1c gi\u00fap b\u1ea1n c\u00f3 th\u1ec3 h\u1ea1n ch\u1ebf v\u00e0 b\u1ea3o v\u1ec7 kh\u00f4ng gian nh\u00e0 b\u1ea1n lu\u00f4n s\u1ea1ch s\u1ebd v\u00e0 tho\u00e1ng m\u00e1t.   Dung l\u01b0\u1ee3ng pin:\u00a0530mAh  V\u1eadt li\u1ec7u nh\u1ef1a ch\u1ed1ng ch\u00e1y:\u00a0PC\/ABS  M\u00e0u s\u1eafc:\u00a0Tr\u1eafng","og_url":"https:\/\/test1.cmsmart.net\/vthouse\/san-pham\/cam-bien-moi-truong-ev2\/","og_site_name":"SUNTHAO Smarthome","og_image":[{"width":1000,"height":1000,"url":"https:\/\/test1.cmsmart.net\/vthouse\/wp-content\/uploads\/2021\/02\/moi-truong1.png","type":"image\/png"}],"twitter_card":"summary_large_image","twitter_misc":{"\u01af\u1edbc t\u00ednh th\u1eddi gian \u0111\u1ecdc":"1 ph\u00fat"},"schema":{"@context":"https:\/\/schema.org","@graph":[{"@type":"WebPage","@id":"https:\/\/test1.cmsmart.net\/vthouse\/san-pham\/cam-bien-moi-truong-ev2\/","url":"https:\/\/test1.cmsmart.net\/vthouse\/san-pham\/cam-bien-moi-truong-ev2\/","name":"C\u1ea3m bi\u1ebfn m\u00f4i tr\u01b0\u1eddng EV2 - SUNTHAO Smarthome","isPartOf":{"@id":"https:\/\/test1.cmsmart.net\/vthouse\/#website"},"datePublished":"2021-02-01T17:21:21+00:00","dateModified":"2021-02-01T17:21:21+00:00","breadcrumb":{"@id":"https:\/\/test1.cmsmart.net\/vthouse\/san-pham\/cam-bien-moi-truong-ev2\/#breadcrumb"},"inLanguage":"vi","potentialAction":[{"@type":"ReadAction","target":["https:\/\/test1.cmsmart.net\/vthouse\/san-pham\/cam-bien-moi-truong-ev2\/"]}]},{"@type":"BreadcrumbList","@id":"https:\/\/test1.cmsmart.net\/vthouse\/san-pham\/cam-bien-moi-truong-ev2\/#breadcrumb","itemListElement":[{"@type":"ListItem","position":1,"name":"Trang ch\u1ee7","item":"https:\/\/test1.cmsmart.net\/vthouse\/"},{"@type":"ListItem","position":2,"name":"S\u1ea3n ph\u1ea9m","item":"https:\/\/test1.cmsmart.net\/vthouse\/san-pham\/"},{"@type":"ListItem","position":3,"name":"C\u1ea3m bi\u1ebfn m\u00f4i tr\u01b0\u1eddng EV2"}]},{"@type":"WebSite","@id":"https:\/\/test1.cmsmart.net\/vthouse\/#website","url":"https:\/\/test1.cmsmart.net\/vthouse\/","name":"SUNTHAO Smarthome","description":"","potentialAction":[{"@type":"SearchAction","target":{"@type":"EntryPoint","urlTemplate":"https:\/\/test1.cmsmart.net\/vthouse\/?s={search_term_string}"},"query-input":"required name=search_term_string"}],"inLanguage":"vi"}]}},"_links":{"self":[{"href":"https:\/\/test1.cmsmart.net\/vthouse\/wp-json\/wp\/v2\/product\/806"}],"collection":[{"href":"https:\/\/test1.cmsmart.net\/vthouse\/wp-json\/wp\/v2\/product"}],"about":[{"href":"https:\/\/test1.cmsmart.net\/vthouse\/wp-json\/wp\/v2\/types\/product"}],"wp:featuredmedia":[{"embeddable":true,"href":"https:\/\/test1.cmsmart.net\/vthouse\/wp-json\/wp\/v2\/media\/807"}],"wp:attachment":[{"href":"https:\/\/test1.cmsmart.net\/vthouse\/wp-json\/wp\/v2\/media?parent=806"}],"wp:term":[{"taxonomy":"product_cat","embeddable":true,"href":"https:\/\/test1.cmsmart.net\/vthouse\/wp-json\/wp\/v2\/product_cat?post=806"},{"taxonomy":"product_tag","embeddable":true,"href":"https:\/\/test1.cmsmart.net\/vthouse\/wp-json\/wp\/v2\/product_tag?post=806"}],"curies":[{"name":"wp","href":"https:\/\/api.w.org\/{rel}","templated":true}]}}