{"id":800,"date":"2021-02-02T00:05:08","date_gmt":"2021-02-01T17:05:08","guid":{"rendered":"http:\/\/homegy.sonqb.com\/?post_type=product&#038;p=800"},"modified":"2021-02-02T00:05:08","modified_gmt":"2021-02-01T17:05:08","slug":"camera-ip-than-tru-hong-ngoai","status":"publish","type":"product","link":"https:\/\/test1.cmsmart.net\/vthouse\/san-pham\/camera-ip-than-tru-hong-ngoai\/","title":{"rendered":"Camera IP th\u00e2n tr\u1ee5 h\u1ed3ng ngo\u1ea1i"},"content":{"rendered":"<table class=\"table table-bordered\">\n<tbody>\n<tr>\n<td>Ca\u0309m bi\u00ea\u0301n<\/td>\n<td>1\/2.8\u2033 Progressive Scan CMOS;<\/td>\n<\/tr>\n<tr>\n<td>Chu\u1ea9n n\u00e9n<\/td>\n<td>H.265+\/H.265\/H.264+\/H.264\/MJPEG;<\/td>\n<\/tr>\n<tr>\n<td>\u0110\u1ed9 nh\u1ea1y s\u00e1ng<\/td>\n<td>Color0.01 Lux @ (F1.2, AGC ON),0.028 Lux @ (F2.0, AGC ON), 0 Lux with IR<\/td>\n<\/tr>\n<tr>\n<td>\u0110\u1ed9 ph\u00e2n gi\u1ea3i t\u1ed1i \u0111a<\/td>\n<td>25fps\/30fps(1920\u00d71080);<\/td>\n<\/tr>\n<tr>\n<td>H\u1ed3ng ngo\u1ea1i<\/td>\n<td>30m<\/td>\n<\/tr>\n<tr>\n<td>\u1ed0ng k\u00ednh<\/td>\n<td>\u00a04mm ( \u0111\u1eb7t h\u00e0ng 2.8mm,6mm)<\/td>\n<\/tr>\n<tr>\n<td>Ti\u00eau chu\u1ea9n ngo\u00e0i tr\u1eddi<\/td>\n<td>IP67.th\u1ebb nh\u1edb SD\/SDHC\/SDXC t\u1ed1i \u0111a 128GB;<\/td>\n<\/tr>\n<tr>\n<td>Ngu\u00f4\u0300n c\u1ea5p<\/td>\n<td>DC12V&amp;PoE;<\/td>\n<\/tr>\n<tr>\n<td>Ti\u0301nh n\u0103ng th\u00f4ng minh<\/td>\n<td>Pha\u0301t hi\u00ea\u0323n x\u00e2m nh\u00e2\u0323p khu v\u01b0\u0323c c\u00e2\u0301m, v\u01b0\u01a1\u0323t h\u00e0ng ra\u0300o \u1ea3o<\/td>\n<\/tr>\n<tr>\n<td>T\u00ednh n\u0103ng<\/td>\n<td>Ch\u1ed1ng ng\u01b0\u1ee3c s\u00e1ng th\u1ef1c WDR 120dB, 3D DNR; ICR; HLC<\/td>\n<\/tr>\n<\/tbody>\n<\/table>\n","protected":false},"excerpt":{"rendered":"<p>Camera IP th\u00e2n tr\u1ee5 h\u1ed3ng ngo\u1ea1i s\u1edf h\u1eefu thi\u1ebft k\u1ebf nh\u1ecf g\u1ecdn, trang nh\u00e3 k\u1ebft h\u1ee3p ch\u00e2n \u0111\u1ebf v\u1eefng ch\u1eafc gi\u00fap b\u1ea1n d\u1ec5 d\u00e0ng l\u1eafp \u0111\u1eb7t m\u1ecdi v\u1ecb tr\u00ed trong kh\u00f4ng gian n\u1ed9i th\u1ea5t gia \u0111\u00ecnh, c\u01a1 quan, c\u1eeda h\u00e0ng\u2026<\/p>\n<p>Camera IP Tr\u1ee5 h\u00f4\u0300ng ngoa\u0323i 2MP chu\u1ea9n n\u00e9n H.265+<br \/>\n+ Ca\u0309m bi\u00ea\u0301n hi\u0300nh a\u0309nh:\u00a01\/2.8\u2033 Progressive Scan CMOS<br \/>\n+ Chu\u1ea9n n\u00e9n:\u00a0\u00a0H.265+\/H.265\/H.264+\/H.264\/MJPEG<br \/>\n+ \u0110\u1ed9 ph\u00e2n gi\u1ea3i t\u1ed1i \u0111a:\u00a01920 \u00d7 1080 @50\/60fps<br \/>\n+ \u00d4\u0301ng ki\u0301nh:\u00a04mm ( \u0110\u1eb7t h\u00e0ng 2.8\/6mm)<br \/>\n+ Ch\u00f4\u0301ng ng\u01b0\u01a1\u0323c sa\u0301ng th\u01b0\u0323c:\u00a0120dB WDR; 3D DNR; BLC; ICR;HLC<br \/>\n+ H\u1ed3ng ngo\u1ea1i:\u00a030m<br \/>\n+ Ti\u00eau chu\u00e2\u0309n ngoa\u0300i tr\u01a1\u0300i:\u00a0IP67<br \/>\n+ H\u1ed7 tr\u1ee3 the\u0309 nh\u01a1\u0301:\u00a0SD\/SDHC\/SDXC t\u1ed1i \u0111a 128GB<br \/>\n+T\u00ednh n\u0103ng th\u00f4ng minh:\u00a0h\u00f4\u0303 tr\u01a1\u0323 ti\u0301nh n\u0103ng pha\u0301t hi\u00ea\u0323n v\u01b0\u01a1\u0323t ha\u0300ng ra\u0300o a\u0309o, pha\u0301t hi\u00ea\u0323n x\u00e2m nh\u00e2\u0323p, pha\u0301t hi\u00ea\u0323n di d\u01a1\u0300i v\u00e2\u0323t th\u00ea\u0309, pha\u0301t hi\u00ea\u0323n ha\u0300nh ly\u0301 v\u00f4 chu\u0309, pha\u0301t hi\u00ea\u0323n khu\u00f4n m\u0103\u0323t<br \/>\n+Ngu\u1ed3n c\u1ea5p:\u00a0\u00a0DC12V&amp;PoE<\/p>\n","protected":false},"featured_media":801,"template":"","meta":{"inline_featured_image":false},"product_cat":[15],"product_tag":[],"yoast_head":"<!-- This site is optimized with the Yoast SEO plugin v20.8 - https:\/\/yoast.com\/wordpress\/plugins\/seo\/ -->\n<title>Camera IP th\u00e2n tr\u1ee5 h\u1ed3ng ngo\u1ea1i - SUNTHAO Smarthome<\/title>\n<meta name=\"robots\" content=\"noindex, follow, max-snippet:-1, max-image-preview:large, max-video-preview:-1\" \/>\n<meta property=\"og:locale\" content=\"vi_VN\" \/>\n<meta property=\"og:type\" content=\"article\" \/>\n<meta property=\"og:title\" content=\"Camera IP th\u00e2n tr\u1ee5 h\u1ed3ng ngo\u1ea1i - SUNTHAO Smarthome\" \/>\n<meta property=\"og:description\" content=\"Camera IP th\u00e2n tr\u1ee5 h\u1ed3ng ngo\u1ea1i s\u1edf h\u1eefu thi\u1ebft k\u1ebf nh\u1ecf g\u1ecdn, trang nh\u00e3 k\u1ebft h\u1ee3p ch\u00e2n \u0111\u1ebf v\u1eefng ch\u1eafc gi\u00fap b\u1ea1n d\u1ec5 d\u00e0ng l\u1eafp \u0111\u1eb7t m\u1ecdi v\u1ecb tr\u00ed trong kh\u00f4ng gian n\u1ed9i th\u1ea5t gia \u0111\u00ecnh, c\u01a1 quan, c\u1eeda h\u00e0ng\u2026  Camera IP Tr\u1ee5 h\u00f4\u0300ng ngoa\u0323i 2MP chu\u1ea9n n\u00e9n H.265+ + Ca\u0309m bi\u00ea\u0301n hi\u0300nh a\u0309nh:\u00a01\/2.8\u2033 Progressive Scan CMOS + Chu\u1ea9n n\u00e9n:\u00a0\u00a0H.265+\/H.265\/H.264+\/H.264\/MJPEG + \u0110\u1ed9 ph\u00e2n gi\u1ea3i t\u1ed1i \u0111a:\u00a01920 \u00d7 1080 @50\/60fps + \u00d4\u0301ng ki\u0301nh:\u00a04mm ( \u0110\u1eb7t h\u00e0ng 2.8\/6mm) + Ch\u00f4\u0301ng ng\u01b0\u01a1\u0323c sa\u0301ng th\u01b0\u0323c:\u00a0120dB WDR; 3D DNR; BLC; ICR;HLC + H\u1ed3ng ngo\u1ea1i:\u00a030m + Ti\u00eau chu\u00e2\u0309n ngoa\u0300i tr\u01a1\u0300i:\u00a0IP67 + H\u1ed7 tr\u1ee3 the\u0309 nh\u01a1\u0301:\u00a0SD\/SDHC\/SDXC t\u1ed1i \u0111a 128GB +T\u00ednh n\u0103ng th\u00f4ng minh:\u00a0h\u00f4\u0303 tr\u01a1\u0323 ti\u0301nh n\u0103ng pha\u0301t hi\u00ea\u0323n v\u01b0\u01a1\u0323t ha\u0300ng ra\u0300o a\u0309o, pha\u0301t hi\u00ea\u0323n x\u00e2m nh\u00e2\u0323p, pha\u0301t hi\u00ea\u0323n di d\u01a1\u0300i v\u00e2\u0323t th\u00ea\u0309, pha\u0301t hi\u00ea\u0323n ha\u0300nh ly\u0301 v\u00f4 chu\u0309, pha\u0301t hi\u00ea\u0323n khu\u00f4n m\u0103\u0323t +Ngu\u1ed3n c\u1ea5p:\u00a0\u00a0DC12V&amp;PoE\" \/>\n<meta property=\"og:url\" content=\"https:\/\/test1.cmsmart.net\/vthouse\/san-pham\/camera-ip-than-tru-hong-ngoai\/\" \/>\n<meta property=\"og:site_name\" content=\"SUNTHAO Smarthome\" \/>\n<meta property=\"og:image\" content=\"https:\/\/test1.cmsmart.net\/vthouse\/wp-content\/uploads\/2021\/02\/EL-2DE5025FWD-600x600-1.jpg\" \/>\n\t<meta property=\"og:image:width\" content=\"600\" \/>\n\t<meta property=\"og:image:height\" content=\"600\" \/>\n\t<meta property=\"og:image:type\" content=\"image\/jpeg\" \/>\n<meta name=\"twitter:card\" content=\"summary_large_image\" \/>\n<meta name=\"twitter:label1\" content=\"\u01af\u1edbc t\u00ednh th\u1eddi gian \u0111\u1ecdc\" \/>\n\t<meta name=\"twitter:data1\" content=\"1 ph\u00fat\" \/>\n<script type=\"application\/ld+json\" class=\"yoast-schema-graph\">{\"@context\":\"https:\/\/schema.org\",\"@graph\":[{\"@type\":\"WebPage\",\"@id\":\"https:\/\/test1.cmsmart.net\/vthouse\/san-pham\/camera-ip-than-tru-hong-ngoai\/\",\"url\":\"https:\/\/test1.cmsmart.net\/vthouse\/san-pham\/camera-ip-than-tru-hong-ngoai\/\",\"name\":\"Camera IP th\u00e2n tr\u1ee5 h\u1ed3ng ngo\u1ea1i - SUNTHAO Smarthome\",\"isPartOf\":{\"@id\":\"https:\/\/test1.cmsmart.net\/vthouse\/#website\"},\"datePublished\":\"2021-02-01T17:05:08+00:00\",\"dateModified\":\"2021-02-01T17:05:08+00:00\",\"breadcrumb\":{\"@id\":\"https:\/\/test1.cmsmart.net\/vthouse\/san-pham\/camera-ip-than-tru-hong-ngoai\/#breadcrumb\"},\"inLanguage\":\"vi\",\"potentialAction\":[{\"@type\":\"ReadAction\",\"target\":[\"https:\/\/test1.cmsmart.net\/vthouse\/san-pham\/camera-ip-than-tru-hong-ngoai\/\"]}]},{\"@type\":\"BreadcrumbList\",\"@id\":\"https:\/\/test1.cmsmart.net\/vthouse\/san-pham\/camera-ip-than-tru-hong-ngoai\/#breadcrumb\",\"itemListElement\":[{\"@type\":\"ListItem\",\"position\":1,\"name\":\"Trang ch\u1ee7\",\"item\":\"https:\/\/test1.cmsmart.net\/vthouse\/\"},{\"@type\":\"ListItem\",\"position\":2,\"name\":\"S\u1ea3n ph\u1ea9m\",\"item\":\"https:\/\/test1.cmsmart.net\/vthouse\/san-pham\/\"},{\"@type\":\"ListItem\",\"position\":3,\"name\":\"Camera IP th\u00e2n tr\u1ee5 h\u1ed3ng ngo\u1ea1i\"}]},{\"@type\":\"WebSite\",\"@id\":\"https:\/\/test1.cmsmart.net\/vthouse\/#website\",\"url\":\"https:\/\/test1.cmsmart.net\/vthouse\/\",\"name\":\"SUNTHAO Smarthome\",\"description\":\"\",\"potentialAction\":[{\"@type\":\"SearchAction\",\"target\":{\"@type\":\"EntryPoint\",\"urlTemplate\":\"https:\/\/test1.cmsmart.net\/vthouse\/?s={search_term_string}\"},\"query-input\":\"required name=search_term_string\"}],\"inLanguage\":\"vi\"}]}<\/script>\n<!-- \/ Yoast SEO plugin. -->","yoast_head_json":{"title":"Camera IP th\u00e2n tr\u1ee5 h\u1ed3ng ngo\u1ea1i - SUNTHAO Smarthome","robots":{"index":"noindex","follow":"follow","max-snippet":"max-snippet:-1","max-image-preview":"max-image-preview:large","max-video-preview":"max-video-preview:-1"},"og_locale":"vi_VN","og_type":"article","og_title":"Camera IP th\u00e2n tr\u1ee5 h\u1ed3ng ngo\u1ea1i - SUNTHAO Smarthome","og_description":"Camera IP th\u00e2n tr\u1ee5 h\u1ed3ng ngo\u1ea1i s\u1edf h\u1eefu thi\u1ebft k\u1ebf nh\u1ecf g\u1ecdn, trang nh\u00e3 k\u1ebft h\u1ee3p ch\u00e2n \u0111\u1ebf v\u1eefng ch\u1eafc gi\u00fap b\u1ea1n d\u1ec5 d\u00e0ng l\u1eafp \u0111\u1eb7t m\u1ecdi v\u1ecb tr\u00ed trong kh\u00f4ng gian n\u1ed9i th\u1ea5t gia \u0111\u00ecnh, c\u01a1 quan, c\u1eeda h\u00e0ng\u2026  Camera IP Tr\u1ee5 h\u00f4\u0300ng ngoa\u0323i 2MP chu\u1ea9n n\u00e9n H.265+ + Ca\u0309m bi\u00ea\u0301n hi\u0300nh a\u0309nh:\u00a01\/2.8\u2033 Progressive Scan CMOS + Chu\u1ea9n n\u00e9n:\u00a0\u00a0H.265+\/H.265\/H.264+\/H.264\/MJPEG + \u0110\u1ed9 ph\u00e2n gi\u1ea3i t\u1ed1i \u0111a:\u00a01920 \u00d7 1080 @50\/60fps + \u00d4\u0301ng ki\u0301nh:\u00a04mm ( \u0110\u1eb7t h\u00e0ng 2.8\/6mm) + Ch\u00f4\u0301ng ng\u01b0\u01a1\u0323c sa\u0301ng th\u01b0\u0323c:\u00a0120dB WDR; 3D DNR; BLC; ICR;HLC + H\u1ed3ng ngo\u1ea1i:\u00a030m + Ti\u00eau chu\u00e2\u0309n ngoa\u0300i tr\u01a1\u0300i:\u00a0IP67 + H\u1ed7 tr\u1ee3 the\u0309 nh\u01a1\u0301:\u00a0SD\/SDHC\/SDXC t\u1ed1i \u0111a 128GB +T\u00ednh n\u0103ng th\u00f4ng minh:\u00a0h\u00f4\u0303 tr\u01a1\u0323 ti\u0301nh n\u0103ng pha\u0301t hi\u00ea\u0323n v\u01b0\u01a1\u0323t ha\u0300ng ra\u0300o a\u0309o, pha\u0301t hi\u00ea\u0323n x\u00e2m nh\u00e2\u0323p, pha\u0301t hi\u00ea\u0323n di d\u01a1\u0300i v\u00e2\u0323t th\u00ea\u0309, pha\u0301t hi\u00ea\u0323n ha\u0300nh ly\u0301 v\u00f4 chu\u0309, pha\u0301t hi\u00ea\u0323n khu\u00f4n m\u0103\u0323t +Ngu\u1ed3n c\u1ea5p:\u00a0\u00a0DC12V&amp;PoE","og_url":"https:\/\/test1.cmsmart.net\/vthouse\/san-pham\/camera-ip-than-tru-hong-ngoai\/","og_site_name":"SUNTHAO Smarthome","og_image":[{"width":600,"height":600,"url":"https:\/\/test1.cmsmart.net\/vthouse\/wp-content\/uploads\/2021\/02\/EL-2DE5025FWD-600x600-1.jpg","type":"image\/jpeg"}],"twitter_card":"summary_large_image","twitter_misc":{"\u01af\u1edbc t\u00ednh th\u1eddi gian \u0111\u1ecdc":"1 ph\u00fat"},"schema":{"@context":"https:\/\/schema.org","@graph":[{"@type":"WebPage","@id":"https:\/\/test1.cmsmart.net\/vthouse\/san-pham\/camera-ip-than-tru-hong-ngoai\/","url":"https:\/\/test1.cmsmart.net\/vthouse\/san-pham\/camera-ip-than-tru-hong-ngoai\/","name":"Camera IP th\u00e2n tr\u1ee5 h\u1ed3ng ngo\u1ea1i - SUNTHAO Smarthome","isPartOf":{"@id":"https:\/\/test1.cmsmart.net\/vthouse\/#website"},"datePublished":"2021-02-01T17:05:08+00:00","dateModified":"2021-02-01T17:05:08+00:00","breadcrumb":{"@id":"https:\/\/test1.cmsmart.net\/vthouse\/san-pham\/camera-ip-than-tru-hong-ngoai\/#breadcrumb"},"inLanguage":"vi","potentialAction":[{"@type":"ReadAction","target":["https:\/\/test1.cmsmart.net\/vthouse\/san-pham\/camera-ip-than-tru-hong-ngoai\/"]}]},{"@type":"BreadcrumbList","@id":"https:\/\/test1.cmsmart.net\/vthouse\/san-pham\/camera-ip-than-tru-hong-ngoai\/#breadcrumb","itemListElement":[{"@type":"ListItem","position":1,"name":"Trang ch\u1ee7","item":"https:\/\/test1.cmsmart.net\/vthouse\/"},{"@type":"ListItem","position":2,"name":"S\u1ea3n ph\u1ea9m","item":"https:\/\/test1.cmsmart.net\/vthouse\/san-pham\/"},{"@type":"ListItem","position":3,"name":"Camera IP th\u00e2n tr\u1ee5 h\u1ed3ng ngo\u1ea1i"}]},{"@type":"WebSite","@id":"https:\/\/test1.cmsmart.net\/vthouse\/#website","url":"https:\/\/test1.cmsmart.net\/vthouse\/","name":"SUNTHAO Smarthome","description":"","potentialAction":[{"@type":"SearchAction","target":{"@type":"EntryPoint","urlTemplate":"https:\/\/test1.cmsmart.net\/vthouse\/?s={search_term_string}"},"query-input":"required name=search_term_string"}],"inLanguage":"vi"}]}},"_links":{"self":[{"href":"https:\/\/test1.cmsmart.net\/vthouse\/wp-json\/wp\/v2\/product\/800"}],"collection":[{"href":"https:\/\/test1.cmsmart.net\/vthouse\/wp-json\/wp\/v2\/product"}],"about":[{"href":"https:\/\/test1.cmsmart.net\/vthouse\/wp-json\/wp\/v2\/types\/product"}],"wp:featuredmedia":[{"embeddable":true,"href":"https:\/\/test1.cmsmart.net\/vthouse\/wp-json\/wp\/v2\/media\/801"}],"wp:attachment":[{"href":"https:\/\/test1.cmsmart.net\/vthouse\/wp-json\/wp\/v2\/media?parent=800"}],"wp:term":[{"taxonomy":"product_cat","embeddable":true,"href":"https:\/\/test1.cmsmart.net\/vthouse\/wp-json\/wp\/v2\/product_cat?post=800"},{"taxonomy":"product_tag","embeddable":true,"href":"https:\/\/test1.cmsmart.net\/vthouse\/wp-json\/wp\/v2\/product_tag?post=800"}],"curies":[{"name":"wp","href":"https:\/\/api.w.org\/{rel}","templated":true}]}}