{"id":798,"date":"2021-02-01T23:51:49","date_gmt":"2021-02-01T16:51:49","guid":{"rendered":"http:\/\/homegy.sonqb.com\/?post_type=product&#038;p=798"},"modified":"2021-02-01T23:51:49","modified_gmt":"2021-02-01T16:51:49","slug":"camera-ip-dome-hong-ngoai","status":"publish","type":"product","link":"https:\/\/test1.cmsmart.net\/vthouse\/san-pham\/camera-ip-dome-hong-ngoai\/","title":{"rendered":"Camera IP Dome h\u1ed3ng ngo\u1ea1i"},"content":{"rendered":"<table class=\"table table-bordered\">\n<tbody>\n<tr>\n<td>Ca\u0309m bi\u00ea\u0301n<\/td>\n<td>1\/2.8\u2033 Progressive Scan CMOS<\/td>\n<\/tr>\n<tr>\n<td>Chu\u1ea9n n\u00e9n<\/td>\n<td>H.265+\/H.265\/H.264+\/H.264<\/td>\n<\/tr>\n<tr>\n<td>\u0110\u1ed9 nh\u1ea1y s\u00e1ng<\/td>\n<td>Color: 0.01 Lux @ (F1.2, AGC ON),<br \/>\n0.028 Lux @ (F2.0, AGC ON), 0 Lux with IR<\/td>\n<\/tr>\n<tr>\n<td>\u0110\u1ed9 ph\u00e2n gi\u1ea3i t\u1ed1i \u0111a<\/td>\n<td>25fps\/30fps(1920\u00d71080);<\/td>\n<\/tr>\n<tr>\n<td>T\u1ea7m xa \u0111\u00e8n tr\u1ee3 s\u00e1ng<\/td>\n<td>30m<\/td>\n<\/tr>\n<tr>\n<td>\u1ed0ng k\u00ednh<\/td>\n<td>\u00a02.8mm ( \u0111\u1eb7t h\u00e0ng 4mm,6mm)<\/td>\n<\/tr>\n<tr>\n<td>Ch\u1ed1ng nhi\u1ec5u k\u1ef9 th\u1eadt s\u1ed1<\/td>\n<td>3D DNR, ch\u1ed1ng ng\u01b0\u1ee3c s\u00e1ng th\u1ef1c 120dB WDR, t\u00ednh n\u0103ng \u00a0ICR<\/td>\n<\/tr>\n<tr>\n<td>Chu\u1ea9n ch\u1ed1ng n\u01b0\u1edbc<\/td>\n<td>\u00a0IP 67, v\u00e0 ch\u1ed1ng \u0111\u1eadp ph\u00e1: IK10<\/td>\n<\/tr>\n<tr>\n<td>Ti\u00eau chu\u1ea9n ngo\u00e0i tr\u1eddi<\/td>\n<td>IP67. th\u1ebb nh\u1edb SD\/SDHC\/SDXC t\u1ed1i \u0111a 128GB;<\/td>\n<\/tr>\n<tr>\n<td>Ngu\u00f4\u0300n c\u1ea5p<\/td>\n<td>12V DC ho\u1eb7c PoE<\/td>\n<\/tr>\n<tr>\n<td>Ti\u0301nh n\u0103ng<\/td>\n<td>\u00a0WDR 120dB ; 3D DNR; ICR, BLC,T\u00ednh n\u0103ng Ph\u00e1t hi\u1ec7n v\u01b0\u1ee3t h\u00e0ng r\u00e0o \u1ea3o, ph\u00e1t hi\u1ec7n x\u00e2m nh\u1eadp. Ph\u00e1t hi\u1ec7n khu\u00f4n m\u1eb7t<\/td>\n<\/tr>\n<\/tbody>\n<\/table>\n","protected":false},"excerpt":{"rendered":"<p>Camera IP Dome h\u1ed3ng ngo\u1ea1i s\u1edf h\u1eefu thi\u1ebft k\u1ebf nh\u1ecf g\u1ecdn, trang nh\u00e3 k\u1ebft h\u1ee3p ch\u00e2n \u0111\u1ebf v\u1eefng ch\u1eafc gi\u00fap b\u1ea1n d\u1ec5 d\u00e0ng l\u1eafp \u0111\u1eb7t m\u1ecdi v\u1ecb tr\u00ed trong kh\u00f4ng gian n\u1ed9i th\u1ea5t gia \u0111\u00ecnh, c\u01a1 quan, c\u1eeda h\u00e0ng\u2026<\/p>\n<p>Camera IP Dome h\u00f4\u0300ng ngoa\u0323i 2MP chu\u1ea9n n\u00e9n H.265+<br \/>\n\u2013 C\u1ea3m bi\u1ebfn: 1\/2.8\u2033 Progressive Scan CMOS<br \/>\n\u2013 Chu\u1ea9n n\u00e9n: H.265+\/H.265\/H.264+\/H.264<br \/>\n\u2013 \u0110\u1ed9 nh\u1ea1y s\u00e1ng :Color: 0.01 Lux @ (F1.2, AGC ON)<br \/>\n0.028 Lux @ (F2.0, AGC ON), 0 Lux with IR<br \/>\n\u2013 \u00d4ng kinh: 2.8mm ( \u0111\u1eb7t h\u00e0ng 4mm,6mm)<br \/>\n\u2013 \u0110\u1ed9 ph\u00e2n gi\u1ea3i t\u1ed1i \u0111a: 25fps\/30fps(1920\u00d71080)<br \/>\n\u2013 T\u00ednh n\u0103ng: WDR 120dB ; 3D DNR; ICR, BLC<br \/>\n\u2013 H\u1ed3ng ngo\u1ea1i: 30m;<br \/>\n\u2013 Ngu\u1ed3n c\u1ea5p:\u00a0 DC12V&amp;PoE<br \/>\n\u2013 Chu\u1ea9n ch\u1ed1ng n\u01b0\u1edbc: IP 67, v\u00e0 ch\u1ed1ng \u0111\u1eadp ph\u00e1: IK10<br \/>\n\u2013 H\u1ed7 tr\u1ee3 th\u1ebb nh\u1edb SD\/SDHC\/SDXC t\u1ed1i \u0111a 128GB<\/p>\n","protected":false},"featured_media":799,"template":"","meta":{"inline_featured_image":false},"product_cat":[15],"product_tag":[],"yoast_head":"<!-- This site is optimized with the Yoast SEO plugin v20.8 - https:\/\/yoast.com\/wordpress\/plugins\/seo\/ -->\n<title>Camera IP Dome h\u1ed3ng ngo\u1ea1i - SUNTHAO Smarthome<\/title>\n<meta name=\"robots\" content=\"noindex, follow, max-snippet:-1, max-image-preview:large, max-video-preview:-1\" \/>\n<meta property=\"og:locale\" content=\"vi_VN\" \/>\n<meta property=\"og:type\" content=\"article\" \/>\n<meta property=\"og:title\" content=\"Camera IP Dome h\u1ed3ng ngo\u1ea1i - SUNTHAO Smarthome\" \/>\n<meta property=\"og:description\" content=\"Camera IP Dome h\u1ed3ng ngo\u1ea1i s\u1edf h\u1eefu thi\u1ebft k\u1ebf nh\u1ecf g\u1ecdn, trang nh\u00e3 k\u1ebft h\u1ee3p ch\u00e2n \u0111\u1ebf v\u1eefng ch\u1eafc gi\u00fap b\u1ea1n d\u1ec5 d\u00e0ng l\u1eafp \u0111\u1eb7t m\u1ecdi v\u1ecb tr\u00ed trong kh\u00f4ng gian n\u1ed9i th\u1ea5t gia \u0111\u00ecnh, c\u01a1 quan, c\u1eeda h\u00e0ng\u2026  Camera IP Dome h\u00f4\u0300ng ngoa\u0323i 2MP chu\u1ea9n n\u00e9n H.265+ \u2013 C\u1ea3m bi\u1ebfn: 1\/2.8\u2033 Progressive Scan CMOS \u2013 Chu\u1ea9n n\u00e9n: H.265+\/H.265\/H.264+\/H.264 \u2013 \u0110\u1ed9 nh\u1ea1y s\u00e1ng :Color: 0.01 Lux @ (F1.2, AGC ON) 0.028 Lux @ (F2.0, AGC ON), 0 Lux with IR \u2013 \u00d4ng kinh: 2.8mm ( \u0111\u1eb7t h\u00e0ng 4mm,6mm) \u2013 \u0110\u1ed9 ph\u00e2n gi\u1ea3i t\u1ed1i \u0111a: 25fps\/30fps(1920\u00d71080) \u2013 T\u00ednh n\u0103ng: WDR 120dB ; 3D DNR; ICR, BLC \u2013 H\u1ed3ng ngo\u1ea1i: 30m; \u2013 Ngu\u1ed3n c\u1ea5p:\u00a0 DC12V&amp;PoE \u2013 Chu\u1ea9n ch\u1ed1ng n\u01b0\u1edbc: IP 67, v\u00e0 ch\u1ed1ng \u0111\u1eadp ph\u00e1: IK10 \u2013 H\u1ed7 tr\u1ee3 th\u1ebb nh\u1edb SD\/SDHC\/SDXC t\u1ed1i \u0111a 128GB\" \/>\n<meta property=\"og:url\" content=\"https:\/\/test1.cmsmart.net\/vthouse\/san-pham\/camera-ip-dome-hong-ngoai\/\" \/>\n<meta property=\"og:site_name\" content=\"SUNTHAO Smarthome\" \/>\n<meta property=\"og:image\" content=\"https:\/\/test1.cmsmart.net\/vthouse\/wp-content\/uploads\/2021\/02\/camera-ip-dome.gif\" \/>\n\t<meta property=\"og:image:width\" content=\"500\" \/>\n\t<meta property=\"og:image:height\" content=\"500\" \/>\n\t<meta property=\"og:image:type\" content=\"image\/gif\" \/>\n<meta name=\"twitter:card\" content=\"summary_large_image\" \/>\n<meta name=\"twitter:label1\" content=\"\u01af\u1edbc t\u00ednh th\u1eddi gian \u0111\u1ecdc\" \/>\n\t<meta name=\"twitter:data1\" content=\"1 ph\u00fat\" \/>\n<script type=\"application\/ld+json\" class=\"yoast-schema-graph\">{\"@context\":\"https:\/\/schema.org\",\"@graph\":[{\"@type\":\"WebPage\",\"@id\":\"https:\/\/test1.cmsmart.net\/vthouse\/san-pham\/camera-ip-dome-hong-ngoai\/\",\"url\":\"https:\/\/test1.cmsmart.net\/vthouse\/san-pham\/camera-ip-dome-hong-ngoai\/\",\"name\":\"Camera IP Dome h\u1ed3ng ngo\u1ea1i - SUNTHAO Smarthome\",\"isPartOf\":{\"@id\":\"https:\/\/test1.cmsmart.net\/vthouse\/#website\"},\"datePublished\":\"2021-02-01T16:51:49+00:00\",\"dateModified\":\"2021-02-01T16:51:49+00:00\",\"breadcrumb\":{\"@id\":\"https:\/\/test1.cmsmart.net\/vthouse\/san-pham\/camera-ip-dome-hong-ngoai\/#breadcrumb\"},\"inLanguage\":\"vi\",\"potentialAction\":[{\"@type\":\"ReadAction\",\"target\":[\"https:\/\/test1.cmsmart.net\/vthouse\/san-pham\/camera-ip-dome-hong-ngoai\/\"]}]},{\"@type\":\"BreadcrumbList\",\"@id\":\"https:\/\/test1.cmsmart.net\/vthouse\/san-pham\/camera-ip-dome-hong-ngoai\/#breadcrumb\",\"itemListElement\":[{\"@type\":\"ListItem\",\"position\":1,\"name\":\"Trang ch\u1ee7\",\"item\":\"https:\/\/test1.cmsmart.net\/vthouse\/\"},{\"@type\":\"ListItem\",\"position\":2,\"name\":\"S\u1ea3n ph\u1ea9m\",\"item\":\"https:\/\/test1.cmsmart.net\/vthouse\/san-pham\/\"},{\"@type\":\"ListItem\",\"position\":3,\"name\":\"Camera IP Dome h\u1ed3ng ngo\u1ea1i\"}]},{\"@type\":\"WebSite\",\"@id\":\"https:\/\/test1.cmsmart.net\/vthouse\/#website\",\"url\":\"https:\/\/test1.cmsmart.net\/vthouse\/\",\"name\":\"SUNTHAO Smarthome\",\"description\":\"\",\"potentialAction\":[{\"@type\":\"SearchAction\",\"target\":{\"@type\":\"EntryPoint\",\"urlTemplate\":\"https:\/\/test1.cmsmart.net\/vthouse\/?s={search_term_string}\"},\"query-input\":\"required name=search_term_string\"}],\"inLanguage\":\"vi\"}]}<\/script>\n<!-- \/ Yoast SEO plugin. -->","yoast_head_json":{"title":"Camera IP Dome h\u1ed3ng ngo\u1ea1i - SUNTHAO Smarthome","robots":{"index":"noindex","follow":"follow","max-snippet":"max-snippet:-1","max-image-preview":"max-image-preview:large","max-video-preview":"max-video-preview:-1"},"og_locale":"vi_VN","og_type":"article","og_title":"Camera IP Dome h\u1ed3ng ngo\u1ea1i - SUNTHAO Smarthome","og_description":"Camera IP Dome h\u1ed3ng ngo\u1ea1i s\u1edf h\u1eefu thi\u1ebft k\u1ebf nh\u1ecf g\u1ecdn, trang nh\u00e3 k\u1ebft h\u1ee3p ch\u00e2n \u0111\u1ebf v\u1eefng ch\u1eafc gi\u00fap b\u1ea1n d\u1ec5 d\u00e0ng l\u1eafp \u0111\u1eb7t m\u1ecdi v\u1ecb tr\u00ed trong kh\u00f4ng gian n\u1ed9i th\u1ea5t gia \u0111\u00ecnh, c\u01a1 quan, c\u1eeda h\u00e0ng\u2026  Camera IP Dome h\u00f4\u0300ng ngoa\u0323i 2MP chu\u1ea9n n\u00e9n H.265+ \u2013 C\u1ea3m bi\u1ebfn: 1\/2.8\u2033 Progressive Scan CMOS \u2013 Chu\u1ea9n n\u00e9n: H.265+\/H.265\/H.264+\/H.264 \u2013 \u0110\u1ed9 nh\u1ea1y s\u00e1ng :Color: 0.01 Lux @ (F1.2, AGC ON) 0.028 Lux @ (F2.0, AGC ON), 0 Lux with IR \u2013 \u00d4ng kinh: 2.8mm ( \u0111\u1eb7t h\u00e0ng 4mm,6mm) \u2013 \u0110\u1ed9 ph\u00e2n gi\u1ea3i t\u1ed1i \u0111a: 25fps\/30fps(1920\u00d71080) \u2013 T\u00ednh n\u0103ng: WDR 120dB ; 3D DNR; ICR, BLC \u2013 H\u1ed3ng ngo\u1ea1i: 30m; \u2013 Ngu\u1ed3n c\u1ea5p:\u00a0 DC12V&amp;PoE \u2013 Chu\u1ea9n ch\u1ed1ng n\u01b0\u1edbc: IP 67, v\u00e0 ch\u1ed1ng \u0111\u1eadp ph\u00e1: IK10 \u2013 H\u1ed7 tr\u1ee3 th\u1ebb nh\u1edb SD\/SDHC\/SDXC t\u1ed1i \u0111a 128GB","og_url":"https:\/\/test1.cmsmart.net\/vthouse\/san-pham\/camera-ip-dome-hong-ngoai\/","og_site_name":"SUNTHAO Smarthome","og_image":[{"width":500,"height":500,"url":"https:\/\/test1.cmsmart.net\/vthouse\/wp-content\/uploads\/2021\/02\/camera-ip-dome.gif","type":"image\/gif"}],"twitter_card":"summary_large_image","twitter_misc":{"\u01af\u1edbc t\u00ednh th\u1eddi gian \u0111\u1ecdc":"1 ph\u00fat"},"schema":{"@context":"https:\/\/schema.org","@graph":[{"@type":"WebPage","@id":"https:\/\/test1.cmsmart.net\/vthouse\/san-pham\/camera-ip-dome-hong-ngoai\/","url":"https:\/\/test1.cmsmart.net\/vthouse\/san-pham\/camera-ip-dome-hong-ngoai\/","name":"Camera IP Dome h\u1ed3ng ngo\u1ea1i - SUNTHAO Smarthome","isPartOf":{"@id":"https:\/\/test1.cmsmart.net\/vthouse\/#website"},"datePublished":"2021-02-01T16:51:49+00:00","dateModified":"2021-02-01T16:51:49+00:00","breadcrumb":{"@id":"https:\/\/test1.cmsmart.net\/vthouse\/san-pham\/camera-ip-dome-hong-ngoai\/#breadcrumb"},"inLanguage":"vi","potentialAction":[{"@type":"ReadAction","target":["https:\/\/test1.cmsmart.net\/vthouse\/san-pham\/camera-ip-dome-hong-ngoai\/"]}]},{"@type":"BreadcrumbList","@id":"https:\/\/test1.cmsmart.net\/vthouse\/san-pham\/camera-ip-dome-hong-ngoai\/#breadcrumb","itemListElement":[{"@type":"ListItem","position":1,"name":"Trang ch\u1ee7","item":"https:\/\/test1.cmsmart.net\/vthouse\/"},{"@type":"ListItem","position":2,"name":"S\u1ea3n ph\u1ea9m","item":"https:\/\/test1.cmsmart.net\/vthouse\/san-pham\/"},{"@type":"ListItem","position":3,"name":"Camera IP Dome h\u1ed3ng ngo\u1ea1i"}]},{"@type":"WebSite","@id":"https:\/\/test1.cmsmart.net\/vthouse\/#website","url":"https:\/\/test1.cmsmart.net\/vthouse\/","name":"SUNTHAO Smarthome","description":"","potentialAction":[{"@type":"SearchAction","target":{"@type":"EntryPoint","urlTemplate":"https:\/\/test1.cmsmart.net\/vthouse\/?s={search_term_string}"},"query-input":"required name=search_term_string"}],"inLanguage":"vi"}]}},"_links":{"self":[{"href":"https:\/\/test1.cmsmart.net\/vthouse\/wp-json\/wp\/v2\/product\/798"}],"collection":[{"href":"https:\/\/test1.cmsmart.net\/vthouse\/wp-json\/wp\/v2\/product"}],"about":[{"href":"https:\/\/test1.cmsmart.net\/vthouse\/wp-json\/wp\/v2\/types\/product"}],"wp:featuredmedia":[{"embeddable":true,"href":"https:\/\/test1.cmsmart.net\/vthouse\/wp-json\/wp\/v2\/media\/799"}],"wp:attachment":[{"href":"https:\/\/test1.cmsmart.net\/vthouse\/wp-json\/wp\/v2\/media?parent=798"}],"wp:term":[{"taxonomy":"product_cat","embeddable":true,"href":"https:\/\/test1.cmsmart.net\/vthouse\/wp-json\/wp\/v2\/product_cat?post=798"},{"taxonomy":"product_tag","embeddable":true,"href":"https:\/\/test1.cmsmart.net\/vthouse\/wp-json\/wp\/v2\/product_tag?post=798"}],"curies":[{"name":"wp","href":"https:\/\/api.w.org\/{rel}","templated":true}]}}