{"id":548,"date":"2021-01-29T00:15:30","date_gmt":"2021-01-28T17:15:30","guid":{"rendered":"http:\/\/homegy.sonqb.com\/?post_type=product&#038;p=548"},"modified":"2021-01-29T01:02:18","modified_gmt":"2021-01-28T18:02:18","slug":"o-mang-tivi","status":"publish","type":"product","link":"https:\/\/test1.cmsmart.net\/vthouse\/san-pham\/o-mang-tivi\/","title":{"rendered":"\u1ed4 m\u1ea1ng\/Tivi"},"content":{"rendered":"<p>H\u00ecnh ch\u1eef nh\u1eadt\/ H\u00ecnh vu\u00f4ng<\/p>\n<table class=\"table table-bordered\">\n<tbody>\n<tr>\n<td>V\u1eadt li\u1ec7u<\/td>\n<td>\u2013 M\u1eb7t k\u00ednh c\u01b0\u1eddng l\u1ef1c<br \/>\n\u2013 Th\u00e2n v\u1ecf: Nh\u1ef1a ABS<br \/>\n\u2013 Vi\u1ec1n nh\u00f4m: Anode h\u00f3a<\/td>\n<\/tr>\n<tr>\n<td>M\u00e0u k\u00ednh<\/td>\n<td>\u0110en ho\u1eb7c Tr\u1eafng<\/td>\n<\/tr>\n<tr>\n<td>\u0110\u1ed9 \u1ea9m ho\u1ea1t \u0111\u1ed9ng t\u1ed1i \u0111a<\/td>\n<td>95%RH<\/td>\n<\/tr>\n<tr>\n<td>Nhi\u1ec7t \u0111\u1ed9 ho\u1ea1t \u0111\u1ed9ng<\/td>\n<td>0\u00b0C \u00f7 55\u00b0C<\/td>\n<\/tr>\n<tr>\n<td>K\u00edch th\u01b0\u1edbc<\/td>\n<td>H\u00ecnh vu\u00f4ng: 95x95x40<br \/>\nH\u00ecnh ch\u1eef nh\u1eadt: 122x80x40<\/td>\n<\/tr>\n<tr>\n<td>Kh\u1ed1i l\u01b0\u1ee3ng 1 s\u1ea3n ph\u1ea9m (gam)<\/td>\n<td>HV: 105<br \/>\nHCN: 105<\/td>\n<\/tr>\n<tr>\n<td>Th\u1eddi gian b\u1ea3o h\u00e0nh<\/td>\n<td>3 n\u0103m<\/td>\n<\/tr>\n<\/tbody>\n<\/table>\n<p>\u1ed4 c\u1eafm M\u1ea1ng Lan + Tivi l\u00e0 m\u1ed9t gi\u1ea3i ph\u00e1p th\u00edch h\u1ee3p nh\u1ea5t trong thi c\u00f4ng v\u0103n ph\u00f2ng, ph\u00f2ng h\u1ecdp, h\u1ed9i ngh\u1ecb, ng\u00f4i nh\u00e0 th\u00f4ng minh, khi nh\u1eefng m\u1edb d\u00e2y r\u1ee3 ch\u1ea1y b\u00ean ngo\u00e0i r\u1ea5t m\u1ea5t th\u1ea9m m\u1ef9.<\/p>\n<p>\u1ed4 c\u1eafm M\u1ea1ng Lan + Tivi bao g\u1ed3m: 1 m\u1eb7t h\u00ecnh ch\u1eef nh\u1eadt, c\u00f3 1 c\u1ed5ng l\u1eafp \u1ed5 c\u1eafm m\u1ea1ng Lan v\u00e0 \u1ed5 c\u1eafm Anten TV \u0111\u1ec3 \u0111\u1ea5u d\u00e2y d\u00f9ng \u0111i \u00e2m trong t\u01b0\u1eddng.<\/p>\n<p>M\u1eb7t thi\u1ebft k\u1ebf b\u1eb1ng nh\u1ef1a cao c\u1ea5p \u0111\u1ea1t ti\u00eau chu\u1ea9n ROHS, m\u1ea7u tr\u1eafng th\u00edch h\u1ee3p m\u1ea7u s\u01a1n t\u01b0\u1eddng nh\u00e0.<\/p>\n<p>Th\u00edch h\u1ee3p \u0111\u1ec3 l\u1eafp h\u1ec7 th\u1ed1ng d\u00e2y M\u1ea1ng Lan + Tivi trong nh\u00e0, v\u0103n ph\u00f2ng, tr\u01b0\u1eddng h\u1ecdc, si\u00eau th\u1ecb l\u00e0m t\u0103ng t\u00ednh th\u1ea9m m\u1ef9 cho c\u00f4ng tr\u00ecnh.<\/p>\n<p>Nh\u1edd s\u1ef1 ti\u1ec7n l\u1ee3i, gi\u00e1 th\u00e0nh ph\u1ea3i ch\u0103ng v\u00e0 d\u1ec5 d\u00e0ng s\u1eed d\u1ee5ng, n\u00ean \u0111\u01b0\u1ee3c ng\u01b0\u1eddi ti\u00eau d\u00f9ng tin t\u01b0\u1edfng l\u1ef1a ch\u1ecdn.<\/p>\n","protected":false},"excerpt":{"rendered":"<p>Trong khi ng\u00e0y nay ng\u00f4i nh\u00e0 th\u00f4ng minh \u0111ang ng\u00e0y c\u00e0ng ph\u1ed5 bi\u1ebfn v\u1edbi s\u1ef1 tr\u1ee3 gi\u00fap c\u1ee7a c\u00e1c thi\u1ebft b\u1ecb \u0111i\u1ec7n t\u1eed hi\u1ec7n \u0111\u1ea1i, th\u00ec \u1ed5 c\u1eafm M\u1ea1ng Lan + Tivi \u00e2m t\u01b0\u1eddng l\u1eafp m\u1eb7t Homegy cao c\u1ea5p l\u00e0 s\u1ef1 l\u1ef1a ch\u1ecdn s\u00e1ng su\u1ed1t cho b\u1ea1n.<\/p>\n<p>H\u00ecnh ch\u1eef nh\u1eadt\/ h\u00ecnh vu\u00f4ng<\/p>\n<p>V\u1eadt li\u1ec7u:<\/p>\n<p>\u2013 M\u1eb7t k\u00ednh:\u00a0C\u01b0\u1eddng l\u1ef1c<br \/>\n\u2013 Th\u00e2n v\u1ecf:\u00a0Nh\u1ef1a ABS<br \/>\n\u2013 Vi\u1ec1n nh\u00f4m:\u00a0Anode h\u00f3a<\/p>\n<p>M\u00e0u k\u00ednh:\u00a0\u0110en ho\u1eb7c Tr\u1eafng<\/p>\n<p>Nhi\u1ec7t \u0111\u1ed9 ho\u1ea1t \u0111\u1ed9ng:\u00a00\u00b0C \u00f7 55\u00b0C<\/p>\n","protected":false},"featured_media":549,"template":"","meta":{"inline_featured_image":false},"product_cat":[17],"product_tag":[],"yoast_head":"<!-- This site is optimized with the Yoast SEO plugin v20.8 - https:\/\/yoast.com\/wordpress\/plugins\/seo\/ -->\n<title>\u1ed4 m\u1ea1ng\/Tivi - SUNTHAO Smarthome<\/title>\n<meta name=\"robots\" content=\"noindex, follow, max-snippet:-1, max-image-preview:large, max-video-preview:-1\" \/>\n<meta property=\"og:locale\" content=\"vi_VN\" \/>\n<meta property=\"og:type\" content=\"article\" \/>\n<meta property=\"og:title\" content=\"\u1ed4 m\u1ea1ng\/Tivi - SUNTHAO Smarthome\" \/>\n<meta property=\"og:description\" content=\"Trong khi ng\u00e0y nay ng\u00f4i nh\u00e0 th\u00f4ng minh \u0111ang ng\u00e0y c\u00e0ng ph\u1ed5 bi\u1ebfn v\u1edbi s\u1ef1 tr\u1ee3 gi\u00fap c\u1ee7a c\u00e1c thi\u1ebft b\u1ecb \u0111i\u1ec7n t\u1eed hi\u1ec7n \u0111\u1ea1i, th\u00ec \u1ed5 c\u1eafm M\u1ea1ng Lan + Tivi \u00e2m t\u01b0\u1eddng l\u1eafp m\u1eb7t Homegy cao c\u1ea5p l\u00e0 s\u1ef1 l\u1ef1a ch\u1ecdn s\u00e1ng su\u1ed1t cho b\u1ea1n.  H\u00ecnh ch\u1eef nh\u1eadt\/ h\u00ecnh vu\u00f4ng  V\u1eadt li\u1ec7u:  \u2013 M\u1eb7t k\u00ednh:\u00a0C\u01b0\u1eddng l\u1ef1c \u2013 Th\u00e2n v\u1ecf:\u00a0Nh\u1ef1a ABS \u2013 Vi\u1ec1n nh\u00f4m:\u00a0Anode h\u00f3a  M\u00e0u k\u00ednh:\u00a0\u0110en ho\u1eb7c Tr\u1eafng  Nhi\u1ec7t \u0111\u1ed9 ho\u1ea1t \u0111\u1ed9ng:\u00a00\u00b0C \u00f7 55\u00b0C\" \/>\n<meta property=\"og:url\" content=\"https:\/\/test1.cmsmart.net\/vthouse\/san-pham\/o-mang-tivi\/\" \/>\n<meta property=\"og:site_name\" content=\"SUNTHAO Smarthome\" \/>\n<meta property=\"article:modified_time\" content=\"2021-01-28T18:02:18+00:00\" \/>\n<meta property=\"og:image\" content=\"https:\/\/test1.cmsmart.net\/vthouse\/wp-content\/uploads\/2021\/01\/o-mang-tivi-548.jpg\" \/>\n\t<meta property=\"og:image:width\" content=\"2560\" \/>\n\t<meta property=\"og:image:height\" content=\"2557\" \/>\n\t<meta property=\"og:image:type\" content=\"image\/jpeg\" \/>\n<meta name=\"twitter:card\" content=\"summary_large_image\" \/>\n<meta name=\"twitter:label1\" content=\"\u01af\u1edbc t\u00ednh th\u1eddi gian \u0111\u1ecdc\" \/>\n\t<meta name=\"twitter:data1\" content=\"1 ph\u00fat\" \/>\n<script type=\"application\/ld+json\" class=\"yoast-schema-graph\">{\"@context\":\"https:\/\/schema.org\",\"@graph\":[{\"@type\":\"WebPage\",\"@id\":\"https:\/\/test1.cmsmart.net\/vthouse\/san-pham\/o-mang-tivi\/\",\"url\":\"https:\/\/test1.cmsmart.net\/vthouse\/san-pham\/o-mang-tivi\/\",\"name\":\"\u1ed4 m\u1ea1ng\/Tivi - SUNTHAO Smarthome\",\"isPartOf\":{\"@id\":\"https:\/\/test1.cmsmart.net\/vthouse\/#website\"},\"datePublished\":\"2021-01-28T17:15:30+00:00\",\"dateModified\":\"2021-01-28T18:02:18+00:00\",\"breadcrumb\":{\"@id\":\"https:\/\/test1.cmsmart.net\/vthouse\/san-pham\/o-mang-tivi\/#breadcrumb\"},\"inLanguage\":\"vi\",\"potentialAction\":[{\"@type\":\"ReadAction\",\"target\":[\"https:\/\/test1.cmsmart.net\/vthouse\/san-pham\/o-mang-tivi\/\"]}]},{\"@type\":\"BreadcrumbList\",\"@id\":\"https:\/\/test1.cmsmart.net\/vthouse\/san-pham\/o-mang-tivi\/#breadcrumb\",\"itemListElement\":[{\"@type\":\"ListItem\",\"position\":1,\"name\":\"Trang ch\u1ee7\",\"item\":\"https:\/\/test1.cmsmart.net\/vthouse\/\"},{\"@type\":\"ListItem\",\"position\":2,\"name\":\"S\u1ea3n ph\u1ea9m\",\"item\":\"https:\/\/test1.cmsmart.net\/vthouse\/san-pham\/\"},{\"@type\":\"ListItem\",\"position\":3,\"name\":\"\u1ed4 m\u1ea1ng\/Tivi\"}]},{\"@type\":\"WebSite\",\"@id\":\"https:\/\/test1.cmsmart.net\/vthouse\/#website\",\"url\":\"https:\/\/test1.cmsmart.net\/vthouse\/\",\"name\":\"SUNTHAO Smarthome\",\"description\":\"\",\"potentialAction\":[{\"@type\":\"SearchAction\",\"target\":{\"@type\":\"EntryPoint\",\"urlTemplate\":\"https:\/\/test1.cmsmart.net\/vthouse\/?s={search_term_string}\"},\"query-input\":\"required name=search_term_string\"}],\"inLanguage\":\"vi\"}]}<\/script>\n<!-- \/ Yoast SEO plugin. -->","yoast_head_json":{"title":"\u1ed4 m\u1ea1ng\/Tivi - SUNTHAO Smarthome","robots":{"index":"noindex","follow":"follow","max-snippet":"max-snippet:-1","max-image-preview":"max-image-preview:large","max-video-preview":"max-video-preview:-1"},"og_locale":"vi_VN","og_type":"article","og_title":"\u1ed4 m\u1ea1ng\/Tivi - SUNTHAO Smarthome","og_description":"Trong khi ng\u00e0y nay ng\u00f4i nh\u00e0 th\u00f4ng minh \u0111ang ng\u00e0y c\u00e0ng ph\u1ed5 bi\u1ebfn v\u1edbi s\u1ef1 tr\u1ee3 gi\u00fap c\u1ee7a c\u00e1c thi\u1ebft b\u1ecb \u0111i\u1ec7n t\u1eed hi\u1ec7n \u0111\u1ea1i, th\u00ec \u1ed5 c\u1eafm M\u1ea1ng Lan + Tivi \u00e2m t\u01b0\u1eddng l\u1eafp m\u1eb7t Homegy cao c\u1ea5p l\u00e0 s\u1ef1 l\u1ef1a ch\u1ecdn s\u00e1ng su\u1ed1t cho b\u1ea1n.  H\u00ecnh ch\u1eef nh\u1eadt\/ h\u00ecnh vu\u00f4ng  V\u1eadt li\u1ec7u:  \u2013 M\u1eb7t k\u00ednh:\u00a0C\u01b0\u1eddng l\u1ef1c \u2013 Th\u00e2n v\u1ecf:\u00a0Nh\u1ef1a ABS \u2013 Vi\u1ec1n nh\u00f4m:\u00a0Anode h\u00f3a  M\u00e0u k\u00ednh:\u00a0\u0110en ho\u1eb7c Tr\u1eafng  Nhi\u1ec7t \u0111\u1ed9 ho\u1ea1t \u0111\u1ed9ng:\u00a00\u00b0C \u00f7 55\u00b0C","og_url":"https:\/\/test1.cmsmart.net\/vthouse\/san-pham\/o-mang-tivi\/","og_site_name":"SUNTHAO Smarthome","article_modified_time":"2021-01-28T18:02:18+00:00","og_image":[{"width":2560,"height":2557,"url":"https:\/\/test1.cmsmart.net\/vthouse\/wp-content\/uploads\/2021\/01\/o-mang-tivi-548.jpg","type":"image\/jpeg"}],"twitter_card":"summary_large_image","twitter_misc":{"\u01af\u1edbc t\u00ednh th\u1eddi gian \u0111\u1ecdc":"1 ph\u00fat"},"schema":{"@context":"https:\/\/schema.org","@graph":[{"@type":"WebPage","@id":"https:\/\/test1.cmsmart.net\/vthouse\/san-pham\/o-mang-tivi\/","url":"https:\/\/test1.cmsmart.net\/vthouse\/san-pham\/o-mang-tivi\/","name":"\u1ed4 m\u1ea1ng\/Tivi - SUNTHAO Smarthome","isPartOf":{"@id":"https:\/\/test1.cmsmart.net\/vthouse\/#website"},"datePublished":"2021-01-28T17:15:30+00:00","dateModified":"2021-01-28T18:02:18+00:00","breadcrumb":{"@id":"https:\/\/test1.cmsmart.net\/vthouse\/san-pham\/o-mang-tivi\/#breadcrumb"},"inLanguage":"vi","potentialAction":[{"@type":"ReadAction","target":["https:\/\/test1.cmsmart.net\/vthouse\/san-pham\/o-mang-tivi\/"]}]},{"@type":"BreadcrumbList","@id":"https:\/\/test1.cmsmart.net\/vthouse\/san-pham\/o-mang-tivi\/#breadcrumb","itemListElement":[{"@type":"ListItem","position":1,"name":"Trang ch\u1ee7","item":"https:\/\/test1.cmsmart.net\/vthouse\/"},{"@type":"ListItem","position":2,"name":"S\u1ea3n ph\u1ea9m","item":"https:\/\/test1.cmsmart.net\/vthouse\/san-pham\/"},{"@type":"ListItem","position":3,"name":"\u1ed4 m\u1ea1ng\/Tivi"}]},{"@type":"WebSite","@id":"https:\/\/test1.cmsmart.net\/vthouse\/#website","url":"https:\/\/test1.cmsmart.net\/vthouse\/","name":"SUNTHAO Smarthome","description":"","potentialAction":[{"@type":"SearchAction","target":{"@type":"EntryPoint","urlTemplate":"https:\/\/test1.cmsmart.net\/vthouse\/?s={search_term_string}"},"query-input":"required name=search_term_string"}],"inLanguage":"vi"}]}},"_links":{"self":[{"href":"https:\/\/test1.cmsmart.net\/vthouse\/wp-json\/wp\/v2\/product\/548"}],"collection":[{"href":"https:\/\/test1.cmsmart.net\/vthouse\/wp-json\/wp\/v2\/product"}],"about":[{"href":"https:\/\/test1.cmsmart.net\/vthouse\/wp-json\/wp\/v2\/types\/product"}],"wp:featuredmedia":[{"embeddable":true,"href":"https:\/\/test1.cmsmart.net\/vthouse\/wp-json\/wp\/v2\/media\/549"}],"wp:attachment":[{"href":"https:\/\/test1.cmsmart.net\/vthouse\/wp-json\/wp\/v2\/media?parent=548"}],"wp:term":[{"taxonomy":"product_cat","embeddable":true,"href":"https:\/\/test1.cmsmart.net\/vthouse\/wp-json\/wp\/v2\/product_cat?post=548"},{"taxonomy":"product_tag","embeddable":true,"href":"https:\/\/test1.cmsmart.net\/vthouse\/wp-json\/wp\/v2\/product_tag?post=548"}],"curies":[{"name":"wp","href":"https:\/\/api.w.org\/{rel}","templated":true}]}}