{"id":1208,"date":"2021-03-05T00:34:35","date_gmt":"2021-03-04T17:34:35","guid":{"rendered":"http:\/\/homegy.sonqb.com\/?post_type=product&#038;p=1208"},"modified":"2021-03-05T00:34:35","modified_gmt":"2021-03-04T17:34:35","slug":"cam-bien-cua","status":"publish","type":"product","link":"https:\/\/test1.cmsmart.net\/vthouse\/san-pham\/cam-bien-cua\/","title":{"rendered":"C\u1ea3m bi\u1ebfn c\u1eeda"},"content":{"rendered":"<div id=\"0a\" class=\"tab_pane\">\n<div class=\"content-post\">\n<table class=\"table table-bordered\">\n<tbody>\n<tr>\n<td>\u0110i\u1ec7n \u00e1p \u0111\u1ea7u v\u00e0o<\/td>\n<td>PIN CR2 \u2013 3V<\/td>\n<\/tr>\n<tr>\n<td>Chu\u1ea9n \u0111i\u1ec1u khi\u1ec3n<\/td>\n<td>Wifi 2,4Ghz IEEE 802.11b\/g\/n<\/td>\n<\/tr>\n<tr>\n<td>Kho\u1ea3ng c\u00e1ch \u0111i\u1ec1u khi\u1ec3n t\u1eeb t\u00ednh<\/td>\n<td>\u2265 15 mm<\/td>\n<\/tr>\n<tr>\n<td>V\u1eadt li\u1ec7u<\/td>\n<td>Th\u00e2n v\u1ecf: Nh\u1ef1a<\/td>\n<\/tr>\n<tr>\n<td>M\u00e0u s\u1eafc<\/td>\n<td>Tr\u1eafng<\/td>\n<\/tr>\n<tr>\n<td>Th\u1eddi gian s\u1eed d\u1ee5ng PIN<\/td>\n<td><span data-sheets-formula-bar-text-style=\"font-size:16px;color:#000000;font-weight:normal;text-decoration:none;font-family:'Times New Roman';font-style:normal;text-decoration-skip-ink:none;\">8\u00a0<\/span><span data-sheets-formula-bar-text-style=\"font-size:16px;color:#000000;font-weight:normal;text-decoration:none;font-family:'docs-Calibri';font-style:normal;text-decoration-skip-ink:none;\">\u00f7<\/span><span data-sheets-formula-bar-text-style=\"font-size:16px;color:#000000;font-weight:normal;text-decoration:none;font-family:'Times New Roman';font-style:normal;text-decoration-skip-ink:none;\">\u00a012 th\u00e1ng<\/span><\/td>\n<\/tr>\n<tr>\n<td>\u0110\u1ed9 \u1ea9m ho\u1ea1t \u0111\u1ed9ng t\u1ed1i \u0111a<\/td>\n<td>95%RH<\/td>\n<\/tr>\n<tr>\n<td>Nhi\u1ec7t \u0111\u1ed9 ho\u1ea1t \u0111\u1ed9ng<\/td>\n<td><span data-sheets-formula-bar-text-style=\"font-size:16px;color:#000000;font-weight:normal;text-decoration:none;font-family:'Times New Roman';font-style:normal;text-decoration-skip-ink:none;\">0\u00b0C\u00a0<\/span><span data-sheets-formula-bar-text-style=\"font-size:16px;color:#000000;font-weight:normal;text-decoration:none;font-family:'docs-Calibri';font-style:normal;text-decoration-skip-ink:none;\">\u00f7<\/span><span data-sheets-formula-bar-text-style=\"font-size:16px;color:#000000;font-weight:normal;text-decoration:none;font-family:'Times New Roman';font-style:normal;text-decoration-skip-ink:none;\">\u00a050\u00b0C<\/span><\/td>\n<\/tr>\n<tr>\n<td>H\u1ed7 tr\u1ee3 thi\u1ebft b\u1ecb<\/td>\n<td>Android 4.0\/ IOS 8.0 tr\u1edf l\u00ean<\/td>\n<\/tr>\n<tr>\n<td>K\u00edch th\u01b0\u1edbc<\/td>\n<td>71x20x22mm\/40*11*11mm<\/td>\n<\/tr>\n<tr>\n<td>Kh\u1ed1i l\u01b0\u1ee3ng 1 s\u1ea3n ph\u1ea9m (gam)<\/td>\n<td>25<\/td>\n<\/tr>\n<tr>\n<td>Th\u1eddi gian b\u1ea3o h\u00e0nh<\/td>\n<td>2 n\u0103m<\/td>\n<\/tr>\n<\/tbody>\n<\/table>\n<\/div>\n<\/div>\n<div id=\"1a\" class=\"tab_pane\">\n<div class=\"content-post\">\n<p>Ch\u1ee9c n\u0103ng ch\u00ednh c\u1ee7a c\u1ea3m bi\u1ebfn c\u1eeda wifi l\u00e0 gi\u00e1m s\u00e1t an ninh nh\u00e0 c\u1ee7a b\u1ea1n.<\/p>\n<p>Thi\u1ebft b\u1ecb bao g\u1ed3m 2 b\u1ed9 ph\u1eadn l\u00e0 b\u1ed9 ph\u1eadn ph\u00e1t t\u00edn hi\u1ec7u v\u00e0 b\u1ed9 ph\u1eadn m\u00e1 t\u1eeb, ch\u00fang \u0111\u01b0\u1ee3c l\u1eafp \u0111\u1eb7t \u1edf th\u00e0nh khung c\u1eeda ra v\u00e0o, c\u1eeda s\u1ed5\u2026 Khi 2 b\u1ed9 ph\u1eadn n\u00e0y t\u00e1ch r\u1eddi nhau th\u00ec c\u1ea3m bi\u1ebfn m\u00e1 t\u1eeb s\u1ebd ph\u00e1t ra t\u00edn hi\u1ec7u c\u1ea3nh b\u00e1o \u0111\u1ebfn \u0111i\u1ec7n tho\u1ea1i c\u1ee7a b\u1ea1n \u1edf b\u1ea5t c\u1ee9 \u0111\u00e2u c\u00f3 m\u1ea1ng internet, wifi, 3g.<\/p>\n<p>V\u00ec th\u1ebf c\u1ea3m bi\u1ebfn c\u1eeda wifi c\u00f2n \u0111\u01b0\u1ee3c g\u1ecdi l\u00e0 c\u1ea3m bi\u1ebfn m\u1edf c\u1eeda wifi c\u00f3 r\u1ea5t nhi\u1ec1u \u1ee9ng d\u1ee5ng trong cu\u1ed9c s\u1ed1ng: \u2013 C\u1ea3nh b\u00e1o ch\u1ed1ng \u0111\u1ed9t nh\u1eadp khi tr\u1ed9m \u0111\u1ed9t nh\u1eadp m\u1edf c\u1eeda s\u1ed5 ho\u1eb7c c\u1eeda ch\u00ednh, ph\u00e1t hi\u1ec7n tr\u1ea1ng th\u00e1i c\u1eeda \u0111ang \u0111\u00f3ng hay m\u1edf. \u2013 Ph\u1ed1i h\u1ee3p ng\u1eef c\u1ea3nh v\u1edbi c\u00e1c c\u00f4ng t\u1eafc wifi th\u00f4ng minh m\u1edf c\u1eeda ph\u00f2ng v\u1ec7 sinh \u0111\u00e8n t\u1ef1 \u0111\u1ed9ng s\u00e1ng, \u0111\u00f3ng c\u1eeda \u0111\u00e8n t\u1ef1 \u0111\u1ed9ng t\u1eaft\u2026 \u2013 Gi\u00e1m s\u00e1t c\u1eeda m\u1edf \u1edf s\u00e2n th\u01b0\u1ee3ng, ban c\u00f4ng, nh\u00e0 kho \u2026 nh\u1eefng n\u01a1i kh\u00f3 \u0111i d\u00e2y, th\u00ec ch\u1ec9 c\u1ea7n s\u1eed d\u1ee5ng c\u1ea3m bi\u1ebfn m\u00e1 t\u1eeb kh\u00f4ng d\u00e2y l\u00e0 xong.<\/p>\n<\/div>\n<\/div>\n","protected":false},"excerpt":{"rendered":"<p>Ch\u1ee9c n\u0103ng ch\u00ednh c\u1ee7a c\u1ea3m bi\u1ebfn c\u1eeda wifi l\u00e0 gi\u00e1m s\u00e1t an ninh nh\u00e0 c\u1ee7a b\u1ea1n. Thi\u1ebft b\u1ecb bao g\u1ed3m 2 b\u1ed9 ph\u1eadn l\u00e0 b\u1ed9 ph\u1eadn ph\u00e1t t\u00edn hi\u1ec7u v\u00e0 b\u1ed9 ph\u1eadn m\u00e1 t\u1eeb, ch\u00fang \u0111\u01b0\u1ee3c l\u1eafp \u0111\u1eb7t \u1edf th\u00e0nh khung c\u1eeda ra v\u00e0o, c\u1eeda s\u1ed5\u2026<\/p>\n<p>V\u1eadt li\u1ec7u th\u00e2n v\u1ecf:\u00a0Nh\u1ef1a<\/p>\n<p>M\u00e0u s\u1eafc:\u00a0Tr\u1eafng<\/p>\n<p>Th\u1eddi gian s\u1eed d\u1ee5ng PIN:\u00a08 \u00f7 12 th\u00e1ng<\/p>\n","protected":false},"featured_media":1209,"template":"","meta":{"inline_featured_image":false},"product_cat":[86],"product_tag":[],"yoast_head":"<!-- This site is optimized with the Yoast SEO plugin v20.8 - https:\/\/yoast.com\/wordpress\/plugins\/seo\/ -->\n<title>C\u1ea3m bi\u1ebfn c\u1eeda - SUNTHAO Smarthome<\/title>\n<meta name=\"robots\" content=\"noindex, follow, max-snippet:-1, max-image-preview:large, max-video-preview:-1\" \/>\n<meta property=\"og:locale\" content=\"vi_VN\" \/>\n<meta property=\"og:type\" content=\"article\" \/>\n<meta property=\"og:title\" content=\"C\u1ea3m bi\u1ebfn c\u1eeda - SUNTHAO Smarthome\" \/>\n<meta property=\"og:description\" content=\"Ch\u1ee9c n\u0103ng ch\u00ednh c\u1ee7a c\u1ea3m bi\u1ebfn c\u1eeda wifi l\u00e0 gi\u00e1m s\u00e1t an ninh nh\u00e0 c\u1ee7a b\u1ea1n. Thi\u1ebft b\u1ecb bao g\u1ed3m 2 b\u1ed9 ph\u1eadn l\u00e0 b\u1ed9 ph\u1eadn ph\u00e1t t\u00edn hi\u1ec7u v\u00e0 b\u1ed9 ph\u1eadn m\u00e1 t\u1eeb, ch\u00fang \u0111\u01b0\u1ee3c l\u1eafp \u0111\u1eb7t \u1edf th\u00e0nh khung c\u1eeda ra v\u00e0o, c\u1eeda s\u1ed5\u2026  V\u1eadt li\u1ec7u th\u00e2n v\u1ecf:\u00a0Nh\u1ef1a  M\u00e0u s\u1eafc:\u00a0Tr\u1eafng  Th\u1eddi gian s\u1eed d\u1ee5ng PIN:\u00a08 \u00f7 12 th\u00e1ng\" \/>\n<meta property=\"og:url\" content=\"https:\/\/test1.cmsmart.net\/vthouse\/san-pham\/cam-bien-cua\/\" \/>\n<meta property=\"og:site_name\" content=\"SUNTHAO Smarthome\" \/>\n<meta property=\"og:image\" content=\"https:\/\/test1.cmsmart.net\/vthouse\/wp-content\/uploads\/2021\/03\/cam-bien-cua.jpg\" \/>\n\t<meta property=\"og:image:width\" content=\"600\" \/>\n\t<meta property=\"og:image:height\" content=\"600\" \/>\n\t<meta property=\"og:image:type\" content=\"image\/jpeg\" \/>\n<meta name=\"twitter:card\" content=\"summary_large_image\" \/>\n<meta name=\"twitter:label1\" content=\"\u01af\u1edbc t\u00ednh th\u1eddi gian \u0111\u1ecdc\" \/>\n\t<meta name=\"twitter:data1\" content=\"2 ph\u00fat\" \/>\n<script type=\"application\/ld+json\" class=\"yoast-schema-graph\">{\"@context\":\"https:\/\/schema.org\",\"@graph\":[{\"@type\":\"WebPage\",\"@id\":\"https:\/\/test1.cmsmart.net\/vthouse\/san-pham\/cam-bien-cua\/\",\"url\":\"https:\/\/test1.cmsmart.net\/vthouse\/san-pham\/cam-bien-cua\/\",\"name\":\"C\u1ea3m bi\u1ebfn c\u1eeda - SUNTHAO Smarthome\",\"isPartOf\":{\"@id\":\"https:\/\/test1.cmsmart.net\/vthouse\/#website\"},\"datePublished\":\"2021-03-04T17:34:35+00:00\",\"dateModified\":\"2021-03-04T17:34:35+00:00\",\"breadcrumb\":{\"@id\":\"https:\/\/test1.cmsmart.net\/vthouse\/san-pham\/cam-bien-cua\/#breadcrumb\"},\"inLanguage\":\"vi\",\"potentialAction\":[{\"@type\":\"ReadAction\",\"target\":[\"https:\/\/test1.cmsmart.net\/vthouse\/san-pham\/cam-bien-cua\/\"]}]},{\"@type\":\"BreadcrumbList\",\"@id\":\"https:\/\/test1.cmsmart.net\/vthouse\/san-pham\/cam-bien-cua\/#breadcrumb\",\"itemListElement\":[{\"@type\":\"ListItem\",\"position\":1,\"name\":\"Trang ch\u1ee7\",\"item\":\"https:\/\/test1.cmsmart.net\/vthouse\/\"},{\"@type\":\"ListItem\",\"position\":2,\"name\":\"S\u1ea3n ph\u1ea9m\",\"item\":\"https:\/\/test1.cmsmart.net\/vthouse\/san-pham\/\"},{\"@type\":\"ListItem\",\"position\":3,\"name\":\"C\u1ea3m bi\u1ebfn c\u1eeda\"}]},{\"@type\":\"WebSite\",\"@id\":\"https:\/\/test1.cmsmart.net\/vthouse\/#website\",\"url\":\"https:\/\/test1.cmsmart.net\/vthouse\/\",\"name\":\"SUNTHAO Smarthome\",\"description\":\"\",\"potentialAction\":[{\"@type\":\"SearchAction\",\"target\":{\"@type\":\"EntryPoint\",\"urlTemplate\":\"https:\/\/test1.cmsmart.net\/vthouse\/?s={search_term_string}\"},\"query-input\":\"required name=search_term_string\"}],\"inLanguage\":\"vi\"}]}<\/script>\n<!-- \/ Yoast SEO plugin. -->","yoast_head_json":{"title":"C\u1ea3m bi\u1ebfn c\u1eeda - SUNTHAO Smarthome","robots":{"index":"noindex","follow":"follow","max-snippet":"max-snippet:-1","max-image-preview":"max-image-preview:large","max-video-preview":"max-video-preview:-1"},"og_locale":"vi_VN","og_type":"article","og_title":"C\u1ea3m bi\u1ebfn c\u1eeda - SUNTHAO Smarthome","og_description":"Ch\u1ee9c n\u0103ng ch\u00ednh c\u1ee7a c\u1ea3m bi\u1ebfn c\u1eeda wifi l\u00e0 gi\u00e1m s\u00e1t an ninh nh\u00e0 c\u1ee7a b\u1ea1n. Thi\u1ebft b\u1ecb bao g\u1ed3m 2 b\u1ed9 ph\u1eadn l\u00e0 b\u1ed9 ph\u1eadn ph\u00e1t t\u00edn hi\u1ec7u v\u00e0 b\u1ed9 ph\u1eadn m\u00e1 t\u1eeb, ch\u00fang \u0111\u01b0\u1ee3c l\u1eafp \u0111\u1eb7t \u1edf th\u00e0nh khung c\u1eeda ra v\u00e0o, c\u1eeda s\u1ed5\u2026  V\u1eadt li\u1ec7u th\u00e2n v\u1ecf:\u00a0Nh\u1ef1a  M\u00e0u s\u1eafc:\u00a0Tr\u1eafng  Th\u1eddi gian s\u1eed d\u1ee5ng PIN:\u00a08 \u00f7 12 th\u00e1ng","og_url":"https:\/\/test1.cmsmart.net\/vthouse\/san-pham\/cam-bien-cua\/","og_site_name":"SUNTHAO Smarthome","og_image":[{"width":600,"height":600,"url":"https:\/\/test1.cmsmart.net\/vthouse\/wp-content\/uploads\/2021\/03\/cam-bien-cua.jpg","type":"image\/jpeg"}],"twitter_card":"summary_large_image","twitter_misc":{"\u01af\u1edbc t\u00ednh th\u1eddi gian \u0111\u1ecdc":"2 ph\u00fat"},"schema":{"@context":"https:\/\/schema.org","@graph":[{"@type":"WebPage","@id":"https:\/\/test1.cmsmart.net\/vthouse\/san-pham\/cam-bien-cua\/","url":"https:\/\/test1.cmsmart.net\/vthouse\/san-pham\/cam-bien-cua\/","name":"C\u1ea3m bi\u1ebfn c\u1eeda - SUNTHAO Smarthome","isPartOf":{"@id":"https:\/\/test1.cmsmart.net\/vthouse\/#website"},"datePublished":"2021-03-04T17:34:35+00:00","dateModified":"2021-03-04T17:34:35+00:00","breadcrumb":{"@id":"https:\/\/test1.cmsmart.net\/vthouse\/san-pham\/cam-bien-cua\/#breadcrumb"},"inLanguage":"vi","potentialAction":[{"@type":"ReadAction","target":["https:\/\/test1.cmsmart.net\/vthouse\/san-pham\/cam-bien-cua\/"]}]},{"@type":"BreadcrumbList","@id":"https:\/\/test1.cmsmart.net\/vthouse\/san-pham\/cam-bien-cua\/#breadcrumb","itemListElement":[{"@type":"ListItem","position":1,"name":"Trang ch\u1ee7","item":"https:\/\/test1.cmsmart.net\/vthouse\/"},{"@type":"ListItem","position":2,"name":"S\u1ea3n ph\u1ea9m","item":"https:\/\/test1.cmsmart.net\/vthouse\/san-pham\/"},{"@type":"ListItem","position":3,"name":"C\u1ea3m bi\u1ebfn c\u1eeda"}]},{"@type":"WebSite","@id":"https:\/\/test1.cmsmart.net\/vthouse\/#website","url":"https:\/\/test1.cmsmart.net\/vthouse\/","name":"SUNTHAO Smarthome","description":"","potentialAction":[{"@type":"SearchAction","target":{"@type":"EntryPoint","urlTemplate":"https:\/\/test1.cmsmart.net\/vthouse\/?s={search_term_string}"},"query-input":"required name=search_term_string"}],"inLanguage":"vi"}]}},"_links":{"self":[{"href":"https:\/\/test1.cmsmart.net\/vthouse\/wp-json\/wp\/v2\/product\/1208"}],"collection":[{"href":"https:\/\/test1.cmsmart.net\/vthouse\/wp-json\/wp\/v2\/product"}],"about":[{"href":"https:\/\/test1.cmsmart.net\/vthouse\/wp-json\/wp\/v2\/types\/product"}],"wp:featuredmedia":[{"embeddable":true,"href":"https:\/\/test1.cmsmart.net\/vthouse\/wp-json\/wp\/v2\/media\/1209"}],"wp:attachment":[{"href":"https:\/\/test1.cmsmart.net\/vthouse\/wp-json\/wp\/v2\/media?parent=1208"}],"wp:term":[{"taxonomy":"product_cat","embeddable":true,"href":"https:\/\/test1.cmsmart.net\/vthouse\/wp-json\/wp\/v2\/product_cat?post=1208"},{"taxonomy":"product_tag","embeddable":true,"href":"https:\/\/test1.cmsmart.net\/vthouse\/wp-json\/wp\/v2\/product_tag?post=1208"}],"curies":[{"name":"wp","href":"https:\/\/api.w.org\/{rel}","templated":true}]}}