{"id":1205,"date":"2021-03-05T00:28:49","date_gmt":"2021-03-04T17:28:49","guid":{"rendered":"http:\/\/homegy.sonqb.com\/?post_type=product&#038;p=1205"},"modified":"2021-03-05T00:28:49","modified_gmt":"2021-03-04T17:28:49","slug":"bo-dieu-khien-hong-ngoai","status":"publish","type":"product","link":"https:\/\/test1.cmsmart.net\/vthouse\/san-pham\/bo-dieu-khien-hong-ngoai\/","title":{"rendered":"B\u1ed9 \u0111i\u1ec1u khi\u1ec3n h\u1ed3ng ngo\u1ea1i"},"content":{"rendered":"<div id=\"0a\" class=\"tab_pane\">\n<div class=\"content-post\">\n<table class=\"table table-bordered\">\n<tbody>\n<tr>\n<td>\u0110i\u1ec7n \u00e1p \u0111\u1ea7u v\u00e0o<\/td>\n<td>DC 5V\/1A (Micro USB)<\/td>\n<\/tr>\n<tr>\n<td>C\u00f4ng su\u1ea5t ti\u00eau th\u1ee5<\/td>\n<td>&lt;0.5W<\/td>\n<\/tr>\n<tr>\n<td>Chu\u1ea9n \u0111i\u1ec1u khi\u1ec3n<\/td>\n<td>Wifi 2,4Ghz IEEE 802.11b\/g\/n<\/td>\n<\/tr>\n<tr>\n<td>Ki\u1ec3u \u0111i\u1ec1u khi\u1ec3n<\/td>\n<td>\u0110i\u1ec1u khi\u1ec3n c\u00e1c thi\u1ebft b\u1ecb s\u1eed d\u1ee5ng s\u00f3ng h\u1ed3ng ngo\u1ea1i: Tivi, \u0111i\u1ec1u h\u00f2a,\u2026<\/td>\n<\/tr>\n<tr>\n<td>T\u1ea7n s\u1ed1 h\u1ed3ng ngo\u1ea1i<\/td>\n<td>38Khz<\/td>\n<\/tr>\n<tr>\n<td>G\u00f3c ph\u00e1t\/thu t\u00edn hi\u1ec7u<\/td>\n<td>\u0110a h\u01b0\u1edbng<\/td>\n<\/tr>\n<tr>\n<td>Kho\u1ea3ng c\u00e1ch \u0111i\u1ec1u khi\u1ec3n<\/td>\n<td>&lt;10m<\/td>\n<\/tr>\n<tr>\n<td>V\u1eadt li\u1ec7u th\u00e2n v\u1ecf<\/td>\n<td>Nh\u1ef1a PV<\/td>\n<\/tr>\n<tr>\n<td>M\u00e0u s\u1eafc<\/td>\n<td>\u0110en<\/td>\n<\/tr>\n<tr>\n<td>\u0110\u1ed9 \u1ea9m ho\u1ea1t \u0111\u1ed9ng t\u1ed1i \u0111a<\/td>\n<td>95%RH<\/td>\n<\/tr>\n<tr>\n<td>Nhi\u1ec7t \u0111\u1ed9 ho\u1ea1t \u0111\u1ed9ng<\/td>\n<td>-10\u00b0C \u00f7 45\u00b0C<\/td>\n<\/tr>\n<tr>\n<td>H\u1ed7 tr\u1ee3 thi\u1ebft b\u1ecb<\/td>\n<td>Android 4.0\/ IOS 8.0 tr\u1edf l\u00ean<\/td>\n<\/tr>\n<tr>\n<td>K\u00edch th\u01b0\u1edbc<\/td>\n<td>68x68x28<\/td>\n<\/tr>\n<tr>\n<td>Kh\u1ed1i l\u01b0\u1ee3ng m\u1ed9t s\u1ea3n ph\u1ea9m<\/td>\n<td>60<\/td>\n<\/tr>\n<tr>\n<td>Th\u1eddi gian b\u1ea3o h\u00e0nh<\/td>\n<td>2 n\u0103m<\/td>\n<\/tr>\n<\/tbody>\n<\/table>\n<\/div>\n<\/div>\n<div id=\"1a\" class=\"tab_pane\">\n<div class=\"content-post\">\n<p>B\u1ed9 \u0111i\u1ec1u khi\u1ec3n h\u1ed3ng ngo\u1ea1i\u00a0\u00a0IR gi\u00fap ch\u1ee7 nh\u00e0 k\u1ebft n\u1ed1i thay th\u1ebf\u00a0\u00a0c\u00e1c thi\u1ebft b\u1ecb c\u00f3 \u0111i\u1ec1u khi\u1ec3n remote nh\u01b0\u00a0\u00a0tivi, qu\u1ea1t gi\u00f3, \u0111i\u1ec1u h\u00f2a,\u2026<\/p>\n<p>\u2013 \u0110i\u1ec1u khi\u1ec3n Tivi, qu\u1ea1t gi\u00f3, \u0111i\u1ec1u h\u00f2a\u2026. qua \u0111i\u1ec7n tho\u1ea1i smartphone<\/p>\n<p>\u2013 Thi\u1ebft k\u1ebf nh\u1ecf g\u1ecdn c\u00f3 th\u1ec3 ch\u1ecdn \u0111\u1eb7t v\u1ecb tr\u00ed \u0111\u1ec5 d\u00e0ng<\/p>\n<p>\u2013 D\u1ec5 d\u00e0ng s\u1eed d\u1ee5ng, ch\u1ec9 v\u00e0i b\u01b0\u1edbc \u0111\u01a1n gi\u1ea3n c\u00e0i \u0111\u1eb7t l\u00e0 \u0111i\u1ec7n tho\u1ea1i s\u1ebd \u0111\u01b0\u1ee3c k\u1ebft n\u1ed1i v\u1edbi t\u1ea5t c\u1ea3 c\u00e1c thi\u1ebft b\u1ecb c\u00f3 remote \u0111i\u1ec1u khi\u1ec3n trong nh\u00e0. ( \u0111i\u1ec1u h\u00f2a , ti vi, \u0111\u1ea7u quay\u2026.)<\/p>\n<p>-Ch\u1ec9 c\u1ea7n c\u00f3 k\u1ebft n\u1ed1i internet, ngo\u00e0i kh\u1ea3 n\u0103ng \u0111i\u1ec1u khi\u1ec3n t\u1eeb xa ng\u01b0\u1eddi s\u1eed d\u1ee5ng c\u00f2n c\u00f3 th\u1ec3 c\u00e0i \u0111\u1eb7t ng\u1eef c\u1ea3nh b\u1eadt t\u1ea5t, c\u00e0i \u0111\u1eb7t h\u1eb9n gi\u1edd c\u00e1c thi\u1ebft b\u1ecb t\u00f9y theo m\u1ee5c \u0111\u00edch s\u1eed d\u1ee5ng.<\/p>\n<p>-Tr\u01b0\u1edbc khi b\u1ea1n r\u1eddi c\u01a1 quan, b\u1ea1n c\u00f3 th\u1ec3 b\u1eadt b\u00ecnh n\u00f3ng l\u1ea1nh t\u1eeb xa \u0111\u1ec3 khi v\u1ec1\u00a0nh\u00e0 n\u01b0\u1edbc n\u00f3ng \u0111\u00e3 s\u1eb5n s\u00e0ng cho b\u1ea1n t\u1eafm \u0111\u1ed1i v\u1edbi m\u00f9a \u0111\u00f4ng gi\u00e1 l\u1ea1nh.<\/p>\n<p>-C\u0169ng nh\u01b0 v\u1eady v\u1edbi c\u00e1i n\u1eafng n\u00f3ng 40 \u0111\u1ed9\u00a0c\u1ee7a m\u00f9a h\u00e8 b\u1ea1n c\u0169ng ho\u00e0n to\u00e0n b\u1eadt \u0111i\u1ec1u h\u00f2a tr\u01b0\u1edbc khi b\u1ea1n v\u1ec1 nh\u00e0, c\u0103n ph\u00f2ng m\u00e1t m\u1ebb ch\u00e0o \u0111\u00f3n b\u1ea1n.<\/p>\n<p>-M\u1ed9t \u0111i\u1ec1u tuy\u1ec7t v\u1eddi khi nh\u00e0 b\u1ea1n c\u00f3 ng\u01b0\u1eddi gi\u00e0, con nh\u1ecf ng\u1ee7 ri\u00eang, \u0111\u00eam \u0111\u1ebfn b\u1ea1n mu\u1ed1n t\u0103ng hay gi\u1ea3m nhi\u1ec7t \u0111\u1ed9 cho ph\u00f2ng c\u1ee7a ng\u01b0\u1eddi th\u00e2n, th\u00ec b\u1ea1n kh\u00f4ng c\u1ea7n \u0111i l\u1ea1i hay m\u1edf\u00a0c\u1eeda v\u00e0o \u0111\u1ec3 \u0111i\u1ec1u ch\u1ec9nh m\u00e0 b\u1ea1n c\u00f3 th\u1ec3 \u0111i\u1ec1u khi\u1ec3n ngay tr\u00ean \u0111i\u1ec7n tho\u1ea1i c\u1ee7a b\u1ea1n.<\/p>\n<\/div>\n<\/div>\n","protected":false},"excerpt":{"rendered":"<p>Thi\u1ebft b\u1ecb \u0111i\u1ec1u khi\u1ec3n \u0111\u01b0\u1ee3c nhi\u1ec1u thi\u1ebft b\u1ecb s\u1eed d\u1ee5ng h\u1ed3ng ngo\u1ea1i<br \/>\n\u0110i\u1ec1u khi\u1ec3n t\u1eeb xa qua App<br \/>\ngi\u00e1m s\u00e1t tr\u1ea1ng th\u00e1i c\u00e1c thi\u1ebft b\u1ecb<br \/>\n\u0110i\u1ec1u khi\u1ec3n b\u1eb1ng gi\u1ecdng n\u00f3i<br \/>\nT\u01b0\u01a1ng th\u00edch v\u1edbi h\u1ea7u h\u1ebft c\u00e1c thi\u1ebft b\u1ecb trong gia \u0111\u00ecnh: m\u00e1y l\u1ea1nh, tivi, IPTV, qu\u1ea1t, m\u00e1y \u1ea3nh slr, \u00e2m thanh, dvd<\/p>\n<p>Kho\u1ea3ng c\u00e1ch \u0111i\u1ec1u khi\u1ec3n:\u00a0&lt;10m<\/p>\n<p>V\u1eadt li\u1ec7u th\u00e2n v\u1ecf:\u00a0Nh\u1ef1a PC<\/p>\n<p>M\u00e0u s\u1eafc:\u00a0\u0110en<\/p>\n","protected":false},"featured_media":1206,"template":"","meta":{"inline_featured_image":false},"product_cat":[87],"product_tag":[],"yoast_head":"<!-- This site is optimized with the Yoast SEO plugin v20.8 - https:\/\/yoast.com\/wordpress\/plugins\/seo\/ -->\n<title>B\u1ed9 \u0111i\u1ec1u khi\u1ec3n h\u1ed3ng ngo\u1ea1i - SUNTHAO Smarthome<\/title>\n<meta name=\"robots\" content=\"noindex, follow, max-snippet:-1, max-image-preview:large, max-video-preview:-1\" \/>\n<meta property=\"og:locale\" content=\"vi_VN\" \/>\n<meta property=\"og:type\" content=\"article\" \/>\n<meta property=\"og:title\" content=\"B\u1ed9 \u0111i\u1ec1u khi\u1ec3n h\u1ed3ng ngo\u1ea1i - SUNTHAO Smarthome\" \/>\n<meta property=\"og:description\" content=\"Thi\u1ebft b\u1ecb \u0111i\u1ec1u khi\u1ec3n \u0111\u01b0\u1ee3c nhi\u1ec1u thi\u1ebft b\u1ecb s\u1eed d\u1ee5ng h\u1ed3ng ngo\u1ea1i \u0110i\u1ec1u khi\u1ec3n t\u1eeb xa qua App gi\u00e1m s\u00e1t tr\u1ea1ng th\u00e1i c\u00e1c thi\u1ebft b\u1ecb \u0110i\u1ec1u khi\u1ec3n b\u1eb1ng gi\u1ecdng n\u00f3i T\u01b0\u01a1ng th\u00edch v\u1edbi h\u1ea7u h\u1ebft c\u00e1c thi\u1ebft b\u1ecb trong gia \u0111\u00ecnh: m\u00e1y l\u1ea1nh, tivi, IPTV, qu\u1ea1t, m\u00e1y \u1ea3nh slr, \u00e2m thanh, dvd  Kho\u1ea3ng c\u00e1ch \u0111i\u1ec1u khi\u1ec3n:\u00a0&lt;10m  V\u1eadt li\u1ec7u th\u00e2n v\u1ecf:\u00a0Nh\u1ef1a PC  M\u00e0u s\u1eafc:\u00a0\u0110en\" \/>\n<meta property=\"og:url\" content=\"https:\/\/test1.cmsmart.net\/vthouse\/san-pham\/bo-dieu-khien-hong-ngoai\/\" \/>\n<meta property=\"og:site_name\" content=\"SUNTHAO Smarthome\" \/>\n<meta property=\"og:image\" content=\"https:\/\/test1.cmsmart.net\/vthouse\/wp-content\/uploads\/2021\/03\/bo-dieu-khien-hong-ngoai.jpg\" \/>\n\t<meta property=\"og:image:width\" content=\"600\" \/>\n\t<meta property=\"og:image:height\" content=\"600\" \/>\n\t<meta property=\"og:image:type\" content=\"image\/jpeg\" \/>\n<meta name=\"twitter:card\" content=\"summary_large_image\" \/>\n<meta name=\"twitter:label1\" content=\"\u01af\u1edbc t\u00ednh th\u1eddi gian \u0111\u1ecdc\" \/>\n\t<meta name=\"twitter:data1\" content=\"2 ph\u00fat\" \/>\n<script type=\"application\/ld+json\" class=\"yoast-schema-graph\">{\"@context\":\"https:\/\/schema.org\",\"@graph\":[{\"@type\":\"WebPage\",\"@id\":\"https:\/\/test1.cmsmart.net\/vthouse\/san-pham\/bo-dieu-khien-hong-ngoai\/\",\"url\":\"https:\/\/test1.cmsmart.net\/vthouse\/san-pham\/bo-dieu-khien-hong-ngoai\/\",\"name\":\"B\u1ed9 \u0111i\u1ec1u khi\u1ec3n h\u1ed3ng ngo\u1ea1i - SUNTHAO Smarthome\",\"isPartOf\":{\"@id\":\"https:\/\/test1.cmsmart.net\/vthouse\/#website\"},\"datePublished\":\"2021-03-04T17:28:49+00:00\",\"dateModified\":\"2021-03-04T17:28:49+00:00\",\"breadcrumb\":{\"@id\":\"https:\/\/test1.cmsmart.net\/vthouse\/san-pham\/bo-dieu-khien-hong-ngoai\/#breadcrumb\"},\"inLanguage\":\"vi\",\"potentialAction\":[{\"@type\":\"ReadAction\",\"target\":[\"https:\/\/test1.cmsmart.net\/vthouse\/san-pham\/bo-dieu-khien-hong-ngoai\/\"]}]},{\"@type\":\"BreadcrumbList\",\"@id\":\"https:\/\/test1.cmsmart.net\/vthouse\/san-pham\/bo-dieu-khien-hong-ngoai\/#breadcrumb\",\"itemListElement\":[{\"@type\":\"ListItem\",\"position\":1,\"name\":\"Trang ch\u1ee7\",\"item\":\"https:\/\/test1.cmsmart.net\/vthouse\/\"},{\"@type\":\"ListItem\",\"position\":2,\"name\":\"S\u1ea3n ph\u1ea9m\",\"item\":\"https:\/\/test1.cmsmart.net\/vthouse\/san-pham\/\"},{\"@type\":\"ListItem\",\"position\":3,\"name\":\"B\u1ed9 \u0111i\u1ec1u khi\u1ec3n h\u1ed3ng ngo\u1ea1i\"}]},{\"@type\":\"WebSite\",\"@id\":\"https:\/\/test1.cmsmart.net\/vthouse\/#website\",\"url\":\"https:\/\/test1.cmsmart.net\/vthouse\/\",\"name\":\"SUNTHAO Smarthome\",\"description\":\"\",\"potentialAction\":[{\"@type\":\"SearchAction\",\"target\":{\"@type\":\"EntryPoint\",\"urlTemplate\":\"https:\/\/test1.cmsmart.net\/vthouse\/?s={search_term_string}\"},\"query-input\":\"required name=search_term_string\"}],\"inLanguage\":\"vi\"}]}<\/script>\n<!-- \/ Yoast SEO plugin. -->","yoast_head_json":{"title":"B\u1ed9 \u0111i\u1ec1u khi\u1ec3n h\u1ed3ng ngo\u1ea1i - SUNTHAO Smarthome","robots":{"index":"noindex","follow":"follow","max-snippet":"max-snippet:-1","max-image-preview":"max-image-preview:large","max-video-preview":"max-video-preview:-1"},"og_locale":"vi_VN","og_type":"article","og_title":"B\u1ed9 \u0111i\u1ec1u khi\u1ec3n h\u1ed3ng ngo\u1ea1i - SUNTHAO Smarthome","og_description":"Thi\u1ebft b\u1ecb \u0111i\u1ec1u khi\u1ec3n \u0111\u01b0\u1ee3c nhi\u1ec1u thi\u1ebft b\u1ecb s\u1eed d\u1ee5ng h\u1ed3ng ngo\u1ea1i \u0110i\u1ec1u khi\u1ec3n t\u1eeb xa qua App gi\u00e1m s\u00e1t tr\u1ea1ng th\u00e1i c\u00e1c thi\u1ebft b\u1ecb \u0110i\u1ec1u khi\u1ec3n b\u1eb1ng gi\u1ecdng n\u00f3i T\u01b0\u01a1ng th\u00edch v\u1edbi h\u1ea7u h\u1ebft c\u00e1c thi\u1ebft b\u1ecb trong gia \u0111\u00ecnh: m\u00e1y l\u1ea1nh, tivi, IPTV, qu\u1ea1t, m\u00e1y \u1ea3nh slr, \u00e2m thanh, dvd  Kho\u1ea3ng c\u00e1ch \u0111i\u1ec1u khi\u1ec3n:\u00a0&lt;10m  V\u1eadt li\u1ec7u th\u00e2n v\u1ecf:\u00a0Nh\u1ef1a PC  M\u00e0u s\u1eafc:\u00a0\u0110en","og_url":"https:\/\/test1.cmsmart.net\/vthouse\/san-pham\/bo-dieu-khien-hong-ngoai\/","og_site_name":"SUNTHAO Smarthome","og_image":[{"width":600,"height":600,"url":"https:\/\/test1.cmsmart.net\/vthouse\/wp-content\/uploads\/2021\/03\/bo-dieu-khien-hong-ngoai.jpg","type":"image\/jpeg"}],"twitter_card":"summary_large_image","twitter_misc":{"\u01af\u1edbc t\u00ednh th\u1eddi gian \u0111\u1ecdc":"2 ph\u00fat"},"schema":{"@context":"https:\/\/schema.org","@graph":[{"@type":"WebPage","@id":"https:\/\/test1.cmsmart.net\/vthouse\/san-pham\/bo-dieu-khien-hong-ngoai\/","url":"https:\/\/test1.cmsmart.net\/vthouse\/san-pham\/bo-dieu-khien-hong-ngoai\/","name":"B\u1ed9 \u0111i\u1ec1u khi\u1ec3n h\u1ed3ng ngo\u1ea1i - SUNTHAO Smarthome","isPartOf":{"@id":"https:\/\/test1.cmsmart.net\/vthouse\/#website"},"datePublished":"2021-03-04T17:28:49+00:00","dateModified":"2021-03-04T17:28:49+00:00","breadcrumb":{"@id":"https:\/\/test1.cmsmart.net\/vthouse\/san-pham\/bo-dieu-khien-hong-ngoai\/#breadcrumb"},"inLanguage":"vi","potentialAction":[{"@type":"ReadAction","target":["https:\/\/test1.cmsmart.net\/vthouse\/san-pham\/bo-dieu-khien-hong-ngoai\/"]}]},{"@type":"BreadcrumbList","@id":"https:\/\/test1.cmsmart.net\/vthouse\/san-pham\/bo-dieu-khien-hong-ngoai\/#breadcrumb","itemListElement":[{"@type":"ListItem","position":1,"name":"Trang ch\u1ee7","item":"https:\/\/test1.cmsmart.net\/vthouse\/"},{"@type":"ListItem","position":2,"name":"S\u1ea3n ph\u1ea9m","item":"https:\/\/test1.cmsmart.net\/vthouse\/san-pham\/"},{"@type":"ListItem","position":3,"name":"B\u1ed9 \u0111i\u1ec1u khi\u1ec3n h\u1ed3ng ngo\u1ea1i"}]},{"@type":"WebSite","@id":"https:\/\/test1.cmsmart.net\/vthouse\/#website","url":"https:\/\/test1.cmsmart.net\/vthouse\/","name":"SUNTHAO Smarthome","description":"","potentialAction":[{"@type":"SearchAction","target":{"@type":"EntryPoint","urlTemplate":"https:\/\/test1.cmsmart.net\/vthouse\/?s={search_term_string}"},"query-input":"required name=search_term_string"}],"inLanguage":"vi"}]}},"_links":{"self":[{"href":"https:\/\/test1.cmsmart.net\/vthouse\/wp-json\/wp\/v2\/product\/1205"}],"collection":[{"href":"https:\/\/test1.cmsmart.net\/vthouse\/wp-json\/wp\/v2\/product"}],"about":[{"href":"https:\/\/test1.cmsmart.net\/vthouse\/wp-json\/wp\/v2\/types\/product"}],"wp:featuredmedia":[{"embeddable":true,"href":"https:\/\/test1.cmsmart.net\/vthouse\/wp-json\/wp\/v2\/media\/1206"}],"wp:attachment":[{"href":"https:\/\/test1.cmsmart.net\/vthouse\/wp-json\/wp\/v2\/media?parent=1205"}],"wp:term":[{"taxonomy":"product_cat","embeddable":true,"href":"https:\/\/test1.cmsmart.net\/vthouse\/wp-json\/wp\/v2\/product_cat?post=1205"},{"taxonomy":"product_tag","embeddable":true,"href":"https:\/\/test1.cmsmart.net\/vthouse\/wp-json\/wp\/v2\/product_tag?post=1205"}],"curies":[{"name":"wp","href":"https:\/\/api.w.org\/{rel}","templated":true}]}}