{"id":1201,"date":"2021-03-05T00:24:28","date_gmt":"2021-03-04T17:24:28","guid":{"rendered":"http:\/\/homegy.sonqb.com\/?post_type=product&#038;p=1201"},"modified":"2021-03-05T00:24:28","modified_gmt":"2021-03-04T17:24:28","slug":"cam-bien-chuyen-dong","status":"publish","type":"product","link":"https:\/\/test1.cmsmart.net\/vthouse\/san-pham\/cam-bien-chuyen-dong\/","title":{"rendered":"C\u1ea3m bi\u1ebfn chuy\u1ec3n \u0111\u1ed9ng"},"content":{"rendered":"<table class=\"table table-bordered\">\n<tbody>\n<tr>\n<td>\u0110i\u1ec7n \u00e1p \u0111\u1ea7u v\u00e0o<\/td>\n<td>PIN CR123A \u2013 3V<\/td>\n<\/tr>\n<tr>\n<td>Chu\u1ea9n \u0111i\u1ec1u khi\u1ec3n<\/td>\n<td>Wifi 2,4Ghz IEEE 802.11b\/g\/n<\/td>\n<\/tr>\n<tr>\n<td>V\u1eadt li\u1ec7u<\/td>\n<td>Th\u00e2n v\u1ecf: Nh\u1ef1a<\/td>\n<\/tr>\n<tr>\n<td>M\u00e0u s\u1eafc<\/td>\n<td>Tr\u1eafng<\/td>\n<\/tr>\n<tr>\n<td>Th\u1eddi gian s\u1eed d\u1ee5ng PIN<\/td>\n<td>6 th\u00e1ng<\/td>\n<\/tr>\n<tr>\n<td>\u0110\u1ed9 \u1ea9m ho\u1ea1t \u0111\u1ed9ng t\u1ed1i \u0111a<\/td>\n<td>95%RH<\/td>\n<\/tr>\n<tr>\n<td>Nhi\u1ec7t \u0111\u1ed9 ho\u1ea1t \u0111\u1ed9ng<\/td>\n<td>0\u00b0C \u00f7 50\u00b0C<\/td>\n<\/tr>\n<tr>\n<td>G\u00f3c qu\u00e9t<\/td>\n<td>110 \u0111\u1ed9<\/td>\n<\/tr>\n<tr>\n<td>Kho\u1ea3ng c\u00e1ch ph\u00e1t hi\u1ec7n v\u1eadt th\u1ec3 chuy\u1ec3n \u0111\u1ed9ng<\/td>\n<td>4 \u2013 6m<\/td>\n<\/tr>\n<tr>\n<td>K\u00edch th\u01b0\u1edbc<\/td>\n<td>48x47x47<\/td>\n<\/tr>\n<tr>\n<td>Kh\u1ed1i l\u01b0\u1ee3ng 1 s\u1ea3n ph\u1ea9m (gam)<\/td>\n<td>40<\/td>\n<\/tr>\n<tr>\n<td>Th\u1eddi gian b\u1ea3o h\u00e0nh<\/td>\n<td>2 n\u0103m<\/td>\n<\/tr>\n<\/tbody>\n<\/table>\n<div id=\"1a\" class=\"tab_pane\">\n<div class=\"content-post\">\n<p>\u2013 K\u00edch th\u01b0\u1edbc nh\u1ecf g\u1ecdn c\u00f3 \u0111\u1ebf xoay gi\u00fap \u0111i\u1ec1u ch\u1ec9nh g\u00f3c c\u1ea3m bi\u1ebfn.<br \/>\n\u2013 Gi\u00e1m s\u00e1t nh\u00e0 \u1edf xa.\u00a0\u0110\u1eb7t th\u00f4ng b\u00e1o \u0111\u1ea9y cho thi\u1ebft b\u1ecb di \u0111\u1ed9ng c\u1ee7a b\u1ea1n ho\u1eb7c \u00e2m thanh v\u00e0 rung cho c\u1ea3nh b\u00e1o s\u1edbm v\u1ec1 ph\u00e1t hi\u1ec7n chuy\u1ec3n \u0111\u1ed9ng trong nh\u00e0 c\u1ee7a b\u1ea1n.<br \/>\n\u2013 Kh\u00f4ng c\u1ea7n b\u1ed9 trung t\u00e2m b\u00e1o tr\u1ef1c ti\u1ebfp v\u1ec1 \u0111i\u1ec7n tho\u1ea1i nh\u1edd \u1ee9ng d\u1ee5ng smartlife\u00a0tr\u00ean \u0111i\u1ec7n tho\u1ea1i.<br \/>\n\u2013 T\u1ea1o k\u1ecbch b\u1ea3n, c\u00f3 th\u1ec3 \u0111\u1ea5u th\u00eam c\u00f2i ho\u1eb7c loa ph\u1ee5.<\/p>\n<\/div>\n<\/div>\n","protected":false},"excerpt":{"rendered":"<p>C\u1ea3m bi\u1ebfn chuy\u1ec3n \u0111\u1ed9ng l\u00e0 lo\u1ea1i c\u1ea3m bi\u1ebfn ti\u00ean ti\u1ebfn ph\u00e1t hi\u1ec7n chuy\u1ec3n \u0111\u1ed9ng c\u1ee7a con ng\u01b0\u1eddi b\u00e1o \u0111\u1ed9ng ( g\u1eedi tin nh\u1eafn, k\u00eau \u00e2m thanh ho\u1eb7c rung) v\u1ec1 \u0111i\u1ec7n tho\u1ea1i gi\u00fap gi\u00e1m s\u00e1t ng\u00f4i nh\u00e0 b\u1ea1n khi v\u1eafng nh\u00e0. Thi\u1ebft k\u1ebf nh\u1ecf g\u1ecdn, kh\u00f4ng d\u00e2y v\u00e0 kh\u00f4ng c\u1ea7n b\u1ed9 trung t\u00e2m c\u00f3 th\u1ec3 k\u1ebft n\u1ed1i v\u01a1i Amazon Alexa ho\u1eb7c Goggle Home \u0111\u1ec3 \u0111i\u1ec1u khi\u1ec3n nh\u00e0 b\u1eb1ng gi\u1ecdng n\u00f3i. C\u1ea3m bi\u1ebfn chuy\u1ec3n \u0111\u1ed9ng c\u00e0i \u0111\u1eb7t \u0111\u01a1n gi\u1ea3n v\u1edbi \u00fang d\u1ee5ng Smartlife tr\u00ean \u0111i\u1ec7n tho\u1ea1i th\u00edch h\u1ee3p l\u1eafp v\u1ecb tr\u00ed: ph\u00f2ng kh\u00e1ch, showroom, nh\u00e0 kho\u2026.<\/p>\n<p>V\u1eadt li\u1ec7u th\u00e2n v\u1ecf:\u00a0\u00a0Nh\u1ef1a<\/p>\n<p>M\u00e0u s\u1eafc:\u00a0Tr\u1eafng<\/p>\n<p>Th\u1eddi gian s\u1eed d\u1ee5ng PIN:\u00a06 th\u00e1ng<\/p>\n","protected":false},"featured_media":1203,"template":"","meta":{"inline_featured_image":false},"product_cat":[86],"product_tag":[],"yoast_head":"<!-- This site is optimized with the Yoast SEO plugin v20.8 - https:\/\/yoast.com\/wordpress\/plugins\/seo\/ -->\n<title>C\u1ea3m bi\u1ebfn chuy\u1ec3n \u0111\u1ed9ng - SUNTHAO Smarthome<\/title>\n<meta name=\"robots\" content=\"noindex, follow, max-snippet:-1, max-image-preview:large, max-video-preview:-1\" \/>\n<meta property=\"og:locale\" content=\"vi_VN\" \/>\n<meta property=\"og:type\" content=\"article\" \/>\n<meta property=\"og:title\" content=\"C\u1ea3m bi\u1ebfn chuy\u1ec3n \u0111\u1ed9ng - SUNTHAO Smarthome\" \/>\n<meta property=\"og:description\" content=\"C\u1ea3m bi\u1ebfn chuy\u1ec3n \u0111\u1ed9ng l\u00e0 lo\u1ea1i c\u1ea3m bi\u1ebfn ti\u00ean ti\u1ebfn ph\u00e1t hi\u1ec7n chuy\u1ec3n \u0111\u1ed9ng c\u1ee7a con ng\u01b0\u1eddi b\u00e1o \u0111\u1ed9ng ( g\u1eedi tin nh\u1eafn, k\u00eau \u00e2m thanh ho\u1eb7c rung) v\u1ec1 \u0111i\u1ec7n tho\u1ea1i gi\u00fap gi\u00e1m s\u00e1t ng\u00f4i nh\u00e0 b\u1ea1n khi v\u1eafng nh\u00e0. Thi\u1ebft k\u1ebf nh\u1ecf g\u1ecdn, kh\u00f4ng d\u00e2y v\u00e0 kh\u00f4ng c\u1ea7n b\u1ed9 trung t\u00e2m c\u00f3 th\u1ec3 k\u1ebft n\u1ed1i v\u01a1i Amazon Alexa ho\u1eb7c Goggle Home \u0111\u1ec3 \u0111i\u1ec1u khi\u1ec3n nh\u00e0 b\u1eb1ng gi\u1ecdng n\u00f3i. C\u1ea3m bi\u1ebfn chuy\u1ec3n \u0111\u1ed9ng c\u00e0i \u0111\u1eb7t \u0111\u01a1n gi\u1ea3n v\u1edbi \u00fang d\u1ee5ng Smartlife tr\u00ean \u0111i\u1ec7n tho\u1ea1i th\u00edch h\u1ee3p l\u1eafp v\u1ecb tr\u00ed: ph\u00f2ng kh\u00e1ch, showroom, nh\u00e0 kho\u2026.  V\u1eadt li\u1ec7u th\u00e2n v\u1ecf:\u00a0\u00a0Nh\u1ef1a  M\u00e0u s\u1eafc:\u00a0Tr\u1eafng  Th\u1eddi gian s\u1eed d\u1ee5ng PIN:\u00a06 th\u00e1ng\" \/>\n<meta property=\"og:url\" content=\"https:\/\/test1.cmsmart.net\/vthouse\/san-pham\/cam-bien-chuyen-dong\/\" \/>\n<meta property=\"og:site_name\" content=\"SUNTHAO Smarthome\" \/>\n<meta property=\"og:image\" content=\"https:\/\/test1.cmsmart.net\/vthouse\/wp-content\/uploads\/2021\/03\/cam-bien-chuyen-dong.jpg\" \/>\n\t<meta property=\"og:image:width\" content=\"600\" \/>\n\t<meta property=\"og:image:height\" content=\"600\" \/>\n\t<meta property=\"og:image:type\" content=\"image\/jpeg\" \/>\n<meta name=\"twitter:card\" content=\"summary_large_image\" \/>\n<meta name=\"twitter:label1\" content=\"\u01af\u1edbc t\u00ednh th\u1eddi gian \u0111\u1ecdc\" \/>\n\t<meta name=\"twitter:data1\" content=\"1 ph\u00fat\" \/>\n<script type=\"application\/ld+json\" class=\"yoast-schema-graph\">{\"@context\":\"https:\/\/schema.org\",\"@graph\":[{\"@type\":\"WebPage\",\"@id\":\"https:\/\/test1.cmsmart.net\/vthouse\/san-pham\/cam-bien-chuyen-dong\/\",\"url\":\"https:\/\/test1.cmsmart.net\/vthouse\/san-pham\/cam-bien-chuyen-dong\/\",\"name\":\"C\u1ea3m bi\u1ebfn chuy\u1ec3n \u0111\u1ed9ng - SUNTHAO Smarthome\",\"isPartOf\":{\"@id\":\"https:\/\/test1.cmsmart.net\/vthouse\/#website\"},\"datePublished\":\"2021-03-04T17:24:28+00:00\",\"dateModified\":\"2021-03-04T17:24:28+00:00\",\"breadcrumb\":{\"@id\":\"https:\/\/test1.cmsmart.net\/vthouse\/san-pham\/cam-bien-chuyen-dong\/#breadcrumb\"},\"inLanguage\":\"vi\",\"potentialAction\":[{\"@type\":\"ReadAction\",\"target\":[\"https:\/\/test1.cmsmart.net\/vthouse\/san-pham\/cam-bien-chuyen-dong\/\"]}]},{\"@type\":\"BreadcrumbList\",\"@id\":\"https:\/\/test1.cmsmart.net\/vthouse\/san-pham\/cam-bien-chuyen-dong\/#breadcrumb\",\"itemListElement\":[{\"@type\":\"ListItem\",\"position\":1,\"name\":\"Trang ch\u1ee7\",\"item\":\"https:\/\/test1.cmsmart.net\/vthouse\/\"},{\"@type\":\"ListItem\",\"position\":2,\"name\":\"S\u1ea3n ph\u1ea9m\",\"item\":\"https:\/\/test1.cmsmart.net\/vthouse\/san-pham\/\"},{\"@type\":\"ListItem\",\"position\":3,\"name\":\"C\u1ea3m bi\u1ebfn chuy\u1ec3n \u0111\u1ed9ng\"}]},{\"@type\":\"WebSite\",\"@id\":\"https:\/\/test1.cmsmart.net\/vthouse\/#website\",\"url\":\"https:\/\/test1.cmsmart.net\/vthouse\/\",\"name\":\"SUNTHAO Smarthome\",\"description\":\"\",\"potentialAction\":[{\"@type\":\"SearchAction\",\"target\":{\"@type\":\"EntryPoint\",\"urlTemplate\":\"https:\/\/test1.cmsmart.net\/vthouse\/?s={search_term_string}\"},\"query-input\":\"required name=search_term_string\"}],\"inLanguage\":\"vi\"}]}<\/script>\n<!-- \/ Yoast SEO plugin. -->","yoast_head_json":{"title":"C\u1ea3m bi\u1ebfn chuy\u1ec3n \u0111\u1ed9ng - SUNTHAO Smarthome","robots":{"index":"noindex","follow":"follow","max-snippet":"max-snippet:-1","max-image-preview":"max-image-preview:large","max-video-preview":"max-video-preview:-1"},"og_locale":"vi_VN","og_type":"article","og_title":"C\u1ea3m bi\u1ebfn chuy\u1ec3n \u0111\u1ed9ng - SUNTHAO Smarthome","og_description":"C\u1ea3m bi\u1ebfn chuy\u1ec3n \u0111\u1ed9ng l\u00e0 lo\u1ea1i c\u1ea3m bi\u1ebfn ti\u00ean ti\u1ebfn ph\u00e1t hi\u1ec7n chuy\u1ec3n \u0111\u1ed9ng c\u1ee7a con ng\u01b0\u1eddi b\u00e1o \u0111\u1ed9ng ( g\u1eedi tin nh\u1eafn, k\u00eau \u00e2m thanh ho\u1eb7c rung) v\u1ec1 \u0111i\u1ec7n tho\u1ea1i gi\u00fap gi\u00e1m s\u00e1t ng\u00f4i nh\u00e0 b\u1ea1n khi v\u1eafng nh\u00e0. Thi\u1ebft k\u1ebf nh\u1ecf g\u1ecdn, kh\u00f4ng d\u00e2y v\u00e0 kh\u00f4ng c\u1ea7n b\u1ed9 trung t\u00e2m c\u00f3 th\u1ec3 k\u1ebft n\u1ed1i v\u01a1i Amazon Alexa ho\u1eb7c Goggle Home \u0111\u1ec3 \u0111i\u1ec1u khi\u1ec3n nh\u00e0 b\u1eb1ng gi\u1ecdng n\u00f3i. C\u1ea3m bi\u1ebfn chuy\u1ec3n \u0111\u1ed9ng c\u00e0i \u0111\u1eb7t \u0111\u01a1n gi\u1ea3n v\u1edbi \u00fang d\u1ee5ng Smartlife tr\u00ean \u0111i\u1ec7n tho\u1ea1i th\u00edch h\u1ee3p l\u1eafp v\u1ecb tr\u00ed: ph\u00f2ng kh\u00e1ch, showroom, nh\u00e0 kho\u2026.  V\u1eadt li\u1ec7u th\u00e2n v\u1ecf:\u00a0\u00a0Nh\u1ef1a  M\u00e0u s\u1eafc:\u00a0Tr\u1eafng  Th\u1eddi gian s\u1eed d\u1ee5ng PIN:\u00a06 th\u00e1ng","og_url":"https:\/\/test1.cmsmart.net\/vthouse\/san-pham\/cam-bien-chuyen-dong\/","og_site_name":"SUNTHAO Smarthome","og_image":[{"width":600,"height":600,"url":"https:\/\/test1.cmsmart.net\/vthouse\/wp-content\/uploads\/2021\/03\/cam-bien-chuyen-dong.jpg","type":"image\/jpeg"}],"twitter_card":"summary_large_image","twitter_misc":{"\u01af\u1edbc t\u00ednh th\u1eddi gian \u0111\u1ecdc":"1 ph\u00fat"},"schema":{"@context":"https:\/\/schema.org","@graph":[{"@type":"WebPage","@id":"https:\/\/test1.cmsmart.net\/vthouse\/san-pham\/cam-bien-chuyen-dong\/","url":"https:\/\/test1.cmsmart.net\/vthouse\/san-pham\/cam-bien-chuyen-dong\/","name":"C\u1ea3m bi\u1ebfn chuy\u1ec3n \u0111\u1ed9ng - SUNTHAO Smarthome","isPartOf":{"@id":"https:\/\/test1.cmsmart.net\/vthouse\/#website"},"datePublished":"2021-03-04T17:24:28+00:00","dateModified":"2021-03-04T17:24:28+00:00","breadcrumb":{"@id":"https:\/\/test1.cmsmart.net\/vthouse\/san-pham\/cam-bien-chuyen-dong\/#breadcrumb"},"inLanguage":"vi","potentialAction":[{"@type":"ReadAction","target":["https:\/\/test1.cmsmart.net\/vthouse\/san-pham\/cam-bien-chuyen-dong\/"]}]},{"@type":"BreadcrumbList","@id":"https:\/\/test1.cmsmart.net\/vthouse\/san-pham\/cam-bien-chuyen-dong\/#breadcrumb","itemListElement":[{"@type":"ListItem","position":1,"name":"Trang ch\u1ee7","item":"https:\/\/test1.cmsmart.net\/vthouse\/"},{"@type":"ListItem","position":2,"name":"S\u1ea3n ph\u1ea9m","item":"https:\/\/test1.cmsmart.net\/vthouse\/san-pham\/"},{"@type":"ListItem","position":3,"name":"C\u1ea3m bi\u1ebfn chuy\u1ec3n \u0111\u1ed9ng"}]},{"@type":"WebSite","@id":"https:\/\/test1.cmsmart.net\/vthouse\/#website","url":"https:\/\/test1.cmsmart.net\/vthouse\/","name":"SUNTHAO Smarthome","description":"","potentialAction":[{"@type":"SearchAction","target":{"@type":"EntryPoint","urlTemplate":"https:\/\/test1.cmsmart.net\/vthouse\/?s={search_term_string}"},"query-input":"required name=search_term_string"}],"inLanguage":"vi"}]}},"_links":{"self":[{"href":"https:\/\/test1.cmsmart.net\/vthouse\/wp-json\/wp\/v2\/product\/1201"}],"collection":[{"href":"https:\/\/test1.cmsmart.net\/vthouse\/wp-json\/wp\/v2\/product"}],"about":[{"href":"https:\/\/test1.cmsmart.net\/vthouse\/wp-json\/wp\/v2\/types\/product"}],"wp:featuredmedia":[{"embeddable":true,"href":"https:\/\/test1.cmsmart.net\/vthouse\/wp-json\/wp\/v2\/media\/1203"}],"wp:attachment":[{"href":"https:\/\/test1.cmsmart.net\/vthouse\/wp-json\/wp\/v2\/media?parent=1201"}],"wp:term":[{"taxonomy":"product_cat","embeddable":true,"href":"https:\/\/test1.cmsmart.net\/vthouse\/wp-json\/wp\/v2\/product_cat?post=1201"},{"taxonomy":"product_tag","embeddable":true,"href":"https:\/\/test1.cmsmart.net\/vthouse\/wp-json\/wp\/v2\/product_tag?post=1201"}],"curies":[{"name":"wp","href":"https:\/\/api.w.org\/{rel}","templated":true}]}}