{"id":1187,"date":"2021-03-04T23:58:57","date_gmt":"2021-03-04T16:58:57","guid":{"rendered":"http:\/\/homegy.sonqb.com\/?post_type=product&#038;p=1187"},"modified":"2021-03-04T23:58:57","modified_gmt":"2021-03-04T16:58:57","slug":"cong-tac-cam-ung-thong-minh-1-nut","status":"publish","type":"product","link":"https:\/\/test1.cmsmart.net\/vthouse\/san-pham\/cong-tac-cam-ung-thong-minh-1-nut\/","title":{"rendered":"C\u00f4ng t\u1eafc c\u1ea3m \u1ee9ng th\u00f4ng minh 1 n\u00fat"},"content":{"rendered":"<div id=\"0a\" class=\"tab_pane\">\n<div class=\"content-post\">\n<p class=\"p-first-class\">H\u00ecnh ch\u1eef nh\u1eadt\/ h\u00ecnh vu\u00f4ng<\/p>\n<table class=\"table table-bordered\">\n<tbody>\n<tr>\n<td>D\u1ea3i \u0111i\u1ec7n \u00e1p l\u00e0m vi\u1ec7c<\/td>\n<td>100\u00f7250Vac\/50\u00f760Hz<\/td>\n<\/tr>\n<tr>\n<td>C\u00f4ng su\u1ea5t t\u1ea3i: T\u1ea3i thu\u1ea7n tr\u1edf t\u1ed1i \u0111a<\/td>\n<td>700W\/K\u00eanh @Uni 220Vac<\/td>\n<\/tr>\n<tr>\n<td>C\u00f4ng su\u1ea5t t\u1ea3i: T\u1ea3i \u0111\u00e8n LED t\u1ed1i \u0111a<\/td>\n<td>200W\/K\u00eanh @Uni 220Vac<\/td>\n<\/tr>\n<tr>\n<td>C\u00f4ng su\u1ea5t kh\u00f4ng t\u1ea3i<\/td>\n<td>&lt;0.5W<\/td>\n<\/tr>\n<tr>\n<td>Chu\u1ea9n \u0111i\u1ec1u khi\u1ec3n<\/td>\n<td>Wifi 2,4Ghz IEEE 802.11b\/g\/n<\/td>\n<\/tr>\n<tr>\n<td>Ng\u00f5 ra<\/td>\n<td>Ti\u1ebfp \u0111i\u1ec3m Relay<\/td>\n<\/tr>\n<tr>\n<td>V\u1eadt li\u1ec7u<\/td>\n<td>\u2013 M\u1eb7t k\u00ednh c\u01b0\u1eddng l\u1ef1c<br \/>\n\u2013 Th\u00e2n v\u1ecf: Nh\u1ef1a ABS<br \/>\n\u2013 Vi\u1ec1n nh\u00f4m: Anode h\u00f3a<\/td>\n<\/tr>\n<tr>\n<td>M\u00e0u k\u00ednh<\/td>\n<td>\u0110en ho\u1eb7c Tr\u1eafng<\/td>\n<\/tr>\n<tr>\n<td>\u0110\u1ed9 \u1ea9m ho\u1ea1t \u0111\u1ed9ng t\u1ed1i \u0111a<\/td>\n<td>95%RH<\/td>\n<\/tr>\n<tr>\n<td>Nhi\u1ec7t \u0111\u1ed9 ho\u1ea1t \u0111\u1ed9ng<\/td>\n<td>0\u00b0C \u00f7 55\u00b0C<\/td>\n<\/tr>\n<tr>\n<td>S\u1ed1 l\u1ea7n t\u1eaft b\u1eadt<\/td>\n<td>100,000<\/td>\n<\/tr>\n<tr>\n<td>Ch\u00edp x\u1eed l\u00fd<\/td>\n<td>NXP Semiconductors (M\u1ef9)<\/td>\n<\/tr>\n<tr>\n<td>Ch\u00edp qu\u1ea3n l\u00fd ngu\u1ed3n<\/td>\n<td>Texas Instrument (M\u1ef9), Power Intergrations (M\u1ef9)<\/td>\n<\/tr>\n<tr>\n<td>K\u00edch th\u01b0\u1edbc<\/td>\n<td>H\u00ecnh vu\u00f4ng: 95x95x33<br \/>\nH\u00ecnh ch\u1eef nh\u1eadt: 122x80x33<\/td>\n<\/tr>\n<tr>\n<td>Kh\u1ed1i l\u01b0\u1ee3ng 1 s\u1ea3n ph\u1ea9m (gam)<\/td>\n<td>HV: 155\u00b10.5<br \/>\nHCN: 176\u00b10.5<\/td>\n<\/tr>\n<tr>\n<td>Th\u1eddi gian b\u1ea3o h\u00e0nh<\/td>\n<td>3 n\u0103m<\/td>\n<\/tr>\n<\/tbody>\n<\/table>\n<\/div>\n<\/div>\n<div id=\"1a\" class=\"tab_pane\">\n<div class=\"content-post\">\n<p class=\"p1\"><span class=\"s1\"><b>C\u00d4NG T\u0102\u0301C C\u1ea2M \u1ee8NG VI\u1ec0N NH\u00d4M<br \/>\n<\/b><\/span><\/p>\n<p class=\"p1\"><span class=\"s1\">L\u00e0 lo\u1ea1i c\u00f4ng t\u1eafc c\u1ea3m \u1ee9ng th\u00f4ng minh s\u1eed d\u1ee5ng c\u00f4ng ngh\u1ec7 c\u1ea3m \u1ee9ng \u0111i\u1ec7n dung, m\u1eb7t k\u00ednh c\u01b0\u1eddng l\u1ef1c, ch\u1ed1ng x\u01b0\u1edbc, ch\u1ed1ng va \u0111\u1eadp t\u1ed1t, k\u1ebft h\u1ee3p v\u1edbi v\u00f2ng tr\u00f2n t\u1ecfa s\u00e1ng LED bao quanh t\u1ea1o n\u00ean s\u1ef1 l\u00f4i cu\u1ed1n, tinh t\u1ebf v\u00e0 sang tr\u1ecdng.<\/span><\/p>\n<p class=\"p1\"><span class=\"s1\">T\u00edch h\u1ee3p c\u00f4ng ngh\u1ec7 kh\u00f4ng d\u00e2y cho ph\u00e9p ng\u01b0\u1eddi s\u1eed d\u1ee5ng c\u00f3 th\u1ec3 \u0111i\u1ec1u khi\u1ec3n t\u1eeb xa, b\u1eadt t\u1eaft c\u00f4ng t\u1eafc ngay tr\u00ean \u0111i\u1ec7n tho\u1ea1i, m\u00e1y t\u00ednh b\u1ea3ng t\u1eeb b\u1ea5t c\u1ee9 \u0111\u00e2u khi c\u00f3 k\u1ebft n\u1ed1i Internet. B\u00ean c\u1ea1nh \u0111\u00f3, c\u00f4ng t\u1eafc \u0111i\u1ec7n c\u1ea3m \u1ee9ng Homegy \u0111\u01b0\u1ee3c thi\u1ebft k\u1ebf t\u01b0\u01a1ng th\u00edch v\u1edbi \u0111\u1ebf \u00e2m t\u01b0\u1eddng s\u1eb5n c\u00f3 tr\u00ean th\u1ecb tr\u01b0\u1eddng n\u00ean vi\u1ec7c l\u1eafp \u0111\u1eb7t, thay th\u1ebf kh\u00f4ng \u1ea3nh h\u01b0\u1edfng \u0111\u1ebfn h\u1ea1 t\u1ea7ng \u0111i\u1ec7n c\u1ee7a ng\u00f4i nh\u00e0.<\/span><\/p>\n<p class=\"p1\"><span class=\"s1\"><b>\u1ee8ng d\u1ee5ng:<\/b><\/span><\/p>\n<p class=\"p1\"><span class=\"s1\">D\u00f9ng \u0111\u1ec3 \u0111i\u1ec1u khi\u1ec3n tr\u1ef1c ti\u1ebfp c\u00e1c thi\u1ebft b\u1ecb \u0111i\u1ec7n trong nh\u00e0 nh\u01b0: \u0111i\u1ec1u h\u00f2a, qu\u1ea1t, \u0111\u00e8n chi\u1ebfu s\u00e1ng, r\u00e8m \u2026 V\u1edbi c\u00f4ng t\u1eafc c\u1ea3m \u1ee9ng th\u00f4ng minh c\u1ee7a Homegy, b\u1ea1n c\u00f3 th\u1ec3 c\u00e0i \u0111\u1eb7t r\u1ea5t nhi\u1ec1u ki\u1ec3u b\u1eadt\/t\u1eaft cho c\u00e1c thi\u1ebft b\u1ecb trong nh\u00e0 nh\u01b0: T\u1ea1o ho\u1ea1t c\u1ea3nh b\u1eadt\/t\u1eaft, t\u1ea1o nh\u00f3m \u0111\u1ea3o chi\u1ec1u kh\u00f4ng c\u1ea7n d\u00e2y n\u1ed1i, t\u1ea1o rule cho thi\u1ebft b\u1ecb. V\u00ed d\u1ee5: B\u1ea1n c\u00f3 th\u1ec3 t\u1ea1o c\u1ea3nh b\u1eb1ng c\u00e1ch s\u1eed d\u1ee5ng 1 n\u00fat c\u00f4ng t\u1eafc b\u1eadt ho\u1eb7c t\u1eaft to\u00e0n b\u1ed9 thi\u1ebft b\u1ecb trong nh\u00e0, ch\u1ec9 c\u1ea7n 1 n\u1ed1t ch\u1ea1m tr\u1ef1c ti\u1ebfp nh\u01b0 c\u00f4ng t\u1eafc c\u01a1 ho\u1eb7c tr\u00ean \u0111i\u1ec7n tho\u1ea1i, b\u1ea1n \u0111\u00e3 ho\u00e0n to\u00e0n b\u1eadt\/t\u1eaft t\u1ea5t c\u1ea3 c\u00e1c thi\u1ebft b\u1ecb \u0111i\u1ec7n trong ng\u00f4i nh\u00e0. T\u01b0\u01a1ng t\u1ef1 v\u1edbi nh\u1eefng ho\u1ea1t c\u1ea3nh: ti\u1ebfp kh\u00e1ch, \u0103n t\u1ed1i, \u0111i l\u00e0m v\u1ec1 \u2026 cho c\u00e1c thi\u1ebft b\u1ecb trong gia \u0111\u00ecnh.<\/span><\/p>\n<\/div>\n<\/div>\n","protected":false},"excerpt":{"rendered":"<p>L\u00e0 lo\u1ea1i c\u00f4ng t\u1eafc c\u1ea3m \u1ee9ng th\u00f4ng minh s\u1eed d\u1ee5ng c\u00f4ng ngh\u1ec7 c\u1ea3m \u1ee9ng \u0111i\u1ec7n dung, c\u00f4ng ngh\u1ec7 kh\u00f4ng d\u00e2y, m\u1eb7t k\u00ednh c\u01b0\u1eddng l\u1ef1c, ch\u1ed1ng x\u01b0\u1edbc, ch\u1ed1ng va \u0111\u1eadp, k\u1ebft h\u1ee3p v\u1edbi v\u00f2ng tr\u00f2n t\u1ecfa s\u00e1ng LED bao quanh t\u1ea1o n\u00ean s\u1ef1 tinh t\u1ebf, sang tr\u1ecdng, \u0111\u1eb3ng c\u1ea5p<\/p>\n<p>H\u00ecnh ch\u1eef nh\u1eadt\/ h\u00ecnh vu\u00f4ng<\/p>\n<p>C\u00f4ng su\u1ea5t kh\u00f4ng t\u1ea3i:\u00a0&lt;0.5W<\/p>\n<p>V\u1eadt li\u1ec7u:<\/p>\n<p>\u2013 M\u1eb7t k\u00ednh:\u00a0C\u01b0\u1eddng l\u1ef1c<br \/>\n\u2013 Th\u00e2n v\u1ecf:\u00a0Nh\u1ef1a ABS<br \/>\n\u2013 Vi\u1ec1n nh\u00f4m:\u00a0Anode h\u00f3a<\/p>\n<p>M\u00e0u k\u00ednh:\u00a0\u0110en ho\u1eb7c Tr\u1eafng<\/p>\n","protected":false},"featured_media":1189,"template":"","meta":{"inline_featured_image":false},"product_cat":[17],"product_tag":[],"yoast_head":"<!-- This site is optimized with the Yoast SEO plugin v20.8 - https:\/\/yoast.com\/wordpress\/plugins\/seo\/ -->\n<title>C\u00f4ng t\u1eafc c\u1ea3m \u1ee9ng th\u00f4ng minh 1 n\u00fat - SUNTHAO Smarthome<\/title>\n<meta name=\"robots\" content=\"noindex, follow, max-snippet:-1, max-image-preview:large, max-video-preview:-1\" \/>\n<meta property=\"og:locale\" content=\"vi_VN\" \/>\n<meta property=\"og:type\" content=\"article\" \/>\n<meta property=\"og:title\" content=\"C\u00f4ng t\u1eafc c\u1ea3m \u1ee9ng th\u00f4ng minh 1 n\u00fat - SUNTHAO Smarthome\" \/>\n<meta property=\"og:description\" content=\"L\u00e0 lo\u1ea1i c\u00f4ng t\u1eafc c\u1ea3m \u1ee9ng th\u00f4ng minh s\u1eed d\u1ee5ng c\u00f4ng ngh\u1ec7 c\u1ea3m \u1ee9ng \u0111i\u1ec7n dung, c\u00f4ng ngh\u1ec7 kh\u00f4ng d\u00e2y, m\u1eb7t k\u00ednh c\u01b0\u1eddng l\u1ef1c, ch\u1ed1ng x\u01b0\u1edbc, ch\u1ed1ng va \u0111\u1eadp, k\u1ebft h\u1ee3p v\u1edbi v\u00f2ng tr\u00f2n t\u1ecfa s\u00e1ng LED bao quanh t\u1ea1o n\u00ean s\u1ef1 tinh t\u1ebf, sang tr\u1ecdng, \u0111\u1eb3ng c\u1ea5p  H\u00ecnh ch\u1eef nh\u1eadt\/ h\u00ecnh vu\u00f4ng  C\u00f4ng su\u1ea5t kh\u00f4ng t\u1ea3i:\u00a0&lt;0.5W  V\u1eadt li\u1ec7u:  \u2013 M\u1eb7t k\u00ednh:\u00a0C\u01b0\u1eddng l\u1ef1c \u2013 Th\u00e2n v\u1ecf:\u00a0Nh\u1ef1a ABS \u2013 Vi\u1ec1n nh\u00f4m:\u00a0Anode h\u00f3a  M\u00e0u k\u00ednh:\u00a0\u0110en ho\u1eb7c Tr\u1eafng\" \/>\n<meta property=\"og:url\" content=\"https:\/\/test1.cmsmart.net\/vthouse\/san-pham\/cong-tac-cam-ung-thong-minh-1-nut\/\" \/>\n<meta property=\"og:site_name\" content=\"SUNTHAO Smarthome\" \/>\n<meta property=\"og:image\" content=\"https:\/\/test1.cmsmart.net\/vthouse\/wp-content\/uploads\/2021\/03\/cong-tac-1-nut.jpg\" \/>\n\t<meta property=\"og:image:width\" content=\"600\" \/>\n\t<meta property=\"og:image:height\" content=\"600\" \/>\n\t<meta property=\"og:image:type\" content=\"image\/jpeg\" \/>\n<meta name=\"twitter:card\" content=\"summary_large_image\" \/>\n<meta name=\"twitter:label1\" content=\"\u01af\u1edbc t\u00ednh th\u1eddi gian \u0111\u1ecdc\" \/>\n\t<meta name=\"twitter:data1\" content=\"2 ph\u00fat\" \/>\n<script type=\"application\/ld+json\" class=\"yoast-schema-graph\">{\"@context\":\"https:\/\/schema.org\",\"@graph\":[{\"@type\":\"WebPage\",\"@id\":\"https:\/\/test1.cmsmart.net\/vthouse\/san-pham\/cong-tac-cam-ung-thong-minh-1-nut\/\",\"url\":\"https:\/\/test1.cmsmart.net\/vthouse\/san-pham\/cong-tac-cam-ung-thong-minh-1-nut\/\",\"name\":\"C\u00f4ng t\u1eafc c\u1ea3m \u1ee9ng th\u00f4ng minh 1 n\u00fat - SUNTHAO Smarthome\",\"isPartOf\":{\"@id\":\"https:\/\/test1.cmsmart.net\/vthouse\/#website\"},\"datePublished\":\"2021-03-04T16:58:57+00:00\",\"dateModified\":\"2021-03-04T16:58:57+00:00\",\"breadcrumb\":{\"@id\":\"https:\/\/test1.cmsmart.net\/vthouse\/san-pham\/cong-tac-cam-ung-thong-minh-1-nut\/#breadcrumb\"},\"inLanguage\":\"vi\",\"potentialAction\":[{\"@type\":\"ReadAction\",\"target\":[\"https:\/\/test1.cmsmart.net\/vthouse\/san-pham\/cong-tac-cam-ung-thong-minh-1-nut\/\"]}]},{\"@type\":\"BreadcrumbList\",\"@id\":\"https:\/\/test1.cmsmart.net\/vthouse\/san-pham\/cong-tac-cam-ung-thong-minh-1-nut\/#breadcrumb\",\"itemListElement\":[{\"@type\":\"ListItem\",\"position\":1,\"name\":\"Trang ch\u1ee7\",\"item\":\"https:\/\/test1.cmsmart.net\/vthouse\/\"},{\"@type\":\"ListItem\",\"position\":2,\"name\":\"S\u1ea3n ph\u1ea9m\",\"item\":\"https:\/\/test1.cmsmart.net\/vthouse\/san-pham\/\"},{\"@type\":\"ListItem\",\"position\":3,\"name\":\"C\u00f4ng t\u1eafc c\u1ea3m \u1ee9ng th\u00f4ng minh 1 n\u00fat\"}]},{\"@type\":\"WebSite\",\"@id\":\"https:\/\/test1.cmsmart.net\/vthouse\/#website\",\"url\":\"https:\/\/test1.cmsmart.net\/vthouse\/\",\"name\":\"SUNTHAO Smarthome\",\"description\":\"\",\"potentialAction\":[{\"@type\":\"SearchAction\",\"target\":{\"@type\":\"EntryPoint\",\"urlTemplate\":\"https:\/\/test1.cmsmart.net\/vthouse\/?s={search_term_string}\"},\"query-input\":\"required name=search_term_string\"}],\"inLanguage\":\"vi\"}]}<\/script>\n<!-- \/ Yoast SEO plugin. -->","yoast_head_json":{"title":"C\u00f4ng t\u1eafc c\u1ea3m \u1ee9ng th\u00f4ng minh 1 n\u00fat - SUNTHAO Smarthome","robots":{"index":"noindex","follow":"follow","max-snippet":"max-snippet:-1","max-image-preview":"max-image-preview:large","max-video-preview":"max-video-preview:-1"},"og_locale":"vi_VN","og_type":"article","og_title":"C\u00f4ng t\u1eafc c\u1ea3m \u1ee9ng th\u00f4ng minh 1 n\u00fat - SUNTHAO Smarthome","og_description":"L\u00e0 lo\u1ea1i c\u00f4ng t\u1eafc c\u1ea3m \u1ee9ng th\u00f4ng minh s\u1eed d\u1ee5ng c\u00f4ng ngh\u1ec7 c\u1ea3m \u1ee9ng \u0111i\u1ec7n dung, c\u00f4ng ngh\u1ec7 kh\u00f4ng d\u00e2y, m\u1eb7t k\u00ednh c\u01b0\u1eddng l\u1ef1c, ch\u1ed1ng x\u01b0\u1edbc, ch\u1ed1ng va \u0111\u1eadp, k\u1ebft h\u1ee3p v\u1edbi v\u00f2ng tr\u00f2n t\u1ecfa s\u00e1ng LED bao quanh t\u1ea1o n\u00ean s\u1ef1 tinh t\u1ebf, sang tr\u1ecdng, \u0111\u1eb3ng c\u1ea5p  H\u00ecnh ch\u1eef nh\u1eadt\/ h\u00ecnh vu\u00f4ng  C\u00f4ng su\u1ea5t kh\u00f4ng t\u1ea3i:\u00a0&lt;0.5W  V\u1eadt li\u1ec7u:  \u2013 M\u1eb7t k\u00ednh:\u00a0C\u01b0\u1eddng l\u1ef1c \u2013 Th\u00e2n v\u1ecf:\u00a0Nh\u1ef1a ABS \u2013 Vi\u1ec1n nh\u00f4m:\u00a0Anode h\u00f3a  M\u00e0u k\u00ednh:\u00a0\u0110en ho\u1eb7c Tr\u1eafng","og_url":"https:\/\/test1.cmsmart.net\/vthouse\/san-pham\/cong-tac-cam-ung-thong-minh-1-nut\/","og_site_name":"SUNTHAO Smarthome","og_image":[{"width":600,"height":600,"url":"https:\/\/test1.cmsmart.net\/vthouse\/wp-content\/uploads\/2021\/03\/cong-tac-1-nut.jpg","type":"image\/jpeg"}],"twitter_card":"summary_large_image","twitter_misc":{"\u01af\u1edbc t\u00ednh th\u1eddi gian \u0111\u1ecdc":"2 ph\u00fat"},"schema":{"@context":"https:\/\/schema.org","@graph":[{"@type":"WebPage","@id":"https:\/\/test1.cmsmart.net\/vthouse\/san-pham\/cong-tac-cam-ung-thong-minh-1-nut\/","url":"https:\/\/test1.cmsmart.net\/vthouse\/san-pham\/cong-tac-cam-ung-thong-minh-1-nut\/","name":"C\u00f4ng t\u1eafc c\u1ea3m \u1ee9ng th\u00f4ng minh 1 n\u00fat - SUNTHAO Smarthome","isPartOf":{"@id":"https:\/\/test1.cmsmart.net\/vthouse\/#website"},"datePublished":"2021-03-04T16:58:57+00:00","dateModified":"2021-03-04T16:58:57+00:00","breadcrumb":{"@id":"https:\/\/test1.cmsmart.net\/vthouse\/san-pham\/cong-tac-cam-ung-thong-minh-1-nut\/#breadcrumb"},"inLanguage":"vi","potentialAction":[{"@type":"ReadAction","target":["https:\/\/test1.cmsmart.net\/vthouse\/san-pham\/cong-tac-cam-ung-thong-minh-1-nut\/"]}]},{"@type":"BreadcrumbList","@id":"https:\/\/test1.cmsmart.net\/vthouse\/san-pham\/cong-tac-cam-ung-thong-minh-1-nut\/#breadcrumb","itemListElement":[{"@type":"ListItem","position":1,"name":"Trang ch\u1ee7","item":"https:\/\/test1.cmsmart.net\/vthouse\/"},{"@type":"ListItem","position":2,"name":"S\u1ea3n ph\u1ea9m","item":"https:\/\/test1.cmsmart.net\/vthouse\/san-pham\/"},{"@type":"ListItem","position":3,"name":"C\u00f4ng t\u1eafc c\u1ea3m \u1ee9ng th\u00f4ng minh 1 n\u00fat"}]},{"@type":"WebSite","@id":"https:\/\/test1.cmsmart.net\/vthouse\/#website","url":"https:\/\/test1.cmsmart.net\/vthouse\/","name":"SUNTHAO Smarthome","description":"","potentialAction":[{"@type":"SearchAction","target":{"@type":"EntryPoint","urlTemplate":"https:\/\/test1.cmsmart.net\/vthouse\/?s={search_term_string}"},"query-input":"required name=search_term_string"}],"inLanguage":"vi"}]}},"_links":{"self":[{"href":"https:\/\/test1.cmsmart.net\/vthouse\/wp-json\/wp\/v2\/product\/1187"}],"collection":[{"href":"https:\/\/test1.cmsmart.net\/vthouse\/wp-json\/wp\/v2\/product"}],"about":[{"href":"https:\/\/test1.cmsmart.net\/vthouse\/wp-json\/wp\/v2\/types\/product"}],"wp:featuredmedia":[{"embeddable":true,"href":"https:\/\/test1.cmsmart.net\/vthouse\/wp-json\/wp\/v2\/media\/1189"}],"wp:attachment":[{"href":"https:\/\/test1.cmsmart.net\/vthouse\/wp-json\/wp\/v2\/media?parent=1187"}],"wp:term":[{"taxonomy":"product_cat","embeddable":true,"href":"https:\/\/test1.cmsmart.net\/vthouse\/wp-json\/wp\/v2\/product_cat?post=1187"},{"taxonomy":"product_tag","embeddable":true,"href":"https:\/\/test1.cmsmart.net\/vthouse\/wp-json\/wp\/v2\/product_tag?post=1187"}],"curies":[{"name":"wp","href":"https:\/\/api.w.org\/{rel}","templated":true}]}}