{"id":381,"date":"2019-09-19T00:41:28","date_gmt":"2019-09-18T17:41:28","guid":{"rendered":"http:\/\/homegy.sonqb.com\/?page_id=381"},"modified":"2021-03-08T22:50:02","modified_gmt":"2021-03-08T15:50:02","slug":"gioi-thieu","status":"publish","type":"page","link":"https:\/\/test1.cmsmart.net\/vthouse\/gioi-thieu\/","title":{"rendered":"Gi\u1edbi thi\u1ec7u"},"content":{"rendered":"\t<section class=\"section\" id=\"section_231979275\">\n\t\t<div class=\"bg section-bg fill bg-fill bg-loaded bg-loaded\" >\n\n\t\t\t\n\t\t\t\n\t\t\t\n\n\t\t<\/div>\n\n\t\t<div class=\"section-content relative\">\n\t\t\t\n\t<div class=\"img has-hover x md-x lg-x y md-y lg-y\" id=\"image_822542247\">\n\t\t\t\t\t\t\t\t<div class=\"img-inner dark\" >\n\t\t\t<img loading=\"lazy\" decoding=\"async\" width=\"1920\" height=\"700\" src=\"https:\/\/test1.cmsmart.net\/vthouse\/wp-content\/uploads\/2021\/03\/slider-1.jpg\" class=\"attachment-large size-large\" alt=\"Slider 1\" srcset=\"https:\/\/test1.cmsmart.net\/vthouse\/wp-content\/uploads\/2021\/03\/slider-1.jpg 1920w, https:\/\/test1.cmsmart.net\/vthouse\/wp-content\/uploads\/2021\/03\/slider-1-768x280.jpg 768w, https:\/\/test1.cmsmart.net\/vthouse\/wp-content\/uploads\/2021\/03\/slider-1-1536x560.jpg 1536w, https:\/\/test1.cmsmart.net\/vthouse\/wp-content\/uploads\/2021\/03\/slider-1-600x219.jpg 600w\" sizes=\"(max-width: 1920px) 100vw, 1920px\" \/>\t\t\t\t\t\t\n\t\t\t\t\t<\/div>\n\t\t\t\t\t\t\t\t\n<style>\n#image_822542247 {\n  width: 100%;\n}\n<\/style>\n\t<\/div>\n\t\n<div class=\"row\"  id=\"row-1073537541\">\n\n\t<div id=\"col-1596752181\" class=\"col small-12 large-12\"  >\n\t\t<div class=\"col-inner\"  >\n\t\t\t\n\t\t\t\n\t<div id=\"text-997258570\" class=\"text\">\n\t\t\n<h2>T\u1ea7m nh\u00ecn &#8211; S\u1ee9 m\u1ec7nh &#8211; Gi\u00e1 tr\u1ecb c\u1ed1t l\u00f5i<\/h2>\n\t\t\n<style>\n#text-997258570 {\n  text-align: center;\n}\n<\/style>\n\t<\/div>\n\t\n<div class=\"text-center\"><div class=\"is-divider divider clearfix\" style=\"margin-top:0.6em;margin-bottom:0.6em;max-width:60px;background-color:rgb(0, 40, 94);\"><\/div><\/div>\n\t<div id=\"gap-126294344\" class=\"gap-element clearfix\" style=\"display:block; height:auto;\">\n\t\t\n<style>\n#gap-126294344 {\n  padding-top: 30px;\n}\n<\/style>\n\t<\/div>\n\t\n<div class=\"slider-wrapper relative\" id=\"slider-1593163710\" >\n    <div class=\"slider slider-nav-dots-simple slider-nav-simple slider-nav-normal slider-nav-dark slider-nav-outside slider-style-normal\"\n        data-flickity-options='{\n            \"cellAlign\": \"center\",\n            \"imagesLoaded\": true,\n            \"lazyLoad\": 1,\n            \"freeScroll\": false,\n            \"wrapAround\": true,\n            \"autoPlay\": 6000,\n            \"pauseAutoPlayOnHover\" : true,\n            \"prevNextButtons\": true,\n            \"contain\" : true,\n            \"adaptiveHeight\" : true,\n            \"dragThreshold\" : 10,\n            \"percentPosition\": true,\n            \"pageDots\": true,\n            \"rightToLeft\": false,\n            \"draggable\": true,\n            \"selectedAttraction\": 0.1,\n            \"parallax\" : 0,\n            \"friction\": 0.6        }'\n        >\n        \n<div class=\"row\"  id=\"row-205341146\">\n\n\t<div id=\"col-90971308\" class=\"col medium-6 small-12 large-6\"  >\n\t\t<div class=\"col-inner\"  >\n\t\t\t\n\t\t\t\n\n\t\t<div class=\"icon-box featured-box icon-box-left text-left\"  >\n\t\t\t\t\t<div class=\"icon-box-img\" style=\"width: 100px\">\n\t\t\t\t<div class=\"icon\">\n\t\t\t\t\t<div class=\"icon-inner\" >\n\t\t\t\t\t\t<img loading=\"lazy\" decoding=\"async\" width=\"512\" height=\"512\" src=\"https:\/\/test1.cmsmart.net\/vthouse\/wp-content\/uploads\/2021\/03\/vision-copy.png\" class=\"attachment-medium size-medium\" alt=\"Vision Copy\" srcset=\"https:\/\/test1.cmsmart.net\/vthouse\/wp-content\/uploads\/2021\/03\/vision-copy.png 512w, https:\/\/test1.cmsmart.net\/vthouse\/wp-content\/uploads\/2021\/03\/vision-copy-400x400.png 400w, https:\/\/test1.cmsmart.net\/vthouse\/wp-content\/uploads\/2021\/03\/vision-copy-100x100.png 100w\" sizes=\"(max-width: 512px) 100vw, 512px\" \/>\t\t\t\t\t<\/div>\n\t\t\t\t<\/div>\n\t\t\t<\/div>\n\t\t\t\t<div class=\"icon-box-text last-reset\">\n\t\t\t\t\t\t\t\t\t\n<h3>T\u1ea7m nh\u00ecn<\/h3>\n<p>Tr\u1edf th\u00e0nh m\u1ed9t t\u1eadp \u0111o\u00e0n c\u00f4ng ngh\u1ec7 cung c\u1ea5p c\u00e1c s\u1ea3n ph\u1ea9m v\u00e0 gi\u1ea3i ph\u00e1p th\u00f4ng minh t\u1ed1t nh\u1ea5t Vi\u1ec7t Nam, xu\u1ea5t kh\u1ea9u ra th\u1ecb tr\u01b0\u1eddng th\u1ebf gi\u1edbi, kh\u1eb3ng \u0111\u1ecbnh v\u1ecb th\u1ebf th\u01b0\u01a1ng hi\u1ec7u vi\u1ec7t tr\u00ean tr\u01b0\u1eddng qu\u1ed1c t\u1ebf.<\/p>\n\t\t<\/div>\n\t<\/div>\n\t\n\t\n\t\t<\/div>\n\t\t\t<\/div>\n\n\t\n\n\t<div id=\"col-1399025396\" class=\"col medium-6 small-12 large-6\"  >\n\t\t<div class=\"col-inner\"  >\n\t\t\t\n\t\t\t\n\n\t\t<div class=\"icon-box featured-box icon-box-left text-left\"  >\n\t\t\t\t\t<div class=\"icon-box-img\" style=\"width: 100px\">\n\t\t\t\t<div class=\"icon\">\n\t\t\t\t\t<div class=\"icon-inner\" >\n\t\t\t\t\t\t<img loading=\"lazy\" decoding=\"async\" width=\"512\" height=\"512\" src=\"https:\/\/test1.cmsmart.net\/vthouse\/wp-content\/uploads\/2021\/03\/goal1-1.png\" class=\"attachment-medium size-medium\" alt=\"Goal1 1\" srcset=\"https:\/\/test1.cmsmart.net\/vthouse\/wp-content\/uploads\/2021\/03\/goal1-1.png 512w, https:\/\/test1.cmsmart.net\/vthouse\/wp-content\/uploads\/2021\/03\/goal1-1-400x400.png 400w, https:\/\/test1.cmsmart.net\/vthouse\/wp-content\/uploads\/2021\/03\/goal1-1-100x100.png 100w\" sizes=\"(max-width: 512px) 100vw, 512px\" \/>\t\t\t\t\t<\/div>\n\t\t\t\t<\/div>\n\t\t\t<\/div>\n\t\t\t\t<div class=\"icon-box-text last-reset\">\n\t\t\t\t\t\t\t\t\t\n<h3>S\u1ee9 m\u1ec7nh<\/h3>\n<p>Mang l\u1ea1i tr\u1ea3i nghi\u1ec7m ng\u01b0\u1eddi d\u00f9ng t\u1ed1t nh\u1ea5t cho kh\u00e1ch h\u00e0ng c\u1ee7a m\u00ecnh th\u00f4ng qua ph\u1ea7n c\u1ee9ng, ph\u1ea7n m\u1ec1m v\u00e0 d\u1ecbch v\u1ee5 s\u00e1ng t\u1ea1o.<\/p>\n\t\t<\/div>\n\t<\/div>\n\t\n\t\n\t\t<\/div>\n\t\t\t<\/div>\n\n\t\n<\/div>\n<div class=\"row\"  id=\"row-218560990\">\n\n\t<div id=\"col-1910646180\" class=\"col medium-6 small-12 large-6\"  >\n\t\t<div class=\"col-inner\"  >\n\t\t\t\n\t\t\t\n\n\t\t<div class=\"icon-box featured-box icon-box-left text-left\"  >\n\t\t\t\t\t<div class=\"icon-box-img\" style=\"width: 100px\">\n\t\t\t\t<div class=\"icon\">\n\t\t\t\t\t<div class=\"icon-inner\" >\n\t\t\t\t\t\t<img loading=\"lazy\" decoding=\"async\" width=\"512\" height=\"512\" src=\"https:\/\/test1.cmsmart.net\/vthouse\/wp-content\/uploads\/2021\/03\/lock.png\" class=\"attachment-medium size-medium\" alt=\"Lock\" srcset=\"https:\/\/test1.cmsmart.net\/vthouse\/wp-content\/uploads\/2021\/03\/lock.png 512w, https:\/\/test1.cmsmart.net\/vthouse\/wp-content\/uploads\/2021\/03\/lock-400x400.png 400w, https:\/\/test1.cmsmart.net\/vthouse\/wp-content\/uploads\/2021\/03\/lock-100x100.png 100w\" sizes=\"(max-width: 512px) 100vw, 512px\" \/>\t\t\t\t\t<\/div>\n\t\t\t\t<\/div>\n\t\t\t<\/div>\n\t\t\t\t<div class=\"icon-box-text last-reset\">\n\t\t\t\t\t\t\t\t\t\n<h3>Gi\u00e1 tr\u1ecb c\u1ed1t l\u00f5i: T\u00cdN<\/h3>\n<p>\u2013 HOMEGY lu\u00f4n \u0111\u1eb7t ch\u1eef T\u00cdN l\u00ean h\u00e0ng \u0111\u1ea7u, coi ch\u1eef T\u00cdN l\u00e0 v\u1ea5n \u0111\u1ec1 s\u1ed1ng c\u00f2n c\u1ee7a doanh nghi\u1ec7p<\/p>\n<p>\u2013 HOMEGY cam k\u1ebft v\u1ec1 ch\u1ea5t l\u01b0\u1ee3ng s\u1ea3n ph\u1ea9m v\u00e0 d\u1ecbch v\u1ee5 t\u1ed1t nh\u1ea5t, li\u00ean t\u1ee5c c\u1ea3i ti\u1ebfn, \u0111\u00e1p \u1ee9ng y\u00eau c\u1ea7u c\u1ee7a kh\u00e1ch h\u00e0ng l\u00e0 nh\u00e2n t\u1ed1 quan tr\u1ecdng nh\u1ea5t cho s\u1ef1 ph\u00e1t tri\u1ec3n b\u1ec1n v\u1eefng c\u1ee7a c\u00f4ng ty.<\/p>\n\t\t<\/div>\n\t<\/div>\n\t\n\t\n\t\t<\/div>\n\t\t\t<\/div>\n\n\t\n\n\t<div id=\"col-118719883\" class=\"col medium-6 small-12 large-6\"  >\n\t\t<div class=\"col-inner\"  >\n\t\t\t\n\t\t\t\n\n\t\t<div class=\"icon-box featured-box icon-box-left text-left\"  >\n\t\t\t\t\t<div class=\"icon-box-img\" style=\"width: 100px\">\n\t\t\t\t<div class=\"icon\">\n\t\t\t\t\t<div class=\"icon-inner\" >\n\t\t\t\t\t\t<img loading=\"lazy\" decoding=\"async\" width=\"512\" height=\"512\" src=\"https:\/\/test1.cmsmart.net\/vthouse\/wp-content\/uploads\/2021\/03\/grow.png\" class=\"attachment-medium size-medium\" alt=\"Grow\" srcset=\"https:\/\/test1.cmsmart.net\/vthouse\/wp-content\/uploads\/2021\/03\/grow.png 512w, https:\/\/test1.cmsmart.net\/vthouse\/wp-content\/uploads\/2021\/03\/grow-400x400.png 400w, https:\/\/test1.cmsmart.net\/vthouse\/wp-content\/uploads\/2021\/03\/grow-100x100.png 100w\" sizes=\"(max-width: 512px) 100vw, 512px\" \/>\t\t\t\t\t<\/div>\n\t\t\t\t<\/div>\n\t\t\t<\/div>\n\t\t\t\t<div class=\"icon-box-text last-reset\">\n\t\t\t\t\t\t\t\t\t\n<h3>Gi\u00e1 tr\u1ecb c\u1ed1t l\u00f5i: T\u00c2M<\/h3>\n<p>\u2013 HOMEGY lu\u00f4n tu\u00e2n th\u1ee7 ph\u00e1p lu\u1eadt, \u0111\u1ea1o \u0111\u1ee9c ngh\u1ec1 nghi\u1ec7p, \u0111\u1ea1o \u0111\u1ee9c x\u00e3 h\u1ed9i \u1edf m\u1ee9c cao nh\u1ea5t<\/p>\n<p>\u2013 HOMEGY kh\u00f4ng ph\u00e2n bi\u1ec7t b\u1ed9 ph\u1eadn, vai tr\u00f2, v\u1ecb tr\u00ed \u0111\u1ec1u c\u00f3 ngh\u0129a v\u1ee5, tr\u00e1ch nhi\u1ec7m mang l\u1ea1i l\u1ee3i \u00edch v\u00e0 l\u00e0m h\u00e0i l\u00f2ng kh\u00e1ch h\u00e0ng, v\u01b0\u1ee3t tr\u00ean s\u1ef1 mong \u0111\u1ee3i c\u1ee7a kh\u00e1ch h\u00e0ng<\/p>\n\t\t<\/div>\n\t<\/div>\n\t\n\t\n\t\t<\/div>\n\t\t\t<\/div>\n\n\t\n<\/div>\n<div class=\"row\"  id=\"row-1955967537\">\n\n\t<div id=\"col-1361651008\" class=\"col medium-6 small-12 large-6\"  >\n\t\t<div class=\"col-inner\"  >\n\t\t\t\n\t\t\t\n\n\t\t<div class=\"icon-box featured-box icon-box-left text-left\"  >\n\t\t\t\t\t<div class=\"icon-box-img\" style=\"width: 100px\">\n\t\t\t\t<div class=\"icon\">\n\t\t\t\t\t<div class=\"icon-inner\" >\n\t\t\t\t\t\t<img loading=\"lazy\" decoding=\"async\" width=\"512\" height=\"512\" src=\"https:\/\/test1.cmsmart.net\/vthouse\/wp-content\/uploads\/2021\/03\/idea.png\" class=\"attachment-medium size-medium\" alt=\"Idea\" srcset=\"https:\/\/test1.cmsmart.net\/vthouse\/wp-content\/uploads\/2021\/03\/idea.png 512w, https:\/\/test1.cmsmart.net\/vthouse\/wp-content\/uploads\/2021\/03\/idea-400x400.png 400w, https:\/\/test1.cmsmart.net\/vthouse\/wp-content\/uploads\/2021\/03\/idea-100x100.png 100w\" sizes=\"(max-width: 512px) 100vw, 512px\" \/>\t\t\t\t\t<\/div>\n\t\t\t\t<\/div>\n\t\t\t<\/div>\n\t\t\t\t<div class=\"icon-box-text last-reset\">\n\t\t\t\t\t\t\t\t\t\n<h3>Gi\u00e1 tr\u1ecb c\u1ed1t l\u00f5i: TR\u00cd<\/h3>\n<p>\u2013 HOMEGY kh\u00f4ng bao gi\u1edd h\u00e0i l\u00f2ng, th\u1ecfa m\u00e3n v\u1edbi k\u1ebft qu\u1ea3 \u0111\u00e3 \u0111\u1ea1t \u0111\u01b0\u1ee3c, ng\u01b0\u1eddi HOMEGY lu\u00f4n c\u00f3 tr\u00e1ch nhi\u1ec7m h\u1ecdc h\u1ecfi nghi\u00ean c\u1ee9u nh\u1eefng c\u00f4ng ngh\u1ec7 m\u1edbi nh\u1ea5t \u0111\u1ec3 \u00e1p d\u1ee5ng v\u00e0o nh\u1eefng s\u1ea3n ph\u1ea9m v\u00e0 d\u1ecbch v\u1ee5 c\u1ee7a c\u00f4ng ty.<\/p>\n<p>\u2013 HOMEGY x\u00e2y d\u1ef1ng 1 m\u00f4i tr\u01b0\u1eddng h\u1ecdc t\u1eadp, v\u1edbi quan \u0111i\u1ec3m ai c\u0169ng c\u00f3 c\u00e1i \u0111\u1ec3 m\u00ecnh h\u1ecdc h\u1ecfi<\/p>\n\t\t<\/div>\n\t<\/div>\n\t\n\t\n\t\t<\/div>\n\t\t\t<\/div>\n\n\t\n\n\t<div id=\"col-1874415501\" class=\"col medium-6 small-12 large-6\"  >\n\t\t<div class=\"col-inner\"  >\n\t\t\t\n\t\t\t\n\n\t\t<div class=\"icon-box featured-box icon-box-left text-left\"  >\n\t\t\t\t\t<div class=\"icon-box-img\" style=\"width: 100px\">\n\t\t\t\t<div class=\"icon\">\n\t\t\t\t\t<div class=\"icon-inner\" >\n\t\t\t\t\t\t<img loading=\"lazy\" decoding=\"async\" width=\"512\" height=\"512\" src=\"https:\/\/test1.cmsmart.net\/vthouse\/wp-content\/uploads\/2021\/03\/trophy-copy.png\" class=\"attachment-medium size-medium\" alt=\"Trophy Copy\" srcset=\"https:\/\/test1.cmsmart.net\/vthouse\/wp-content\/uploads\/2021\/03\/trophy-copy.png 512w, https:\/\/test1.cmsmart.net\/vthouse\/wp-content\/uploads\/2021\/03\/trophy-copy-400x400.png 400w, https:\/\/test1.cmsmart.net\/vthouse\/wp-content\/uploads\/2021\/03\/trophy-copy-100x100.png 100w\" sizes=\"(max-width: 512px) 100vw, 512px\" \/>\t\t\t\t\t<\/div>\n\t\t\t\t<\/div>\n\t\t\t<\/div>\n\t\t\t\t<div class=\"icon-box-text last-reset\">\n\t\t\t\t\t\t\t\t\t\n<h3>Gi\u00e1 tr\u1ecb c\u1ed1t l\u00f5i: TINH<\/h3>\n<p>\u2013 M\u1ed7i s\u1ea3n ph\u1ea9m v\u00e0 d\u1ecbch v\u1ee5 c\u1ee7a HOMEGY ph\u1ea3i l\u00e0 tinh hoa trong c\u00e1c tinh hoa<\/p>\n<p>\u2013 HOMEGY x\u00e2y d\u1ef1ng 1 t\u1ed5 ch\u1ee9c tinh g\u1ecdn, \u0111\u1eb7t \u0111\u00fang ng\u01b0\u1eddi v\u00e0o \u0111\u00fang v\u1ecb tr\u00ed, \u0111\u1ec3 ph\u00e1t huy \u0111\u01b0\u1ee3c t\u1ed1i \u0111a n\u0103ng l\u1ef1c c\u1ee7a m\u00ecnh. S\u1eb5n s\u00e0ng lo\u1ea1i b\u1ecf nh\u1eefng ng\u01b0\u1eddi kh\u00f4ng ph\u00f9 h\u1ee3p<\/p>\n\t\t<\/div>\n\t<\/div>\n\t\n\t\n\t\t<\/div>\n\t\t\t<\/div>\n\n\t\n<\/div>\n     <\/div>\n\n     <div class=\"loading-spin dark large centered\"><\/div>\n\n     <\/div>\n\n\n\t\t<\/div>\n\t\t\t<\/div>\n\n\t\n\n\t<div id=\"col-559514808\" class=\"col small-12 large-12\"  >\n\t\t<div class=\"col-inner\"  >\n\t\t\t\n\t\t\t\n\t<div id=\"text-3234743835\" class=\"text\">\n\t\t\n<h2>CH\u1ee8NG NH\u1eacN S\u1ea2N PH\u1ea8M<\/h2>\n\t\t\n<style>\n#text-3234743835 {\n  text-align: center;\n}\n<\/style>\n\t<\/div>\n\t\n<div class=\"text-center\"><div class=\"is-divider divider clearfix\" style=\"margin-top:0.6em;margin-bottom:0.6em;max-width:60px;background-color:rgb(0, 40, 94);\"><\/div><\/div>\n<div class=\"row\"  id=\"row-1663642323\">\n\n\t<div id=\"col-1136737417\" class=\"col medium-4 small-12 large-4\"  >\n\t\t<div class=\"col-inner\"  >\n\t\t\t\n\t\t\t\n\t<div class=\"img has-hover x md-x lg-x y md-y lg-y\" id=\"image_825776984\">\n\t\t<a class=\"image-lightbox lightbox-gallery\" title=\"\" href=\"https:\/\/test1.cmsmart.net\/vthouse\/wp-content\/uploads\/2021\/03\/chungnhan-1.png\">\t\t\t\t\t\t<div class=\"img-inner dark\" >\n\t\t\t<img loading=\"lazy\" decoding=\"async\" width=\"541\" height=\"765\" src=\"https:\/\/test1.cmsmart.net\/vthouse\/wp-content\/uploads\/2021\/03\/chungnhan-1.png\" class=\"attachment-large size-large\" alt=\"Chungnhan 1\" \/>\t\t\t\t\t\t\n\t\t\t\t\t<\/div>\n\t\t\t\t\t\t<\/a>\t\t\n<style>\n#image_825776984 {\n  width: 100%;\n}\n<\/style>\n\t<\/div>\n\t\n\t\t<\/div>\n\t\t\t<\/div>\n\n\t\n\n\t<div id=\"col-342381980\" class=\"col medium-4 small-12 large-4\"  >\n\t\t<div class=\"col-inner\"  >\n\t\t\t\n\t\t\t\n\t<div class=\"img has-hover x md-x lg-x y md-y lg-y\" id=\"image_135543083\">\n\t\t<a class=\"image-lightbox lightbox-gallery\" title=\"\" href=\"https:\/\/test1.cmsmart.net\/vthouse\/wp-content\/uploads\/2021\/03\/chungnhan-2.jpg\">\t\t\t\t\t\t<div class=\"img-inner dark\" >\n\t\t\t<img loading=\"lazy\" decoding=\"async\" width=\"540\" height=\"765\" src=\"https:\/\/test1.cmsmart.net\/vthouse\/wp-content\/uploads\/2021\/03\/chungnhan-2.jpg\" class=\"attachment-large size-large\" alt=\"Chungnhan 2\" \/>\t\t\t\t\t\t\n\t\t\t\t\t<\/div>\n\t\t\t\t\t\t<\/a>\t\t\n<style>\n#image_135543083 {\n  width: 100%;\n}\n<\/style>\n\t<\/div>\n\t\n\t\t<\/div>\n\t\t\t<\/div>\n\n\t\n\n\t<div id=\"col-525776611\" class=\"col medium-4 small-12 large-4\"  >\n\t\t<div class=\"col-inner\"  >\n\t\t\t\n\t\t\t\n\t<div class=\"img has-hover x md-x lg-x y md-y lg-y\" id=\"image_1975389530\">\n\t\t<a class=\"image-lightbox lightbox-gallery\" title=\"\" href=\"https:\/\/test1.cmsmart.net\/vthouse\/wp-content\/uploads\/2021\/03\/chungnhan-3.png\">\t\t\t\t\t\t<div class=\"img-inner dark\" >\n\t\t\t<img loading=\"lazy\" decoding=\"async\" width=\"540\" height=\"765\" src=\"https:\/\/test1.cmsmart.net\/vthouse\/wp-content\/uploads\/2021\/03\/chungnhan-3.png\" class=\"attachment-large size-large\" alt=\"Chungnhan 3\" \/>\t\t\t\t\t\t\n\t\t\t\t\t<\/div>\n\t\t\t\t\t\t<\/a>\t\t\n<style>\n#image_1975389530 {\n  width: 100%;\n}\n<\/style>\n\t<\/div>\n\t\n\t\t<\/div>\n\t\t\t<\/div>\n\n\t\n<\/div>\n\t\t<\/div>\n\t\t\t<\/div>\n\n\t\n\n\t<div id=\"col-2134816119\" class=\"col small-12 large-12\"  >\n\t\t<div class=\"col-inner\"  >\n\t\t\t\n\t\t\t\n\t<div id=\"text-3091966508\" class=\"text\">\n\t\t\n<h2>\u0110\u1ed1i t\u00e1c cung c\u1ea5p linh ki\u1ec7n<\/h2>\n\t\t\n<style>\n#text-3091966508 {\n  text-align: center;\n}\n<\/style>\n\t<\/div>\n\t\n<div class=\"text-center\"><div class=\"is-divider divider clearfix\" style=\"margin-top:0.6em;margin-bottom:0.6em;max-width:60px;background-color:rgb(0, 40, 94);\"><\/div><\/div>\n\t<div class=\"img has-hover x md-x lg-x y md-y lg-y\" id=\"image_818872742\">\n\t\t\t\t\t\t\t\t<div class=\"img-inner dark\" >\n\t\t\t<img loading=\"lazy\" decoding=\"async\" width=\"1380\" height=\"450\" src=\"https:\/\/test1.cmsmart.net\/vthouse\/wp-content\/uploads\/2021\/03\/doi-tac-cua-homegy.png\" class=\"attachment-large size-large\" alt=\"Doi Tac Cua Homegy\" srcset=\"https:\/\/test1.cmsmart.net\/vthouse\/wp-content\/uploads\/2021\/03\/doi-tac-cua-homegy.png 1380w, https:\/\/test1.cmsmart.net\/vthouse\/wp-content\/uploads\/2021\/03\/doi-tac-cua-homegy-768x250.png 768w, https:\/\/test1.cmsmart.net\/vthouse\/wp-content\/uploads\/2021\/03\/doi-tac-cua-homegy-600x196.png 600w\" sizes=\"(max-width: 1380px) 100vw, 1380px\" \/>\t\t\t\t\t\t\n\t\t\t\t\t<\/div>\n\t\t\t\t\t\t\t\t\n<style>\n#image_818872742 {\n  width: 100%;\n}\n<\/style>\n\t<\/div>\n\t\n\t\t<\/div>\n\t\t\t<\/div>\n\n\t\n\n<style>\n#row-1073537541 > .col > .col-inner {\n  padding: 15px 0px 0px 0px;\n}\n<\/style>\n<\/div>\n\t\t<\/div>\n\n\t\t\n<style>\n#section_231979275 {\n  padding-top: 0px;\n  padding-bottom: 0px;\n}\n<\/style>\n\t<\/section>\n\t\n","protected":false},"excerpt":{"rendered":"","protected":false},"author":1,"featured_media":0,"parent":0,"menu_order":0,"comment_status":"open","ping_status":"closed","template":"page-blank.php","meta":{"inline_featured_image":false,"footnotes":""},"yoast_head":"<!-- This site is optimized with the Yoast SEO plugin v20.8 - https:\/\/yoast.com\/wordpress\/plugins\/seo\/ -->\n<title>Gi\u1edbi thi\u1ec7u - \u0110\u1ea1i l\u00fd Tr\u1ea7n Kim Huy\u1ec1n<\/title>\n<meta name=\"description\" content=\"T\u1ea5t c\u1ea3 c\u00e1c Lo\u1ea1i Thu\u1ed1c Nam Tr\u1ea7n Kim Huy\u1ec1n \u0111\u1ec1u do L\u01b0\u01a1ng Y l\u00fd Th\u1ecb B\u00edch Ph\u01b0\u1ee3ng b\u00e0o ch\u1ebf th\u1ee7 c\u00f4ng t\u1eeb Th\u1ea3o d\u01b0\u1ee3c qu\u00fd hi\u1ebfm \u0111\u01b0\u1ee3c h\u00e1i tr\u00ean n\u00fai Ba V\u00ec \u2013 H\u00e0 N\u1ed9i.\" \/>\n<meta name=\"robots\" content=\"noindex, follow, max-snippet:-1, max-image-preview:large, max-video-preview:-1\" \/>\n<meta property=\"og:locale\" content=\"vi_VN\" \/>\n<meta property=\"og:type\" content=\"article\" \/>\n<meta property=\"og:title\" content=\"Gi\u1edbi thi\u1ec7u - \u0110\u1ea1i l\u00fd Tr\u1ea7n Kim Huy\u1ec1n\" \/>\n<meta property=\"og:description\" content=\"T\u1ea5t c\u1ea3 c\u00e1c Lo\u1ea1i Thu\u1ed1c Nam Tr\u1ea7n Kim Huy\u1ec1n \u0111\u1ec1u do L\u01b0\u01a1ng Y l\u00fd Th\u1ecb B\u00edch Ph\u01b0\u1ee3ng b\u00e0o ch\u1ebf th\u1ee7 c\u00f4ng t\u1eeb Th\u1ea3o d\u01b0\u1ee3c qu\u00fd hi\u1ebfm \u0111\u01b0\u1ee3c h\u00e1i tr\u00ean n\u00fai Ba V\u00ec \u2013 H\u00e0 N\u1ed9i.\" \/>\n<meta property=\"og:url\" content=\"https:\/\/test1.cmsmart.net\/vthouse\/gioi-thieu\/\" \/>\n<meta property=\"og:site_name\" content=\"SUNTHAO Smarthome\" \/>\n<meta property=\"article:modified_time\" content=\"2021-03-08T15:50:02+00:00\" \/>\n<meta name=\"twitter:card\" content=\"summary_large_image\" \/>\n<meta name=\"twitter:label1\" content=\"\u01af\u1edbc t\u00ednh th\u1eddi gian \u0111\u1ecdc\" \/>\n\t<meta name=\"twitter:data1\" content=\"1 ph\u00fat\" \/>\n<script type=\"application\/ld+json\" class=\"yoast-schema-graph\">{\"@context\":\"https:\/\/schema.org\",\"@graph\":[{\"@type\":\"WebPage\",\"@id\":\"https:\/\/test1.cmsmart.net\/vthouse\/gioi-thieu\/\",\"url\":\"https:\/\/test1.cmsmart.net\/vthouse\/gioi-thieu\/\",\"name\":\"Gi\u1edbi thi\u1ec7u - \u0110\u1ea1i l\u00fd Tr\u1ea7n Kim Huy\u1ec1n\",\"isPartOf\":{\"@id\":\"https:\/\/test1.cmsmart.net\/vthouse\/#website\"},\"datePublished\":\"2019-09-18T17:41:28+00:00\",\"dateModified\":\"2021-03-08T15:50:02+00:00\",\"description\":\"T\u1ea5t c\u1ea3 c\u00e1c Lo\u1ea1i Thu\u1ed1c Nam Tr\u1ea7n Kim Huy\u1ec1n \u0111\u1ec1u do L\u01b0\u01a1ng Y l\u00fd Th\u1ecb B\u00edch Ph\u01b0\u1ee3ng b\u00e0o ch\u1ebf th\u1ee7 c\u00f4ng t\u1eeb Th\u1ea3o d\u01b0\u1ee3c qu\u00fd hi\u1ebfm \u0111\u01b0\u1ee3c h\u00e1i tr\u00ean n\u00fai Ba V\u00ec \u2013 H\u00e0 N\u1ed9i.\",\"breadcrumb\":{\"@id\":\"https:\/\/test1.cmsmart.net\/vthouse\/gioi-thieu\/#breadcrumb\"},\"inLanguage\":\"vi\",\"potentialAction\":[{\"@type\":\"ReadAction\",\"target\":[\"https:\/\/test1.cmsmart.net\/vthouse\/gioi-thieu\/\"]}]},{\"@type\":\"BreadcrumbList\",\"@id\":\"https:\/\/test1.cmsmart.net\/vthouse\/gioi-thieu\/#breadcrumb\",\"itemListElement\":[{\"@type\":\"ListItem\",\"position\":1,\"name\":\"Trang ch\u1ee7\",\"item\":\"https:\/\/test1.cmsmart.net\/vthouse\/\"},{\"@type\":\"ListItem\",\"position\":2,\"name\":\"Gi\u1edbi thi\u1ec7u\"}]},{\"@type\":\"WebSite\",\"@id\":\"https:\/\/test1.cmsmart.net\/vthouse\/#website\",\"url\":\"https:\/\/test1.cmsmart.net\/vthouse\/\",\"name\":\"SUNTHAO Smarthome\",\"description\":\"\",\"potentialAction\":[{\"@type\":\"SearchAction\",\"target\":{\"@type\":\"EntryPoint\",\"urlTemplate\":\"https:\/\/test1.cmsmart.net\/vthouse\/?s={search_term_string}\"},\"query-input\":\"required name=search_term_string\"}],\"inLanguage\":\"vi\"}]}<\/script>\n<!-- \/ Yoast SEO plugin. -->","yoast_head_json":{"title":"Gi\u1edbi thi\u1ec7u - \u0110\u1ea1i l\u00fd Tr\u1ea7n Kim Huy\u1ec1n","description":"T\u1ea5t c\u1ea3 c\u00e1c Lo\u1ea1i Thu\u1ed1c Nam Tr\u1ea7n Kim Huy\u1ec1n \u0111\u1ec1u do L\u01b0\u01a1ng Y l\u00fd Th\u1ecb B\u00edch Ph\u01b0\u1ee3ng b\u00e0o ch\u1ebf th\u1ee7 c\u00f4ng t\u1eeb Th\u1ea3o d\u01b0\u1ee3c qu\u00fd hi\u1ebfm \u0111\u01b0\u1ee3c h\u00e1i tr\u00ean n\u00fai Ba V\u00ec \u2013 H\u00e0 N\u1ed9i.","robots":{"index":"noindex","follow":"follow","max-snippet":"max-snippet:-1","max-image-preview":"max-image-preview:large","max-video-preview":"max-video-preview:-1"},"og_locale":"vi_VN","og_type":"article","og_title":"Gi\u1edbi thi\u1ec7u - \u0110\u1ea1i l\u00fd Tr\u1ea7n Kim Huy\u1ec1n","og_description":"T\u1ea5t c\u1ea3 c\u00e1c Lo\u1ea1i Thu\u1ed1c Nam Tr\u1ea7n Kim Huy\u1ec1n \u0111\u1ec1u do L\u01b0\u01a1ng Y l\u00fd Th\u1ecb B\u00edch Ph\u01b0\u1ee3ng b\u00e0o ch\u1ebf th\u1ee7 c\u00f4ng t\u1eeb Th\u1ea3o d\u01b0\u1ee3c qu\u00fd hi\u1ebfm \u0111\u01b0\u1ee3c h\u00e1i tr\u00ean n\u00fai Ba V\u00ec \u2013 H\u00e0 N\u1ed9i.","og_url":"https:\/\/test1.cmsmart.net\/vthouse\/gioi-thieu\/","og_site_name":"SUNTHAO Smarthome","article_modified_time":"2021-03-08T15:50:02+00:00","twitter_card":"summary_large_image","twitter_misc":{"\u01af\u1edbc t\u00ednh th\u1eddi gian \u0111\u1ecdc":"1 ph\u00fat"},"schema":{"@context":"https:\/\/schema.org","@graph":[{"@type":"WebPage","@id":"https:\/\/test1.cmsmart.net\/vthouse\/gioi-thieu\/","url":"https:\/\/test1.cmsmart.net\/vthouse\/gioi-thieu\/","name":"Gi\u1edbi thi\u1ec7u - \u0110\u1ea1i l\u00fd Tr\u1ea7n Kim Huy\u1ec1n","isPartOf":{"@id":"https:\/\/test1.cmsmart.net\/vthouse\/#website"},"datePublished":"2019-09-18T17:41:28+00:00","dateModified":"2021-03-08T15:50:02+00:00","description":"T\u1ea5t c\u1ea3 c\u00e1c Lo\u1ea1i Thu\u1ed1c Nam Tr\u1ea7n Kim Huy\u1ec1n \u0111\u1ec1u do L\u01b0\u01a1ng Y l\u00fd Th\u1ecb B\u00edch Ph\u01b0\u1ee3ng b\u00e0o ch\u1ebf th\u1ee7 c\u00f4ng t\u1eeb Th\u1ea3o d\u01b0\u1ee3c qu\u00fd hi\u1ebfm \u0111\u01b0\u1ee3c h\u00e1i tr\u00ean n\u00fai Ba V\u00ec \u2013 H\u00e0 N\u1ed9i.","breadcrumb":{"@id":"https:\/\/test1.cmsmart.net\/vthouse\/gioi-thieu\/#breadcrumb"},"inLanguage":"vi","potentialAction":[{"@type":"ReadAction","target":["https:\/\/test1.cmsmart.net\/vthouse\/gioi-thieu\/"]}]},{"@type":"BreadcrumbList","@id":"https:\/\/test1.cmsmart.net\/vthouse\/gioi-thieu\/#breadcrumb","itemListElement":[{"@type":"ListItem","position":1,"name":"Trang ch\u1ee7","item":"https:\/\/test1.cmsmart.net\/vthouse\/"},{"@type":"ListItem","position":2,"name":"Gi\u1edbi thi\u1ec7u"}]},{"@type":"WebSite","@id":"https:\/\/test1.cmsmart.net\/vthouse\/#website","url":"https:\/\/test1.cmsmart.net\/vthouse\/","name":"SUNTHAO Smarthome","description":"","potentialAction":[{"@type":"SearchAction","target":{"@type":"EntryPoint","urlTemplate":"https:\/\/test1.cmsmart.net\/vthouse\/?s={search_term_string}"},"query-input":"required name=search_term_string"}],"inLanguage":"vi"}]}},"_links":{"self":[{"href":"https:\/\/test1.cmsmart.net\/vthouse\/wp-json\/wp\/v2\/pages\/381"}],"collection":[{"href":"https:\/\/test1.cmsmart.net\/vthouse\/wp-json\/wp\/v2\/pages"}],"about":[{"href":"https:\/\/test1.cmsmart.net\/vthouse\/wp-json\/wp\/v2\/types\/page"}],"author":[{"embeddable":true,"href":"https:\/\/test1.cmsmart.net\/vthouse\/wp-json\/wp\/v2\/users\/1"}],"replies":[{"embeddable":true,"href":"https:\/\/test1.cmsmart.net\/vthouse\/wp-json\/wp\/v2\/comments?post=381"}],"version-history":[{"count":0,"href":"https:\/\/test1.cmsmart.net\/vthouse\/wp-json\/wp\/v2\/pages\/381\/revisions"}],"wp:attachment":[{"href":"https:\/\/test1.cmsmart.net\/vthouse\/wp-json\/wp\/v2\/media?parent=381"}],"curies":[{"name":"wp","href":"https:\/\/api.w.org\/{rel}","templated":true}]}}