{"id":1422,"date":"2025-04-23T23:01:57","date_gmt":"2025-04-23T16:01:57","guid":{"rendered":"https:\/\/test1.cmsmart.net\/vthouse\/?page_id=1422"},"modified":"2025-05-07T10:57:36","modified_gmt":"2025-05-07T03:57:36","slug":"home-test","status":"publish","type":"page","link":"https:\/\/test1.cmsmart.net\/vthouse\/","title":{"rendered":"home test"},"content":{"rendered":"<div class=\"slider-wrapper relative slider-home\" id=\"slider-1611309023\" >\n    <div class=\"slider slider-nav-simple slider-nav-large slider-nav-dark slider-style-normal slider-show-nav\"\n        data-flickity-options='{\n            \"cellAlign\": \"center\",\n            \"imagesLoaded\": true,\n            \"lazyLoad\": 1,\n            \"freeScroll\": false,\n            \"wrapAround\": true,\n            \"autoPlay\": 4000,\n            \"pauseAutoPlayOnHover\" : true,\n            \"prevNextButtons\": true,\n            \"contain\" : true,\n            \"adaptiveHeight\" : true,\n            \"dragThreshold\" : 10,\n            \"percentPosition\": true,\n            \"pageDots\": false,\n            \"rightToLeft\": false,\n            \"draggable\": true,\n            \"selectedAttraction\": 0.1,\n            \"parallax\" : 0,\n            \"friction\": 0.6        }'\n        >\n        \n\t<div class=\"img has-hover x md-x lg-x y md-y lg-y\" id=\"image_52621068\">\n\t\t\t\t\t\t\t\t<div class=\"img-inner dark\" >\n\t\t\t<img loading=\"lazy\" decoding=\"async\" width=\"1640\" height=\"664\" src=\"https:\/\/test1.cmsmart.net\/vthouse\/wp-content\/uploads\/2025\/04\/banner-1.jpg\" class=\"attachment-large size-large\" alt=\"\" srcset=\"https:\/\/test1.cmsmart.net\/vthouse\/wp-content\/uploads\/2025\/04\/banner-1.jpg 1640w, https:\/\/test1.cmsmart.net\/vthouse\/wp-content\/uploads\/2025\/04\/banner-1-768x311.jpg 768w, https:\/\/test1.cmsmart.net\/vthouse\/wp-content\/uploads\/2025\/04\/banner-1-1536x622.jpg 1536w, https:\/\/test1.cmsmart.net\/vthouse\/wp-content\/uploads\/2025\/04\/banner-1-600x243.jpg 600w\" sizes=\"(max-width: 1640px) 100vw, 1640px\" \/>\t\t\t\t\t\t\n\t\t\t\t\t<\/div>\n\t\t\t\t\t\t\t\t\n<style>\n#image_52621068 {\n  width: 100%;\n}\n<\/style>\n\t<\/div>\n\t\n\t<div class=\"img has-hover x md-x lg-x y md-y lg-y\" id=\"image_165157783\">\n\t\t\t\t\t\t\t\t<div class=\"img-inner dark\" >\n\t\t\t<img loading=\"lazy\" decoding=\"async\" width=\"1640\" height=\"664\" src=\"https:\/\/test1.cmsmart.net\/vthouse\/wp-content\/uploads\/2025\/04\/banner.jpg\" class=\"attachment-large size-large\" alt=\"\" srcset=\"https:\/\/test1.cmsmart.net\/vthouse\/wp-content\/uploads\/2025\/04\/banner.jpg 1640w, https:\/\/test1.cmsmart.net\/vthouse\/wp-content\/uploads\/2025\/04\/banner-768x311.jpg 768w, https:\/\/test1.cmsmart.net\/vthouse\/wp-content\/uploads\/2025\/04\/banner-1536x622.jpg 1536w, https:\/\/test1.cmsmart.net\/vthouse\/wp-content\/uploads\/2025\/04\/banner-600x243.jpg 600w\" sizes=\"(max-width: 1640px) 100vw, 1640px\" \/>\t\t\t\t\t\t\n\t\t\t\t\t<\/div>\n\t\t\t\t\t\t\t\t\n<style>\n#image_165157783 {\n  width: 100%;\n}\n<\/style>\n\t<\/div>\n\t\n     <\/div>\n\n     <div class=\"loading-spin dark large centered\"><\/div>\n\n     <\/div>\n\n\n<div class=\"row\"  id=\"row-818533429\">\n\n\t<div id=\"col-312141295\" class=\"col medium-8 small-12 large-8\"  >\n\t\t<div class=\"col-inner\"  >\n\t\t\t\n\t\t\t\n\n  \n    <div class=\"row slider-product-home large-columns-1 medium-columns- small-columns- row-xsmall has-shadow row-box-shadow-1 row-box-shadow-2-hover slider row-slider slider-nav-simple slider-nav-light slider-nav-push\"  data-flickity-options='{\"imagesLoaded\": true, \"groupCells\": \"100%\", \"dragThreshold\" : 5, \"cellAlign\": \"left\",\"wrapAround\": true,\"prevNextButtons\": true,\"percentPosition\": true,\"pageDots\": false, \"rightToLeft\": false, \"autoPlay\" : false}'>\n\n  \t\n\t     \n\t\t\t\t\t\n<div class=\"product-small col has-hover product type-product post-1205 status-publish first instock product_cat-cac-thiet-bi-khac has-post-thumbnail shipping-taxable product-type-simple\">\n\t<div class=\"col-inner\">\n\t\n<div class=\"badge-container absolute left top z-1\">\n<\/div>\n\t<div class=\"product-small box \">\n\t\t<div class=\"box-image\">\n\t\t\t<div class=\"image-fade_in_back\">\n\t\t\t\t<a href=\"https:\/\/test1.cmsmart.net\/vthouse\/san-pham\/bo-dieu-khien-hong-ngoai\/\">\n\t\t\t\t\t<img loading=\"lazy\" decoding=\"async\" width=\"400\" height=\"400\" src=\"https:\/\/test1.cmsmart.net\/vthouse\/wp-content\/uploads\/2021\/03\/bo-dieu-khien-hong-ngoai-400x400.jpg\" class=\"attachment-woocommerce_thumbnail size-woocommerce_thumbnail\" alt=\"Bo Dieu Khien Hong Ngoai\" srcset=\"https:\/\/test1.cmsmart.net\/vthouse\/wp-content\/uploads\/2021\/03\/bo-dieu-khien-hong-ngoai-400x400.jpg 400w, https:\/\/test1.cmsmart.net\/vthouse\/wp-content\/uploads\/2021\/03\/bo-dieu-khien-hong-ngoai-100x100.jpg 100w, https:\/\/test1.cmsmart.net\/vthouse\/wp-content\/uploads\/2021\/03\/bo-dieu-khien-hong-ngoai.jpg 600w\" sizes=\"(max-width: 400px) 100vw, 400px\" \/>\t\t\t\t<\/a>\n\t\t\t<\/div>\n\t\t\t<div class=\"image-tools is-small top right show-on-hover\">\n\t\t\t\t\t\t\t<\/div>\n\t\t\t<div class=\"image-tools is-small hide-for-small bottom left show-on-hover\">\n\t\t\t\t\t\t\t<\/div>\n\t\t\t<div class=\"image-tools grid-tools text-center hide-for-small bottom hover-slide-in show-on-hover\">\n\t\t\t\t\t\t\t<\/div>\n\t\t\t\t\t<\/div>\n\n\t\t<div class=\"box-text box-text-products text-center grid-style-2\">\n\t\t\t<div class=\"title-wrapper\"><\/div><div class=\"price-wrapper\"><\/div>\t\t<\/div>\n\t<\/div>\n\t\t<\/div>\n<\/div>\n\t            \n\t\t\t\t\t\n<div class=\"product-small col has-hover product type-product post-1201 status-publish instock product_cat-he-thong-cam-bien has-post-thumbnail shipping-taxable product-type-simple\">\n\t<div class=\"col-inner\">\n\t\n<div class=\"badge-container absolute left top z-1\">\n<\/div>\n\t<div class=\"product-small box \">\n\t\t<div class=\"box-image\">\n\t\t\t<div class=\"image-fade_in_back\">\n\t\t\t\t<a href=\"https:\/\/test1.cmsmart.net\/vthouse\/san-pham\/cam-bien-chuyen-dong\/\">\n\t\t\t\t\t<img loading=\"lazy\" decoding=\"async\" width=\"400\" height=\"400\" src=\"https:\/\/test1.cmsmart.net\/vthouse\/wp-content\/uploads\/2021\/03\/cam-bien-chuyen-dong-400x400.jpg\" class=\"attachment-woocommerce_thumbnail size-woocommerce_thumbnail\" alt=\"Cam Bien Chuyen Dong\" srcset=\"https:\/\/test1.cmsmart.net\/vthouse\/wp-content\/uploads\/2021\/03\/cam-bien-chuyen-dong-400x400.jpg 400w, https:\/\/test1.cmsmart.net\/vthouse\/wp-content\/uploads\/2021\/03\/cam-bien-chuyen-dong-100x100.jpg 100w, https:\/\/test1.cmsmart.net\/vthouse\/wp-content\/uploads\/2021\/03\/cam-bien-chuyen-dong.jpg 600w\" sizes=\"(max-width: 400px) 100vw, 400px\" \/>\t\t\t\t<\/a>\n\t\t\t<\/div>\n\t\t\t<div class=\"image-tools is-small top right show-on-hover\">\n\t\t\t\t\t\t\t<\/div>\n\t\t\t<div class=\"image-tools is-small hide-for-small bottom left show-on-hover\">\n\t\t\t\t\t\t\t<\/div>\n\t\t\t<div class=\"image-tools grid-tools text-center hide-for-small bottom hover-slide-in show-on-hover\">\n\t\t\t\t\t\t\t<\/div>\n\t\t\t\t\t<\/div>\n\n\t\t<div class=\"box-text box-text-products text-center grid-style-2\">\n\t\t\t<div class=\"title-wrapper\"><\/div><div class=\"price-wrapper\"><\/div>\t\t<\/div>\n\t<\/div>\n\t\t<\/div>\n<\/div>\n\t            \n\t\t\t\t\t\n<div class=\"product-small col has-hover product type-product post-1208 status-publish last instock product_cat-he-thong-cam-bien has-post-thumbnail shipping-taxable product-type-simple\">\n\t<div class=\"col-inner\">\n\t\n<div class=\"badge-container absolute left top z-1\">\n<\/div>\n\t<div class=\"product-small box \">\n\t\t<div class=\"box-image\">\n\t\t\t<div class=\"image-fade_in_back\">\n\t\t\t\t<a href=\"https:\/\/test1.cmsmart.net\/vthouse\/san-pham\/cam-bien-cua\/\">\n\t\t\t\t\t<img loading=\"lazy\" decoding=\"async\" width=\"400\" height=\"400\" src=\"https:\/\/test1.cmsmart.net\/vthouse\/wp-content\/uploads\/2021\/03\/cam-bien-cua-400x400.jpg\" class=\"attachment-woocommerce_thumbnail size-woocommerce_thumbnail\" alt=\"Cam Bien Cua\" srcset=\"https:\/\/test1.cmsmart.net\/vthouse\/wp-content\/uploads\/2021\/03\/cam-bien-cua-400x400.jpg 400w, https:\/\/test1.cmsmart.net\/vthouse\/wp-content\/uploads\/2021\/03\/cam-bien-cua-100x100.jpg 100w, https:\/\/test1.cmsmart.net\/vthouse\/wp-content\/uploads\/2021\/03\/cam-bien-cua.jpg 600w\" sizes=\"(max-width: 400px) 100vw, 400px\" \/><img loading=\"lazy\" decoding=\"async\" width=\"400\" height=\"400\" src=\"https:\/\/test1.cmsmart.net\/vthouse\/wp-content\/uploads\/2021\/03\/cam-bien-cua-2-400x400.jpg\" class=\"show-on-hover absolute fill hide-for-small back-image\" alt=\"Cam Bien Cua 2\" srcset=\"https:\/\/test1.cmsmart.net\/vthouse\/wp-content\/uploads\/2021\/03\/cam-bien-cua-2-400x400.jpg 400w, https:\/\/test1.cmsmart.net\/vthouse\/wp-content\/uploads\/2021\/03\/cam-bien-cua-2-100x100.jpg 100w, https:\/\/test1.cmsmart.net\/vthouse\/wp-content\/uploads\/2021\/03\/cam-bien-cua-2.jpg 600w\" sizes=\"(max-width: 400px) 100vw, 400px\" \/>\t\t\t\t<\/a>\n\t\t\t<\/div>\n\t\t\t<div class=\"image-tools is-small top right show-on-hover\">\n\t\t\t\t\t\t\t<\/div>\n\t\t\t<div class=\"image-tools is-small hide-for-small bottom left show-on-hover\">\n\t\t\t\t\t\t\t<\/div>\n\t\t\t<div class=\"image-tools grid-tools text-center hide-for-small bottom hover-slide-in show-on-hover\">\n\t\t\t\t\t\t\t<\/div>\n\t\t\t\t\t<\/div>\n\n\t\t<div class=\"box-text box-text-products text-center grid-style-2\">\n\t\t\t<div class=\"title-wrapper\"><\/div><div class=\"price-wrapper\"><\/div>\t\t<\/div>\n\t<\/div>\n\t\t<\/div>\n<\/div>\n\t            \n\t\t\t\t\t\n<div class=\"product-small col has-hover product type-product post-803 status-publish first instock product_cat-he-thong-cam-bien has-post-thumbnail shipping-taxable product-type-simple\">\n\t<div class=\"col-inner\">\n\t\n<div class=\"badge-container absolute left top z-1\">\n<\/div>\n\t<div class=\"product-small box \">\n\t\t<div class=\"box-image\">\n\t\t\t<div class=\"image-fade_in_back\">\n\t\t\t\t<a href=\"https:\/\/test1.cmsmart.net\/vthouse\/san-pham\/cam-bien-moi-truong-ev1\/\">\n\t\t\t\t\t<img loading=\"lazy\" decoding=\"async\" width=\"400\" height=\"400\" src=\"https:\/\/test1.cmsmart.net\/vthouse\/wp-content\/uploads\/2021\/02\/moi-truong-400x400.png\" class=\"attachment-woocommerce_thumbnail size-woocommerce_thumbnail\" alt=\"Moi Truong\" srcset=\"https:\/\/test1.cmsmart.net\/vthouse\/wp-content\/uploads\/2021\/02\/moi-truong-400x400.png 400w, https:\/\/test1.cmsmart.net\/vthouse\/wp-content\/uploads\/2021\/02\/moi-truong-100x100.png 100w, https:\/\/test1.cmsmart.net\/vthouse\/wp-content\/uploads\/2021\/02\/moi-truong.png 510w\" sizes=\"(max-width: 400px) 100vw, 400px\" \/>\t\t\t\t<\/a>\n\t\t\t<\/div>\n\t\t\t<div class=\"image-tools is-small top right show-on-hover\">\n\t\t\t\t\t\t\t<\/div>\n\t\t\t<div class=\"image-tools is-small hide-for-small bottom left show-on-hover\">\n\t\t\t\t\t\t\t<\/div>\n\t\t\t<div class=\"image-tools grid-tools text-center hide-for-small bottom hover-slide-in show-on-hover\">\n\t\t\t\t\t\t\t<\/div>\n\t\t\t\t\t<\/div>\n\n\t\t<div class=\"box-text box-text-products text-center grid-style-2\">\n\t\t\t<div class=\"title-wrapper\"><\/div><div class=\"price-wrapper\"><\/div>\t\t<\/div>\n\t<\/div>\n\t\t<\/div>\n<\/div>\n\t            \n\t\t\t\t\t\n<div class=\"product-small col has-hover product type-product post-806 status-publish instock product_cat-he-thong-cam-bien has-post-thumbnail shipping-taxable product-type-simple\">\n\t<div class=\"col-inner\">\n\t\n<div class=\"badge-container absolute left top z-1\">\n<\/div>\n\t<div class=\"product-small box \">\n\t\t<div class=\"box-image\">\n\t\t\t<div class=\"image-fade_in_back\">\n\t\t\t\t<a href=\"https:\/\/test1.cmsmart.net\/vthouse\/san-pham\/cam-bien-moi-truong-ev2\/\">\n\t\t\t\t\t<img loading=\"lazy\" decoding=\"async\" width=\"400\" height=\"400\" src=\"https:\/\/test1.cmsmart.net\/vthouse\/wp-content\/uploads\/2021\/02\/moi-truong1-400x400.png\" class=\"attachment-woocommerce_thumbnail size-woocommerce_thumbnail\" alt=\"Moi Truong1\" srcset=\"https:\/\/test1.cmsmart.net\/vthouse\/wp-content\/uploads\/2021\/02\/moi-truong1-400x400.png 400w, https:\/\/test1.cmsmart.net\/vthouse\/wp-content\/uploads\/2021\/02\/moi-truong1-768x768.png 768w, https:\/\/test1.cmsmart.net\/vthouse\/wp-content\/uploads\/2021\/02\/moi-truong1-600x600.png 600w, https:\/\/test1.cmsmart.net\/vthouse\/wp-content\/uploads\/2021\/02\/moi-truong1-100x100.png 100w, https:\/\/test1.cmsmart.net\/vthouse\/wp-content\/uploads\/2021\/02\/moi-truong1.png 1000w\" sizes=\"(max-width: 400px) 100vw, 400px\" \/>\t\t\t\t<\/a>\n\t\t\t<\/div>\n\t\t\t<div class=\"image-tools is-small top right show-on-hover\">\n\t\t\t\t\t\t\t<\/div>\n\t\t\t<div class=\"image-tools is-small hide-for-small bottom left show-on-hover\">\n\t\t\t\t\t\t\t<\/div>\n\t\t\t<div class=\"image-tools grid-tools text-center hide-for-small bottom hover-slide-in show-on-hover\">\n\t\t\t\t\t\t\t<\/div>\n\t\t\t\t\t<\/div>\n\n\t\t<div class=\"box-text box-text-products text-center grid-style-2\">\n\t\t\t<div class=\"title-wrapper\"><\/div><div class=\"price-wrapper\"><\/div>\t\t<\/div>\n\t<\/div>\n\t\t<\/div>\n<\/div>\n\t            \t        <\/div>\n\t\t<\/div>\n\t\t\t<\/div>\n\n\t\n\n\t<div id=\"col-473697114\" class=\"col medium-4 small-12 large-4\"  >\n\t\t<div class=\"col-inner\"  >\n\t\t\t\n\t\t\t\n\n\t\t<div class=\"icon-box featured-box icon-box-top text-left\"  >\n\t\t\t\t<div class=\"icon-box-text last-reset\">\n\t\t\t\t\t\t\t\t\t\n<div class=\"box-event\"><span class=\"brand-event\">S\u1ef1 Ki\u1ec7n<\/span><\/p>\n<h3><a href=\"\">Christmas Breakfast<\/a><\/h3>\n<p class=\"desc-event\">Th\u1ee9 n\u0103m 12 Th\u00e1ng 12 <br \/>Th\u1eddi gian: 7h30 &#8211; 9h30<br \/>&#8221;Indochine Breakfast&#8221; s\u1ed1 th\u00e1ng 12\/2024 \u0111\u00e3 di\u1ec5n ra th\u00e0nh c\u00f4ng t\u1ed1t \u0111\u1eb9p. C\u00e1m \u01a1n qu\u00fd kh\u00e1ch \u0111\u00e3 d\u00e0nh th\u1eddi gian \u0111\u1ebfn tham d\u1ef1 c\u00f9ng ch\u00fang t\u00f4i.<\/p>\n<p class=\"time-event\"><i class=\"fa fa-clock-o\" aria-hidden=\"true\"><\/i> 20\/11\/2024<\/p>\n<p class=\"link-event\"><a href=\"\">xem th\u00eam <i class=\"fa fa-caret-right\" aria-hidden=\"true\"><\/i><\/a><\/p>\n<\/p>\n<\/div>\n\t\t<\/div>\n\t<\/div>\n\t\n\t\n\t\t<\/div>\n\t\t\t<\/div>\n\n\t\n<\/div>\n<div class=\"latest-posts-list\"><div class=\"latest-post-item\"><div class=\"post-thumbnail\"><a href=\"https:\/\/test1.cmsmart.net\/vthouse\/du-an-nha-o-cua-anh-quyet\/\"><img loading=\"lazy\" decoding=\"async\" width=\"1200\" height=\"1262\" src=\"https:\/\/test1.cmsmart.net\/vthouse\/wp-content\/uploads\/2025\/04\/p.an-chon.png\" class=\"attachment-medium size-medium wp-post-image\" alt=\"\" srcset=\"https:\/\/test1.cmsmart.net\/vthouse\/wp-content\/uploads\/2025\/04\/p.an-chon.png 1200w, https:\/\/test1.cmsmart.net\/vthouse\/wp-content\/uploads\/2025\/04\/p.an-chon-768x808.png 768w, https:\/\/test1.cmsmart.net\/vthouse\/wp-content\/uploads\/2025\/04\/p.an-chon-600x631.png 600w\" sizes=\"(max-width: 1200px) 100vw, 1200px\" \/><\/a><\/div><div class=\"post-categories\"><strong>Danh m\u1ee5c:<\/strong> <a href=\"https:\/\/test1.cmsmart.net\/vthouse\/category\/du-an\/biet-thu\/\">Bi\u1ec7t th\u1ef1<\/a>-<a href=\"https:\/\/test1.cmsmart.net\/vthouse\/category\/du-an\/\">D\u1ef1 \u00e1n<\/a>-<a href=\"https:\/\/test1.cmsmart.net\/vthouse\/category\/tin-tuc\/\">Tin t\u1ee9c<\/a><\/div><div class=\"post-content-wrap\"><div class=\"post-date\">26\/04\/2025<\/div><h2><a href=\"https:\/\/test1.cmsmart.net\/vthouse\/du-an-nha-o-cua-anh-quyet\/\">D\u1ef1 \u00e1n nh\u00e0 \u1edf c\u1ee7a anh Quy\u1ebft<\/a><\/h2><div class=\"post-excerpt\">C\u00e1 T\u00ednh Ki\u1ebfn Tr\u00fac \u2013 D\u1ea5u \u1ea4n Nh\u00e0 Anh Quy\u1ebft T\u1ea1i H\u00e0 N\u1ed9i Gi\u1eefa kh\u00f4ng gian \u0111\u00f4 th\u1ecb hi\u1ec7n \u0111\u1ea1i, c\u00f4ng tr\u00ecnh nh\u00e0 \u1edf c\u1ee7a anh Quy\u1ebft \u0111\u01b0\u1ee3c thi\u1ebft k\u1ebf b\u1edfi VT_House \u0111\u00e3 t\u1ea1o n\u00ean m\u1ed9t d\u1ea5u \u1ea5n n\u1ed5i b\u1eadt nh\u1edd phong c\u00e1ch ki\u1ebfn tr\u00fac m\u1ea1nh m\u1ebd, ...<\/div><div class=\"read-more\"><a href=\"https:\/\/test1.cmsmart.net\/vthouse\/du-an-nha-o-cua-anh-quyet\/\">Xem chi ti\u1ebft <i class=\"fa fa-caret-right\" aria-hidden=\"true\"><\/i><\/a><\/div><\/div><\/div><div class=\"latest-post-item\"><div class=\"post-thumbnail\"><a href=\"https:\/\/test1.cmsmart.net\/vthouse\/dinh-thu-cua-anh-giang\/\"><img loading=\"lazy\" decoding=\"async\" width=\"1500\" height=\"1125\" src=\"https:\/\/test1.cmsmart.net\/vthouse\/wp-content\/uploads\/2025\/04\/v4.png\" class=\"attachment-medium size-medium wp-post-image\" alt=\"\" srcset=\"https:\/\/test1.cmsmart.net\/vthouse\/wp-content\/uploads\/2025\/04\/v4.png 1500w, https:\/\/test1.cmsmart.net\/vthouse\/wp-content\/uploads\/2025\/04\/v4-768x576.png 768w, https:\/\/test1.cmsmart.net\/vthouse\/wp-content\/uploads\/2025\/04\/v4-600x450.png 600w\" sizes=\"(max-width: 1500px) 100vw, 1500px\" \/><\/a><\/div><div class=\"post-categories\"><strong>Danh m\u1ee5c:<\/strong> <a href=\"https:\/\/test1.cmsmart.net\/vthouse\/category\/du-an\/biet-thu\/\">Bi\u1ec7t th\u1ef1<\/a>-<a href=\"https:\/\/test1.cmsmart.net\/vthouse\/category\/du-an\/chung-cu\/\">Chung c\u01b0<\/a>-<a href=\"https:\/\/test1.cmsmart.net\/vthouse\/category\/du-an\/\">D\u1ef1 \u00e1n<\/a><\/div><div class=\"post-content-wrap\"><div class=\"post-date\">24\/04\/2025<\/div><h2><a href=\"https:\/\/test1.cmsmart.net\/vthouse\/dinh-thu-cua-anh-giang\/\">Dinh th\u1ef1 c\u1ee7a anh Giang<\/a><\/h2><div class=\"post-excerpt\">\u00a0D\u1ef1 \u00e1n nh\u00e0 anh Giang \u2013 Khi kh\u00f4ng gian s\u1ed1ng l\u00e0 s\u1ef1 k\u1ebft h\u1ee3p ho\u00e0n h\u1ea3o gi\u1eefa c\u00f4ng n\u0103ng v\u00e0 th\u1ea9m m\u1ef9 T\u1ecda l\u1ea1c gi\u1eefa l\u00f2ng khu ph\u1ed1 hi\u1ec7n \u0111\u1ea1i, c\u00f4ng tr\u00ecnh nh\u00e0 \u1edf c\u1ee7a anh Giang l\u00e0 m\u1ed9t trong nh\u1eefng d\u1ef1 \u00e1n ti\u00eau bi\u1ec3u \u0111\u01b0\u1ee3c thi\u1ebft k\u1ebf...<\/div><div class=\"read-more\"><a href=\"https:\/\/test1.cmsmart.net\/vthouse\/dinh-thu-cua-anh-giang\/\">Xem chi ti\u1ebft <i class=\"fa fa-caret-right\" aria-hidden=\"true\"><\/i><\/a><\/div><\/div><\/div><div class=\"latest-post-item\"><div class=\"post-thumbnail\"><a href=\"https:\/\/test1.cmsmart.net\/vthouse\/biet-thu-gia-dinh-chi-phuong\/\"><img loading=\"lazy\" decoding=\"async\" width=\"1280\" height=\"720\" src=\"https:\/\/test1.cmsmart.net\/vthouse\/wp-content\/uploads\/2025\/04\/2_V5.jpg\" class=\"attachment-medium size-medium wp-post-image\" alt=\"\" srcset=\"https:\/\/test1.cmsmart.net\/vthouse\/wp-content\/uploads\/2025\/04\/2_V5.jpg 1280w, https:\/\/test1.cmsmart.net\/vthouse\/wp-content\/uploads\/2025\/04\/2_V5-768x432.jpg 768w, https:\/\/test1.cmsmart.net\/vthouse\/wp-content\/uploads\/2025\/04\/2_V5-600x338.jpg 600w\" sizes=\"(max-width: 1280px) 100vw, 1280px\" \/><\/a><\/div><div class=\"post-categories\"><strong>Danh m\u1ee5c:<\/strong> <a href=\"https:\/\/test1.cmsmart.net\/vthouse\/category\/du-an\/biet-thu\/\">Bi\u1ec7t th\u1ef1<\/a>-<a href=\"https:\/\/test1.cmsmart.net\/vthouse\/category\/du-an\/chung-cu\/\">Chung c\u01b0<\/a>-<a href=\"https:\/\/test1.cmsmart.net\/vthouse\/category\/du-an\/\">D\u1ef1 \u00e1n<\/a>-<a href=\"https:\/\/test1.cmsmart.net\/vthouse\/category\/tin-tuc\/\">Tin t\u1ee9c<\/a><\/div><div class=\"post-content-wrap\"><div class=\"post-date\">22\/04\/2025<\/div><h2><a href=\"https:\/\/test1.cmsmart.net\/vthouse\/biet-thu-gia-dinh-chi-phuong\/\">Bi\u1ec7t th\u1ef1 gia \u0111\u00ecnh Ch\u1ecb Ph\u01b0\u01a1ng<\/a><\/h2><div class=\"post-excerpt\">BI\u1ec6T TH\u1ef0 GIA \u0110\u00ccNH CH\u1eca PH\u01af\u01a0NG \u2013 D\u1ea4U \u1ea4N C\u1ee6A S\u1ef0 CH\u0102M CH\u00daT &amp; C\u00c1 NH\u00c2N H\u00d3AT\u1ea1i VT_House, m\u1ed7i c\u00f4ng tr\u00ecnh kh\u00f4ng ch\u1ec9 l\u00e0 m\u1ed9t thi\u1ebft k\u1ebf ki\u1ebfn tr\u00fac \u2013 m\u00e0 c\u00f2n l\u00e0 s\u1ef1 g\u1eedi g\u1eafm tinh t\u1ebf v\u1ec1 phong c\u00e1ch s\u1ed1ng, nhu c\u1ea7u v\u00e0 gu th\u1ea9m ...<\/div><div class=\"read-more\"><a href=\"https:\/\/test1.cmsmart.net\/vthouse\/biet-thu-gia-dinh-chi-phuong\/\">Xem chi ti\u1ebft <i class=\"fa fa-caret-right\" aria-hidden=\"true\"><\/i><\/a><\/div><\/div><\/div><\/div>\n","protected":false},"excerpt":{"rendered":"","protected":false},"author":1,"featured_media":0,"parent":0,"menu_order":0,"comment_status":"closed","ping_status":"closed","template":"","meta":{"inline_featured_image":false,"footnotes":""},"yoast_head":"<!-- This site is optimized with the Yoast SEO plugin v20.8 - https:\/\/yoast.com\/wordpress\/plugins\/seo\/ -->\n<title>home test - SUNTHAO Smarthome<\/title>\n<meta name=\"robots\" content=\"noindex, follow, max-snippet:-1, max-image-preview:large, max-video-preview:-1\" \/>\n<meta property=\"og:locale\" content=\"vi_VN\" \/>\n<meta property=\"og:type\" content=\"article\" \/>\n<meta property=\"og:title\" content=\"home test - SUNTHAO Smarthome\" \/>\n<meta property=\"og:url\" content=\"https:\/\/test1.cmsmart.net\/vthouse\/\" \/>\n<meta property=\"og:site_name\" content=\"SUNTHAO Smarthome\" \/>\n<meta property=\"article:modified_time\" content=\"2025-05-07T03:57:36+00:00\" \/>\n<meta name=\"twitter:card\" content=\"summary_large_image\" \/>\n<script type=\"application\/ld+json\" class=\"yoast-schema-graph\">{\"@context\":\"https:\/\/schema.org\",\"@graph\":[{\"@type\":\"WebPage\",\"@id\":\"https:\/\/test1.cmsmart.net\/vthouse\/\",\"url\":\"https:\/\/test1.cmsmart.net\/vthouse\/\",\"name\":\"home test - SUNTHAO Smarthome\",\"isPartOf\":{\"@id\":\"https:\/\/test1.cmsmart.net\/vthouse\/#website\"},\"datePublished\":\"2025-04-23T16:01:57+00:00\",\"dateModified\":\"2025-05-07T03:57:36+00:00\",\"breadcrumb\":{\"@id\":\"https:\/\/test1.cmsmart.net\/vthouse\/#breadcrumb\"},\"inLanguage\":\"vi\",\"potentialAction\":[{\"@type\":\"ReadAction\",\"target\":[\"https:\/\/test1.cmsmart.net\/vthouse\/\"]}]},{\"@type\":\"BreadcrumbList\",\"@id\":\"https:\/\/test1.cmsmart.net\/vthouse\/#breadcrumb\",\"itemListElement\":[{\"@type\":\"ListItem\",\"position\":1,\"name\":\"Trang ch\u1ee7\",\"item\":\"https:\/\/test1.cmsmart.net\/vthouse\/\"},{\"@type\":\"ListItem\",\"position\":2,\"name\":\"home test\"}]},{\"@type\":\"WebSite\",\"@id\":\"https:\/\/test1.cmsmart.net\/vthouse\/#website\",\"url\":\"https:\/\/test1.cmsmart.net\/vthouse\/\",\"name\":\"SUNTHAO Smarthome\",\"description\":\"\",\"potentialAction\":[{\"@type\":\"SearchAction\",\"target\":{\"@type\":\"EntryPoint\",\"urlTemplate\":\"https:\/\/test1.cmsmart.net\/vthouse\/?s={search_term_string}\"},\"query-input\":\"required name=search_term_string\"}],\"inLanguage\":\"vi\"}]}<\/script>\n<!-- \/ Yoast SEO plugin. -->","yoast_head_json":{"title":"home test - SUNTHAO Smarthome","robots":{"index":"noindex","follow":"follow","max-snippet":"max-snippet:-1","max-image-preview":"max-image-preview:large","max-video-preview":"max-video-preview:-1"},"og_locale":"vi_VN","og_type":"article","og_title":"home test - SUNTHAO Smarthome","og_url":"https:\/\/test1.cmsmart.net\/vthouse\/","og_site_name":"SUNTHAO Smarthome","article_modified_time":"2025-05-07T03:57:36+00:00","twitter_card":"summary_large_image","schema":{"@context":"https:\/\/schema.org","@graph":[{"@type":"WebPage","@id":"https:\/\/test1.cmsmart.net\/vthouse\/","url":"https:\/\/test1.cmsmart.net\/vthouse\/","name":"home test - SUNTHAO Smarthome","isPartOf":{"@id":"https:\/\/test1.cmsmart.net\/vthouse\/#website"},"datePublished":"2025-04-23T16:01:57+00:00","dateModified":"2025-05-07T03:57:36+00:00","breadcrumb":{"@id":"https:\/\/test1.cmsmart.net\/vthouse\/#breadcrumb"},"inLanguage":"vi","potentialAction":[{"@type":"ReadAction","target":["https:\/\/test1.cmsmart.net\/vthouse\/"]}]},{"@type":"BreadcrumbList","@id":"https:\/\/test1.cmsmart.net\/vthouse\/#breadcrumb","itemListElement":[{"@type":"ListItem","position":1,"name":"Trang ch\u1ee7","item":"https:\/\/test1.cmsmart.net\/vthouse\/"},{"@type":"ListItem","position":2,"name":"home test"}]},{"@type":"WebSite","@id":"https:\/\/test1.cmsmart.net\/vthouse\/#website","url":"https:\/\/test1.cmsmart.net\/vthouse\/","name":"SUNTHAO Smarthome","description":"","potentialAction":[{"@type":"SearchAction","target":{"@type":"EntryPoint","urlTemplate":"https:\/\/test1.cmsmart.net\/vthouse\/?s={search_term_string}"},"query-input":"required name=search_term_string"}],"inLanguage":"vi"}]}},"_links":{"self":[{"href":"https:\/\/test1.cmsmart.net\/vthouse\/wp-json\/wp\/v2\/pages\/1422"}],"collection":[{"href":"https:\/\/test1.cmsmart.net\/vthouse\/wp-json\/wp\/v2\/pages"}],"about":[{"href":"https:\/\/test1.cmsmart.net\/vthouse\/wp-json\/wp\/v2\/types\/page"}],"author":[{"embeddable":true,"href":"https:\/\/test1.cmsmart.net\/vthouse\/wp-json\/wp\/v2\/users\/1"}],"replies":[{"embeddable":true,"href":"https:\/\/test1.cmsmart.net\/vthouse\/wp-json\/wp\/v2\/comments?post=1422"}],"version-history":[{"count":60,"href":"https:\/\/test1.cmsmart.net\/vthouse\/wp-json\/wp\/v2\/pages\/1422\/revisions"}],"predecessor-version":[{"id":1564,"href":"https:\/\/test1.cmsmart.net\/vthouse\/wp-json\/wp\/v2\/pages\/1422\/revisions\/1564"}],"wp:attachment":[{"href":"https:\/\/test1.cmsmart.net\/vthouse\/wp-json\/wp\/v2\/media?parent=1422"}],"curies":[{"name":"wp","href":"https:\/\/api.w.org\/{rel}","templated":true}]}}