{"id":1219,"date":"2021-03-05T00:58:35","date_gmt":"2021-03-04T17:58:35","guid":{"rendered":"http:\/\/homegy.sonqb.com\/?page_id=1219"},"modified":"2021-03-05T01:51:10","modified_gmt":"2021-03-04T18:51:10","slug":"cong-trinh-tieu-bieu","status":"publish","type":"page","link":"https:\/\/test1.cmsmart.net\/vthouse\/cong-trinh-tieu-bieu\/","title":{"rendered":"C\u00e1c c\u00f4ng tr\u00ecnh ti\u00eau bi\u1ec3u"},"content":{"rendered":"\t<section class=\"section\" id=\"section_2104436618\">\n\t\t<div class=\"bg section-bg fill bg-fill bg-loaded bg-loaded\" >\n\n\t\t\t\n\t\t\t\n\t\t\t\n\n\t\t<\/div>\n\n\t\t<div class=\"section-content relative\">\n\t\t\t\n<div class=\"slider-wrapper relative\" id=\"slider-925524886\" >\n    <div class=\"slider slider-nav-simple slider-nav-normal slider-nav-light slider-style-normal\"\n        data-flickity-options='{\n            \"cellAlign\": \"center\",\n            \"imagesLoaded\": true,\n            \"lazyLoad\": 1,\n            \"freeScroll\": false,\n            \"wrapAround\": true,\n            \"autoPlay\": 6000,\n            \"pauseAutoPlayOnHover\" : true,\n            \"prevNextButtons\": true,\n            \"contain\" : true,\n            \"adaptiveHeight\" : true,\n            \"dragThreshold\" : 10,\n            \"percentPosition\": true,\n            \"pageDots\": false,\n            \"rightToLeft\": false,\n            \"draggable\": true,\n            \"selectedAttraction\": 0.1,\n            \"parallax\" : 0,\n            \"friction\": 0.6        }'\n        >\n        \n\t<div class=\"img has-hover x md-x lg-x y md-y lg-y\" id=\"image_1630336956\">\n\t\t\t\t\t\t\t\t<div class=\"img-inner image-glow dark\" >\n\t\t\t<img loading=\"lazy\" decoding=\"async\" width=\"1600\" height=\"900\" src=\"https:\/\/test1.cmsmart.net\/vthouse\/wp-content\/uploads\/2021\/03\/biet-thu-1.jpg\" class=\"attachment-large size-large\" alt=\"Biet Thu 1\" srcset=\"https:\/\/test1.cmsmart.net\/vthouse\/wp-content\/uploads\/2021\/03\/biet-thu-1.jpg 1600w, https:\/\/test1.cmsmart.net\/vthouse\/wp-content\/uploads\/2021\/03\/biet-thu-1-768x432.jpg 768w, https:\/\/test1.cmsmart.net\/vthouse\/wp-content\/uploads\/2021\/03\/biet-thu-1-1536x864.jpg 1536w, https:\/\/test1.cmsmart.net\/vthouse\/wp-content\/uploads\/2021\/03\/biet-thu-1-600x338.jpg 600w\" sizes=\"(max-width: 1600px) 100vw, 1600px\" \/>\t\t\t\t\t\t\n\t\t\t\t\t<\/div>\n\t\t\t\t\t\t\t\t\n<style>\n#image_1630336956 {\n  width: 100%;\n}\n<\/style>\n\t<\/div>\n\t\n\t<div class=\"img has-hover x md-x lg-x y md-y lg-y\" id=\"image_1421809630\">\n\t\t\t\t\t\t\t\t<div class=\"img-inner image-glow dark\" >\n\t\t\t<img loading=\"lazy\" decoding=\"async\" width=\"1600\" height=\"900\" src=\"https:\/\/test1.cmsmart.net\/vthouse\/wp-content\/uploads\/2021\/03\/biet-thu-2.jpg\" class=\"attachment-large size-large\" alt=\"Biet Thu 2\" srcset=\"https:\/\/test1.cmsmart.net\/vthouse\/wp-content\/uploads\/2021\/03\/biet-thu-2.jpg 1600w, https:\/\/test1.cmsmart.net\/vthouse\/wp-content\/uploads\/2021\/03\/biet-thu-2-768x432.jpg 768w, https:\/\/test1.cmsmart.net\/vthouse\/wp-content\/uploads\/2021\/03\/biet-thu-2-1536x864.jpg 1536w, https:\/\/test1.cmsmart.net\/vthouse\/wp-content\/uploads\/2021\/03\/biet-thu-2-600x338.jpg 600w\" sizes=\"(max-width: 1600px) 100vw, 1600px\" \/>\t\t\t\t\t\t\n\t\t\t\t\t<\/div>\n\t\t\t\t\t\t\t\t\n<style>\n#image_1421809630 {\n  width: 100%;\n}\n<\/style>\n\t<\/div>\n\t\n     <\/div>\n\n     <div class=\"loading-spin dark large centered\"><\/div>\n\n     <\/div>\n\n\n<div class=\"row\"  id=\"row-2018539842\">\n\n\t<div id=\"col-771347432\" class=\"col small-12 large-12\"  >\n\t\t<div class=\"col-inner\"  >\n\t\t\t\n\t\t\t\n\t<div id=\"text-3699466111\" class=\"text\">\n\t\t\n<h1>C\u00e1c c\u00f4ng tr\u00ecnh ti\u00eau bi\u1ec3u<\/h1>\n\t\t\n<style>\n#text-3699466111 {\n  text-align: center;\n}\n<\/style>\n\t<\/div>\n\t\n<div class=\"text-center\"><div class=\"is-divider divider clearfix\" style=\"margin-top:0.5em;margin-bottom:0.5em;max-width:60px;height:5px;background-color:rgb(52, 140, 203);\"><\/div><\/div>\n\t<div id=\"text-836552827\" class=\"text\">\n\t\t\n<p>Gi\u1ea3i ph\u00e1p nh\u00e0 th\u00f4ng minh gi\u00fap cho ng\u01b0\u1eddi d\u00f9ng c\u00f3 th\u1ec3 k\u1ebft n\u1ed1i t\u1ea5t c\u1ea3 c\u00e1c thi\u1ebft b\u1ecb \u0111i\u1ec7n trong ng\u00f4i nh\u00e0 c\u1ee7a m\u00ecnh th\u00e0nh m\u1ed9t h\u1ec7 th\u1ed1ng \u0111\u1ec3 c\u00f3 th\u1ec3 \u0111i\u1ec1u khi\u1ec3n ch\u00fang theo c\u00e1c ng\u1eef c\u1ea3nh th\u00f4ng minh, bao g\u1ed3m: h\u1ec7 th\u1ed1ng chi\u1ebfu s\u00e1ng, r\u00e8m c\u1eeda t\u1ef1 \u0111\u1ed9ng, \u0111i\u1ec1u ho\u00e0 nhi\u1ec7t \u0111\u1ed9, tivi, kho\u00e1 c\u1eeda, b\u00ecnh n\u00f3ng l\u1ea1nh, qu\u1ea1t th\u00f4ng gi\u00f3, camera an ninh, chu\u00f4ng c\u1eeda m\u00e0n h\u00ecnh, h\u1ec7 th\u1ed1ng b\u01a1m t\u01b0\u1edbi c\u00e2y, b\u1ec3 c\u00e1\u2026 C\u00e1c thi\u1ebft b\u1ecb c\u1ee7a nh\u00e0 th\u00f4ng minh Homegy \u0111\u01b0\u1ee3c ch\u0103m ch\u00fat r\u1ea5t t\u1ec9 m\u1ec9 v\u1ec1 ch\u1ea5t li\u1ec7u v\u00e0 thi\u1ebft k\u1ebf. V\u1ec1 t\u00ednh n\u0103ng, gi\u1ea3i ph\u00e1p nh\u00e0 th\u00f4ng minh c\u00f3 th\u1ec3 gi\u00fap gia ch\u1ee7 \u0111i\u1ec1u khi\u1ec3n tr\u1ef1c ti\u1ebfp th\u00f4ng qua c\u00e1c b\u1ea3ng c\u1ea3m \u1ee9ng g\u1eafn tr\u00ean t\u01b0\u1eddng ho\u1eb7c d\u00f9ng smartphone, m\u00e1y t\u00ednh b\u1ea3ng, t\u00edch h\u1ee3p c\u00e1c k\u1ecbch b\u1ea3n ng\u1eef c\u1ea3nh th\u00f4ng minh.<\/p>\n\t\t\n<style>\n#text-836552827 {\n  text-align: center;\n}\n<\/style>\n\t<\/div>\n\t\n\t<div id=\"gap-73062209\" class=\"gap-element clearfix\" style=\"display:block; height:auto;\">\n\t\t\n<style>\n#gap-73062209 {\n  padding-top: 15px;\n}\n<\/style>\n\t<\/div>\n\t\n<div class=\"row list-loai-du-an\"  id=\"row-1946623741\">\n\n\t<div id=\"col-201442698\" class=\"col medium-3 small-12 large-3\"  >\n\t\t<div class=\"col-inner\"  >\n\t\t\t\n\t\t\t\n\t<div class=\"img has-hover x md-x lg-x y md-y lg-y\" id=\"image_1332955336\">\n\t\t\t\t\t\t\t\t<div class=\"img-inner dark\" >\n\t\t\t<img loading=\"lazy\" decoding=\"async\" width=\"245\" height=\"250\" src=\"https:\/\/test1.cmsmart.net\/vthouse\/wp-content\/uploads\/2021\/03\/biet-thu-thong-minh.jpg\" class=\"attachment-large size-large\" alt=\"Biet Thu Thong Minh\" \/>\t\t\t\t\t\t\n\t\t\t\t\t<\/div>\n\t\t\t\t\t\t\t\t\n<style>\n#image_1332955336 {\n  width: 100%;\n}\n<\/style>\n\t<\/div>\n\t\n\t\t<\/div>\n\t\t\t<\/div>\n\n\t\n\n\t<div id=\"col-1558978146\" class=\"col medium-9 small-12 large-9\"  >\n\t\t<div class=\"col-inner\"  >\n\t\t\t\n\t\t\t\n\n  \n    <div class=\"row large-columns-4 medium-columns-1 small-columns-1 row-small has-shadow row-box-shadow-1 row-box-shadow-2-hover slider row-slider slider-nav-reveal slider-nav-push\"  data-flickity-options='{\"imagesLoaded\": true, \"groupCells\": \"100%\", \"dragThreshold\" : 5, \"cellAlign\": \"left\",\"wrapAround\": true,\"prevNextButtons\": true,\"percentPosition\": true,\"pageDots\": false, \"rightToLeft\": false, \"autoPlay\" : false}'>\n\n  \t\t<div class=\"col post-item\" >\n\t\t\t<div class=\"col-inner\">\n\t\t\t<a href=\"https:\/\/test1.cmsmart.net\/vthouse\/du-an-nha-o-cua-anh-quyet\/\" class=\"plain\">\n\t\t\t\t<div class=\"box box-normal box-text-bottom box-blog-post has-hover\">\n            \t\t\t\t\t<div class=\"box-image\" >\n  \t\t\t\t\t\t<div class=\"image-zoom image-cover\" style=\"padding-top:100%;\">\n  \t\t\t\t\t\t\t<img loading=\"lazy\" decoding=\"async\" width=\"1200\" height=\"1262\" src=\"https:\/\/test1.cmsmart.net\/vthouse\/wp-content\/uploads\/2025\/04\/p.an-chon.png\" class=\"attachment-medium size-medium wp-post-image\" alt=\"\" srcset=\"https:\/\/test1.cmsmart.net\/vthouse\/wp-content\/uploads\/2025\/04\/p.an-chon.png 1200w, https:\/\/test1.cmsmart.net\/vthouse\/wp-content\/uploads\/2025\/04\/p.an-chon-768x808.png 768w, https:\/\/test1.cmsmart.net\/vthouse\/wp-content\/uploads\/2025\/04\/p.an-chon-600x631.png 600w\" sizes=\"(max-width: 1200px) 100vw, 1200px\" \/>  \t\t\t\t\t\t\t  \t\t\t\t\t\t\t  \t\t\t\t\t\t<\/div>\n  \t\t\t\t\t\t  \t\t\t\t\t<\/div>\n          \t\t\t\t\t<div class=\"box-text text-center\" >\n\t\t\t\t\t<div class=\"box-text-inner blog-post-inner\">\n\n\t\t\t\t\t\n\t\t\t\t\t\t\t\t\t\t<h5 class=\"post-title is-large \">D\u1ef1 \u00e1n nh\u00e0 \u1edf c\u1ee7a anh Quy\u1ebft<\/h5>\n\t\t\t\t\t\t\t\t\t\t<div class=\"is-divider\"><\/div>\n\t\t\t\t\t                    \n\t\t\t\t\t\n\t\t\t\t\t\n\t\t\t\t\t<\/div>\n\t\t\t\t\t<\/div>\n\t\t\t\t\t\t\t\t\t<\/div>\n\t\t\t\t<\/a>\n\t\t\t<\/div>\n\t\t<\/div>\n\t\t<div class=\"col post-item\" >\n\t\t\t<div class=\"col-inner\">\n\t\t\t<a href=\"https:\/\/test1.cmsmart.net\/vthouse\/dinh-thu-cua-anh-giang\/\" class=\"plain\">\n\t\t\t\t<div class=\"box box-normal box-text-bottom box-blog-post has-hover\">\n            \t\t\t\t\t<div class=\"box-image\" >\n  \t\t\t\t\t\t<div class=\"image-zoom image-cover\" style=\"padding-top:100%;\">\n  \t\t\t\t\t\t\t<img loading=\"lazy\" decoding=\"async\" width=\"1500\" height=\"1125\" src=\"https:\/\/test1.cmsmart.net\/vthouse\/wp-content\/uploads\/2025\/04\/v4.png\" class=\"attachment-medium size-medium wp-post-image\" alt=\"\" srcset=\"https:\/\/test1.cmsmart.net\/vthouse\/wp-content\/uploads\/2025\/04\/v4.png 1500w, https:\/\/test1.cmsmart.net\/vthouse\/wp-content\/uploads\/2025\/04\/v4-768x576.png 768w, https:\/\/test1.cmsmart.net\/vthouse\/wp-content\/uploads\/2025\/04\/v4-600x450.png 600w\" sizes=\"(max-width: 1500px) 100vw, 1500px\" \/>  \t\t\t\t\t\t\t  \t\t\t\t\t\t\t  \t\t\t\t\t\t<\/div>\n  \t\t\t\t\t\t  \t\t\t\t\t<\/div>\n          \t\t\t\t\t<div class=\"box-text text-center\" >\n\t\t\t\t\t<div class=\"box-text-inner blog-post-inner\">\n\n\t\t\t\t\t\n\t\t\t\t\t\t\t\t\t\t<h5 class=\"post-title is-large \">Dinh th\u1ef1 c\u1ee7a anh Giang<\/h5>\n\t\t\t\t\t\t\t\t\t\t<div class=\"is-divider\"><\/div>\n\t\t\t\t\t                    \n\t\t\t\t\t\n\t\t\t\t\t\n\t\t\t\t\t<\/div>\n\t\t\t\t\t<\/div>\n\t\t\t\t\t\t\t\t\t<\/div>\n\t\t\t\t<\/a>\n\t\t\t<\/div>\n\t\t<\/div>\n\t\t<div class=\"col post-item\" >\n\t\t\t<div class=\"col-inner\">\n\t\t\t<a href=\"https:\/\/test1.cmsmart.net\/vthouse\/biet-thu-gia-dinh-chi-phuong\/\" class=\"plain\">\n\t\t\t\t<div class=\"box box-normal box-text-bottom box-blog-post has-hover\">\n            \t\t\t\t\t<div class=\"box-image\" >\n  \t\t\t\t\t\t<div class=\"image-zoom image-cover\" style=\"padding-top:100%;\">\n  \t\t\t\t\t\t\t<img loading=\"lazy\" decoding=\"async\" width=\"1280\" height=\"720\" src=\"https:\/\/test1.cmsmart.net\/vthouse\/wp-content\/uploads\/2025\/04\/2_V5.jpg\" class=\"attachment-medium size-medium wp-post-image\" alt=\"\" srcset=\"https:\/\/test1.cmsmart.net\/vthouse\/wp-content\/uploads\/2025\/04\/2_V5.jpg 1280w, https:\/\/test1.cmsmart.net\/vthouse\/wp-content\/uploads\/2025\/04\/2_V5-768x432.jpg 768w, https:\/\/test1.cmsmart.net\/vthouse\/wp-content\/uploads\/2025\/04\/2_V5-600x338.jpg 600w\" sizes=\"(max-width: 1280px) 100vw, 1280px\" \/>  \t\t\t\t\t\t\t  \t\t\t\t\t\t\t  \t\t\t\t\t\t<\/div>\n  \t\t\t\t\t\t  \t\t\t\t\t<\/div>\n          \t\t\t\t\t<div class=\"box-text text-center\" >\n\t\t\t\t\t<div class=\"box-text-inner blog-post-inner\">\n\n\t\t\t\t\t\n\t\t\t\t\t\t\t\t\t\t<h5 class=\"post-title is-large \">Bi\u1ec7t th\u1ef1 gia \u0111\u00ecnh Ch\u1ecb Ph\u01b0\u01a1ng<\/h5>\n\t\t\t\t\t\t\t\t\t\t<div class=\"is-divider\"><\/div>\n\t\t\t\t\t                    \n\t\t\t\t\t\n\t\t\t\t\t\n\t\t\t\t\t<\/div>\n\t\t\t\t\t<\/div>\n\t\t\t\t\t\t\t\t\t<\/div>\n\t\t\t\t<\/a>\n\t\t\t<\/div>\n\t\t<\/div>\n\t\t<div class=\"col post-item\" >\n\t\t\t<div class=\"col-inner\">\n\t\t\t<a href=\"https:\/\/test1.cmsmart.net\/vthouse\/du-an-biet-thu-gia-dinh-tai-vinh\/\" class=\"plain\">\n\t\t\t\t<div class=\"box box-normal box-text-bottom box-blog-post has-hover\">\n            \t\t\t\t\t<div class=\"box-image\" >\n  \t\t\t\t\t\t<div class=\"image-zoom image-cover\" style=\"padding-top:100%;\">\n  \t\t\t\t\t\t\t<img loading=\"lazy\" decoding=\"async\" width=\"2352\" height=\"1440\" src=\"https:\/\/test1.cmsmart.net\/vthouse\/wp-content\/uploads\/2025\/04\/1.1.png\" class=\"attachment-medium size-medium wp-post-image\" alt=\"\" srcset=\"https:\/\/test1.cmsmart.net\/vthouse\/wp-content\/uploads\/2025\/04\/1.1.png 2352w, https:\/\/test1.cmsmart.net\/vthouse\/wp-content\/uploads\/2025\/04\/1.1-768x470.png 768w, https:\/\/test1.cmsmart.net\/vthouse\/wp-content\/uploads\/2025\/04\/1.1-1536x940.png 1536w, https:\/\/test1.cmsmart.net\/vthouse\/wp-content\/uploads\/2025\/04\/1.1-2048x1254.png 2048w, https:\/\/test1.cmsmart.net\/vthouse\/wp-content\/uploads\/2025\/04\/1.1-600x367.png 600w\" sizes=\"(max-width: 2352px) 100vw, 2352px\" \/>  \t\t\t\t\t\t\t  \t\t\t\t\t\t\t  \t\t\t\t\t\t<\/div>\n  \t\t\t\t\t\t  \t\t\t\t\t<\/div>\n          \t\t\t\t\t<div class=\"box-text text-center\" >\n\t\t\t\t\t<div class=\"box-text-inner blog-post-inner\">\n\n\t\t\t\t\t\n\t\t\t\t\t\t\t\t\t\t<h5 class=\"post-title is-large \">D\u1ef1 \u00e1n bi\u1ec7t th\u1ef1 gia \u0111\u00ecnh t\u1ea1i Vinh<\/h5>\n\t\t\t\t\t\t\t\t\t\t<div class=\"is-divider\"><\/div>\n\t\t\t\t\t                    \n\t\t\t\t\t\n\t\t\t\t\t\n\t\t\t\t\t<\/div>\n\t\t\t\t\t<\/div>\n\t\t\t\t\t\t\t\t\t<\/div>\n\t\t\t\t<\/a>\n\t\t\t<\/div>\n\t\t<\/div>\n<\/div>\n\t\t<\/div>\n\t\t\t<\/div>\n\n\t\n<\/div>\n<div class=\"row list-loai-du-an\"  id=\"row-233782754\">\n\n\t<div id=\"col-299648092\" class=\"col medium-3 small-12 large-3\"  >\n\t\t<div class=\"col-inner\"  >\n\t\t\t\n\t\t\t\n\t<div class=\"img has-hover x md-x lg-x y md-y lg-y\" id=\"image_749117853\">\n\t\t\t\t\t\t\t\t<div class=\"img-inner dark\" >\n\t\t\t<img loading=\"lazy\" decoding=\"async\" width=\"245\" height=\"250\" src=\"https:\/\/test1.cmsmart.net\/vthouse\/wp-content\/uploads\/2021\/03\/chung-cu-thong-minh.jpg\" class=\"attachment-large size-large\" alt=\"Chung Cu Thong Minh\" \/>\t\t\t\t\t\t\n\t\t\t\t\t<\/div>\n\t\t\t\t\t\t\t\t\n<style>\n#image_749117853 {\n  width: 100%;\n}\n<\/style>\n\t<\/div>\n\t\n\t\t<\/div>\n\t\t\t<\/div>\n\n\t\n\n\t<div id=\"col-1191931405\" class=\"col medium-9 small-12 large-9\"  >\n\t\t<div class=\"col-inner\"  >\n\t\t\t\n\t\t\t\n\n  \n    <div class=\"row large-columns-4 medium-columns-1 small-columns-1 has-shadow row-box-shadow-1 row-box-shadow-2-hover slider row-slider slider-nav-reveal slider-nav-push\"  data-flickity-options='{\"imagesLoaded\": true, \"groupCells\": \"100%\", \"dragThreshold\" : 5, \"cellAlign\": \"left\",\"wrapAround\": true,\"prevNextButtons\": true,\"percentPosition\": true,\"pageDots\": false, \"rightToLeft\": false, \"autoPlay\" : false}'>\n\n  \t\t<div class=\"col post-item\" >\n\t\t\t<div class=\"col-inner\">\n\t\t\t<a href=\"https:\/\/test1.cmsmart.net\/vthouse\/dinh-thu-cua-anh-giang\/\" class=\"plain\">\n\t\t\t\t<div class=\"box box-normal box-text-bottom box-blog-post has-hover\">\n            \t\t\t\t\t<div class=\"box-image\" >\n  \t\t\t\t\t\t<div class=\"image-zoom image-cover\" style=\"padding-top:100%;\">\n  \t\t\t\t\t\t\t<img loading=\"lazy\" decoding=\"async\" width=\"1500\" height=\"1125\" src=\"https:\/\/test1.cmsmart.net\/vthouse\/wp-content\/uploads\/2025\/04\/v4.png\" class=\"attachment-medium size-medium wp-post-image\" alt=\"\" srcset=\"https:\/\/test1.cmsmart.net\/vthouse\/wp-content\/uploads\/2025\/04\/v4.png 1500w, https:\/\/test1.cmsmart.net\/vthouse\/wp-content\/uploads\/2025\/04\/v4-768x576.png 768w, https:\/\/test1.cmsmart.net\/vthouse\/wp-content\/uploads\/2025\/04\/v4-600x450.png 600w\" sizes=\"(max-width: 1500px) 100vw, 1500px\" \/>  \t\t\t\t\t\t\t  \t\t\t\t\t\t\t  \t\t\t\t\t\t<\/div>\n  \t\t\t\t\t\t  \t\t\t\t\t<\/div>\n          \t\t\t\t\t<div class=\"box-text text-center\" >\n\t\t\t\t\t<div class=\"box-text-inner blog-post-inner\">\n\n\t\t\t\t\t\n\t\t\t\t\t\t\t\t\t\t<h5 class=\"post-title is-large \">Dinh th\u1ef1 c\u1ee7a anh Giang<\/h5>\n\t\t\t\t\t\t\t\t\t\t<div class=\"is-divider\"><\/div>\n\t\t\t\t\t                    \n\t\t\t\t\t\n\t\t\t\t\t\n\t\t\t\t\t<\/div>\n\t\t\t\t\t<\/div>\n\t\t\t\t\t\t\t\t\t<\/div>\n\t\t\t\t<\/a>\n\t\t\t<\/div>\n\t\t<\/div>\n\t\t<div class=\"col post-item\" >\n\t\t\t<div class=\"col-inner\">\n\t\t\t<a href=\"https:\/\/test1.cmsmart.net\/vthouse\/biet-thu-gia-dinh-chi-phuong\/\" class=\"plain\">\n\t\t\t\t<div class=\"box box-normal box-text-bottom box-blog-post has-hover\">\n            \t\t\t\t\t<div class=\"box-image\" >\n  \t\t\t\t\t\t<div class=\"image-zoom image-cover\" style=\"padding-top:100%;\">\n  \t\t\t\t\t\t\t<img loading=\"lazy\" decoding=\"async\" width=\"1280\" height=\"720\" src=\"https:\/\/test1.cmsmart.net\/vthouse\/wp-content\/uploads\/2025\/04\/2_V5.jpg\" class=\"attachment-medium size-medium wp-post-image\" alt=\"\" srcset=\"https:\/\/test1.cmsmart.net\/vthouse\/wp-content\/uploads\/2025\/04\/2_V5.jpg 1280w, https:\/\/test1.cmsmart.net\/vthouse\/wp-content\/uploads\/2025\/04\/2_V5-768x432.jpg 768w, https:\/\/test1.cmsmart.net\/vthouse\/wp-content\/uploads\/2025\/04\/2_V5-600x338.jpg 600w\" sizes=\"(max-width: 1280px) 100vw, 1280px\" \/>  \t\t\t\t\t\t\t  \t\t\t\t\t\t\t  \t\t\t\t\t\t<\/div>\n  \t\t\t\t\t\t  \t\t\t\t\t<\/div>\n          \t\t\t\t\t<div class=\"box-text text-center\" >\n\t\t\t\t\t<div class=\"box-text-inner blog-post-inner\">\n\n\t\t\t\t\t\n\t\t\t\t\t\t\t\t\t\t<h5 class=\"post-title is-large \">Bi\u1ec7t th\u1ef1 gia \u0111\u00ecnh Ch\u1ecb Ph\u01b0\u01a1ng<\/h5>\n\t\t\t\t\t\t\t\t\t\t<div class=\"is-divider\"><\/div>\n\t\t\t\t\t                    \n\t\t\t\t\t\n\t\t\t\t\t\n\t\t\t\t\t<\/div>\n\t\t\t\t\t<\/div>\n\t\t\t\t\t\t\t\t\t<\/div>\n\t\t\t\t<\/a>\n\t\t\t<\/div>\n\t\t<\/div>\n\t\t<div class=\"col post-item\" >\n\t\t\t<div class=\"col-inner\">\n\t\t\t<a href=\"https:\/\/test1.cmsmart.net\/vthouse\/chung-cu-sang-trong-cua-anh-hai\/\" class=\"plain\">\n\t\t\t\t<div class=\"box box-normal box-text-bottom box-blog-post has-hover\">\n            \t\t\t\t\t<div class=\"box-image\" >\n  \t\t\t\t\t\t<div class=\"image-zoom image-cover\" style=\"padding-top:100%;\">\n  \t\t\t\t\t\t\t<img loading=\"lazy\" decoding=\"async\" width=\"935\" height=\"1200\" src=\"https:\/\/test1.cmsmart.net\/vthouse\/wp-content\/uploads\/2021\/03\/chung-cu-sang-trong-cua-anh-hai-1259.jpg\" class=\"attachment-medium size-medium wp-post-image\" alt=\"Chung Cu Sang Trong Cua Anh Hai 1259\" srcset=\"https:\/\/test1.cmsmart.net\/vthouse\/wp-content\/uploads\/2021\/03\/chung-cu-sang-trong-cua-anh-hai-1259.jpg 935w, https:\/\/test1.cmsmart.net\/vthouse\/wp-content\/uploads\/2021\/03\/chung-cu-sang-trong-cua-anh-hai-1259-768x986.jpg 768w, https:\/\/test1.cmsmart.net\/vthouse\/wp-content\/uploads\/2021\/03\/chung-cu-sang-trong-cua-anh-hai-1259-600x770.jpg 600w\" sizes=\"(max-width: 935px) 100vw, 935px\" \/>  \t\t\t\t\t\t\t  \t\t\t\t\t\t\t  \t\t\t\t\t\t<\/div>\n  \t\t\t\t\t\t  \t\t\t\t\t<\/div>\n          \t\t\t\t\t<div class=\"box-text text-center\" >\n\t\t\t\t\t<div class=\"box-text-inner blog-post-inner\">\n\n\t\t\t\t\t\n\t\t\t\t\t\t\t\t\t\t<h5 class=\"post-title is-large \">Chung c\u01b0 sang tr\u1ecdng c\u1ee7a anh H\u1ea3i<\/h5>\n\t\t\t\t\t\t\t\t\t\t<div class=\"is-divider\"><\/div>\n\t\t\t\t\t                    \n\t\t\t\t\t\n\t\t\t\t\t\n\t\t\t\t\t<\/div>\n\t\t\t\t\t<\/div>\n\t\t\t\t\t\t\t\t\t<\/div>\n\t\t\t\t<\/a>\n\t\t\t<\/div>\n\t\t<\/div>\n\t\t<div class=\"col post-item\" >\n\t\t\t<div class=\"col-inner\">\n\t\t\t<a href=\"https:\/\/test1.cmsmart.net\/vthouse\/hoan-thien-chung-cu-sang-trong-nha-anh-sy\/\" class=\"plain\">\n\t\t\t\t<div class=\"box box-normal box-text-bottom box-blog-post has-hover\">\n            \t\t\t\t\t<div class=\"box-image\" >\n  \t\t\t\t\t\t<div class=\"image-zoom image-cover\" style=\"padding-top:100%;\">\n  \t\t\t\t\t\t\t<img loading=\"lazy\" decoding=\"async\" width=\"660\" height=\"849\" src=\"https:\/\/test1.cmsmart.net\/vthouse\/wp-content\/uploads\/2021\/03\/luu-ban-nhap-tu-dong-1255.jpg\" class=\"attachment-medium size-medium wp-post-image\" alt=\"Luu Ban Nhap Tu Dong 1255\" srcset=\"https:\/\/test1.cmsmart.net\/vthouse\/wp-content\/uploads\/2021\/03\/luu-ban-nhap-tu-dong-1255.jpg 660w, https:\/\/test1.cmsmart.net\/vthouse\/wp-content\/uploads\/2021\/03\/luu-ban-nhap-tu-dong-1255-600x772.jpg 600w\" sizes=\"(max-width: 660px) 100vw, 660px\" \/>  \t\t\t\t\t\t\t  \t\t\t\t\t\t\t  \t\t\t\t\t\t<\/div>\n  \t\t\t\t\t\t  \t\t\t\t\t<\/div>\n          \t\t\t\t\t<div class=\"box-text text-center\" >\n\t\t\t\t\t<div class=\"box-text-inner blog-post-inner\">\n\n\t\t\t\t\t\n\t\t\t\t\t\t\t\t\t\t<h5 class=\"post-title is-large \">Ho\u00e0n thi\u1ec7n chung c\u01b0 sang tr\u1ecdng nh\u00e0 anh S\u1ef9<\/h5>\n\t\t\t\t\t\t\t\t\t\t<div class=\"is-divider\"><\/div>\n\t\t\t\t\t                    \n\t\t\t\t\t\n\t\t\t\t\t\n\t\t\t\t\t<\/div>\n\t\t\t\t\t<\/div>\n\t\t\t\t\t\t\t\t\t<\/div>\n\t\t\t\t<\/a>\n\t\t\t<\/div>\n\t\t<\/div>\n<\/div>\n\t\t<\/div>\n\t\t\t<\/div>\n\n\t\n<\/div>\n\t\t<\/div>\n\t\t\t<\/div>\n\n\t\n<\/div>\n\t\t<\/div>\n\n\t\t\n<style>\n#section_2104436618 {\n  padding-top: 0px;\n  padding-bottom: 0px;\n}\n<\/style>\n\t<\/section>\n\t\n","protected":false},"excerpt":{"rendered":"","protected":false},"author":1,"featured_media":0,"parent":0,"menu_order":0,"comment_status":"closed","ping_status":"closed","template":"page-blank.php","meta":{"inline_featured_image":false,"footnotes":""},"yoast_head":"<!-- This site is optimized with the Yoast SEO plugin v20.8 - https:\/\/yoast.com\/wordpress\/plugins\/seo\/ -->\n<title>C\u00e1c c\u00f4ng tr\u00ecnh ti\u00eau bi\u1ec3u - SUNTHAO Smarthome<\/title>\n<meta name=\"robots\" content=\"noindex, follow, max-snippet:-1, max-image-preview:large, max-video-preview:-1\" \/>\n<meta property=\"og:locale\" content=\"vi_VN\" \/>\n<meta property=\"og:type\" content=\"article\" \/>\n<meta property=\"og:title\" content=\"C\u00e1c c\u00f4ng tr\u00ecnh ti\u00eau bi\u1ec3u - SUNTHAO Smarthome\" \/>\n<meta property=\"og:url\" content=\"https:\/\/test1.cmsmart.net\/vthouse\/cong-trinh-tieu-bieu\/\" \/>\n<meta property=\"og:site_name\" content=\"SUNTHAO Smarthome\" \/>\n<meta property=\"article:modified_time\" content=\"2021-03-04T18:51:10+00:00\" \/>\n<meta name=\"twitter:card\" content=\"summary_large_image\" \/>\n<meta name=\"twitter:label1\" content=\"\u01af\u1edbc t\u00ednh th\u1eddi gian \u0111\u1ecdc\" \/>\n\t<meta name=\"twitter:data1\" content=\"2 ph\u00fat\" \/>\n<script type=\"application\/ld+json\" class=\"yoast-schema-graph\">{\"@context\":\"https:\/\/schema.org\",\"@graph\":[{\"@type\":\"WebPage\",\"@id\":\"https:\/\/test1.cmsmart.net\/vthouse\/cong-trinh-tieu-bieu\/\",\"url\":\"https:\/\/test1.cmsmart.net\/vthouse\/cong-trinh-tieu-bieu\/\",\"name\":\"C\u00e1c c\u00f4ng tr\u00ecnh ti\u00eau bi\u1ec3u - SUNTHAO Smarthome\",\"isPartOf\":{\"@id\":\"https:\/\/test1.cmsmart.net\/vthouse\/#website\"},\"datePublished\":\"2021-03-04T17:58:35+00:00\",\"dateModified\":\"2021-03-04T18:51:10+00:00\",\"breadcrumb\":{\"@id\":\"https:\/\/test1.cmsmart.net\/vthouse\/cong-trinh-tieu-bieu\/#breadcrumb\"},\"inLanguage\":\"vi\",\"potentialAction\":[{\"@type\":\"ReadAction\",\"target\":[\"https:\/\/test1.cmsmart.net\/vthouse\/cong-trinh-tieu-bieu\/\"]}]},{\"@type\":\"BreadcrumbList\",\"@id\":\"https:\/\/test1.cmsmart.net\/vthouse\/cong-trinh-tieu-bieu\/#breadcrumb\",\"itemListElement\":[{\"@type\":\"ListItem\",\"position\":1,\"name\":\"Trang ch\u1ee7\",\"item\":\"https:\/\/test1.cmsmart.net\/vthouse\/\"},{\"@type\":\"ListItem\",\"position\":2,\"name\":\"C\u00e1c c\u00f4ng tr\u00ecnh ti\u00eau bi\u1ec3u\"}]},{\"@type\":\"WebSite\",\"@id\":\"https:\/\/test1.cmsmart.net\/vthouse\/#website\",\"url\":\"https:\/\/test1.cmsmart.net\/vthouse\/\",\"name\":\"SUNTHAO Smarthome\",\"description\":\"\",\"potentialAction\":[{\"@type\":\"SearchAction\",\"target\":{\"@type\":\"EntryPoint\",\"urlTemplate\":\"https:\/\/test1.cmsmart.net\/vthouse\/?s={search_term_string}\"},\"query-input\":\"required name=search_term_string\"}],\"inLanguage\":\"vi\"}]}<\/script>\n<!-- \/ Yoast SEO plugin. -->","yoast_head_json":{"title":"C\u00e1c c\u00f4ng tr\u00ecnh ti\u00eau bi\u1ec3u - SUNTHAO Smarthome","robots":{"index":"noindex","follow":"follow","max-snippet":"max-snippet:-1","max-image-preview":"max-image-preview:large","max-video-preview":"max-video-preview:-1"},"og_locale":"vi_VN","og_type":"article","og_title":"C\u00e1c c\u00f4ng tr\u00ecnh ti\u00eau bi\u1ec3u - SUNTHAO Smarthome","og_url":"https:\/\/test1.cmsmart.net\/vthouse\/cong-trinh-tieu-bieu\/","og_site_name":"SUNTHAO Smarthome","article_modified_time":"2021-03-04T18:51:10+00:00","twitter_card":"summary_large_image","twitter_misc":{"\u01af\u1edbc t\u00ednh th\u1eddi gian \u0111\u1ecdc":"2 ph\u00fat"},"schema":{"@context":"https:\/\/schema.org","@graph":[{"@type":"WebPage","@id":"https:\/\/test1.cmsmart.net\/vthouse\/cong-trinh-tieu-bieu\/","url":"https:\/\/test1.cmsmart.net\/vthouse\/cong-trinh-tieu-bieu\/","name":"C\u00e1c c\u00f4ng tr\u00ecnh ti\u00eau bi\u1ec3u - SUNTHAO Smarthome","isPartOf":{"@id":"https:\/\/test1.cmsmart.net\/vthouse\/#website"},"datePublished":"2021-03-04T17:58:35+00:00","dateModified":"2021-03-04T18:51:10+00:00","breadcrumb":{"@id":"https:\/\/test1.cmsmart.net\/vthouse\/cong-trinh-tieu-bieu\/#breadcrumb"},"inLanguage":"vi","potentialAction":[{"@type":"ReadAction","target":["https:\/\/test1.cmsmart.net\/vthouse\/cong-trinh-tieu-bieu\/"]}]},{"@type":"BreadcrumbList","@id":"https:\/\/test1.cmsmart.net\/vthouse\/cong-trinh-tieu-bieu\/#breadcrumb","itemListElement":[{"@type":"ListItem","position":1,"name":"Trang ch\u1ee7","item":"https:\/\/test1.cmsmart.net\/vthouse\/"},{"@type":"ListItem","position":2,"name":"C\u00e1c c\u00f4ng tr\u00ecnh ti\u00eau bi\u1ec3u"}]},{"@type":"WebSite","@id":"https:\/\/test1.cmsmart.net\/vthouse\/#website","url":"https:\/\/test1.cmsmart.net\/vthouse\/","name":"SUNTHAO Smarthome","description":"","potentialAction":[{"@type":"SearchAction","target":{"@type":"EntryPoint","urlTemplate":"https:\/\/test1.cmsmart.net\/vthouse\/?s={search_term_string}"},"query-input":"required name=search_term_string"}],"inLanguage":"vi"}]}},"_links":{"self":[{"href":"https:\/\/test1.cmsmart.net\/vthouse\/wp-json\/wp\/v2\/pages\/1219"}],"collection":[{"href":"https:\/\/test1.cmsmart.net\/vthouse\/wp-json\/wp\/v2\/pages"}],"about":[{"href":"https:\/\/test1.cmsmart.net\/vthouse\/wp-json\/wp\/v2\/types\/page"}],"author":[{"embeddable":true,"href":"https:\/\/test1.cmsmart.net\/vthouse\/wp-json\/wp\/v2\/users\/1"}],"replies":[{"embeddable":true,"href":"https:\/\/test1.cmsmart.net\/vthouse\/wp-json\/wp\/v2\/comments?post=1219"}],"version-history":[{"count":0,"href":"https:\/\/test1.cmsmart.net\/vthouse\/wp-json\/wp\/v2\/pages\/1219\/revisions"}],"wp:attachment":[{"href":"https:\/\/test1.cmsmart.net\/vthouse\/wp-json\/wp\/v2\/media?parent=1219"}],"curies":[{"name":"wp","href":"https:\/\/api.w.org\/{rel}","templated":true}]}}