{"id":1034,"date":"2021-03-04T00:44:13","date_gmt":"2021-03-03T17:44:13","guid":{"rendered":"http:\/\/homegy.sonqb.com\/?page_id=1034"},"modified":"2021-03-04T00:55:44","modified_gmt":"2021-03-03T17:55:44","slug":"danh-sach-dai-ly","status":"publish","type":"page","link":"https:\/\/test1.cmsmart.net\/vthouse\/danh-sach-dai-ly\/","title":{"rendered":"Danh s\u00e1ch \u0111\u1ea1i l\u00fd"},"content":{"rendered":"<h1 style=\"text-align: center;\">DANH S\u00c1CH \u0110\u1ea0I L\u00dd<\/h1>\n<p style=\"text-align: center;\"><a href=\"tel:0987213234\">0987.213.xxx<\/a><\/p>\n<p style=\"text-align: center;\">https:\/\/sunthaosmart.vn<\/p>\n<p style=\"text-align: center;\">B50 \u0111\u01b0\u1eddng L\u00ea Quang \u0110\u1ea1o \u2013 Ph\u01b0\u1eddng \u0110\u00f4ng Ng\u00e0n \u2013 Th\u1ecb x\u00e3 T\u1eeb S\u01a1n \u2013 T\u1ec9nh B\u1eafc Ninh<\/p>\n<p style=\"text-align: center;\"><div class=\"dvls_maps_wrap\">\r\n    <div class=\"dvls_maps_container\">\r\n        <div class=\"dvls_maps_row dvls_maps_header\">\r\n            <div class=\"dvls_maps_header_left\">T\u00ecm ki\u1ebfm c\u1eeda h\u00e0ng<\/div>\r\n            <div class=\"dvls_maps_header_right\">\r\n                <form action=\"\" method=\"get\">\r\n                    <div class=\"dvls_maps_3col\">\r\n                        <div class=\"dvls_maps_col\">\r\n                            <select name=\"city\" id=\"dvls_city\" data-value=\"\">\r\n                                <option value=\"null\">Ch\u1ecdn t\u1ec9nh, th\u00e0nh ph\u1ed1<\/option>\r\n                            <\/select>\r\n                        <\/div>\r\n                        <div class=\"dvls_maps_col\">\r\n                            <select name=\"district\" id=\"dvls_district\" data-value=\"\">\r\n                                <option value=\"null\">Ch\u1ecdn qu\u1eadn, huy\u1ec7n<\/option>\r\n                            <\/select>\r\n                        <\/div>\r\n                        <div class=\"dvls_maps_col\">\r\n                            <input type=\"hidden\" id=\"dvls_nonce\" name=\"dvls_nonce\" value=\"85387beb3a\" \/><input type=\"hidden\" name=\"_wp_http_referer\" value=\"\/vthouse\/wp-json\/wp\/v2\/pages\/1034\" \/>                            <input value=\"T\u00ecm ki\u1ebfm\" type=\"submit\" class=\"dvls-submit\"\/>\r\n                        <\/div>\r\n                    <\/div>\r\n                    <div class=\"dvls_maps_col\">\r\n                        <a href=\"javascript:void(0);\" class=\"dvls_near_you\" title=\"T\u00ecm ki\u1ebfm c\u1eeda h\u00e0ng g\u1ea7n b\u1ea1n (<=20 km)\">T\u00ecm ki\u1ebfm c\u1eeda h\u00e0ng g\u1ea7n b\u1ea1n (<=20 km)<\/a>\r\n                    <\/div>\r\n                <\/form>\r\n            <\/div>\r\n        <\/div>\r\n        <div class=\"dvls_maps_row dvls_maps_body\">\r\n            <div class=\"dvls_maps_sidebar\">\r\n                                <div class=\"dvls_maps_sidebar_content\">\r\n                    <div class=\"dvls_result_status\">T\u00ecm th\u1ea5y <strong><\/strong> c\u1eeda h\u00e0ng<\/div>\r\n                    <div class=\"dvls_result_wrap\">\r\n                        \u0110ang t\u1ea3i...                    <\/div>\r\n                <\/div>\r\n                            <\/div>\r\n            <div class=\"dvls_maps_main\">\r\n                <div id=\"dvls_maps\"  data-lat=\"21.020799\" data-lng=\"105.809476\"><\/div>\r\n            <\/div>\r\n            <div id=\"dvls_fountainG\">\r\n                <div id=\"fountainG_1\" class=\"fountainG\"><\/div>\r\n                <div id=\"fountainG_2\" class=\"fountainG\"><\/div>\r\n                <div id=\"fountainG_3\" class=\"fountainG\"><\/div>\r\n                <div id=\"fountainG_4\" class=\"fountainG\"><\/div>\r\n                <div id=\"fountainG_5\" class=\"fountainG\"><\/div>\r\n                <div id=\"fountainG_6\" class=\"fountainG\"><\/div>\r\n                <div id=\"fountainG_7\" class=\"fountainG\"><\/div>\r\n                <div id=\"fountainG_8\" class=\"fountainG\"><\/div>\r\n            <\/div>\r\n        <\/div>\r\n    <\/div>\r\n<\/div>\n","protected":false},"excerpt":{"rendered":"<p>DANH S\u00c1CH \u0110\u1ea0I L\u00dd 0987.213.xxx https:\/\/sunthaosmart.vn B50 \u0111\u01b0\u1eddng L\u00ea Quang \u0110\u1ea1o \u2013 Ph\u01b0\u1eddng \u0110\u00f4ng Ng\u00e0n \u2013 Th\u1ecb x\u00e3 T\u1eeb S\u01a1n \u2013 T\u1ec9nh B\u1eafc Ninh<\/p>\n","protected":false},"author":1,"featured_media":0,"parent":0,"menu_order":0,"comment_status":"closed","ping_status":"closed","template":"","meta":{"inline_featured_image":false,"footnotes":""},"yoast_head":"<!-- This site is optimized with the Yoast SEO plugin v20.8 - https:\/\/yoast.com\/wordpress\/plugins\/seo\/ -->\n<title>Danh s\u00e1ch \u0111\u1ea1i l\u00fd - SUNTHAO Smarthome<\/title>\n<meta name=\"robots\" content=\"noindex, follow, max-snippet:-1, max-image-preview:large, max-video-preview:-1\" \/>\n<meta property=\"og:locale\" content=\"vi_VN\" \/>\n<meta property=\"og:type\" content=\"article\" \/>\n<meta property=\"og:title\" content=\"Danh s\u00e1ch \u0111\u1ea1i l\u00fd - SUNTHAO Smarthome\" \/>\n<meta property=\"og:description\" content=\"DANH S\u00c1CH \u0110\u1ea0I L\u00dd 0987.213.xxx https:\/\/sunthaosmart.vn B50 \u0111\u01b0\u1eddng L\u00ea Quang \u0110\u1ea1o \u2013 Ph\u01b0\u1eddng \u0110\u00f4ng Ng\u00e0n \u2013 Th\u1ecb x\u00e3 T\u1eeb S\u01a1n \u2013 T\u1ec9nh B\u1eafc Ninh\" \/>\n<meta property=\"og:url\" content=\"https:\/\/test1.cmsmart.net\/vthouse\/danh-sach-dai-ly\/\" \/>\n<meta property=\"og:site_name\" content=\"SUNTHAO Smarthome\" \/>\n<meta property=\"article:modified_time\" content=\"2021-03-03T17:55:44+00:00\" \/>\n<meta name=\"twitter:card\" content=\"summary_large_image\" \/>\n<meta name=\"twitter:label1\" content=\"\u01af\u1edbc t\u00ednh th\u1eddi gian \u0111\u1ecdc\" \/>\n\t<meta name=\"twitter:data1\" content=\"1 ph\u00fat\" \/>\n<script type=\"application\/ld+json\" class=\"yoast-schema-graph\">{\"@context\":\"https:\/\/schema.org\",\"@graph\":[{\"@type\":\"WebPage\",\"@id\":\"https:\/\/test1.cmsmart.net\/vthouse\/danh-sach-dai-ly\/\",\"url\":\"https:\/\/test1.cmsmart.net\/vthouse\/danh-sach-dai-ly\/\",\"name\":\"Danh s\u00e1ch \u0111\u1ea1i l\u00fd - SUNTHAO Smarthome\",\"isPartOf\":{\"@id\":\"https:\/\/test1.cmsmart.net\/vthouse\/#website\"},\"datePublished\":\"2021-03-03T17:44:13+00:00\",\"dateModified\":\"2021-03-03T17:55:44+00:00\",\"breadcrumb\":{\"@id\":\"https:\/\/test1.cmsmart.net\/vthouse\/danh-sach-dai-ly\/#breadcrumb\"},\"inLanguage\":\"vi\",\"potentialAction\":[{\"@type\":\"ReadAction\",\"target\":[\"https:\/\/test1.cmsmart.net\/vthouse\/danh-sach-dai-ly\/\"]}]},{\"@type\":\"BreadcrumbList\",\"@id\":\"https:\/\/test1.cmsmart.net\/vthouse\/danh-sach-dai-ly\/#breadcrumb\",\"itemListElement\":[{\"@type\":\"ListItem\",\"position\":1,\"name\":\"Trang ch\u1ee7\",\"item\":\"https:\/\/test1.cmsmart.net\/vthouse\/\"},{\"@type\":\"ListItem\",\"position\":2,\"name\":\"Danh s\u00e1ch \u0111\u1ea1i l\u00fd\"}]},{\"@type\":\"WebSite\",\"@id\":\"https:\/\/test1.cmsmart.net\/vthouse\/#website\",\"url\":\"https:\/\/test1.cmsmart.net\/vthouse\/\",\"name\":\"SUNTHAO Smarthome\",\"description\":\"\",\"potentialAction\":[{\"@type\":\"SearchAction\",\"target\":{\"@type\":\"EntryPoint\",\"urlTemplate\":\"https:\/\/test1.cmsmart.net\/vthouse\/?s={search_term_string}\"},\"query-input\":\"required name=search_term_string\"}],\"inLanguage\":\"vi\"}]}<\/script>\n<!-- \/ Yoast SEO plugin. -->","yoast_head_json":{"title":"Danh s\u00e1ch \u0111\u1ea1i l\u00fd - SUNTHAO Smarthome","robots":{"index":"noindex","follow":"follow","max-snippet":"max-snippet:-1","max-image-preview":"max-image-preview:large","max-video-preview":"max-video-preview:-1"},"og_locale":"vi_VN","og_type":"article","og_title":"Danh s\u00e1ch \u0111\u1ea1i l\u00fd - SUNTHAO Smarthome","og_description":"DANH S\u00c1CH \u0110\u1ea0I L\u00dd 0987.213.xxx https:\/\/sunthaosmart.vn B50 \u0111\u01b0\u1eddng L\u00ea Quang \u0110\u1ea1o \u2013 Ph\u01b0\u1eddng \u0110\u00f4ng Ng\u00e0n \u2013 Th\u1ecb x\u00e3 T\u1eeb S\u01a1n \u2013 T\u1ec9nh B\u1eafc Ninh","og_url":"https:\/\/test1.cmsmart.net\/vthouse\/danh-sach-dai-ly\/","og_site_name":"SUNTHAO Smarthome","article_modified_time":"2021-03-03T17:55:44+00:00","twitter_card":"summary_large_image","twitter_misc":{"\u01af\u1edbc t\u00ednh th\u1eddi gian \u0111\u1ecdc":"1 ph\u00fat"},"schema":{"@context":"https:\/\/schema.org","@graph":[{"@type":"WebPage","@id":"https:\/\/test1.cmsmart.net\/vthouse\/danh-sach-dai-ly\/","url":"https:\/\/test1.cmsmart.net\/vthouse\/danh-sach-dai-ly\/","name":"Danh s\u00e1ch \u0111\u1ea1i l\u00fd - SUNTHAO Smarthome","isPartOf":{"@id":"https:\/\/test1.cmsmart.net\/vthouse\/#website"},"datePublished":"2021-03-03T17:44:13+00:00","dateModified":"2021-03-03T17:55:44+00:00","breadcrumb":{"@id":"https:\/\/test1.cmsmart.net\/vthouse\/danh-sach-dai-ly\/#breadcrumb"},"inLanguage":"vi","potentialAction":[{"@type":"ReadAction","target":["https:\/\/test1.cmsmart.net\/vthouse\/danh-sach-dai-ly\/"]}]},{"@type":"BreadcrumbList","@id":"https:\/\/test1.cmsmart.net\/vthouse\/danh-sach-dai-ly\/#breadcrumb","itemListElement":[{"@type":"ListItem","position":1,"name":"Trang ch\u1ee7","item":"https:\/\/test1.cmsmart.net\/vthouse\/"},{"@type":"ListItem","position":2,"name":"Danh s\u00e1ch \u0111\u1ea1i l\u00fd"}]},{"@type":"WebSite","@id":"https:\/\/test1.cmsmart.net\/vthouse\/#website","url":"https:\/\/test1.cmsmart.net\/vthouse\/","name":"SUNTHAO Smarthome","description":"","potentialAction":[{"@type":"SearchAction","target":{"@type":"EntryPoint","urlTemplate":"https:\/\/test1.cmsmart.net\/vthouse\/?s={search_term_string}"},"query-input":"required name=search_term_string"}],"inLanguage":"vi"}]}},"_links":{"self":[{"href":"https:\/\/test1.cmsmart.net\/vthouse\/wp-json\/wp\/v2\/pages\/1034"}],"collection":[{"href":"https:\/\/test1.cmsmart.net\/vthouse\/wp-json\/wp\/v2\/pages"}],"about":[{"href":"https:\/\/test1.cmsmart.net\/vthouse\/wp-json\/wp\/v2\/types\/page"}],"author":[{"embeddable":true,"href":"https:\/\/test1.cmsmart.net\/vthouse\/wp-json\/wp\/v2\/users\/1"}],"replies":[{"embeddable":true,"href":"https:\/\/test1.cmsmart.net\/vthouse\/wp-json\/wp\/v2\/comments?post=1034"}],"version-history":[{"count":0,"href":"https:\/\/test1.cmsmart.net\/vthouse\/wp-json\/wp\/v2\/pages\/1034\/revisions"}],"wp:attachment":[{"href":"https:\/\/test1.cmsmart.net\/vthouse\/wp-json\/wp\/v2\/media?parent=1034"}],"curies":[{"name":"wp","href":"https:\/\/api.w.org\/{rel}","templated":true}]}}