{"id":1020,"date":"2021-03-03T23:46:06","date_gmt":"2021-03-03T16:46:06","guid":{"rendered":"http:\/\/homegy.sonqb.com\/?page_id=1020"},"modified":"2021-03-08T23:27:38","modified_gmt":"2021-03-08T16:27:38","slug":"tuyen-dung-vi-tri","status":"publish","type":"page","link":"https:\/\/test1.cmsmart.net\/vthouse\/tuyen-dung-vi-tri\/","title":{"rendered":"Tuy\u1ec3n d\u1ee5ng v\u1ecb tr\u00ed"},"content":{"rendered":"\t<section class=\"section tuyen-dung-vi-tri\" id=\"section_256267179\">\n\t\t<div class=\"bg section-bg fill bg-fill bg-loaded bg-loaded\" >\n\n\t\t\t\n\t\t\t\n\t\t\t\n\n\t\t<\/div>\n\n\t\t<div class=\"section-content relative\">\n\t\t\t\n<div class=\"row\"  id=\"row-902469280\">\n\n\t<div id=\"col-2116103774\" class=\"col medium-12 small-12 large-7\"  >\n\t\t<div class=\"col-inner\"  >\n\t\t\t\n\t\t\t\n<div class=\"container section-title-container\" style=\"margin-bottom:10px;\"><h1 class=\"section-title section-title-normal\"><b><\/b><span class=\"section-title-main\" style=\"font-size:80%;\">V\u1ecb Tr\u00ed \u0110ang Tuy\u1ec3n<\/span><b><\/b><\/h1><\/div>\n<div class=\"row align-middle item-job\"  id=\"row-805606344\">\n\n\t<div id=\"col-1119407186\" class=\"col medium-9 small-12 large-9\"  >\n\t\t<div class=\"col-inner\"  >\n\t\t\t\n\t\t\t\n<p><strong>Nh\u00e2n Vi\u00ean Kinh Doanh<\/strong><\/p>\n<ul class=\"list_mtcv\">\n<li><i class=\"fa fa-map-marker\" aria-hidden=\"true\"><\/i>\u00a0N\u01a1i l\u00e0m vi\u1ec7c: B50 \u0111\u01b0\u1eddng L\u00ea Quang \u0110\u1ea1o \u2013 Ph\u01b0\u1eddng \u0110\u00f4ng Ng\u00e0n \u2013 Th\u1ecb x\u00e3 T\u1eeb S\u01a1n \u2013 T\u1ec9nh B\u1eafc Ninh<\/li>\n<li><i class=\"fa fa-calendar\" aria-hidden=\"true\"><\/i>\u00a0Th\u1eddi gian: T\u1eeb Th\u1ee9 2 &#8211; Th\u1ee9 7<\/li>\n<li><i class=\"fa fa-user-o\" aria-hidden=\"true\"><\/i>\u00a0S\u1ed1 l\u01b0\u1ee3ng: 2<\/li>\n<li><i class=\"fa fa-cogs\" aria-hidden=\"true\"><\/i>\u00a0Ph\u00f2ng\/ban: Ph\u00f2ng kinh doanh<\/li>\n<li><i class=\"fa fa-usd\" aria-hidden=\"true\"><\/i>\u00a0M\u1ee9c l\u01b0\u01a1ng: Up to 10 tri\u1ec7u<\/li>\n<\/ul>\n\t\t<\/div>\n\t\t\t<\/div>\n\n\t\n\n\t<div id=\"col-843457898\" class=\"col medium-3 small-12 large-3\"  >\n\t\t<div class=\"col-inner\"  >\n\t\t\t\n\t\t\t\n<a href=\"https:\/\/smarthome3.maugiaodien.com\/tuyen-dung-vi-tri\/nhan-vien-kinh-doanh\" target=\"_self\" class=\"button success is-outline is-small box-shadow-2 box-shadow-3-hover lowercase\"  style=\"border-radius:5px;\">\n    <span>Xem th\u00eam<\/span>\n  <i class=\"icon-angle-right\" ><\/i><\/a>\n\n\t\t<\/div>\n\t\t\t<\/div>\n\n\t\n<\/div>\n<div class=\"row align-middle item-job\"  id=\"row-182901914\">\n\n\t<div id=\"col-1861123655\" class=\"col medium-9 small-12 large-9\"  >\n\t\t<div class=\"col-inner\"  >\n\t\t\t\n\t\t\t\n<p><strong>Nh\u00e2n Vi\u00ean Designer<\/strong><\/p>\n<ul class=\"list_mtcv\">\n<li><i class=\"fa fa-map-marker\" aria-hidden=\"true\"><\/i>\u00a0N\u01a1i l\u00e0m vi\u1ec7c: B50 \u0111\u01b0\u1eddng L\u00ea Quang \u0110\u1ea1o \u2013 Ph\u01b0\u1eddng \u0110\u00f4ng Ng\u00e0n \u2013 Th\u1ecb x\u00e3 T\u1eeb S\u01a1n \u2013 T\u1ec9nh B\u1eafc Ninh<\/li>\n<li><i class=\"fa fa-calendar\" aria-hidden=\"true\"><\/i>\u00a0Th\u1eddi gian: T\u1eeb Th\u1ee9 2 &#8211; Th\u1ee9 7<\/li>\n<li><i class=\"fa fa-user-o\" aria-hidden=\"true\"><\/i>\u00a0S\u1ed1 l\u01b0\u1ee3ng: 1<\/li>\n<li><i class=\"fa fa-cogs\" aria-hidden=\"true\"><\/i>\u00a0Ph\u00f2ng\/ban: Ph\u00f2ng Marketing<\/li>\n<li><i class=\"fa fa-usd\" aria-hidden=\"true\"><\/i>\u00a0M\u1ee9c l\u01b0\u01a1ng: Up to 10 tri\u1ec7u<\/li>\n<\/ul>\n\t\t<\/div>\n\t\t\t<\/div>\n\n\t\n\n\t<div id=\"col-1377468525\" class=\"col medium-3 small-12 large-3\"  >\n\t\t<div class=\"col-inner\"  >\n\t\t\t\n\t\t\t\n<a href=\"https:\/\/smarthome3.maugiaodien.com\/tuyen-dung-vi-tri\/nhan-vien-designer\" target=\"_self\" class=\"button success is-outline is-small box-shadow-2 box-shadow-3-hover lowercase\"  style=\"border-radius:5px;\">\n    <span>Xem th\u00eam<\/span>\n  <i class=\"icon-angle-right\" ><\/i><\/a>\n\n\t\t<\/div>\n\t\t\t<\/div>\n\n\t\n<\/div>\n\t\t<\/div>\n\t\t\t<\/div>\n\n\t\n\n\t<div id=\"col-405476095\" class=\"col medium-12 small-12 large-5\"  >\n\t\t<div class=\"col-inner text-center\" style=\"background-color:rgb(245, 245, 245);\" >\n\t\t\t\n\t\t\t\n\n<div class=\"wpcf7 no-js\" id=\"wpcf7-f1028-o1\" lang=\"vi\" dir=\"ltr\">\n<div class=\"screen-reader-response\"><p role=\"status\" aria-live=\"polite\" aria-atomic=\"true\"><\/p> <ul><\/ul><\/div>\n<form action=\"\/vthouse\/wp-json\/wp\/v2\/pages\/1020#wpcf7-f1028-o1\" method=\"post\" class=\"wpcf7-form init\" aria-label=\"Form li\u00ean h\u1ec7\" enctype=\"multipart\/form-data\" novalidate=\"novalidate\" data-status=\"init\">\n<div style=\"display: none;\">\n<input type=\"hidden\" name=\"_wpcf7\" value=\"1028\" \/>\n<input type=\"hidden\" name=\"_wpcf7_version\" value=\"5.7.6\" \/>\n<input type=\"hidden\" name=\"_wpcf7_locale\" value=\"vi\" \/>\n<input type=\"hidden\" name=\"_wpcf7_unit_tag\" value=\"wpcf7-f1028-o1\" \/>\n<input type=\"hidden\" name=\"_wpcf7_container_post\" value=\"0\" \/>\n<input type=\"hidden\" name=\"_wpcf7_posted_data_hash\" value=\"\" \/>\n<\/div>\n<div class=\"form-ung-tuyen\">\n\t<H3>G\u1eecI TH\u00d4NG TIN \u1ee8NG VI\u00caN\n\t<\/h3>\n\t<p><span class=\"wpcf7-form-control-wrap\" data-name=\"ho-ten\"><input size=\"40\" class=\"wpcf7-form-control wpcf7-text wpcf7-validates-as-required\" aria-required=\"true\" aria-invalid=\"false\" placeholder=\"H\u1ecd v\u00e0 t\u00ean *\" value=\"\" type=\"text\" name=\"ho-ten\" \/><\/span><br \/>\n<span class=\"wpcf7-form-control-wrap\" data-name=\"sdt-cua-ban\"><input size=\"40\" class=\"wpcf7-form-control wpcf7-text wpcf7-tel wpcf7-validates-as-required wpcf7-validates-as-tel\" aria-required=\"true\" aria-invalid=\"false\" placeholder=\"S\u1ed1 \u0111i\u1ec7n tho\u1ea1i\" value=\"\" type=\"tel\" name=\"sdt-cua-ban\" \/><\/span><br \/>\n<span class=\"wpcf7-form-control-wrap\" data-name=\"email\"><input size=\"40\" class=\"wpcf7-form-control wpcf7-text wpcf7-email wpcf7-validates-as-email\" aria-invalid=\"false\" placeholder=\"Email c\u1ee7a b\u1ea1n\" value=\"\" type=\"email\" name=\"email\" \/><\/span><br \/>\n<span class=\"wpcf7-form-control-wrap\" data-name=\"phong-ban\"><input size=\"40\" class=\"wpcf7-form-control wpcf7-text\" aria-invalid=\"false\" placeholder=\"Ph\u00f2ng ban\" value=\"\" type=\"text\" name=\"phong-ban\" \/><\/span><br \/>\n<span class=\"wpcf7-form-control-wrap\" data-name=\"thongtin-them\"><textarea cols=\"40\" rows=\"10\" class=\"wpcf7-form-control wpcf7-textarea\" aria-invalid=\"false\" placeholder=\"Th\u00f4ng tin th\u00eam\" name=\"thongtin-them\"><\/textarea><\/span><br \/>\n<span class=\"wpcf7-form-control-wrap\" data-name=\"file-cv\"><input size=\"40\" class=\"wpcf7-form-control wpcf7-file\" accept=\".pdf,.doc,.docx,.jpg,.png\" aria-invalid=\"false\" type=\"file\" name=\"file-cv\" \/><\/span>\n\t<\/p>\n\t<p><input class=\"wpcf7-form-control has-spinner wpcf7-submit\" type=\"submit\" value=\"G\u1eedi \u0111i\" \/>\n\t<\/p>\n\t<h4><em>XIN C\u1ea2M \u01a0N!<\/em>\n\t<\/h4>\n<\/div><div class=\"wpcf7-response-output\" aria-hidden=\"true\"><\/div>\n<\/form>\n<\/div>\n\n\t\t<\/div>\n\t\t\n<style>\n#col-405476095 > .col-inner {\n  padding: 15px 15px 15px 15px;\n  border-radius: 5px;\n}\n<\/style>\n\t<\/div>\n\n\t\n<\/div>\n\t\t<\/div>\n\n\t\t\n<style>\n#section_256267179 {\n  padding-top: 30px;\n  padding-bottom: 30px;\n}\n<\/style>\n\t<\/section>\n\t\n","protected":false},"excerpt":{"rendered":"","protected":false},"author":1,"featured_media":0,"parent":0,"menu_order":0,"comment_status":"closed","ping_status":"closed","template":"page-blank.php","meta":{"inline_featured_image":false,"footnotes":""},"yoast_head":"<!-- This site is optimized with the Yoast SEO plugin v20.8 - https:\/\/yoast.com\/wordpress\/plugins\/seo\/ -->\n<title>Tuy\u1ec3n d\u1ee5ng v\u1ecb tr\u00ed - SUNTHAO Smarthome<\/title>\n<meta name=\"robots\" content=\"noindex, follow, max-snippet:-1, max-image-preview:large, max-video-preview:-1\" \/>\n<meta property=\"og:locale\" content=\"vi_VN\" \/>\n<meta property=\"og:type\" content=\"article\" \/>\n<meta property=\"og:title\" content=\"Tuy\u1ec3n d\u1ee5ng v\u1ecb tr\u00ed - SUNTHAO Smarthome\" \/>\n<meta property=\"og:url\" content=\"https:\/\/test1.cmsmart.net\/vthouse\/tuyen-dung-vi-tri\/\" \/>\n<meta property=\"og:site_name\" content=\"SUNTHAO Smarthome\" \/>\n<meta property=\"article:modified_time\" content=\"2021-03-08T16:27:38+00:00\" \/>\n<meta name=\"twitter:card\" content=\"summary_large_image\" \/>\n<meta name=\"twitter:label1\" content=\"\u01af\u1edbc t\u00ednh th\u1eddi gian \u0111\u1ecdc\" \/>\n\t<meta name=\"twitter:data1\" content=\"1 ph\u00fat\" \/>\n<script type=\"application\/ld+json\" class=\"yoast-schema-graph\">{\"@context\":\"https:\/\/schema.org\",\"@graph\":[{\"@type\":\"WebPage\",\"@id\":\"https:\/\/test1.cmsmart.net\/vthouse\/tuyen-dung-vi-tri\/\",\"url\":\"https:\/\/test1.cmsmart.net\/vthouse\/tuyen-dung-vi-tri\/\",\"name\":\"Tuy\u1ec3n d\u1ee5ng v\u1ecb tr\u00ed - SUNTHAO Smarthome\",\"isPartOf\":{\"@id\":\"https:\/\/test1.cmsmart.net\/vthouse\/#website\"},\"datePublished\":\"2021-03-03T16:46:06+00:00\",\"dateModified\":\"2021-03-08T16:27:38+00:00\",\"breadcrumb\":{\"@id\":\"https:\/\/test1.cmsmart.net\/vthouse\/tuyen-dung-vi-tri\/#breadcrumb\"},\"inLanguage\":\"vi\",\"potentialAction\":[{\"@type\":\"ReadAction\",\"target\":[\"https:\/\/test1.cmsmart.net\/vthouse\/tuyen-dung-vi-tri\/\"]}]},{\"@type\":\"BreadcrumbList\",\"@id\":\"https:\/\/test1.cmsmart.net\/vthouse\/tuyen-dung-vi-tri\/#breadcrumb\",\"itemListElement\":[{\"@type\":\"ListItem\",\"position\":1,\"name\":\"Trang ch\u1ee7\",\"item\":\"https:\/\/test1.cmsmart.net\/vthouse\/\"},{\"@type\":\"ListItem\",\"position\":2,\"name\":\"Tuy\u1ec3n d\u1ee5ng v\u1ecb tr\u00ed\"}]},{\"@type\":\"WebSite\",\"@id\":\"https:\/\/test1.cmsmart.net\/vthouse\/#website\",\"url\":\"https:\/\/test1.cmsmart.net\/vthouse\/\",\"name\":\"SUNTHAO Smarthome\",\"description\":\"\",\"potentialAction\":[{\"@type\":\"SearchAction\",\"target\":{\"@type\":\"EntryPoint\",\"urlTemplate\":\"https:\/\/test1.cmsmart.net\/vthouse\/?s={search_term_string}\"},\"query-input\":\"required name=search_term_string\"}],\"inLanguage\":\"vi\"}]}<\/script>\n<!-- \/ Yoast SEO plugin. -->","yoast_head_json":{"title":"Tuy\u1ec3n d\u1ee5ng v\u1ecb tr\u00ed - SUNTHAO Smarthome","robots":{"index":"noindex","follow":"follow","max-snippet":"max-snippet:-1","max-image-preview":"max-image-preview:large","max-video-preview":"max-video-preview:-1"},"og_locale":"vi_VN","og_type":"article","og_title":"Tuy\u1ec3n d\u1ee5ng v\u1ecb tr\u00ed - SUNTHAO Smarthome","og_url":"https:\/\/test1.cmsmart.net\/vthouse\/tuyen-dung-vi-tri\/","og_site_name":"SUNTHAO Smarthome","article_modified_time":"2021-03-08T16:27:38+00:00","twitter_card":"summary_large_image","twitter_misc":{"\u01af\u1edbc t\u00ednh th\u1eddi gian \u0111\u1ecdc":"1 ph\u00fat"},"schema":{"@context":"https:\/\/schema.org","@graph":[{"@type":"WebPage","@id":"https:\/\/test1.cmsmart.net\/vthouse\/tuyen-dung-vi-tri\/","url":"https:\/\/test1.cmsmart.net\/vthouse\/tuyen-dung-vi-tri\/","name":"Tuy\u1ec3n d\u1ee5ng v\u1ecb tr\u00ed - SUNTHAO Smarthome","isPartOf":{"@id":"https:\/\/test1.cmsmart.net\/vthouse\/#website"},"datePublished":"2021-03-03T16:46:06+00:00","dateModified":"2021-03-08T16:27:38+00:00","breadcrumb":{"@id":"https:\/\/test1.cmsmart.net\/vthouse\/tuyen-dung-vi-tri\/#breadcrumb"},"inLanguage":"vi","potentialAction":[{"@type":"ReadAction","target":["https:\/\/test1.cmsmart.net\/vthouse\/tuyen-dung-vi-tri\/"]}]},{"@type":"BreadcrumbList","@id":"https:\/\/test1.cmsmart.net\/vthouse\/tuyen-dung-vi-tri\/#breadcrumb","itemListElement":[{"@type":"ListItem","position":1,"name":"Trang ch\u1ee7","item":"https:\/\/test1.cmsmart.net\/vthouse\/"},{"@type":"ListItem","position":2,"name":"Tuy\u1ec3n d\u1ee5ng v\u1ecb tr\u00ed"}]},{"@type":"WebSite","@id":"https:\/\/test1.cmsmart.net\/vthouse\/#website","url":"https:\/\/test1.cmsmart.net\/vthouse\/","name":"SUNTHAO Smarthome","description":"","potentialAction":[{"@type":"SearchAction","target":{"@type":"EntryPoint","urlTemplate":"https:\/\/test1.cmsmart.net\/vthouse\/?s={search_term_string}"},"query-input":"required name=search_term_string"}],"inLanguage":"vi"}]}},"_links":{"self":[{"href":"https:\/\/test1.cmsmart.net\/vthouse\/wp-json\/wp\/v2\/pages\/1020"}],"collection":[{"href":"https:\/\/test1.cmsmart.net\/vthouse\/wp-json\/wp\/v2\/pages"}],"about":[{"href":"https:\/\/test1.cmsmart.net\/vthouse\/wp-json\/wp\/v2\/types\/page"}],"author":[{"embeddable":true,"href":"https:\/\/test1.cmsmart.net\/vthouse\/wp-json\/wp\/v2\/users\/1"}],"replies":[{"embeddable":true,"href":"https:\/\/test1.cmsmart.net\/vthouse\/wp-json\/wp\/v2\/comments?post=1020"}],"version-history":[{"count":0,"href":"https:\/\/test1.cmsmart.net\/vthouse\/wp-json\/wp\/v2\/pages\/1020\/revisions"}],"wp:attachment":[{"href":"https:\/\/test1.cmsmart.net\/vthouse\/wp-json\/wp\/v2\/media?parent=1020"}],"curies":[{"name":"wp","href":"https:\/\/api.w.org\/{rel}","templated":true}]}}