{"id":4506,"date":"2024-10-30T18:59:41","date_gmt":"2024-10-30T17:59:41","guid":{"rendered":"https:\/\/test1.cmsmart.net\/candy\/?post_type=product&#038;p=4506"},"modified":"2024-10-30T19:11:06","modified_gmt":"2024-10-30T18:11:06","slug":"essbarer-ausdruck-schmetterlinge-in-rosa","status":"publish","type":"product","link":"https:\/\/test1.cmsmart.net\/candy\/produkt\/essbarer-ausdruck-schmetterlinge-in-rosa\/","title":{"rendered":"Essbarer Ausdruck &#8222;Schmetterlinge in Rosa&#8220;"},"content":{"rendered":"<p>Unser essbarer Ausdruck &#8222;Schmetterlinge in Rosa&#8220; ist die perfekte Dekoration f\u00fcr feminine Torten oder m\u00e4rchenhafte Kindertorten. Die zarten Schmetterlinge in verschiedenen Rosat\u00f6nen verleihen jeder Torte eine elegante und vertr\u00e4umte Note.<\/p>\n<p><strong>Produkteigenschaften:<\/strong><\/p>\n<ul>\n<li><strong>Motiv:<\/strong> Schmetterlinge in verschiedenen Rosat\u00f6nen<\/li>\n<li><strong>Gr\u00f6\u00dfen:<\/strong> Zwischen 3,5 und 6 cm<\/li>\n<li><strong>Anl\u00e4sse:<\/strong> Ideal f\u00fcr Torten f\u00fcr Frauen oder Kinder, z. B. Geburtstag, Baby Shower oder M\u00e4rchenfeier<\/li>\n<li><strong>Material:<\/strong> Essbarer Ausdruck auf hochwertiger St\u00e4rkemasse, lebensmittelechte Farben<\/li>\n<\/ul>\n","protected":false},"excerpt":{"rendered":"<p>Essbarer Ausdruck mit Schmetterlingen in Rosa, in Gr\u00f6\u00dfen von 3,5 bis 6 cm. Perfekt f\u00fcr feminine oder m\u00e4rchenhafte Torten<\/p>\n","protected":false},"featured_media":4509,"comment_status":"open","ping_status":"closed","template":"","meta":[],"product_brand":[],"product_cat":[38,168,33,44,236,41,210,241],"product_tag":[],"class_list":{"0":"post-4506","1":"product","2":"type-product","3":"status-publish","4":"has-post-thumbnail","6":"product_cat-baby-girl","7":"product_cat-blumen-schmetterlinge","8":"product_cat-essbare-ausdrucke-tortenaufleger","9":"product_cat-frau","10":"product_cat-natur-tiere-wald","11":"product_cat-prinzessinen","12":"product_cat-tiere","13":"product_cat-unicorn-einhorn","14":"product_shipping_class-warenpost","16":"first","17":"instock","18":"taxable","19":"shipping-taxable","20":"purchasable","21":"product-type-variable"},"_links":{"self":[{"href":"https:\/\/test1.cmsmart.net\/candy\/wp-json\/wp\/v2\/product\/4506","targetHints":{"allow":["GET"]}}],"collection":[{"href":"https:\/\/test1.cmsmart.net\/candy\/wp-json\/wp\/v2\/product"}],"about":[{"href":"https:\/\/test1.cmsmart.net\/candy\/wp-json\/wp\/v2\/types\/product"}],"replies":[{"embeddable":true,"href":"https:\/\/test1.cmsmart.net\/candy\/wp-json\/wp\/v2\/comments?post=4506"}],"wp:featuredmedia":[{"embeddable":true,"href":"https:\/\/test1.cmsmart.net\/candy\/wp-json\/wp\/v2\/media\/4509"}],"wp:attachment":[{"href":"https:\/\/test1.cmsmart.net\/candy\/wp-json\/wp\/v2\/media?parent=4506"}],"wp:term":[{"taxonomy":"product_brand","embeddable":true,"href":"https:\/\/test1.cmsmart.net\/candy\/wp-json\/wp\/v2\/product_brand?post=4506"},{"taxonomy":"product_cat","embeddable":true,"href":"https:\/\/test1.cmsmart.net\/candy\/wp-json\/wp\/v2\/product_cat?post=4506"},{"taxonomy":"product_tag","embeddable":true,"href":"https:\/\/test1.cmsmart.net\/candy\/wp-json\/wp\/v2\/product_tag?post=4506"}],"curies":[{"name":"wp","href":"https:\/\/api.w.org\/{rel}","templated":true}]}}