{"id":4484,"date":"2024-10-26T18:19:18","date_gmt":"2024-10-26T16:19:18","guid":{"rendered":"https:\/\/test1.cmsmart.net\/candy\/?post_type=product&#038;p=4484"},"modified":"2024-10-28T09:55:33","modified_gmt":"2024-10-28T08:55:33","slug":"cake-topper-devil-woman-personalisierbar-mit-zahl-und-schriftzug","status":"publish","type":"product","link":"https:\/\/test1.cmsmart.net\/candy\/produkt\/cake-topper-devil-woman-personalisierbar-mit-zahl-und-schriftzug\/","title":{"rendered":"Cake Topper &#8222;Devil Woman&#8220; \u2013 Personalisierbar mit Zahl und Schriftzug"},"content":{"rendered":"<div class=\"flex-shrink-0 flex flex-col relative items-end\">\n<div>\n<div class=\"pt-0\">\n<div class=\"gizmo-bot-avatar flex h-8 w-8 items-center justify-center overflow-hidden rounded-full\"><\/div>\n<\/div>\n<\/div>\n<\/div>\n<div class=\"group\/conversation-turn relative flex w-full min-w-0 flex-col agent-turn\">\n<div class=\"flex-col gap-1 md:gap-3\">\n<div class=\"flex max-w-full flex-col flex-grow\">\n<div class=\"min-h-8 text-message flex w-full flex-col items-end gap-2 whitespace-normal break-words [.text-message+&amp;]:mt-5\" dir=\"auto\" data-message-author-role=\"assistant\" data-message-id=\"79572c2e-7a46-4b1e-8a01-0a1f892614f4\" data-message-model-slug=\"gpt-4o\">\n<div class=\"flex w-full flex-col gap-1 empty:hidden first:pt-[3px]\">\n<div class=\"markdown prose w-full break-words dark:prose-invert light\">\n<p>Unser einzigartiger Cake Topper &#8222;Devil Woman&#8220; ist perfekt f\u00fcr eine Torte, die einer attraktiven und teuflisch sch\u00f6nen Frau gewidmet ist. Das Design zeigt eine verf\u00fchrerische Figur einer Frau, erg\u00e4nzt durch eine Zahl, die das Alter symbolisiert, und den Schriftzug &#8222;hot&#8220; \u2013 wahlweise auch auf Polnisch. Der Topper ist in verschiedenen Farben erh\u00e4ltlich, darunter Acryl in Rot, Schwarz, Gold oder Silber, sowie naturbelassenes Holz.<\/p>\n<p>Ideal f\u00fcr Geburtstagsfeiern, bei denen das Alter auf eine humorvolle und verf\u00fchrerische Art betont werden soll. Ein kreativer und auff\u00e4lliger Topper, der jeder Torte einen besonderen Charme verleiht.<\/p>\n<\/div>\n<\/div>\n<\/div>\n<\/div>\n<\/div>\n<\/div>\n","protected":false},"excerpt":{"rendered":"<p>Personalisierter Cake Topper &#8222;Devil Woman&#8220;\u00a0 personalisierbarer Zahl und dem Schriftzug &#8222;hot&#8220;. In verschiedenen Farben und Holz erh\u00e4ltlich \u2013 perfekt f\u00fcr Geburtstagstorten f\u00fcr teuflisch sch\u00f6ne Frauen.<\/p>\n","protected":false},"featured_media":4493,"comment_status":"open","ping_status":"closed","template":"","meta":[],"product_brand":[],"product_cat":[50,18,54],"product_tag":[],"class_list":{"0":"post-4484","1":"product","2":"type-product","3":"status-publish","4":"has-post-thumbnail","6":"product_cat-acryl-holz-cake-toppers","7":"product_cat-cake-toppers","8":"product_cat-frau-acryl-holz","9":"product_shipping_class-warenpost","10":"pa_farbe-akryl-holz-acryl-gold","11":"pa_farbe-akryl-holz-acryl-pink","12":"pa_farbe-akryl-holz-acryl-schwarz","13":"pa_farbe-akryl-holz-acryl-silber","14":"pa_farbe-akryl-holz-acryl-weiss","15":"pa_farbe-akryl-holz-sperholz-holz","16":"wcpa_has_options","18":"first","19":"instock","20":"taxable","21":"shipping-taxable","22":"purchasable","23":"product-type-variable"},"_links":{"self":[{"href":"https:\/\/test1.cmsmart.net\/candy\/wp-json\/wp\/v2\/product\/4484","targetHints":{"allow":["GET"]}}],"collection":[{"href":"https:\/\/test1.cmsmart.net\/candy\/wp-json\/wp\/v2\/product"}],"about":[{"href":"https:\/\/test1.cmsmart.net\/candy\/wp-json\/wp\/v2\/types\/product"}],"replies":[{"embeddable":true,"href":"https:\/\/test1.cmsmart.net\/candy\/wp-json\/wp\/v2\/comments?post=4484"}],"wp:featuredmedia":[{"embeddable":true,"href":"https:\/\/test1.cmsmart.net\/candy\/wp-json\/wp\/v2\/media\/4493"}],"wp:attachment":[{"href":"https:\/\/test1.cmsmart.net\/candy\/wp-json\/wp\/v2\/media?parent=4484"}],"wp:term":[{"taxonomy":"product_brand","embeddable":true,"href":"https:\/\/test1.cmsmart.net\/candy\/wp-json\/wp\/v2\/product_brand?post=4484"},{"taxonomy":"product_cat","embeddable":true,"href":"https:\/\/test1.cmsmart.net\/candy\/wp-json\/wp\/v2\/product_cat?post=4484"},{"taxonomy":"product_tag","embeddable":true,"href":"https:\/\/test1.cmsmart.net\/candy\/wp-json\/wp\/v2\/product_tag?post=4484"}],"curies":[{"name":"wp","href":"https:\/\/api.w.org\/{rel}","templated":true}]}}