{"id":4248,"date":"2024-10-10T13:54:22","date_gmt":"2024-10-10T11:54:22","guid":{"rendered":"https:\/\/test1.cmsmart.net\/candy\/?post_type=product&#038;p=4248"},"modified":"2024-10-10T13:54:22","modified_gmt":"2024-10-10T11:54:22","slug":"essbarer-ausdruck-happy-birthday-in-gold-und-schwarz-personalisiert-mit-name-und-zahl","status":"publish","type":"product","link":"https:\/\/test1.cmsmart.net\/candy\/produkt\/essbarer-ausdruck-happy-birthday-in-gold-und-schwarz-personalisiert-mit-name-und-zahl\/","title":{"rendered":"Essbarer Ausdruck &#8222;Happy Birthday&#8220; in Gold und Schwarz \u2013 Personalisiert mit Name und Zahl"},"content":{"rendered":"<p>Feiern Sie stilvoll und elegant mit unserem essbaren Ausdruck &#8222;Happy Birthday&#8220; in den Farben Gold und Schwarz. Dieser Druck ist speziell f\u00fcr Erwachsene konzipiert und verleiht jeder Geburtstagstorte eine gehobene und moderne Note. Ideal f\u00fcr runde Geburtstage wie den 50., 60., 70. oder andere bedeutende Jubil\u00e4en. Der Ausdruck kann mit dem Namen und der Zahl des Geburtstagskinds personalisiert werden und wird auf DIN A4 gedruckt.<\/p>\n","protected":false},"excerpt":{"rendered":"<p>Essbarer Ausdruck &#8222;Happy Birthday&#8220; in Gold und Schwarz, personalisierbar mit Name und Zahl. Ideal f\u00fcr elegante Geburtstagsfeiern und runde Geburtstage wie 50., 60., 70. usw. Gedruckt auf DIN A4.<\/p>\n","protected":false},"featured_media":4249,"comment_status":"open","ping_status":"closed","template":"","meta":[],"product_brand":[],"product_cat":[33,46],"product_tag":[],"class_list":{"0":"post-4248","1":"product","2":"type-product","3":"status-publish","4":"has-post-thumbnail","6":"product_cat-essbare-ausdrucke-tortenaufleger","7":"product_cat-happy-birthday-geburtstag","8":"product_shipping_class-warenpost","9":"wcpa_has_options","11":"first","12":"instock","13":"taxable","14":"shipping-taxable","15":"purchasable","16":"product-type-variable"},"_links":{"self":[{"href":"https:\/\/test1.cmsmart.net\/candy\/wp-json\/wp\/v2\/product\/4248","targetHints":{"allow":["GET"]}}],"collection":[{"href":"https:\/\/test1.cmsmart.net\/candy\/wp-json\/wp\/v2\/product"}],"about":[{"href":"https:\/\/test1.cmsmart.net\/candy\/wp-json\/wp\/v2\/types\/product"}],"replies":[{"embeddable":true,"href":"https:\/\/test1.cmsmart.net\/candy\/wp-json\/wp\/v2\/comments?post=4248"}],"wp:featuredmedia":[{"embeddable":true,"href":"https:\/\/test1.cmsmart.net\/candy\/wp-json\/wp\/v2\/media\/4249"}],"wp:attachment":[{"href":"https:\/\/test1.cmsmart.net\/candy\/wp-json\/wp\/v2\/media?parent=4248"}],"wp:term":[{"taxonomy":"product_brand","embeddable":true,"href":"https:\/\/test1.cmsmart.net\/candy\/wp-json\/wp\/v2\/product_brand?post=4248"},{"taxonomy":"product_cat","embeddable":true,"href":"https:\/\/test1.cmsmart.net\/candy\/wp-json\/wp\/v2\/product_cat?post=4248"},{"taxonomy":"product_tag","embeddable":true,"href":"https:\/\/test1.cmsmart.net\/candy\/wp-json\/wp\/v2\/product_tag?post=4248"}],"curies":[{"name":"wp","href":"https:\/\/api.w.org\/{rel}","templated":true}]}}