{"id":4233,"date":"2024-10-10T10:20:54","date_gmt":"2024-10-10T08:20:54","guid":{"rendered":"https:\/\/test1.cmsmart.net\/candy\/?post_type=product&#038;p=4233"},"modified":"2024-10-10T10:58:21","modified_gmt":"2024-10-10T08:58:21","slug":"essbarer-ausdruck-einhorn-mit-wolken-und-sternen-3-varianten-zur-auswahl","status":"publish","type":"product","link":"https:\/\/test1.cmsmart.net\/candy\/produkt\/essbarer-ausdruck-einhorn-mit-wolken-und-sternen-3-varianten-zur-auswahl\/","title":{"rendered":"Essbarer Ausdruck &#8222;Einhorn mit Wolken und Sternen&#8220; \u2013 3 Varianten zur Auswahl"},"content":{"rendered":"<p>Unser essbarer Ausdruck &#8222;Einhorn&#8220; bringt Magie und Farbe auf jede Torte! W\u00e4hlen Sie aus drei zauberhaften Varianten, die jeweils ein niedliches Einhorn zeigen, umgeben von Wolken, Sternen und Herzchen in wundersch\u00f6nen, regenbogenfarbenen T\u00f6nen. Dieser Ausdruck ist ideal f\u00fcr Kindergeburtstage oder andere magische Anl\u00e4sse. Auf einer eleganten Schleife haben Sie die M\u00f6glichkeit, den Namen des Kindes hinzuzuf\u00fcgen und so die Torte noch pers\u00f6nlicher zu gestalten.<\/p>\n<p>&nbsp;<\/p>\n","protected":false},"excerpt":{"rendered":"<p>Essbarer Ausdruck &#8222;Einhorn&#8220; mit Wolken, Sternen und Herzchen, in 3 Varianten zur Auswahl. In magischen Regenbogenfarben, personalisierbar mit dem Namen des Kindes. Perfekt f\u00fcr magische Kindergeburtstage!<\/p>\n","protected":false},"featured_media":4242,"comment_status":"open","ping_status":"closed","template":"","meta":[],"product_brand":[],"product_cat":[38,33,36,241],"product_tag":[],"class_list":{"0":"post-4233","1":"product","2":"type-product","3":"status-publish","4":"has-post-thumbnail","6":"product_cat-baby-girl","7":"product_cat-essbare-ausdrucke-tortenaufleger","8":"product_cat-kinder","9":"product_cat-unicorn-einhorn","10":"product_shipping_class-warenpost","11":"wcpa_has_options","13":"first","14":"instock","15":"taxable","16":"shipping-taxable","17":"purchasable","18":"product-type-variable"},"_links":{"self":[{"href":"https:\/\/test1.cmsmart.net\/candy\/wp-json\/wp\/v2\/product\/4233","targetHints":{"allow":["GET"]}}],"collection":[{"href":"https:\/\/test1.cmsmart.net\/candy\/wp-json\/wp\/v2\/product"}],"about":[{"href":"https:\/\/test1.cmsmart.net\/candy\/wp-json\/wp\/v2\/types\/product"}],"replies":[{"embeddable":true,"href":"https:\/\/test1.cmsmart.net\/candy\/wp-json\/wp\/v2\/comments?post=4233"}],"wp:featuredmedia":[{"embeddable":true,"href":"https:\/\/test1.cmsmart.net\/candy\/wp-json\/wp\/v2\/media\/4242"}],"wp:attachment":[{"href":"https:\/\/test1.cmsmart.net\/candy\/wp-json\/wp\/v2\/media?parent=4233"}],"wp:term":[{"taxonomy":"product_brand","embeddable":true,"href":"https:\/\/test1.cmsmart.net\/candy\/wp-json\/wp\/v2\/product_brand?post=4233"},{"taxonomy":"product_cat","embeddable":true,"href":"https:\/\/test1.cmsmart.net\/candy\/wp-json\/wp\/v2\/product_cat?post=4233"},{"taxonomy":"product_tag","embeddable":true,"href":"https:\/\/test1.cmsmart.net\/candy\/wp-json\/wp\/v2\/product_tag?post=4233"}],"curies":[{"name":"wp","href":"https:\/\/api.w.org\/{rel}","templated":true}]}}