{"id":4211,"date":"2024-09-30T21:42:11","date_gmt":"2024-09-30T19:42:11","guid":{"rendered":"https:\/\/test1.cmsmart.net\/candy\/?post_type=product&#038;p=4211"},"modified":"2024-10-07T10:30:07","modified_gmt":"2024-10-07T08:30:07","slug":"papier-cake-topper-prinzessinnenschloss","status":"publish","type":"product","link":"https:\/\/test1.cmsmart.net\/candy\/produkt\/papier-cake-topper-prinzessinnenschloss\/","title":{"rendered":"Papier Cake Topper &#8222;Prinzessinnenschloss&#8220;"},"content":{"rendered":"<p>Unser zauberhafter Papier Cake Topper &#8222;Prinzessinnenschloss&#8220; ist die ideale Dekoration f\u00fcr eine m\u00e4rchenhafte Torte. Das Design zeigt ein Schloss aus M\u00e4rchengeschichten und besteht aus zwei Schichten hochwertigem Papier. Sie k\u00f6nnen aus den Farben Rosa, Lila, Blau, Fuchsia, Rot, Schwarz,\u00a0 Silber und Gold w\u00e4hlen, um den Topper perfekt an Ihre Party anzupassen.<\/p>\n<p>Der Cake Topper wird bereits mit fest angebrachten St\u00e4bchen geliefert, sodass er direkt auf der Torte platziert werden kann. Erh\u00e4ltlich in verschiedenen Gr\u00f6\u00dfen, ist dieser Topper perfekt f\u00fcr Prinzessinnenpartys, Kindergeburtstage und besondere Anl\u00e4sse.<\/p>\n","protected":false},"excerpt":{"rendered":"<p>Zweischichtiger Papier Cake Topper &#8222;Prinzessinnenschloss&#8220; in w\u00e4hlbaren Farben , mit fest angebrachten St\u00e4bchen. Perfekt f\u00fcr M\u00e4rchentorten und Prinzessinnenpartys, in verschiedenen Gr\u00f6\u00dfen erh\u00e4ltlich.<\/p>\n","protected":false},"featured_media":4212,"comment_status":"open","ping_status":"closed","template":"","meta":[],"product_brand":[],"product_cat":[81,18,69,78,51],"product_tag":[],"class_list":{"0":"post-4211","1":"product","2":"type-product","3":"status-publish","4":"has-post-thumbnail","6":"product_cat-baby-girl-kinder-papier-cake-toppers","7":"product_cat-cake-toppers","8":"product_cat-kinder-papier-cake-toppers","9":"product_cat-maedchen","10":"product_cat-papier-cake-toppers","11":"product_shipping_class-warenpost","13":"first","14":"instock","15":"taxable","16":"shipping-taxable","17":"purchasable","18":"product-type-variable"},"_links":{"self":[{"href":"https:\/\/test1.cmsmart.net\/candy\/wp-json\/wp\/v2\/product\/4211","targetHints":{"allow":["GET"]}}],"collection":[{"href":"https:\/\/test1.cmsmart.net\/candy\/wp-json\/wp\/v2\/product"}],"about":[{"href":"https:\/\/test1.cmsmart.net\/candy\/wp-json\/wp\/v2\/types\/product"}],"replies":[{"embeddable":true,"href":"https:\/\/test1.cmsmart.net\/candy\/wp-json\/wp\/v2\/comments?post=4211"}],"wp:featuredmedia":[{"embeddable":true,"href":"https:\/\/test1.cmsmart.net\/candy\/wp-json\/wp\/v2\/media\/4212"}],"wp:attachment":[{"href":"https:\/\/test1.cmsmart.net\/candy\/wp-json\/wp\/v2\/media?parent=4211"}],"wp:term":[{"taxonomy":"product_brand","embeddable":true,"href":"https:\/\/test1.cmsmart.net\/candy\/wp-json\/wp\/v2\/product_brand?post=4211"},{"taxonomy":"product_cat","embeddable":true,"href":"https:\/\/test1.cmsmart.net\/candy\/wp-json\/wp\/v2\/product_cat?post=4211"},{"taxonomy":"product_tag","embeddable":true,"href":"https:\/\/test1.cmsmart.net\/candy\/wp-json\/wp\/v2\/product_tag?post=4211"}],"curies":[{"name":"wp","href":"https:\/\/api.w.org\/{rel}","templated":true}]}}