{"id":4163,"date":"2024-09-29T23:00:32","date_gmt":"2024-09-29T21:00:32","guid":{"rendered":"https:\/\/test1.cmsmart.net\/candy\/?post_type=product&#038;p=4163"},"modified":"2024-09-29T23:01:51","modified_gmt":"2024-09-29T21:01:51","slug":"cake-topper-2-herzen-acryl","status":"publish","type":"product","link":"https:\/\/test1.cmsmart.net\/candy\/produkt\/cake-topper-2-herzen-acryl\/","title":{"rendered":"Cake Topper &#8222;2 Herzen&#8220; \u2013 Acryl"},"content":{"rendered":"<p>Unser stilvoller Cake Topper &#8222;2 Herzen&#8220; ist die perfekte Wahl f\u00fcr romantische Anl\u00e4sse wie Hochzeiten, Valentinstag und mehr. Dieser dekorative Topper besteht aus zwei ineinander verschlungenen Herzen und ist in verschiedenen Farben erh\u00e4ltlich: Wei\u00df, Schwarz, Pink, Gold und Silber. Er wird mit einem stabilen St\u00e4bchen geliefert, das ein einfaches Anbringen auf der Torte erm\u00f6glicht.<\/p>\n<p>Gefertigt aus hochwertigem Acryl, verleiht dieser Cake Topper jeder Torte einen eleganten und romantischen Touch.<\/p>\n","protected":false},"excerpt":{"rendered":"<p>Cake Topper &#8222;2 Herzen&#8220; aus Acryl in den Farben Wei\u00df, Schwarz, Pink, Gold und Silber. Perfekt f\u00fcr Hochzeiten, Valentinstag und romantische Feiern. Mit St\u00e4bchen zur einfachen Befestigung.<\/p>\n","protected":false},"featured_media":4164,"comment_status":"open","ping_status":"closed","template":"","meta":[],"product_brand":[],"product_cat":[15],"product_tag":[],"class_list":{"0":"post-4163","1":"product","2":"type-product","3":"status-publish","4":"has-post-thumbnail","6":"product_cat-unkategorisiert","7":"product_shipping_class-warenpost","9":"first","10":"instock","11":"taxable","12":"shipping-taxable","13":"purchasable","14":"product-type-variable"},"_links":{"self":[{"href":"https:\/\/test1.cmsmart.net\/candy\/wp-json\/wp\/v2\/product\/4163","targetHints":{"allow":["GET"]}}],"collection":[{"href":"https:\/\/test1.cmsmart.net\/candy\/wp-json\/wp\/v2\/product"}],"about":[{"href":"https:\/\/test1.cmsmart.net\/candy\/wp-json\/wp\/v2\/types\/product"}],"replies":[{"embeddable":true,"href":"https:\/\/test1.cmsmart.net\/candy\/wp-json\/wp\/v2\/comments?post=4163"}],"wp:featuredmedia":[{"embeddable":true,"href":"https:\/\/test1.cmsmart.net\/candy\/wp-json\/wp\/v2\/media\/4164"}],"wp:attachment":[{"href":"https:\/\/test1.cmsmart.net\/candy\/wp-json\/wp\/v2\/media?parent=4163"}],"wp:term":[{"taxonomy":"product_brand","embeddable":true,"href":"https:\/\/test1.cmsmart.net\/candy\/wp-json\/wp\/v2\/product_brand?post=4163"},{"taxonomy":"product_cat","embeddable":true,"href":"https:\/\/test1.cmsmart.net\/candy\/wp-json\/wp\/v2\/product_cat?post=4163"},{"taxonomy":"product_tag","embeddable":true,"href":"https:\/\/test1.cmsmart.net\/candy\/wp-json\/wp\/v2\/product_tag?post=4163"}],"curies":[{"name":"wp","href":"https:\/\/api.w.org\/{rel}","templated":true}]}}