{"id":4148,"date":"2024-09-23T12:44:35","date_gmt":"2024-09-23T10:44:35","guid":{"rendered":"https:\/\/test1.cmsmart.net\/candy\/?post_type=product&#038;p=4148"},"modified":"2024-09-23T13:09:27","modified_gmt":"2024-09-23T11:09:27","slug":"tortenstuetzen-fuer-mehrstoeckige-torten-5-stueck-weiss-kunststoff","status":"publish","type":"product","link":"https:\/\/test1.cmsmart.net\/candy\/produkt\/tortenstuetzen-fuer-mehrstoeckige-torten-5-stueck-weiss-kunststoff\/","title":{"rendered":"Tortenst\u00fctzen f\u00fcr mehrst\u00f6ckige Torten \u2013 5 St\u00fcck, Wei\u00df, Kunststoff"},"content":{"rendered":"<p>Unsere stabilen und hygienischen Tortenst\u00fctzen aus hochwertigem Kunststoff sind die perfekte L\u00f6sung, um Schichten eines mehrst\u00f6ckigen Kuchens zu trennen oder als St\u00fctzen f\u00fcr gestapelte Torten zu dienen. Diese wei\u00dfen Kunststoffst\u00fctzen haben einen Durchmesser von 1,2 cm und eine L\u00e4nge von 24 cm, was sie ideal f\u00fcr den Einsatz in\u00a0 mehrst\u00f6ckigen Torten macht.<\/p>\n<p><strong>Produkteigenschaften:<\/strong><\/p>\n<ul>\n<li><strong>Menge:<\/strong> 5 St\u00fcck pro Set<\/li>\n<li><strong>Material:<\/strong> Wei\u00dfer, hygienischer Kunststoff<\/li>\n<li><strong>Durchmesser:<\/strong> 1,2 cm<\/li>\n<li><strong>L\u00e4nge:<\/strong> 24 cm<\/li>\n<li><strong>Verwendung:<\/strong> Ideal f\u00fcr gestapelte Torten , zur Unterst\u00fctzung mehrst\u00f6ckiger Torten\n<p><strong>Wichtiger Hinweis:<\/strong><br \/>\nF\u00fcr optimale Stabilit\u00e4t und Sicherheit empfehlen wir, diese St\u00fctzen in Kombination mit unseren <strong>Unterlagen f\u00fcr mehrst\u00f6ckige Torten<\/strong>, die ebenfalls in unserem Shop erh\u00e4ltlich sind, zu verwenden.<\/li>\n<\/ul>\n","protected":false},"excerpt":{"rendered":"<p>5 stabile und hygienische Kunststoffst\u00fctzen f\u00fcr mehrst\u00f6ckige Torten, ideal zur Stabilisierung und Trennung von Tortenschichten.<\/p>\n","protected":false},"featured_media":4149,"comment_status":"open","ping_status":"closed","template":"","meta":[],"product_brand":[],"product_cat":[35,34],"product_tag":[],"class_list":{"0":"post-4148","1":"product","2":"type-product","3":"status-publish","4":"has-post-thumbnail","6":"product_cat-cake-boards","7":"product_cat-tortenkartons","8":"product_shipping_class-warenpost","10":"first","11":"instock","12":"sale","13":"taxable","14":"shipping-taxable","15":"purchasable","16":"product-type-simple"},"_links":{"self":[{"href":"https:\/\/test1.cmsmart.net\/candy\/wp-json\/wp\/v2\/product\/4148","targetHints":{"allow":["GET"]}}],"collection":[{"href":"https:\/\/test1.cmsmart.net\/candy\/wp-json\/wp\/v2\/product"}],"about":[{"href":"https:\/\/test1.cmsmart.net\/candy\/wp-json\/wp\/v2\/types\/product"}],"replies":[{"embeddable":true,"href":"https:\/\/test1.cmsmart.net\/candy\/wp-json\/wp\/v2\/comments?post=4148"}],"wp:featuredmedia":[{"embeddable":true,"href":"https:\/\/test1.cmsmart.net\/candy\/wp-json\/wp\/v2\/media\/4149"}],"wp:attachment":[{"href":"https:\/\/test1.cmsmart.net\/candy\/wp-json\/wp\/v2\/media?parent=4148"}],"wp:term":[{"taxonomy":"product_brand","embeddable":true,"href":"https:\/\/test1.cmsmart.net\/candy\/wp-json\/wp\/v2\/product_brand?post=4148"},{"taxonomy":"product_cat","embeddable":true,"href":"https:\/\/test1.cmsmart.net\/candy\/wp-json\/wp\/v2\/product_cat?post=4148"},{"taxonomy":"product_tag","embeddable":true,"href":"https:\/\/test1.cmsmart.net\/candy\/wp-json\/wp\/v2\/product_tag?post=4148"}],"curies":[{"name":"wp","href":"https:\/\/api.w.org\/{rel}","templated":true}]}}