{"id":4131,"date":"2024-09-19T20:37:33","date_gmt":"2024-09-19T18:37:33","guid":{"rendered":"https:\/\/test1.cmsmart.net\/candy\/?post_type=product&#038;p=4131"},"modified":"2024-09-19T20:48:43","modified_gmt":"2024-09-19T18:48:43","slug":"essbarer-ausdruck-teddy-bear-fuer-jungen","status":"publish","type":"product","link":"https:\/\/test1.cmsmart.net\/candy\/produkt\/essbarer-ausdruck-teddy-bear-fuer-jungen\/","title":{"rendered":"Essbarer Ausdruck &#8222;Teddy Bear&#8220; f\u00fcr Jungen"},"content":{"rendered":"<p>Machen Sie den Geburtstag Ihres kleinen Jungen noch besonderer mit unserem personalisierten essbaren Ausdruck &#8222;Teddy Bear&#8220;. Das liebevolle Design zeigt drei niedliche Teddyb\u00e4ren: einen im Flugzeug, einen mit Luftballons und einen mit einem Geschenk, umgeben von ein paar weichen Wolken. Die sanften blauen Farbt\u00f6ne machen diesen Ausdruck perfekt f\u00fcr jede Jungen-Torte.<\/p>\n<p>Mit der M\u00f6glichkeit zur Personalisierung \u2013 f\u00fcgen Sie den Namen und das Alter des Kindes hinzu, um die Torte noch individueller zu gestalten.<\/p>\n","protected":false},"excerpt":{"rendered":"<p>Essbarer Ausdruck &#8222;Teddy Bear&#8220; f\u00fcr Jungen mit Teddyb\u00e4ren-Motiven, Wolken und Personalisierung. Ideal f\u00fcr eine Geburtstags- oder Tauf-Torte. Schicken Sie uns nach dem Kauf den Namen und das Alter des Kindes f\u00fcr die Personalisierung.<\/p>\n","protected":false},"featured_media":4134,"comment_status":"open","ping_status":"closed","template":"","meta":[],"product_brand":[],"product_cat":[37,33,36],"product_tag":[],"class_list":{"0":"post-4131","1":"product","2":"type-product","3":"status-publish","4":"has-post-thumbnail","6":"product_cat-baby-boy","7":"product_cat-essbare-ausdrucke-tortenaufleger","8":"product_cat-kinder","9":"product_shipping_class-warenpost","10":"wcpa_has_options","12":"first","13":"instock","14":"taxable","15":"shipping-taxable","16":"purchasable","17":"product-type-variable"},"_links":{"self":[{"href":"https:\/\/test1.cmsmart.net\/candy\/wp-json\/wp\/v2\/product\/4131","targetHints":{"allow":["GET"]}}],"collection":[{"href":"https:\/\/test1.cmsmart.net\/candy\/wp-json\/wp\/v2\/product"}],"about":[{"href":"https:\/\/test1.cmsmart.net\/candy\/wp-json\/wp\/v2\/types\/product"}],"replies":[{"embeddable":true,"href":"https:\/\/test1.cmsmart.net\/candy\/wp-json\/wp\/v2\/comments?post=4131"}],"wp:featuredmedia":[{"embeddable":true,"href":"https:\/\/test1.cmsmart.net\/candy\/wp-json\/wp\/v2\/media\/4134"}],"wp:attachment":[{"href":"https:\/\/test1.cmsmart.net\/candy\/wp-json\/wp\/v2\/media?parent=4131"}],"wp:term":[{"taxonomy":"product_brand","embeddable":true,"href":"https:\/\/test1.cmsmart.net\/candy\/wp-json\/wp\/v2\/product_brand?post=4131"},{"taxonomy":"product_cat","embeddable":true,"href":"https:\/\/test1.cmsmart.net\/candy\/wp-json\/wp\/v2\/product_cat?post=4131"},{"taxonomy":"product_tag","embeddable":true,"href":"https:\/\/test1.cmsmart.net\/candy\/wp-json\/wp\/v2\/product_tag?post=4131"}],"curies":[{"name":"wp","href":"https:\/\/api.w.org\/{rel}","templated":true}]}}