{"id":4093,"date":"2024-09-10T09:43:31","date_gmt":"2024-09-10T07:43:31","guid":{"rendered":"https:\/\/test1.cmsmart.net\/candy\/?post_type=product&#038;p=4093"},"modified":"2024-10-04T08:16:55","modified_gmt":"2024-10-04T06:16:55","slug":"workbook-tortowy-start-w-jezyku-polskim","status":"publish","type":"product","link":"https:\/\/test1.cmsmart.net\/candy\/produkt\/workbook-tortowy-start-w-jezyku-polskim\/","title":{"rendered":"Workbook &#8222;Tortowy Start&#8220; (w j\u0119zyku polskim)"},"content":{"rendered":"<p><strong>Tortowy Start: Od Hobby do W\u0142asnej Dzia\u0142alno\u015bci<\/strong> to kompleksowy workbook stworzony specjalnie dla pasjonatek tort\u00f3w i cukiernictwa, kt\u00f3re marz\u0105 o za\u0142o\u017ceniu w\u0142asnej dzia\u0142alno\u015bci w Niemczech. Niezale\u017cnie od tego, czy my\u015blisz o pracowni tortowej czy\u00a0 dekoracjach niejadalnych \u2013 ten workbook pomo\u017ce Ci w pocz\u0105tkowej fazie Twojego tortowego biznesu.<\/p>\n<p>Wewn\u0105trz znajdziesz:<\/p>\n<ul>\n<li><strong>\u0106wiczenia i pytania<\/strong> pomagaj\u0105ce odkry\u0107 Twoj\u0105 misj\u0119, zdefiniowa\u0107 cele i oceni\u0107 swoje umiej\u0119tno\u015bci.<\/li>\n<li><strong>Przegl\u0105d r\u00f3\u017cnych mo\u017cliwo\u015bci prowadzenia dzia\u0142alno\u015bci w Niemczech<\/strong>, w tym szczeg\u00f3\u0142owe om\u00f3wienie wymaga\u0144, plus\u00f3w i minus\u00f3w ka\u017cdej opcji.<\/li>\n<li><strong>Analiz\u0119 \u015bcie\u017cki biznesowej<\/strong> dostosowan\u0105 do Twoich preferencji i mo\u017cliwo\u015bci, pomagaj\u0105c\u0105 wybra\u0107 najlepsz\u0105 opcj\u0119 dla Ciebie.<\/li>\n<li><strong>Dodatek z odpowiedziami<\/strong> na Wasze konkretne pytania!<\/li>\n<\/ul>\n<p>Ponadto, jako bonus, otrzymasz <strong>praktyczne materia\u0142y<\/strong>, kt\u00f3re pomog\u0105 Ci lepiej zarz\u0105dza\u0107 swoim biznesem:<\/p>\n<ul>\n<li><strong>Wzory um\u00f3w<\/strong> na sprzeda\u017c tort\u00f3w i wykonanie Candy Baru (w j\u0119zyku niemieckim).<\/li>\n<li><strong>Formularze zam\u00f3wie\u0144<\/strong> na dekoracje niejadalne oraz torty (w j\u0119zyku polskim i niemieckim).<\/li>\n<\/ul>\n<p>Workbook jest idealnym narz\u0119dziem dla tych, kt\u00f3rzy chc\u0105 przej\u015b\u0107 od hobby do profesjonalizmu, zdobywaj\u0105c niezb\u0119dn\u0105 wiedz\u0119 i narz\u0119dzia do sukcesu w bran\u017cy cukierniczej. Nie czekaj \u2013 zainwestuj w siebie i zr\u00f3b pierwszy krok ku realizacji swoich marze\u0144!<\/p>\n<p>Kup teraz i zacznij swoj\u0105 drog\u0119 do w\u0142asnego tortowego biznesu!<\/p>\n<p>Ten workbook, w formacie PDF, idealny do czytania na smartfonie, notebooku lub do druku, pomo\u017ce Ci odkry\u0107 swoj\u0105 pasj\u0119, zdefiniowa\u0107 cele biznesowe i wybra\u0107 najlepsz\u0105 \u015bcie\u017ck\u0119 do prowadzenia w\u0142asnej dzia\u0142alno\u015bci. To prawie 30 stron praktycznych \u0107wicze\u0144 i cennej wiedzy, wraz z materia\u0142ami bonusowymi, kt\u00f3re u\u0142atwi\u0105 Ci start.<\/p>\n<p><em>Uwaga: To jest produkt cyfrowy, nie jest to produkt fizyczny. Po zakupie produktu, zostanie on przes\u0142any automatycznie na\u00a0 podany adres E-mail.<br \/>\nZgodnie z niemieckim prawem, na produkty cyfrowe nie przys\u0142uguje zwrot ani odst\u0105pienie od umowy.<br \/>\n<\/em><\/p>\n","protected":false},"excerpt":{"rendered":"<p><strong>\u00a0Od Hobby do W\u0142asnej Dzia\u0142alno\u015bci<\/strong> \u2013\u00a0 Ten workbook pomo\u017ce Ci odkry\u0107 swoj\u0105 pasj\u0119, zdefiniowa\u0107 cele biznesowe i wybra\u0107 najlepsz\u0105 \u015bcie\u017ck\u0119 do prowadzenia w\u0142asnej dzia\u0142alno\u015bci. Dodatkowo otrzymasz praktyczne materia\u0142y bonusowe: wzory um\u00f3w i formularze zam\u00f3wie\u0144, kt\u00f3re u\u0142atwi\u0105 Ci start. Zainwestuj w siebie i rozpocznij swoj\u0105 tortow\u0105 przygod\u0119 ju\u017c dzi\u015b!<\/p>\n","protected":false},"featured_media":4094,"comment_status":"open","ping_status":"closed","template":"","meta":[],"product_brand":[],"product_cat":[234],"product_tag":[],"class_list":{"0":"post-4093","1":"product","2":"type-product","3":"status-publish","4":"has-post-thumbnail","6":"product_cat-e-books-workbooks","8":"first","9":"instock","10":"downloadable","11":"virtual","12":"taxable","13":"purchasable","14":"product-type-simple"},"_links":{"self":[{"href":"https:\/\/test1.cmsmart.net\/candy\/wp-json\/wp\/v2\/product\/4093","targetHints":{"allow":["GET"]}}],"collection":[{"href":"https:\/\/test1.cmsmart.net\/candy\/wp-json\/wp\/v2\/product"}],"about":[{"href":"https:\/\/test1.cmsmart.net\/candy\/wp-json\/wp\/v2\/types\/product"}],"replies":[{"embeddable":true,"href":"https:\/\/test1.cmsmart.net\/candy\/wp-json\/wp\/v2\/comments?post=4093"}],"wp:featuredmedia":[{"embeddable":true,"href":"https:\/\/test1.cmsmart.net\/candy\/wp-json\/wp\/v2\/media\/4094"}],"wp:attachment":[{"href":"https:\/\/test1.cmsmart.net\/candy\/wp-json\/wp\/v2\/media?parent=4093"}],"wp:term":[{"taxonomy":"product_brand","embeddable":true,"href":"https:\/\/test1.cmsmart.net\/candy\/wp-json\/wp\/v2\/product_brand?post=4093"},{"taxonomy":"product_cat","embeddable":true,"href":"https:\/\/test1.cmsmart.net\/candy\/wp-json\/wp\/v2\/product_cat?post=4093"},{"taxonomy":"product_tag","embeddable":true,"href":"https:\/\/test1.cmsmart.net\/candy\/wp-json\/wp\/v2\/product_tag?post=4093"}],"curies":[{"name":"wp","href":"https:\/\/api.w.org\/{rel}","templated":true}]}}