{"id":4073,"date":"2024-08-08T11:45:25","date_gmt":"2024-08-08T09:45:25","guid":{"rendered":"https:\/\/test1.cmsmart.net\/candy\/?post_type=product&#038;p=4073"},"modified":"2024-08-08T11:48:27","modified_gmt":"2024-08-08T09:48:27","slug":"fussball","status":"publish","type":"product","link":"https:\/\/test1.cmsmart.net\/candy\/produkt\/fussball\/","title":{"rendered":"Essbarer Ausdruck Fu\u00dfball"},"content":{"rendered":"<p>Essbarer Ausdruck mit einem Fu\u00dfball-Motiv, perfekt f\u00fcr Fu\u00dfballfans! Das Set enth\u00e4lt einen gro\u00dfen, runden Ausdruck (20 cm Durchmesser) mit einem Fu\u00dfball, der im Tor landet, sowie vier kleinere Fu\u00dfb\u00e4lle, die am Rand der Torte platziert werden k\u00f6nnen.<\/p>\n","protected":false},"excerpt":{"rendered":"<p>Essbarer Ausdruck mit einem Fu\u00dfballmotiv (20 cm) und vier kleinen B\u00e4llen. Ideal zur Dekoration von Fu\u00dfballtorten. Zum Selbstausschneiden.<\/p>\n","protected":false},"featured_media":4074,"comment_status":"open","ping_status":"closed","template":"","meta":[],"product_brand":[],"product_cat":[33,36,45,47],"product_tag":[],"class_list":{"0":"post-4073","1":"product","2":"type-product","3":"status-publish","4":"has-post-thumbnail","6":"product_cat-essbare-ausdrucke-tortenaufleger","7":"product_cat-kinder","8":"product_cat-mann","9":"product_cat-sport-hobby-beruf","10":"product_shipping_class-warenpost","12":"first","13":"instock","14":"taxable","15":"shipping-taxable","16":"purchasable","17":"product-type-variable"},"_links":{"self":[{"href":"https:\/\/test1.cmsmart.net\/candy\/wp-json\/wp\/v2\/product\/4073","targetHints":{"allow":["GET"]}}],"collection":[{"href":"https:\/\/test1.cmsmart.net\/candy\/wp-json\/wp\/v2\/product"}],"about":[{"href":"https:\/\/test1.cmsmart.net\/candy\/wp-json\/wp\/v2\/types\/product"}],"replies":[{"embeddable":true,"href":"https:\/\/test1.cmsmart.net\/candy\/wp-json\/wp\/v2\/comments?post=4073"}],"wp:featuredmedia":[{"embeddable":true,"href":"https:\/\/test1.cmsmart.net\/candy\/wp-json\/wp\/v2\/media\/4074"}],"wp:attachment":[{"href":"https:\/\/test1.cmsmart.net\/candy\/wp-json\/wp\/v2\/media?parent=4073"}],"wp:term":[{"taxonomy":"product_brand","embeddable":true,"href":"https:\/\/test1.cmsmart.net\/candy\/wp-json\/wp\/v2\/product_brand?post=4073"},{"taxonomy":"product_cat","embeddable":true,"href":"https:\/\/test1.cmsmart.net\/candy\/wp-json\/wp\/v2\/product_cat?post=4073"},{"taxonomy":"product_tag","embeddable":true,"href":"https:\/\/test1.cmsmart.net\/candy\/wp-json\/wp\/v2\/product_tag?post=4073"}],"curies":[{"name":"wp","href":"https:\/\/api.w.org\/{rel}","templated":true}]}}