{"id":4056,"date":"2024-08-02T12:35:11","date_gmt":"2024-08-02T10:35:11","guid":{"rendered":"https:\/\/test1.cmsmart.net\/candy\/?post_type=product&#038;p=4056"},"modified":"2024-10-29T10:51:01","modified_gmt":"2024-10-29T09:51:01","slug":"unterlage-fuer-mehrstoeckige-torten","status":"publish","type":"product","link":"https:\/\/test1.cmsmart.net\/candy\/produkt\/unterlage-fuer-mehrstoeckige-torten\/","title":{"rendered":"Unterlage f\u00fcr mehrst\u00f6ckige Torten"},"content":{"rendered":"<p>Dieser d\u00fcnne, beidseitige Cake Board mit Loch ist ideal, um zwischen den Schichten einer mehrst\u00f6ckigen Torte platziert zu werden. Er bietet Stabilit\u00e4t und erm\u00f6glicht den Bau hoher und stabiler Torten.<\/p>\n<ul>\n<li><strong>Farbe:<\/strong> Wei\u00df<\/li>\n<li><strong>Verf\u00fcgbarkeit:<\/strong> In vielen Gr\u00f6\u00dfen erh\u00e4ltlich.<\/li>\n<li><strong>Erg\u00e4nzung:<\/strong> Wir empfehlen auch die Verwendung unserer Tortenst\u00fctzen, die ebenfalls in unserem Shop erh\u00e4ltlich sind<\/li>\n<\/ul>\n","protected":false},"excerpt":{"rendered":"<p>D\u00fcnner, beidseitiger Cake Board mit Loch, ideal f\u00fcr den Bau stabiler, mehrst\u00f6ckiger Torten. Erh\u00e4ltlich in vielen Gr\u00f6\u00dfen, Farbe Wei\u00df. Verwendung in Kombination mit unseren Tortenst\u00fctzen empfohlen<\/p>\n","protected":false},"featured_media":4057,"comment_status":"open","ping_status":"closed","template":"","meta":[],"product_brand":[],"product_cat":[35],"product_tag":[],"class_list":{"0":"post-4056","1":"product","2":"type-product","3":"status-publish","4":"has-post-thumbnail","6":"product_cat-cake-boards","7":"product_shipping_class-warenpost","9":"first","10":"instock","11":"taxable","12":"shipping-taxable","13":"purchasable","14":"product-type-variable"},"_links":{"self":[{"href":"https:\/\/test1.cmsmart.net\/candy\/wp-json\/wp\/v2\/product\/4056","targetHints":{"allow":["GET"]}}],"collection":[{"href":"https:\/\/test1.cmsmart.net\/candy\/wp-json\/wp\/v2\/product"}],"about":[{"href":"https:\/\/test1.cmsmart.net\/candy\/wp-json\/wp\/v2\/types\/product"}],"replies":[{"embeddable":true,"href":"https:\/\/test1.cmsmart.net\/candy\/wp-json\/wp\/v2\/comments?post=4056"}],"wp:featuredmedia":[{"embeddable":true,"href":"https:\/\/test1.cmsmart.net\/candy\/wp-json\/wp\/v2\/media\/4057"}],"wp:attachment":[{"href":"https:\/\/test1.cmsmart.net\/candy\/wp-json\/wp\/v2\/media?parent=4056"}],"wp:term":[{"taxonomy":"product_brand","embeddable":true,"href":"https:\/\/test1.cmsmart.net\/candy\/wp-json\/wp\/v2\/product_brand?post=4056"},{"taxonomy":"product_cat","embeddable":true,"href":"https:\/\/test1.cmsmart.net\/candy\/wp-json\/wp\/v2\/product_cat?post=4056"},{"taxonomy":"product_tag","embeddable":true,"href":"https:\/\/test1.cmsmart.net\/candy\/wp-json\/wp\/v2\/product_tag?post=4056"}],"curies":[{"name":"wp","href":"https:\/\/api.w.org\/{rel}","templated":true}]}}