{"id":3978,"date":"2024-06-29T11:38:47","date_gmt":"2024-06-29T09:38:47","guid":{"rendered":"https:\/\/test1.cmsmart.net\/candy\/?post_type=product&#038;p=3978"},"modified":"2024-06-29T11:50:40","modified_gmt":"2024-06-29T09:50:40","slug":"essbarer-ausdruck-meerjungfrau-mit-muscheln-und-seesternen-2","status":"publish","type":"product","link":"https:\/\/test1.cmsmart.net\/candy\/produkt\/essbarer-ausdruck-meerjungfrau-mit-muscheln-und-seesternen-2\/","title":{"rendered":"Essbarer Ausdruck \u201eShopping in Paris&#8220; mit Name"},"content":{"rendered":"<p>Verleihen Sie Ihren Torten einen Hauch von Paris mit unserem essbaren Ausdruck \u201eShopping in Paris\u201c.<\/p>\n<p>Perfekt f\u00fcr alle, die Mode und Paris lieben.Die Illustrationen  verleihen jeder Torte einen Hauch von franz\u00f6sischem Chic. Sie k\u00f6nnen die separaten Grafiken nach Belieben platzieren und eine individuelle Szene gestalten.<\/p>\n<p>Ideal f\u00fcr Geburtstage und M\u00e4delsabende.Unsere essbaren Ausdr\u00fccke sind aus hochwertiger St\u00e4rke gefertigt und behalten ihre Farben auch nach dem Auftragen.<\/p>\n","protected":false},"excerpt":{"rendered":"<p>Essbarer Ausdruck \u201eShopping in Paris\u201c \u2013 Elegante Grafiken mit Eiffelturm, Macarons und modischen Frauen. Perfekt f\u00fcr Torten im Pariser Stil und Mode-Liebhaberinnen.<\/p>\n","protected":false},"featured_media":3982,"comment_status":"open","ping_status":"closed","template":"","meta":[],"product_brand":[],"product_cat":[33,44],"product_tag":[],"class_list":{"0":"post-3978","1":"product","2":"type-product","3":"status-publish","4":"has-post-thumbnail","6":"product_cat-essbare-ausdrucke-tortenaufleger","7":"product_cat-frau","8":"product_shipping_class-warenpost","10":"first","11":"instock","12":"taxable","13":"shipping-taxable","14":"purchasable","15":"product-type-variable"},"_links":{"self":[{"href":"https:\/\/test1.cmsmart.net\/candy\/wp-json\/wp\/v2\/product\/3978","targetHints":{"allow":["GET"]}}],"collection":[{"href":"https:\/\/test1.cmsmart.net\/candy\/wp-json\/wp\/v2\/product"}],"about":[{"href":"https:\/\/test1.cmsmart.net\/candy\/wp-json\/wp\/v2\/types\/product"}],"replies":[{"embeddable":true,"href":"https:\/\/test1.cmsmart.net\/candy\/wp-json\/wp\/v2\/comments?post=3978"}],"wp:featuredmedia":[{"embeddable":true,"href":"https:\/\/test1.cmsmart.net\/candy\/wp-json\/wp\/v2\/media\/3982"}],"wp:attachment":[{"href":"https:\/\/test1.cmsmart.net\/candy\/wp-json\/wp\/v2\/media?parent=3978"}],"wp:term":[{"taxonomy":"product_brand","embeddable":true,"href":"https:\/\/test1.cmsmart.net\/candy\/wp-json\/wp\/v2\/product_brand?post=3978"},{"taxonomy":"product_cat","embeddable":true,"href":"https:\/\/test1.cmsmart.net\/candy\/wp-json\/wp\/v2\/product_cat?post=3978"},{"taxonomy":"product_tag","embeddable":true,"href":"https:\/\/test1.cmsmart.net\/candy\/wp-json\/wp\/v2\/product_tag?post=3978"}],"curies":[{"name":"wp","href":"https:\/\/api.w.org\/{rel}","templated":true}]}}