{"id":3963,"date":"2024-06-28T11:06:30","date_gmt":"2024-06-28T09:06:30","guid":{"rendered":"https:\/\/test1.cmsmart.net\/candy\/?post_type=product&#038;p=3963"},"modified":"2024-06-28T12:26:49","modified_gmt":"2024-06-28T10:26:49","slug":"dekor-aus-holz-namen-mit-herz-personalisiert-ideal-fuer-hochzeit-oder-verlobung-boho-stil-20-cm-rund","status":"publish","type":"product","link":"https:\/\/test1.cmsmart.net\/candy\/produkt\/dekor-aus-holz-namen-mit-herz-personalisiert-ideal-fuer-hochzeit-oder-verlobung-boho-stil-20-cm-rund\/","title":{"rendered":"Dekor aus Holz \u201eNamen mit Herz\u201c \u2013 Personalisiert, ideal f\u00fcr Hochzeit oder Verlobung, Boho-Stil, 20 cm, Rund"},"content":{"rendered":"<p>Feiern Sie Ihre Liebe mit unserem wundersch\u00f6nen, personalisierbaren Dekor aus Holz \u201eNamen mit Herz\u201c. Dieses elegante Accessoire ist perfekt f\u00fcr Hochzeiten, Verlobungen oder als romantisches Geschenk. Der Dekor besteht aus den Namen des Ehepaars, die kunstvoll mit einem Herz verbunden sind. Umrahmt wird das Ganze von zarten Blumen und Zweigen, die im beliebten Boho-Stil gehalten sind.<\/p>\n<p>Gefertigt aus hochwertigem Sperrholz, strahlt der Dekor nat\u00fcrliche Sch\u00f6nheit und rustikalen Charme aus. Der runde Anh\u00e4nger mit einem Durchmesser von 20 cm l\u00e4sst sich leicht aufh\u00e4ngen und wird zum Blickfang in jeder Umgebung \u2013 sei es als Dekoration bei der Feier oder als liebevolles Detail im Zuhause des Paares.<\/p>\n<p>Bestellen Sie den Dekor aus Holz \u201eNamen mit Herz\u201c und schaffen Sie eine bleibende Erinnerung an diesen besonderen Tag. Einfach den Namen des Paares angeben und wir fertigen dieses einzigartige St\u00fcck mit Liebe und Sorgfalt.<\/p>\n<p>Achtung! Das dekor hat keinen <span>Plexiglas-Stab zum einstechen.<\/span><\/p>\n","protected":false},"excerpt":{"rendered":"<div class=\"flex-1 overflow-hidden\">\n<div class=\"react-scroll-to-bottom--css-onzgg-79elbk h-full\">\n<div class=\"react-scroll-to-bottom--css-onzgg-1n7m0yu\">\n<div class=\"flex flex-col text-sm pb-9\">\n<div class=\"w-full text-token-text-primary\" data-testid=\"conversation-turn-314\">\n<div class=\"px-4 py-2 justify-center text-base md:gap-6 m-auto\">\n<div class=\"flex flex-1 text-base mx-auto gap-3 md:px-5 lg:px-1 xl:px-5 md:max-w-3xl lg:max-w-[40rem] xl:max-w-[48rem] group final-completion\">\n<div class=\"relative flex w-full flex-col agent-turn\">\n<div class=\"flex-col gap-1 md:gap-3\">\n<div class=\"flex flex-grow flex-col max-w-full\">\n<div class=\"min-h-[20px] text-message flex flex-col items-start gap-3 whitespace-pre-wrap break-words [.text-message+&amp;]:mt-5 overflow-x-auto\" data-message-author-role=\"assistant\" data-message-id=\"1544d9c2-5906-473b-a8e1-2cf0bc28e0e3\">\n<div class=\"markdown prose w-full break-words dark:prose-invert light\">\n<p>Dekor aus Holz \u201eNamen mit Herz\u201c \u2013 Personalisiert mit den Namen des Ehepaars, 20 cm rund, im Boho-Stil mit Blumen und Zweigen. Perfekt zum Aufh\u00e4ngen bei Hochzeiten, Verlobungen oder als romantisches Geschenk. Hergestellt aus hochwertigem Sperrholz.<\/p>\n<\/div>\n<\/div>\n<\/div>\n<\/div>\n<\/div>\n<\/div>\n<\/div>\n<\/div>\n<\/div>\n<\/div>\n<\/div>\n<\/div>\n<div class=\"w-full pt-2 md:pt-0 dark:border-white\/20 md:border-transparent md:dark:border-transparent md:w-[calc(100%-.5rem)]\">\n<form class=\"stretch mx-2 flex flex-row gap-3 last:mb-2 md:mx-4 md:last:mb-6 lg:mx-auto lg:max-w-2xl xl:max-w-3xl\">\n<div class=\"relative flex h-full flex-1 flex-col\">\n<div class=\"flex w-full items-center\"><\/div>\n<\/div>\n<\/form>\n<\/div>\n","protected":false},"featured_media":3976,"comment_status":"open","ping_status":"closed","template":"","meta":[],"product_brand":[],"product_cat":[50,18,52],"product_tag":[],"class_list":{"0":"post-3963","1":"product","2":"type-product","3":"status-publish","4":"has-post-thumbnail","6":"product_cat-acryl-holz-cake-toppers","7":"product_cat-cake-toppers","8":"product_cat-hochzeit-verlobung-liebe","9":"product_shipping_class-warenpost","10":"wcpa_has_options","12":"first","13":"instock","14":"sale","15":"taxable","16":"shipping-taxable","17":"purchasable","18":"product-type-simple"},"_links":{"self":[{"href":"https:\/\/test1.cmsmart.net\/candy\/wp-json\/wp\/v2\/product\/3963","targetHints":{"allow":["GET"]}}],"collection":[{"href":"https:\/\/test1.cmsmart.net\/candy\/wp-json\/wp\/v2\/product"}],"about":[{"href":"https:\/\/test1.cmsmart.net\/candy\/wp-json\/wp\/v2\/types\/product"}],"replies":[{"embeddable":true,"href":"https:\/\/test1.cmsmart.net\/candy\/wp-json\/wp\/v2\/comments?post=3963"}],"wp:featuredmedia":[{"embeddable":true,"href":"https:\/\/test1.cmsmart.net\/candy\/wp-json\/wp\/v2\/media\/3976"}],"wp:attachment":[{"href":"https:\/\/test1.cmsmart.net\/candy\/wp-json\/wp\/v2\/media?parent=3963"}],"wp:term":[{"taxonomy":"product_brand","embeddable":true,"href":"https:\/\/test1.cmsmart.net\/candy\/wp-json\/wp\/v2\/product_brand?post=3963"},{"taxonomy":"product_cat","embeddable":true,"href":"https:\/\/test1.cmsmart.net\/candy\/wp-json\/wp\/v2\/product_cat?post=3963"},{"taxonomy":"product_tag","embeddable":true,"href":"https:\/\/test1.cmsmart.net\/candy\/wp-json\/wp\/v2\/product_tag?post=3963"}],"curies":[{"name":"wp","href":"https:\/\/api.w.org\/{rel}","templated":true}]}}