{"id":3894,"date":"2024-05-29T10:28:47","date_gmt":"2024-05-29T08:28:47","guid":{"rendered":"https:\/\/test1.cmsmart.net\/candy\/?post_type=product&#038;p=3894"},"modified":"2024-05-29T10:50:21","modified_gmt":"2024-05-29T08:50:21","slug":"cake-topper-fahrradfahrer-mit-name-und-zahl","status":"publish","type":"product","link":"https:\/\/test1.cmsmart.net\/candy\/produkt\/cake-topper-fahrradfahrer-mit-name-und-zahl\/","title":{"rendered":"Cake Topper Fahrradfahrer mit Name und Zahl"},"content":{"rendered":"<p>Feiern Sie den besonderen Tag\u00a0 in Ihrem Leben mit unserem personalisierbaren Cake Topper &#8222;Fahrradfahrer mit Name und Zahl&#8220;. Dieser stilvolle Topper ist in hochwertigem Acryl in Schwarz oder in nat\u00fcrlichem Holz erh\u00e4ltlich und bringt eine dynamische Note auf jede Torte. Das Design zeigt einen Fahrradfahrer und kann mit dem Namen und der Zahl Ihrer Wahl individuell gestaltet werden.<\/p>\n<p>Erh\u00e4ltlich in verschiedenen Gr\u00f6\u00dfen, passt dieser Topper perfekt zu jeder Torte und macht sie zu einem einzigartigen Blickfang.<\/p>\n","protected":false},"excerpt":{"rendered":"<p>Personalisierbarer Cake Topper mit Fahrradfahrer, Name und Zahl, aus schwarzem Acryl oder naturfarbenem Holz, in verschiedenen Gr\u00f6\u00dfen. Perfekt f\u00fcr Radfahrer-Torten.<\/p>\n","protected":false},"featured_media":3904,"comment_status":"open","ping_status":"closed","template":"","meta":[],"product_brand":[],"product_cat":[50,18,55,57],"product_tag":[],"class_list":{"0":"post-3894","1":"product","2":"type-product","3":"status-publish","4":"has-post-thumbnail","6":"product_cat-acryl-holz-cake-toppers","7":"product_cat-cake-toppers","8":"product_cat-mann-acryl-holz","9":"product_cat-sport-hobby-beruf-acryl-holz","10":"product_shipping_class-warenpost","11":"pa_farbe-akryl-holz-acryl-gold","12":"pa_farbe-akryl-holz-acryl-pink","13":"pa_farbe-akryl-holz-acryl-schwarz","14":"pa_farbe-akryl-holz-acryl-silber","15":"pa_farbe-akryl-holz-acryl-weiss","16":"pa_farbe-akryl-holz-sperholz-holz","17":"wcpa_has_options","19":"first","20":"instock","21":"sale","22":"taxable","23":"shipping-taxable","24":"purchasable","25":"product-type-variable"},"_links":{"self":[{"href":"https:\/\/test1.cmsmart.net\/candy\/wp-json\/wp\/v2\/product\/3894","targetHints":{"allow":["GET"]}}],"collection":[{"href":"https:\/\/test1.cmsmart.net\/candy\/wp-json\/wp\/v2\/product"}],"about":[{"href":"https:\/\/test1.cmsmart.net\/candy\/wp-json\/wp\/v2\/types\/product"}],"replies":[{"embeddable":true,"href":"https:\/\/test1.cmsmart.net\/candy\/wp-json\/wp\/v2\/comments?post=3894"}],"wp:featuredmedia":[{"embeddable":true,"href":"https:\/\/test1.cmsmart.net\/candy\/wp-json\/wp\/v2\/media\/3904"}],"wp:attachment":[{"href":"https:\/\/test1.cmsmart.net\/candy\/wp-json\/wp\/v2\/media?parent=3894"}],"wp:term":[{"taxonomy":"product_brand","embeddable":true,"href":"https:\/\/test1.cmsmart.net\/candy\/wp-json\/wp\/v2\/product_brand?post=3894"},{"taxonomy":"product_cat","embeddable":true,"href":"https:\/\/test1.cmsmart.net\/candy\/wp-json\/wp\/v2\/product_cat?post=3894"},{"taxonomy":"product_tag","embeddable":true,"href":"https:\/\/test1.cmsmart.net\/candy\/wp-json\/wp\/v2\/product_tag?post=3894"}],"curies":[{"name":"wp","href":"https:\/\/api.w.org\/{rel}","templated":true}]}}