{"id":3862,"date":"2024-05-27T09:17:46","date_gmt":"2024-05-27T07:17:46","guid":{"rendered":"https:\/\/test1.cmsmart.net\/candy\/?post_type=product&#038;p=3862"},"modified":"2024-05-28T09:36:06","modified_gmt":"2024-05-28T07:36:06","slug":"cake-topper-name-und-zahl-mit-schmetterlingen","status":"publish","type":"product","link":"https:\/\/test1.cmsmart.net\/candy\/produkt\/cake-topper-name-und-zahl-mit-schmetterlingen\/","title":{"rendered":"Cake Topper Name und Zahl mit Schmetterlingen"},"content":{"rendered":"<p>Machen Sie die Geburtstagstorte Ihrer Tochter zu einem unvergesslichen Highlight mit unserem bezaubernden Cake Topper &#8222;Name und Zahl mit Schmetterlingen&#8220;. Dieser elegante Topper aus hochwertigem Acryl ist in den Farben Pink, Wei\u00df und Schwarz erh\u00e4ltlich und wird in einer stilvollen Kalligrafie-Schrift gestaltet. Der Topper wird durch zarte Schmetterlinge erg\u00e4nzt, die dem Design eine besonders feminine Note verleihen.<\/p>\n<p>Ideal f\u00fcr M\u00e4dchen-Torten, bringt dieser personalisierbare Cake Topper einen Hauch von Magie und Eleganz auf jede Feier.<\/p>\n","protected":false},"excerpt":{"rendered":"<p>Personalisierbarer Cake Topper aus Acryl mit Name, Zahl und Schmetterlingen, in Pink, Wei\u00df oder Schwarz. Perfekt f\u00fcr M\u00e4dchen-Torten.<\/p>\n","protected":false},"featured_media":3869,"comment_status":"open","ping_status":"closed","template":"","meta":[],"product_brand":[],"product_cat":[50,18,53,61],"product_tag":[],"class_list":{"0":"post-3862","1":"product","2":"type-product","3":"status-publish","4":"has-post-thumbnail","6":"product_cat-acryl-holz-cake-toppers","7":"product_cat-cake-toppers","8":"product_cat-kinder-acryl-holz","9":"product_cat-namealter","10":"product_shipping_class-warenpost","11":"pa_farbe-akryl-holz-acryl-gold","12":"pa_farbe-akryl-holz-acryl-pink","13":"pa_farbe-akryl-holz-acryl-schwarz","14":"pa_farbe-akryl-holz-acryl-silber","15":"pa_farbe-akryl-holz-acryl-weiss","16":"pa_farbe-akryl-holz-sperholz-holz","17":"wcpa_has_options","19":"first","20":"instock","21":"sale","22":"taxable","23":"shipping-taxable","24":"purchasable","25":"product-type-variable"},"_links":{"self":[{"href":"https:\/\/test1.cmsmart.net\/candy\/wp-json\/wp\/v2\/product\/3862","targetHints":{"allow":["GET"]}}],"collection":[{"href":"https:\/\/test1.cmsmart.net\/candy\/wp-json\/wp\/v2\/product"}],"about":[{"href":"https:\/\/test1.cmsmart.net\/candy\/wp-json\/wp\/v2\/types\/product"}],"replies":[{"embeddable":true,"href":"https:\/\/test1.cmsmart.net\/candy\/wp-json\/wp\/v2\/comments?post=3862"}],"wp:featuredmedia":[{"embeddable":true,"href":"https:\/\/test1.cmsmart.net\/candy\/wp-json\/wp\/v2\/media\/3869"}],"wp:attachment":[{"href":"https:\/\/test1.cmsmart.net\/candy\/wp-json\/wp\/v2\/media?parent=3862"}],"wp:term":[{"taxonomy":"product_brand","embeddable":true,"href":"https:\/\/test1.cmsmart.net\/candy\/wp-json\/wp\/v2\/product_brand?post=3862"},{"taxonomy":"product_cat","embeddable":true,"href":"https:\/\/test1.cmsmart.net\/candy\/wp-json\/wp\/v2\/product_cat?post=3862"},{"taxonomy":"product_tag","embeddable":true,"href":"https:\/\/test1.cmsmart.net\/candy\/wp-json\/wp\/v2\/product_tag?post=3862"}],"curies":[{"name":"wp","href":"https:\/\/api.w.org\/{rel}","templated":true}]}}