{"id":3723,"date":"2024-05-07T10:31:13","date_gmt":"2024-05-07T08:31:13","guid":{"rendered":"https:\/\/test1.cmsmart.net\/candy\/?post_type=product&#038;p=3723"},"modified":"2024-05-07T10:43:01","modified_gmt":"2024-05-07T08:43:01","slug":"cake-topper-fuer-die-erste-kommunion-mit-taube-und-dem-namen-des-kindes","status":"publish","type":"product","link":"https:\/\/test1.cmsmart.net\/candy\/produkt\/cake-topper-fuer-die-erste-kommunion-mit-taube-und-dem-namen-des-kindes\/","title":{"rendered":"Cake Topper f\u00fcr die Erste Kommunion mit Taube und dem Namen des Kindes"},"content":{"rendered":"<p>Unser personalisierter Cake Topper f\u00fcr die Erste Kommunion ist eine wundersch\u00f6ne Erg\u00e4nzung f\u00fcr den festlichen Anlass. Mit einer zarten Taube, die Symbol f\u00fcr Frieden und Reinheit steht, und dem Namen des Kindes personalisiert, wird dieser Topper zum Herzst\u00fcck Ihrer Feier.<\/p>\n<p>Hergestellt aus hochwertigem Acryl oder Sperrholz und in verschiedenen Gr\u00f6\u00dfen erh\u00e4ltlich, passt dieser Topper perfekt auf jede Kommunionstorte und verleiht ihr einen eleganten und individuellen Touch.<\/p>\n","protected":false},"excerpt":{"rendered":"<div class=\"flex-1 overflow-hidden\">\n<div class=\"react-scroll-to-bottom--css-onzgg-79elbk h-full\">\n<div class=\"react-scroll-to-bottom--css-onzgg-1n7m0yu\">\n<div class=\"flex flex-col text-sm pb-9\">\n<div class=\"w-full text-token-text-primary\" data-testid=\"conversation-turn-314\">\n<div class=\"px-4 py-2 justify-center text-base md:gap-6 m-auto\">\n<div class=\"flex flex-1 text-base mx-auto gap-3 md:px-5 lg:px-1 xl:px-5 md:max-w-3xl lg:max-w-[40rem] xl:max-w-[48rem] group final-completion\">\n<div class=\"relative flex w-full flex-col agent-turn\">\n<div class=\"flex-col gap-1 md:gap-3\">\n<div class=\"flex flex-grow flex-col max-w-full\">\n<div class=\"min-h-[20px] text-message flex flex-col items-start gap-3 whitespace-pre-wrap break-words [.text-message+&amp;]:mt-5 overflow-x-auto\" data-message-author-role=\"assistant\" data-message-id=\"1544d9c2-5906-473b-a8e1-2cf0bc28e0e3\">\n<div class=\"markdown prose w-full break-words dark:prose-invert light\">\n<p>Unser personalisierter Cake Topper f\u00fcr die Erste Kommunion mit einer zarten Taube und dem Namen des Kindes ist eine elegante und individuelle Erg\u00e4nzung f\u00fcr Ihre Feier. Verf\u00fcgbar in verschiedenen Gr\u00f6\u00dfen und aus hochwertigem Acryl oder Sperrholz gefertigt, ist dieser Topper das perfekte Highlight f\u00fcr jede Kommuniontorte.<\/p>\n<\/div>\n<\/div>\n<\/div>\n<\/div>\n<\/div>\n<\/div>\n<\/div>\n<\/div>\n<\/div>\n<\/div>\n<\/div>\n<\/div>\n<div class=\"w-full pt-2 md:pt-0 dark:border-white\/20 md:border-transparent md:dark:border-transparent md:w-[calc(100%-.5rem)]\">\n<form class=\"stretch mx-2 flex flex-row gap-3 last:mb-2 md:mx-4 md:last:mb-6 lg:mx-auto lg:max-w-2xl xl:max-w-3xl\">\n<div class=\"relative flex h-full flex-1 flex-col\">\n<div class=\"absolute bottom-full left-0 right-0\"><\/div>\n<div class=\"flex w-full items-center\"><\/div>\n<\/div>\n<\/form>\n<\/div>\n","protected":false},"featured_media":3740,"comment_status":"open","ping_status":"closed","template":"","meta":[],"product_brand":[],"product_cat":[50,18,59],"product_tag":[],"class_list":{"0":"post-3723","1":"product","2":"type-product","3":"status-publish","4":"has-post-thumbnail","6":"product_cat-acryl-holz-cake-toppers","7":"product_cat-cake-toppers","8":"product_cat-kommunion","9":"product_shipping_class-warenpost","10":"wcpa_has_options","12":"first","13":"instock","14":"taxable","15":"shipping-taxable","16":"purchasable","17":"product-type-variable"},"_links":{"self":[{"href":"https:\/\/test1.cmsmart.net\/candy\/wp-json\/wp\/v2\/product\/3723","targetHints":{"allow":["GET"]}}],"collection":[{"href":"https:\/\/test1.cmsmart.net\/candy\/wp-json\/wp\/v2\/product"}],"about":[{"href":"https:\/\/test1.cmsmart.net\/candy\/wp-json\/wp\/v2\/types\/product"}],"replies":[{"embeddable":true,"href":"https:\/\/test1.cmsmart.net\/candy\/wp-json\/wp\/v2\/comments?post=3723"}],"wp:featuredmedia":[{"embeddable":true,"href":"https:\/\/test1.cmsmart.net\/candy\/wp-json\/wp\/v2\/media\/3740"}],"wp:attachment":[{"href":"https:\/\/test1.cmsmart.net\/candy\/wp-json\/wp\/v2\/media?parent=3723"}],"wp:term":[{"taxonomy":"product_brand","embeddable":true,"href":"https:\/\/test1.cmsmart.net\/candy\/wp-json\/wp\/v2\/product_brand?post=3723"},{"taxonomy":"product_cat","embeddable":true,"href":"https:\/\/test1.cmsmart.net\/candy\/wp-json\/wp\/v2\/product_cat?post=3723"},{"taxonomy":"product_tag","embeddable":true,"href":"https:\/\/test1.cmsmart.net\/candy\/wp-json\/wp\/v2\/product_tag?post=3723"}],"curies":[{"name":"wp","href":"https:\/\/api.w.org\/{rel}","templated":true}]}}