{"id":3610,"date":"2024-04-20T19:57:45","date_gmt":"2024-04-20T17:57:45","guid":{"rendered":"https:\/\/test1.cmsmart.net\/candy\/?post_type=product&#038;p=3610"},"modified":"2024-06-17T11:58:02","modified_gmt":"2024-06-17T09:58:02","slug":"essbarer-schutzgel-von-modecor-50g-tube","status":"publish","type":"product","link":"https:\/\/test1.cmsmart.net\/candy\/produkt\/essbarer-schutzgel-von-modecor-50g-tube\/","title":{"rendered":"Essbarer Schutzgel von Modecor, 50g Tube"},"content":{"rendered":"<p>Unser Modecor Gel ist derzeit zu einem Sonderpreis von <strong>nur 1 \u20ac pro Tube<\/strong> erh\u00e4ltlich. Grund daf\u00fcr ist das nahe Mindesthaltbarkeitsdatum im Juli 2024.<\/p>\n<p>Nutzen Sie die Gelegenheit, solange der Vorrat reicht \u2013 die Menge ist begrenzt!<\/p>\n<p>Unser essbares Schutzgel von Modecor ist ein unverzichtbares Werkzeug f\u00fcr jeden Konditor und Tortendekorateur. Diese hochwirksame Formel wurde speziell entwickelt, um essbare Drucke vor Feuchtigkeit zu sch\u00fctzen, w\u00e4hrend sie gleichzeitig ihre lebendigen Farben und ihre Ausdruckskraft bewahrt.<\/p>\n<p>Dank der praktischen 50g-Tube l\u00e4sst sich das Gel leicht und pr\u00e4zise auf jeden Druck auftragen, um ihm Haltbarkeit und Schutz zu bieten. Ein zuverl\u00e4ssiges Produkt von Modecor, bekannt f\u00fcr hochwertige Backwarenprodukte.<\/p>\n","protected":false},"excerpt":{"rendered":"<p><strong>Aktionsangebot: Modecor Gel nur 1 \u20ac pro Tube!<\/strong><\/p>\n","protected":false},"featured_media":3611,"comment_status":"open","ping_status":"closed","template":"","meta":[],"product_brand":[],"product_cat":[33],"product_tag":[],"class_list":{"0":"post-3610","1":"product","2":"type-product","3":"status-publish","4":"has-post-thumbnail","6":"product_cat-essbare-ausdrucke-tortenaufleger","7":"product_shipping_class-warenpost","9":"first","10":"instock","11":"sale","12":"taxable","13":"shipping-taxable","14":"purchasable","15":"product-type-simple"},"_links":{"self":[{"href":"https:\/\/test1.cmsmart.net\/candy\/wp-json\/wp\/v2\/product\/3610","targetHints":{"allow":["GET"]}}],"collection":[{"href":"https:\/\/test1.cmsmart.net\/candy\/wp-json\/wp\/v2\/product"}],"about":[{"href":"https:\/\/test1.cmsmart.net\/candy\/wp-json\/wp\/v2\/types\/product"}],"replies":[{"embeddable":true,"href":"https:\/\/test1.cmsmart.net\/candy\/wp-json\/wp\/v2\/comments?post=3610"}],"wp:featuredmedia":[{"embeddable":true,"href":"https:\/\/test1.cmsmart.net\/candy\/wp-json\/wp\/v2\/media\/3611"}],"wp:attachment":[{"href":"https:\/\/test1.cmsmart.net\/candy\/wp-json\/wp\/v2\/media?parent=3610"}],"wp:term":[{"taxonomy":"product_brand","embeddable":true,"href":"https:\/\/test1.cmsmart.net\/candy\/wp-json\/wp\/v2\/product_brand?post=3610"},{"taxonomy":"product_cat","embeddable":true,"href":"https:\/\/test1.cmsmart.net\/candy\/wp-json\/wp\/v2\/product_cat?post=3610"},{"taxonomy":"product_tag","embeddable":true,"href":"https:\/\/test1.cmsmart.net\/candy\/wp-json\/wp\/v2\/product_tag?post=3610"}],"curies":[{"name":"wp","href":"https:\/\/api.w.org\/{rel}","templated":true}]}}