{"id":3561,"date":"2024-04-01T10:47:47","date_gmt":"2024-04-01T08:47:47","guid":{"rendered":"https:\/\/test1.cmsmart.net\/candy\/?post_type=product&#038;p=3561"},"modified":"2024-04-01T21:23:19","modified_gmt":"2024-04-01T19:23:19","slug":"personalisierter-cake-topper-fuer-die-kommunion-in-herzform","status":"publish","type":"product","link":"https:\/\/test1.cmsmart.net\/candy\/produkt\/personalisierter-cake-topper-fuer-die-kommunion-in-herzform\/","title":{"rendered":"Personalisierter Cake Topper f\u00fcr die Kommunion in Herzform"},"content":{"rendered":"<p>Unser personalisierter Cake Topper f\u00fcr die Kommunion in Herzform mit Taubenmotiv ist eine zauberhafte Erg\u00e4nzung f\u00fcr Ihre festliche Torte. Das Herzsymbol repr\u00e4sentiert die bedeutsame Liebe und Hingabe, w\u00e4hrend die Taube traditionell f\u00fcr Frieden und spirituelle Reinheit steht, was diesen Anlass perfekt verk\u00f6rpert.<\/p>\n<p>Hergestellt aus hochwertigem Akryl oder Holz ist dieser Topper langlebig und stilvoll zugleich. Mit dem Namen des Kindes personalisiert wird er zu einem einzigartigen Element Ihrer Feier. W\u00e4hlen Sie zwischen verschiedenen Farboptionen, um den Topper an den Stil Ihrer Veranstaltung anzupassen und Ihrer Kommunionsfeier eine pers\u00f6nliche Note zu verleihen.<\/p>\n","protected":false},"excerpt":{"rendered":"<div class=\"flex-1 overflow-hidden\">\n<div class=\"react-scroll-to-bottom--css-onzgg-79elbk h-full\">\n<div class=\"react-scroll-to-bottom--css-onzgg-1n7m0yu\">\n<div>\n<div class=\"flex flex-col text-sm pb-9\">\n<div class=\"w-full text-token-text-primary\" data-testid=\"conversation-turn-314\">\n<div class=\"px-4 py-2 justify-center text-base md:gap-6 m-auto\">\n<div class=\"flex flex-1 text-base mx-auto gap-3 md:px-5 lg:px-1 xl:px-5 md:max-w-3xl lg:max-w-[40rem] xl:max-w-[48rem] group final-completion\">\n<div class=\"relative flex w-full flex-col agent-turn\">\n<div class=\"flex-col gap-1 md:gap-3\">\n<div class=\"flex flex-grow flex-col max-w-full\">\n<div class=\"min-h-[20px] text-message flex flex-col items-start gap-3 whitespace-pre-wrap break-words [.text-message+&amp;]:mt-5 overflow-x-auto\" data-message-author-role=\"assistant\" data-message-id=\"1544d9c2-5906-473b-a8e1-2cf0bc28e0e3\">\n<div class=\"markdown prose w-full break-words dark:prose-invert light\">\n<p>Unser personalisierter Cake Topper f\u00fcr die Kommunion in Herzform mit Taubenmotiv ist eine liebevolle und symbolische Dekoration f\u00fcr Ihre Torte. Mit dem Namen des Kindes wird dieser Topper zu einem pers\u00f6nlichen Highlight Ihrer Feier. Verf\u00fcgbar in Akryl oder Holz und verschiedenen Farben, passt er perfekt zum Stil Ihrer Veranstaltung.<\/p>\n<\/div>\n<\/div>\n<\/div>\n<\/div>\n<\/div>\n<\/div>\n<\/div>\n<\/div>\n<\/div>\n<\/div>\n<\/div>\n<\/div>\n<\/div>\n<div class=\"w-full pt-2 md:pt-0 dark:border-white\/20 md:border-transparent md:dark:border-transparent md:w-[calc(100%-.5rem)]\">\n<form class=\"stretch mx-2 flex flex-row gap-3 last:mb-2 md:mx-4 md:last:mb-6 lg:mx-auto lg:max-w-2xl xl:max-w-3xl\">\n<div class=\"relative flex h-full flex-1 flex-col\">\n<div class=\"absolute bottom-full left-0 right-0\"><\/div>\n<div class=\"flex w-full items-center\"><\/div>\n<\/div>\n<\/form>\n<\/div>\n","protected":false},"featured_media":3571,"comment_status":"open","ping_status":"closed","template":"","meta":[],"product_brand":[],"product_cat":[50,18,59],"product_tag":[],"class_list":{"0":"post-3561","1":"product","2":"type-product","3":"status-publish","4":"has-post-thumbnail","6":"product_cat-acryl-holz-cake-toppers","7":"product_cat-cake-toppers","8":"product_cat-kommunion","9":"product_shipping_class-warenpost","10":"wcpa_has_options","12":"first","13":"instock","14":"taxable","15":"shipping-taxable","16":"purchasable","17":"product-type-variable"},"_links":{"self":[{"href":"https:\/\/test1.cmsmart.net\/candy\/wp-json\/wp\/v2\/product\/3561","targetHints":{"allow":["GET"]}}],"collection":[{"href":"https:\/\/test1.cmsmart.net\/candy\/wp-json\/wp\/v2\/product"}],"about":[{"href":"https:\/\/test1.cmsmart.net\/candy\/wp-json\/wp\/v2\/types\/product"}],"replies":[{"embeddable":true,"href":"https:\/\/test1.cmsmart.net\/candy\/wp-json\/wp\/v2\/comments?post=3561"}],"wp:featuredmedia":[{"embeddable":true,"href":"https:\/\/test1.cmsmart.net\/candy\/wp-json\/wp\/v2\/media\/3571"}],"wp:attachment":[{"href":"https:\/\/test1.cmsmart.net\/candy\/wp-json\/wp\/v2\/media?parent=3561"}],"wp:term":[{"taxonomy":"product_brand","embeddable":true,"href":"https:\/\/test1.cmsmart.net\/candy\/wp-json\/wp\/v2\/product_brand?post=3561"},{"taxonomy":"product_cat","embeddable":true,"href":"https:\/\/test1.cmsmart.net\/candy\/wp-json\/wp\/v2\/product_cat?post=3561"},{"taxonomy":"product_tag","embeddable":true,"href":"https:\/\/test1.cmsmart.net\/candy\/wp-json\/wp\/v2\/product_tag?post=3561"}],"curies":[{"name":"wp","href":"https:\/\/api.w.org\/{rel}","templated":true}]}}