{"id":3494,"date":"2024-03-27T20:16:00","date_gmt":"2024-03-27T19:16:00","guid":{"rendered":"https:\/\/test1.cmsmart.net\/candy\/?post_type=product&#038;p=3494"},"modified":"2024-03-29T13:25:20","modified_gmt":"2024-03-29T12:25:20","slug":"essbarer-ausdruck-fuer-die-kommunion-mit-maigloeckchenmotiv","status":"publish","type":"product","link":"https:\/\/test1.cmsmart.net\/candy\/produkt\/essbarer-ausdruck-fuer-die-kommunion-mit-maigloeckchenmotiv\/","title":{"rendered":"Essbarer Ausdruck f\u00fcr die Kommunion mit Maigl\u00f6ckchenmotiv"},"content":{"rendered":"<p>Unser essbarer Ausdruck f\u00fcr die Kommunion mit Maigl\u00f6ckchenmotiv verleiht Ihrer Feier eine zarte und elegante Note. Das runde Design wird durch kleine Maigl\u00f6ckchen verziert, die dem Ausdruck eine liebevolle und feierliche Atmosph\u00e4re verleihen. Perfekt f\u00fcr die Kommunionfeier Ihres Kindes, f\u00e4ngt dieser Ausdruck die Sch\u00f6nheit der Natur ein und symbolisiert Frische und Neubeginn.<\/p>\n<p>Gedruckt auf hochwertigem essbarem Papier mit lebensmittelechten Tinten ist dieser Ausdruck nicht nur visuell ansprechend, sondern auch vollkommen essbar und geschmacksneutral. Verleihen Sie Ihrer Torte einen Hauch von Eleganz und Feinheit mit unserem essbaren Ausdruck f\u00fcr die Kommunion.<\/p>\n","protected":false},"excerpt":{"rendered":"<div class=\"flex-1 overflow-hidden\">\n<div class=\"react-scroll-to-bottom--css-qlnoo-79elbk h-full\">\n<div class=\"react-scroll-to-bottom--css-qlnoo-1n7m0yu\">\n<div class=\"flex flex-col text-sm pb-9\">\n<div class=\"w-full text-token-text-primary\" data-testid=\"conversation-turn-288\">\n<div class=\"px-4 py-2 justify-center text-base md:gap-6 m-auto\">\n<div class=\"flex flex-1 text-base mx-auto gap-3 md:px-5 lg:px-1 xl:px-5 md:max-w-3xl lg:max-w-[40rem] xl:max-w-[48rem] group final-completion\">\n<div class=\"relative flex w-full flex-col agent-turn\">\n<div class=\"flex-col gap-1 md:gap-3\">\n<div class=\"flex flex-grow flex-col max-w-full\">\n<div class=\"min-h-[20px] text-message flex flex-col items-start gap-3 whitespace-pre-wrap break-words [.text-message+&amp;]:mt-5 overflow-x-auto\" data-message-author-role=\"assistant\" data-message-id=\"3091af74-738f-4948-8d20-260491d8ef78\">\n<div class=\"markdown prose w-full break-words dark:prose-invert light\">\n<p>Unser essbarer Ausdruck f\u00fcr die Kommunion mit Maigl\u00f6ckchenmotiv bietet eine zarte und feierliche Verzierung f\u00fcr Ihre Torte. Mit kleinen Maigl\u00f6ckchen verziert, symbolisiert dieser Ausdruck Frische und Neuanfang und ist eine perfekte Erg\u00e4nzung f\u00fcr Ihre Kommunionsfeier.<\/p>\n<\/div>\n<\/div>\n<\/div>\n<\/div>\n<\/div>\n<\/div>\n<\/div>\n<\/div>\n<\/div>\n<\/div>\n<\/div>\n<\/div>\n","protected":false},"featured_media":3496,"comment_status":"open","ping_status":"closed","template":"","meta":[],"product_brand":[],"product_cat":[33,49],"product_tag":[],"class_list":{"0":"post-3494","1":"product","2":"type-product","3":"status-publish","4":"has-post-thumbnail","6":"product_cat-essbare-ausdrucke-tortenaufleger","7":"product_cat-kommunion-firmung","8":"product_shipping_class-warenpost","9":"wcpa_has_options","11":"first","12":"instock","13":"sale","14":"taxable","15":"shipping-taxable","16":"purchasable","17":"product-type-variable"},"_links":{"self":[{"href":"https:\/\/test1.cmsmart.net\/candy\/wp-json\/wp\/v2\/product\/3494","targetHints":{"allow":["GET"]}}],"collection":[{"href":"https:\/\/test1.cmsmart.net\/candy\/wp-json\/wp\/v2\/product"}],"about":[{"href":"https:\/\/test1.cmsmart.net\/candy\/wp-json\/wp\/v2\/types\/product"}],"replies":[{"embeddable":true,"href":"https:\/\/test1.cmsmart.net\/candy\/wp-json\/wp\/v2\/comments?post=3494"}],"wp:featuredmedia":[{"embeddable":true,"href":"https:\/\/test1.cmsmart.net\/candy\/wp-json\/wp\/v2\/media\/3496"}],"wp:attachment":[{"href":"https:\/\/test1.cmsmart.net\/candy\/wp-json\/wp\/v2\/media?parent=3494"}],"wp:term":[{"taxonomy":"product_brand","embeddable":true,"href":"https:\/\/test1.cmsmart.net\/candy\/wp-json\/wp\/v2\/product_brand?post=3494"},{"taxonomy":"product_cat","embeddable":true,"href":"https:\/\/test1.cmsmart.net\/candy\/wp-json\/wp\/v2\/product_cat?post=3494"},{"taxonomy":"product_tag","embeddable":true,"href":"https:\/\/test1.cmsmart.net\/candy\/wp-json\/wp\/v2\/product_tag?post=3494"}],"curies":[{"name":"wp","href":"https:\/\/api.w.org\/{rel}","templated":true}]}}