{"id":3416,"date":"2024-03-24T12:23:05","date_gmt":"2024-03-24T11:23:05","guid":{"rendered":"https:\/\/test1.cmsmart.net\/candy\/?post_type=product&#038;p=3416"},"modified":"2024-05-07T10:18:01","modified_gmt":"2024-05-07T08:18:01","slug":"cake-topper-mit-eucharistischen-symbolen-fuer-kommunion-oder-konfirmation","status":"publish","type":"product","link":"https:\/\/test1.cmsmart.net\/candy\/produkt\/cake-topper-mit-eucharistischen-symbolen-fuer-kommunion-oder-konfirmation\/","title":{"rendered":"Cake Topper mit Eucharistischen Symbolen f\u00fcr Kommunion oder Konfirmation"},"content":{"rendered":"<p>Unser Cake Topper mit eucharistischen Symbolen ist die perfekte Wahl f\u00fcr Ihre Kommunion- oder Konfirmationstorte. Das runde Design ist mit bedeutungsvollen Symbolen wie dem Fisch und der Taube verziert und wird durch zarte florale Akzente erg\u00e4nzt.<\/p>\n<p>Erh\u00e4ltlich in verschiedenen Gr\u00f6\u00dfen und hochwertigen Materialien wie Acryl in Schwarz, Wei\u00df, Gold, Silber oder Pink sowie naturfarbenem Holz-Sperrholz bietet unser Topper eine elegante und spirituelle Verzierung f\u00fcr Ihre Torte.<br \/>\nIdeal, um Ihren besonderen Anlass mit einem symbolischen und \u00e4sthetisch ansprechenden Element zu bereichern.<\/p>\n","protected":false},"excerpt":{"rendered":"<div class=\"flex-1 overflow-hidden\">\n<div class=\"react-scroll-to-bottom--css-grpxq-79elbk h-full\">\n<div class=\"react-scroll-to-bottom--css-grpxq-1n7m0yu\">\n<div class=\"flex flex-col text-sm pb-9\">\n<div class=\"w-full text-token-text-primary\" data-testid=\"conversation-turn-258\">\n<div class=\"px-4 py-2 justify-center text-base md:gap-6 m-auto\">\n<div class=\"flex flex-1 text-base mx-auto gap-3 md:px-5 lg:px-1 xl:px-5 md:max-w-3xl lg:max-w-[40rem] xl:max-w-[48rem] group final-completion\">\n<div class=\"relative flex w-full flex-col agent-turn\">\n<div class=\"flex-col gap-1 md:gap-3\">\n<div class=\"flex flex-grow flex-col max-w-full\">\n<div class=\"min-h-[20px] text-message flex flex-col items-start gap-3 whitespace-pre-wrap break-words [.text-message+&amp;]:mt-5 overflow-x-auto\" data-message-author-role=\"assistant\" data-message-id=\"a8ff16d5-b4be-4222-9ea5-331070732364\">\n<div class=\"markdown prose w-full break-words dark:prose-invert light\">\n<p>Unser Cake Topper mit eucharistischen Symbolen ist die perfekte Wahl f\u00fcr Kommunion- oder Konfirmationstorten. Mit Symbolen wie dem Fisch und der Taube sowie floralen Akzenten verleiht er Ihrer Torte eine spirituelle Note. Verf\u00fcgbar in verschiedenen Gr\u00f6\u00dfen und hochwertigen Materialien f\u00fcr eine elegante Verzierung Ihrer Feier.<\/p>\n<\/div>\n<\/div>\n<\/div>\n<div class=\"pr-2 lg:pr-0\"><\/div>\n<\/div>\n<\/div>\n<\/div>\n<\/div>\n<\/div>\n<\/div>\n<\/div>\n<\/div>\n<\/div>\n<div class=\"w-full pt-2 md:pt-0 dark:border-white\/20 md:border-transparent md:dark:border-transparent md:w-[calc(100%-.5rem)]\">\n<form class=\"stretch mx-2 flex flex-row gap-3 last:mb-2 md:mx-4 md:last:mb-6 lg:mx-auto lg:max-w-2xl xl:max-w-3xl\">\n<div class=\"relative flex h-full flex-1 flex-col\">\n<div class=\"absolute bottom-full left-0 right-0\"><\/div>\n<div class=\"flex w-full items-center\"><\/div>\n<\/div>\n<\/form>\n<\/div>\n","protected":false},"featured_media":3719,"comment_status":"open","ping_status":"closed","template":"","meta":[],"product_brand":[],"product_cat":[50,18,59,61],"product_tag":[],"class_list":{"0":"post-3416","1":"product","2":"type-product","3":"status-publish","4":"has-post-thumbnail","6":"product_cat-acryl-holz-cake-toppers","7":"product_cat-cake-toppers","8":"product_cat-kommunion","9":"product_cat-namealter","10":"product_shipping_class-warenpost","12":"first","13":"instock","14":"taxable","15":"shipping-taxable","16":"purchasable","17":"product-type-variable"},"_links":{"self":[{"href":"https:\/\/test1.cmsmart.net\/candy\/wp-json\/wp\/v2\/product\/3416","targetHints":{"allow":["GET"]}}],"collection":[{"href":"https:\/\/test1.cmsmart.net\/candy\/wp-json\/wp\/v2\/product"}],"about":[{"href":"https:\/\/test1.cmsmart.net\/candy\/wp-json\/wp\/v2\/types\/product"}],"replies":[{"embeddable":true,"href":"https:\/\/test1.cmsmart.net\/candy\/wp-json\/wp\/v2\/comments?post=3416"}],"wp:featuredmedia":[{"embeddable":true,"href":"https:\/\/test1.cmsmart.net\/candy\/wp-json\/wp\/v2\/media\/3719"}],"wp:attachment":[{"href":"https:\/\/test1.cmsmart.net\/candy\/wp-json\/wp\/v2\/media?parent=3416"}],"wp:term":[{"taxonomy":"product_brand","embeddable":true,"href":"https:\/\/test1.cmsmart.net\/candy\/wp-json\/wp\/v2\/product_brand?post=3416"},{"taxonomy":"product_cat","embeddable":true,"href":"https:\/\/test1.cmsmart.net\/candy\/wp-json\/wp\/v2\/product_cat?post=3416"},{"taxonomy":"product_tag","embeddable":true,"href":"https:\/\/test1.cmsmart.net\/candy\/wp-json\/wp\/v2\/product_tag?post=3416"}],"curies":[{"name":"wp","href":"https:\/\/api.w.org\/{rel}","templated":true}]}}