{"id":3255,"date":"2024-03-21T11:57:51","date_gmt":"2024-03-21T10:57:51","guid":{"rendered":"https:\/\/test1.cmsmart.net\/candy\/?post_type=product&#038;p=3255"},"modified":"2024-03-29T13:28:20","modified_gmt":"2024-03-29T12:28:20","slug":"essbarer-tortenaufleger-kommunion-mit-weissen-rosen-und-eukalyptusblaettern","status":"publish","type":"product","link":"https:\/\/test1.cmsmart.net\/candy\/produkt\/essbarer-tortenaufleger-kommunion-mit-weissen-rosen-und-eukalyptusblaettern\/","title":{"rendered":"Essbarer Tortenaufleger &#8211; Kommunion mit Wei\u00dfen Rosen und Eukalyptusbl\u00e4ttern"},"content":{"rendered":"<p>Unser essbarer Tortenaufleger zur Kommunion ist eine wundersch\u00f6ne Erg\u00e4nzung f\u00fcr Ihre festliche Torte. Verziert mit zarten wei\u00dfen Rosen und Eukalyptusbl\u00e4ttern verleiht er Ihrer Feier eine elegante Note.<\/p>\n<p>Personalisierbar mit dem Namen und Datum des Kommunionkindes, wird dieser Tortenaufleger zu einem unvergesslichen Teil Ihres Festes. Gedruckt auf hochwertigem Zuckerblatt mit lebensmittelechten Tinten ist er komplett essbar und geschmacksneutral.<\/p>\n<p>Einfach auf die Torte aufzulegen, verschmilzt der Aufleger nahtlos mit dem \u00dcberzug und verleiht Ihrer Torte ein professionelles Aussehen. Ideal f\u00fcr die Kommunionsfeier Ihres Kindes und ein sch\u00f6nes Andenken an diesen besonderen Tag.<\/p>\n<p>Verleihen Sie Ihrer Kommunionsfeier eine pers\u00f6nliche Note mit unserem essbaren Tortenaufleger, der die Sch\u00f6nheit von wei\u00dfen Rosen und Eukalyptusbl\u00e4ttern mit individueller Personalisierung vereint.<\/p>\n","protected":false},"excerpt":{"rendered":"<p>Feiern Sie die Kommunion Ihres Kindes mit Stil und Eleganz mit unserem essbaren Tortenaufleger, verziert mit wei\u00dfen Rosen und Eukalyptusbl\u00e4ttern, und personalisiert mit Namen und Datum.<\/p>\n","protected":false},"featured_media":3259,"comment_status":"open","ping_status":"closed","template":"","meta":[],"product_brand":[],"product_cat":[33,49],"product_tag":[],"class_list":{"0":"post-3255","1":"product","2":"type-product","3":"status-publish","4":"has-post-thumbnail","6":"product_cat-essbare-ausdrucke-tortenaufleger","7":"product_cat-kommunion-firmung","8":"product_shipping_class-warenpost","9":"wcpa_has_options","11":"first","12":"instock","13":"sale","14":"taxable","15":"shipping-taxable","16":"purchasable","17":"product-type-variable"},"_links":{"self":[{"href":"https:\/\/test1.cmsmart.net\/candy\/wp-json\/wp\/v2\/product\/3255","targetHints":{"allow":["GET"]}}],"collection":[{"href":"https:\/\/test1.cmsmart.net\/candy\/wp-json\/wp\/v2\/product"}],"about":[{"href":"https:\/\/test1.cmsmart.net\/candy\/wp-json\/wp\/v2\/types\/product"}],"replies":[{"embeddable":true,"href":"https:\/\/test1.cmsmart.net\/candy\/wp-json\/wp\/v2\/comments?post=3255"}],"wp:featuredmedia":[{"embeddable":true,"href":"https:\/\/test1.cmsmart.net\/candy\/wp-json\/wp\/v2\/media\/3259"}],"wp:attachment":[{"href":"https:\/\/test1.cmsmart.net\/candy\/wp-json\/wp\/v2\/media?parent=3255"}],"wp:term":[{"taxonomy":"product_brand","embeddable":true,"href":"https:\/\/test1.cmsmart.net\/candy\/wp-json\/wp\/v2\/product_brand?post=3255"},{"taxonomy":"product_cat","embeddable":true,"href":"https:\/\/test1.cmsmart.net\/candy\/wp-json\/wp\/v2\/product_cat?post=3255"},{"taxonomy":"product_tag","embeddable":true,"href":"https:\/\/test1.cmsmart.net\/candy\/wp-json\/wp\/v2\/product_tag?post=3255"}],"curies":[{"name":"wp","href":"https:\/\/api.w.org\/{rel}","templated":true}]}}