{"id":3223,"date":"2024-05-17T10:04:30","date_gmt":"2024-05-17T08:04:30","guid":{"rendered":"https:\/\/test1.cmsmart.net\/candy\/?post_type=product&#038;p=3223"},"modified":"2024-05-17T10:07:52","modified_gmt":"2024-05-17T08:07:52","slug":"essbarer-tortenaufleger-hunde-im-einsatz","status":"publish","type":"product","link":"https:\/\/test1.cmsmart.net\/candy\/produkt\/essbarer-tortenaufleger-hunde-im-einsatz\/","title":{"rendered":"Essbarer Tortenaufleger &#8211; Hunde im Einsatz"},"content":{"rendered":"<p>Unser essbarer Tortenaufleger mit dem Motiv &#8222;Hunde im Einsatz&#8220; bringt die Action und Abenteuerlust Ihrer Lieblings-Superhelden-Hunde direkt auf Ihre Geburtstagstorte. Inspiriert von den beliebten Paw Patrol-Figuren, wird dieser Aufleger jede Geburtstagsfeier zu einem spannenden Ereignis machen.<\/p>\n<p>Gedruckt auf hochwertigem Zuckerblatt mit lebensmittelechten Tinten, ist dieser Tortenaufleger komplett essbar und geschmacksneutral. Einfach auf die Torte auflegen und f\u00fcr einen beeindruckenden Blickfang sorgen. Ideal f\u00fcr Geburtstagsfeiern von kleinen Superhelden und Fans von Hundeabenteuern.<\/p>\n<p>Feiern Sie den gro\u00dfen Tag Ihres kleinen Helden mit unserem essbaren Tortenaufleger &#8222;Hunde im Einsatz&#8220; und lassen Sie ihn sich wie ein echter Superheld f\u00fchlen!<\/p>\n","protected":false},"excerpt":{"rendered":"<p>Bringen Sie die Action und den Spa\u00df von Paw Patrol auf Ihre Geburtstagstorte mit unserem essbaren Tortenaufleger &#8222;Hunde im Einsatz&#8220;. Perfekt f\u00fcr kleine Superhelden, die eine unvergessliche Geburtstagsfeier erleben m\u00f6chten.<\/p>\n","protected":false},"featured_media":3234,"comment_status":"open","ping_status":"closed","template":"","meta":[],"product_brand":[],"product_cat":[33,36],"product_tag":[],"class_list":{"0":"post-3223","1":"product","2":"type-product","3":"status-publish","4":"has-post-thumbnail","6":"product_cat-essbare-ausdrucke-tortenaufleger","7":"product_cat-kinder","8":"product_shipping_class-warenpost","10":"first","11":"instock","12":"taxable","13":"shipping-taxable","14":"purchasable","15":"product-type-variable"},"_links":{"self":[{"href":"https:\/\/test1.cmsmart.net\/candy\/wp-json\/wp\/v2\/product\/3223","targetHints":{"allow":["GET"]}}],"collection":[{"href":"https:\/\/test1.cmsmart.net\/candy\/wp-json\/wp\/v2\/product"}],"about":[{"href":"https:\/\/test1.cmsmart.net\/candy\/wp-json\/wp\/v2\/types\/product"}],"replies":[{"embeddable":true,"href":"https:\/\/test1.cmsmart.net\/candy\/wp-json\/wp\/v2\/comments?post=3223"}],"wp:featuredmedia":[{"embeddable":true,"href":"https:\/\/test1.cmsmart.net\/candy\/wp-json\/wp\/v2\/media\/3234"}],"wp:attachment":[{"href":"https:\/\/test1.cmsmart.net\/candy\/wp-json\/wp\/v2\/media?parent=3223"}],"wp:term":[{"taxonomy":"product_brand","embeddable":true,"href":"https:\/\/test1.cmsmart.net\/candy\/wp-json\/wp\/v2\/product_brand?post=3223"},{"taxonomy":"product_cat","embeddable":true,"href":"https:\/\/test1.cmsmart.net\/candy\/wp-json\/wp\/v2\/product_cat?post=3223"},{"taxonomy":"product_tag","embeddable":true,"href":"https:\/\/test1.cmsmart.net\/candy\/wp-json\/wp\/v2\/product_tag?post=3223"}],"curies":[{"name":"wp","href":"https:\/\/api.w.org\/{rel}","templated":true}]}}