{"id":3210,"date":"2024-03-22T12:07:50","date_gmt":"2024-03-22T11:07:50","guid":{"rendered":"https:\/\/test1.cmsmart.net\/candy\/?post_type=product&#038;p=3210"},"modified":"2024-03-29T13:27:37","modified_gmt":"2024-03-29T12:27:37","slug":"essbarer-tortenaufleger-fuer-die-erstkommunion-mit-personalisierung","status":"publish","type":"product","link":"https:\/\/test1.cmsmart.net\/candy\/produkt\/essbarer-tortenaufleger-fuer-die-erstkommunion-mit-personalisierung\/","title":{"rendered":"Essbarer Tortenaufleger f\u00fcr die Erstkommunion mit Personalisierung"},"content":{"rendered":"<p>Unser essbarer Tortenaufleger f\u00fcr die Erstkommunion bietet eine wundersch\u00f6ne M\u00f6glichkeit, diesen besonderen Anlass zu feiern und Ihre Torte mit einer pers\u00f6nlichen Note zu versehen. Personalisiert mit dem Namen und dem Datum der Kommunion, wird dieser Aufleger zum Highlight Ihrer Feier.<\/p>\n<p>Hergestellt aus hochwertigem Zuckerblatt und mit lebensmittelechten Tinten bedruckt, ist dieser Tortenaufleger komplett geschmacksneutral und sicher f\u00fcr den Verzehr. Er l\u00e4sst sich m\u00fchelos auf Ihrer Torte platzieren und verschmilzt nahtlos mit dem \u00dcberzug, um ein professionelles Aussehen zu gew\u00e4hrleisten.<\/p>\n","protected":false},"excerpt":{"rendered":"<p>Feiern Sie die Erstkommunion mit einem personalisierten Touch auf Ihrer Torte! Unser essbarer Tortenaufleger in A4-Gr\u00f6\u00dfe, mit dem Namen und dem Datum des Kommunikanten, ist die perfekte Erg\u00e4nzung f\u00fcr Ihre Feierlichkeiten.<\/p>\n","protected":false},"featured_media":3212,"comment_status":"open","ping_status":"closed","template":"","meta":[],"product_brand":[],"product_cat":[33,49],"product_tag":[],"class_list":{"0":"post-3210","1":"product","2":"type-product","3":"status-publish","4":"has-post-thumbnail","6":"product_cat-essbare-ausdrucke-tortenaufleger","7":"product_cat-kommunion-firmung","8":"product_shipping_class-warenpost","9":"wcpa_has_options","11":"first","12":"instock","13":"sale","14":"taxable","15":"shipping-taxable","16":"purchasable","17":"product-type-variable"},"_links":{"self":[{"href":"https:\/\/test1.cmsmart.net\/candy\/wp-json\/wp\/v2\/product\/3210","targetHints":{"allow":["GET"]}}],"collection":[{"href":"https:\/\/test1.cmsmart.net\/candy\/wp-json\/wp\/v2\/product"}],"about":[{"href":"https:\/\/test1.cmsmart.net\/candy\/wp-json\/wp\/v2\/types\/product"}],"replies":[{"embeddable":true,"href":"https:\/\/test1.cmsmart.net\/candy\/wp-json\/wp\/v2\/comments?post=3210"}],"wp:featuredmedia":[{"embeddable":true,"href":"https:\/\/test1.cmsmart.net\/candy\/wp-json\/wp\/v2\/media\/3212"}],"wp:attachment":[{"href":"https:\/\/test1.cmsmart.net\/candy\/wp-json\/wp\/v2\/media?parent=3210"}],"wp:term":[{"taxonomy":"product_brand","embeddable":true,"href":"https:\/\/test1.cmsmart.net\/candy\/wp-json\/wp\/v2\/product_brand?post=3210"},{"taxonomy":"product_cat","embeddable":true,"href":"https:\/\/test1.cmsmart.net\/candy\/wp-json\/wp\/v2\/product_cat?post=3210"},{"taxonomy":"product_tag","embeddable":true,"href":"https:\/\/test1.cmsmart.net\/candy\/wp-json\/wp\/v2\/product_tag?post=3210"}],"curies":[{"name":"wp","href":"https:\/\/api.w.org\/{rel}","templated":true}]}}