{"id":3132,"date":"2024-01-30T18:44:36","date_gmt":"2024-01-30T17:44:36","guid":{"rendered":"https:\/\/test1.cmsmart.net\/candy\/?post_type=product&#038;p=3132"},"modified":"2024-04-01T10:35:05","modified_gmt":"2024-04-01T08:35:05","slug":"personalisierter-essbarer-ausdruck-erste-heilige-kommunion-fuer-maedchen-mit-foto-und-zartem-blumenmotiv","status":"publish","type":"product","link":"https:\/\/test1.cmsmart.net\/candy\/produkt\/personalisierter-essbarer-ausdruck-erste-heilige-kommunion-fuer-maedchen-mit-foto-und-zartem-blumenmotiv\/","title":{"rendered":"Personalisierter Essbarer Ausdruck &#8211; Erste Heilige Kommunion f\u00fcr M\u00e4dchen mit Foto und Zartem Blumenmotiv"},"content":{"rendered":"<p>Unser personalisierter essbarer Ausdruck f\u00fcr die Erste Heilige Kommunion ist eine zauberhafte M\u00f6glichkeit, diesen besonderen Anlass zu feiern. Gestaltet mit einem zarten Blumenmotiv in pastellfarbenen T\u00f6nen und der Personalisierung von Fotos, wird dieser Aufleger zu einem einzigartigen und pers\u00f6nlichen Highlight auf Ihrer Torte.<\/p>\n<p>Die liebevoll gestalteten Blumen und die zarten Farben schaffen eine harmonische Atmosph\u00e4re. Auf hochwertigem Zuckerblatt mit lebensmittelechten Tinten gedruckt, ist dieser Ausdruck nicht nur optisch ansprechend, sondern auch komplett essbar und geschmacksneutral.<\/p>\n","protected":false},"excerpt":{"rendered":"<p>Feiern Sie die Erste Heilige Kommunion Ihrer Tochter mit unserem personalisierten essbaren Ausdruck. Zarte Blumen, pastellfarbene T\u00f6ne und die Personalisierung mit einem Foto machen diesen Aufleger zu einem einzigartigen Highlight auf Ihrer festlichen Torte.<\/p>\n","protected":false},"featured_media":3129,"comment_status":"open","ping_status":"closed","template":"","meta":[],"product_brand":[],"product_cat":[33,49],"product_tag":[],"class_list":{"0":"post-3132","1":"product","2":"type-product","3":"status-publish","4":"has-post-thumbnail","6":"product_cat-essbare-ausdrucke-tortenaufleger","7":"product_cat-kommunion-firmung","8":"product_shipping_class-warenpost","9":"wcpa_has_options","11":"first","12":"instock","13":"sale","14":"taxable","15":"shipping-taxable","16":"purchasable","17":"product-type-simple"},"_links":{"self":[{"href":"https:\/\/test1.cmsmart.net\/candy\/wp-json\/wp\/v2\/product\/3132","targetHints":{"allow":["GET"]}}],"collection":[{"href":"https:\/\/test1.cmsmart.net\/candy\/wp-json\/wp\/v2\/product"}],"about":[{"href":"https:\/\/test1.cmsmart.net\/candy\/wp-json\/wp\/v2\/types\/product"}],"replies":[{"embeddable":true,"href":"https:\/\/test1.cmsmart.net\/candy\/wp-json\/wp\/v2\/comments?post=3132"}],"wp:featuredmedia":[{"embeddable":true,"href":"https:\/\/test1.cmsmart.net\/candy\/wp-json\/wp\/v2\/media\/3129"}],"wp:attachment":[{"href":"https:\/\/test1.cmsmart.net\/candy\/wp-json\/wp\/v2\/media?parent=3132"}],"wp:term":[{"taxonomy":"product_brand","embeddable":true,"href":"https:\/\/test1.cmsmart.net\/candy\/wp-json\/wp\/v2\/product_brand?post=3132"},{"taxonomy":"product_cat","embeddable":true,"href":"https:\/\/test1.cmsmart.net\/candy\/wp-json\/wp\/v2\/product_cat?post=3132"},{"taxonomy":"product_tag","embeddable":true,"href":"https:\/\/test1.cmsmart.net\/candy\/wp-json\/wp\/v2\/product_tag?post=3132"}],"curies":[{"name":"wp","href":"https:\/\/api.w.org\/{rel}","templated":true}]}}