{"id":2897,"date":"2023-04-13T15:36:42","date_gmt":"2023-04-13T13:36:42","guid":{"rendered":"https:\/\/test1.cmsmart.net\/candy\/?post_type=product&#038;p=2897"},"modified":"2024-07-25T10:52:10","modified_gmt":"2024-07-25T08:52:10","slug":"essbare-ausdrucke-gestalten","status":"publish","type":"product","link":"https:\/\/test1.cmsmart.net\/candy\/produkt\/essbare-ausdrucke-gestalten\/","title":{"rendered":"Essbare Ausdrucke selbst gestalten"},"content":{"rendered":"<p>Mit unseren personalisierbaren essbaren Ausdrucken auf St\u00e4rkemasse k\u00f6nnen Sie Ihre Torten und Geb\u00e4cke ganz nach Ihren W\u00fcnschen gestalten. Laden Sie Ihre eigenen Bilder hoch, f\u00fcgen Sie Texte hinzu und kreieren Sie individuelle Aufleger f\u00fcr Geburtstage, Hochzeiten und mehr. Hochwertig gedruckt und komplett essbar, bieten unsere Ausdrucke eine einfache M\u00f6glichkeit, Ihre Backkreationen zu personalisieren und zu versch\u00f6nern.<\/p>\n<p>Egal, ob Sie Geburtstage, Hochzeiten, Taufen oder andere besondere Anl\u00e4sse feiern &#8211; unsere personalisierbaren Ausdrucke erm\u00f6glichen es Ihnen, Ihre Kreationen zu personalisieren und ihnen eine pers\u00f6nliche Note zu verleihen. W\u00e4hlen Sie aus einer Vielzahl von Motiven, Schriftarten und Farben, um den perfekten Aufleger f\u00fcr Ihren Anlass zu gestalten.<\/p>\n","protected":false},"excerpt":{"rendered":"<p>Gestalten Sie Ihre eigenen personalisierten Tortenaufleger mit unseren essbaren Ausdrucken auf St\u00e4rkemasse. Einfach hochladen, gestalten und genie\u00dfen!<\/p>\n","protected":false},"featured_media":4043,"comment_status":"open","ping_status":"closed","template":"","meta":[],"product_brand":[],"product_cat":[33],"product_tag":[],"class_list":{"0":"post-2897","1":"product","2":"type-product","3":"status-publish","4":"has-post-thumbnail","6":"product_cat-essbare-ausdrucke-tortenaufleger","7":"product_shipping_class-warenpost","9":"first","10":"instock","11":"taxable","12":"shipping-taxable","13":"purchasable","14":"product-type-variable"},"_links":{"self":[{"href":"https:\/\/test1.cmsmart.net\/candy\/wp-json\/wp\/v2\/product\/2897","targetHints":{"allow":["GET"]}}],"collection":[{"href":"https:\/\/test1.cmsmart.net\/candy\/wp-json\/wp\/v2\/product"}],"about":[{"href":"https:\/\/test1.cmsmart.net\/candy\/wp-json\/wp\/v2\/types\/product"}],"replies":[{"embeddable":true,"href":"https:\/\/test1.cmsmart.net\/candy\/wp-json\/wp\/v2\/comments?post=2897"}],"wp:featuredmedia":[{"embeddable":true,"href":"https:\/\/test1.cmsmart.net\/candy\/wp-json\/wp\/v2\/media\/4043"}],"wp:attachment":[{"href":"https:\/\/test1.cmsmart.net\/candy\/wp-json\/wp\/v2\/media?parent=2897"}],"wp:term":[{"taxonomy":"product_brand","embeddable":true,"href":"https:\/\/test1.cmsmart.net\/candy\/wp-json\/wp\/v2\/product_brand?post=2897"},{"taxonomy":"product_cat","embeddable":true,"href":"https:\/\/test1.cmsmart.net\/candy\/wp-json\/wp\/v2\/product_cat?post=2897"},{"taxonomy":"product_tag","embeddable":true,"href":"https:\/\/test1.cmsmart.net\/candy\/wp-json\/wp\/v2\/product_tag?post=2897"}],"curies":[{"name":"wp","href":"https:\/\/api.w.org\/{rel}","templated":true}]}}