{"id":2778,"date":"2023-01-10T22:57:13","date_gmt":"2023-01-10T21:57:13","guid":{"rendered":"https:\/\/test1.cmsmart.net\/candy\/?post_type=product&#038;p=2778"},"modified":"2024-03-20T21:53:43","modified_gmt":"2024-03-20T20:53:43","slug":"schulstart-abenteuer-essbarer-ausdruck-zur-einschulung","status":"publish","type":"product","link":"https:\/\/test1.cmsmart.net\/candy\/produkt\/schulstart-abenteuer-essbarer-ausdruck-zur-einschulung\/","title":{"rendered":"Schulstart-Abenteuer &#8211; Essbarer Ausdruck zur Einschulung"},"content":{"rendered":"<p>Feiern Sie den aufregenden Tag der Einschulung mit unserem essbaren Ausdruck, der speziell f\u00fcr Kinder gestaltet ist. Dieser Ausdruck pr\u00e4sentiert eine bunte Zusammenstellung von Schul-Elementen und fr\u00f6hlichen Motiven, die den Beginn eines neuen Abenteuers symbolisieren.<\/p>\n<p>Hochwertig auf Esspapier mit lebensmittelechten Tinten gedruckt, bietet dieser Ausdruck nicht nur visuellen Spa\u00df, sondern ist auch komplett essbar und geschmacksneutral. Verleihen Sie Ihren Backkreationen eine festliche und motivierende Note mit diesen Einschulungs-Motiven.<\/p>\n<p>Die Anwendung ist kinderleicht und passt perfekt auf verschiedene Torten und Geb\u00e4cke. Gestalten Sie eine fr\u00f6hliche Schulstartszene auf dem Kuchen Ihres Kindes und bereiten Sie ihm eine aufregende und motivierende Einschulung.<\/p>\n","protected":false},"excerpt":{"rendered":"<p>Begr\u00fc\u00dfen Sie den Schulstart Ihres Kindes mit unserem essbaren Ausdruck zur Einschulung. Buntes Schulmaterial und fr\u00f6hliche Motive schaffen eine anregende und festliche Atmosph\u00e4re auf den Backwaren f\u00fcr einen aufregenden Start in die Schulzeit.<\/p>\n","protected":false},"featured_media":2758,"comment_status":"open","ping_status":"closed","template":"","meta":[],"product_brand":[],"product_cat":[33,36,118],"product_tag":[],"class_list":{"0":"post-2778","1":"product","2":"type-product","3":"status-publish","4":"has-post-thumbnail","6":"product_cat-essbare-ausdrucke-tortenaufleger","7":"product_cat-kinder","8":"product_cat-schule","9":"product_shipping_class-warenpost","10":"wcpa_has_options","12":"first","13":"instock","14":"sale","15":"taxable","16":"shipping-taxable","17":"purchasable","18":"product-type-variable"},"_links":{"self":[{"href":"https:\/\/test1.cmsmart.net\/candy\/wp-json\/wp\/v2\/product\/2778","targetHints":{"allow":["GET"]}}],"collection":[{"href":"https:\/\/test1.cmsmart.net\/candy\/wp-json\/wp\/v2\/product"}],"about":[{"href":"https:\/\/test1.cmsmart.net\/candy\/wp-json\/wp\/v2\/types\/product"}],"replies":[{"embeddable":true,"href":"https:\/\/test1.cmsmart.net\/candy\/wp-json\/wp\/v2\/comments?post=2778"}],"wp:featuredmedia":[{"embeddable":true,"href":"https:\/\/test1.cmsmart.net\/candy\/wp-json\/wp\/v2\/media\/2758"}],"wp:attachment":[{"href":"https:\/\/test1.cmsmart.net\/candy\/wp-json\/wp\/v2\/media?parent=2778"}],"wp:term":[{"taxonomy":"product_brand","embeddable":true,"href":"https:\/\/test1.cmsmart.net\/candy\/wp-json\/wp\/v2\/product_brand?post=2778"},{"taxonomy":"product_cat","embeddable":true,"href":"https:\/\/test1.cmsmart.net\/candy\/wp-json\/wp\/v2\/product_cat?post=2778"},{"taxonomy":"product_tag","embeddable":true,"href":"https:\/\/test1.cmsmart.net\/candy\/wp-json\/wp\/v2\/product_tag?post=2778"}],"curies":[{"name":"wp","href":"https:\/\/api.w.org\/{rel}","templated":true}]}}