{"id":2690,"date":"2022-12-26T20:09:51","date_gmt":"2022-12-26T19:09:51","guid":{"rendered":"https:\/\/test1.cmsmart.net\/candy\/?post_type=product&#038;p=2690"},"modified":"2024-03-20T21:54:06","modified_gmt":"2024-03-20T20:54:06","slug":"essbare-ausdruck-minecraftart-game","status":"publish","type":"product","link":"https:\/\/test1.cmsmart.net\/candy\/produkt\/essbare-ausdruck-minecraftart-game\/","title":{"rendered":"Personalisierter Gamer-Spa\u00df &#8211; Essbarer Ausdruck mit Minecraftart-Game-Elementen"},"content":{"rendered":"<p>Tauchen Sie ein in die Welt des Gamings mit unserem personalisierten essbaren Ausdruck, der Minecraftart-Game-Elemente und den Namen des Gamers kombiniert. Dieser Ausdruck ist perfekt f\u00fcr Gaming-Enthusiasten und verleiht den Backwaren eine individuelle Note.<\/p>\n<p>Hochwertig auf Esspapier mit lebensmittelechten Tinten gedruckt, bietet dieser Ausdruck nicht nur eine visuelle Freude, sondern ist auch komplett essbar und geschmacksneutral. Verleihen Sie Ihren Backkreationen eine pers\u00f6nliche Note mit diesem einzigartigen Motiv.<\/p>\n<p>Die Anwendung ist unkompliziert und passt perfekt auf verschiedene Torten und Geb\u00e4cke. Gestalten Sie eine personalisierte Gaming-Szene auf Ihrem Kuchen und \u00fcberraschen Sie den Gamer mit einem speziell f\u00fcr sie oder ihn gestalteten Genuss.<\/p>\n","protected":false},"excerpt":{"rendered":"<p>Verwandeln Sie Ihre Backwaren in ein Gaming-Paradies mit unserem personalisierten essbaren Ausdruck. Minecraftart-Game-Elemente kombiniert mit dem Namen des Gamers schaffen eine besondere und individuelle Freude f\u00fcr alle, die sich f\u00fcr Gaming begeistern.<\/p>\n","protected":false},"featured_media":2694,"comment_status":"open","ping_status":"closed","template":"","meta":[],"product_brand":[],"product_cat":[33,169,36],"product_tag":[],"class_list":{"0":"post-2690","1":"product","2":"type-product","3":"status-publish","4":"has-post-thumbnail","6":"product_cat-essbare-ausdrucke-tortenaufleger","7":"product_cat-gamer-spiele","8":"product_cat-kinder","9":"product_shipping_class-warenpost","10":"wcpa_has_options","12":"first","13":"instock","14":"sale","15":"taxable","16":"shipping-taxable","17":"purchasable","18":"product-type-variable"},"_links":{"self":[{"href":"https:\/\/test1.cmsmart.net\/candy\/wp-json\/wp\/v2\/product\/2690","targetHints":{"allow":["GET"]}}],"collection":[{"href":"https:\/\/test1.cmsmart.net\/candy\/wp-json\/wp\/v2\/product"}],"about":[{"href":"https:\/\/test1.cmsmart.net\/candy\/wp-json\/wp\/v2\/types\/product"}],"replies":[{"embeddable":true,"href":"https:\/\/test1.cmsmart.net\/candy\/wp-json\/wp\/v2\/comments?post=2690"}],"wp:featuredmedia":[{"embeddable":true,"href":"https:\/\/test1.cmsmart.net\/candy\/wp-json\/wp\/v2\/media\/2694"}],"wp:attachment":[{"href":"https:\/\/test1.cmsmart.net\/candy\/wp-json\/wp\/v2\/media?parent=2690"}],"wp:term":[{"taxonomy":"product_brand","embeddable":true,"href":"https:\/\/test1.cmsmart.net\/candy\/wp-json\/wp\/v2\/product_brand?post=2690"},{"taxonomy":"product_cat","embeddable":true,"href":"https:\/\/test1.cmsmart.net\/candy\/wp-json\/wp\/v2\/product_cat?post=2690"},{"taxonomy":"product_tag","embeddable":true,"href":"https:\/\/test1.cmsmart.net\/candy\/wp-json\/wp\/v2\/product_tag?post=2690"}],"curies":[{"name":"wp","href":"https:\/\/api.w.org\/{rel}","templated":true}]}}