{"id":2588,"date":"2022-11-13T19:12:28","date_gmt":"2022-11-13T18:12:28","guid":{"rendered":"https:\/\/test1.cmsmart.net\/candy\/?post_type=product&#038;p=2588"},"modified":"2024-03-20T21:50:44","modified_gmt":"2024-03-20T20:50:44","slug":"personalisierter-papier-cake-topper-fitness-sport-mit-name-zahl-und-luftballons","status":"publish","type":"product","link":"https:\/\/test1.cmsmart.net\/candy\/produkt\/personalisierter-papier-cake-topper-fitness-sport-mit-name-zahl-und-luftballons\/","title":{"rendered":"Personalisierter Papier-Cake-Topper &#8211; Fitness-Sport mit Name, Zahl und Luftballons"},"content":{"rendered":"<p>Unser Papier-Cake-Topper im Fitness-Sport-Motiv ist die ideale Dekoration f\u00fcr Geburtstagstorten. Personalisiert mit einem Namen, einer Zahl und lebhaften Luftballons, feiert dieser hochwertige Topper den Geburtstag eines Sportbegeisterten.<\/p>\n<p>Mit liebevollen Details gestaltet und auf hochwertigem Papier gedruckt, f\u00fcgt sich dieser Topper nahtlos auf der Oberfl\u00e4che Ihrer Torte ein. Verleihen Sie Ihrer Feier eine sportliche Note und feiern Sie den besonderen Tag mit diesem einzigartigen Cake-Topper.<\/p>\n","protected":false},"excerpt":{"rendered":"<p>Feiern Sie einen sportlichen Geburtstag mit unserem personalisierten Papier-Cake-Topper im Fitnessmotiv. Dieser Topper f\u00fcgt Energie und Individualit\u00e4t zu jeder Geburtstagstorte hinzu und ist die perfekte Erg\u00e4nzung f\u00fcr sportbegeisterte Feiern.<\/p>\n","protected":false},"featured_media":2592,"comment_status":"open","ping_status":"closed","template":"","meta":[],"product_brand":[],"product_cat":[18,68,51,72],"product_tag":[],"class_list":{"0":"post-2588","1":"product","2":"type-product","3":"status-publish","4":"has-post-thumbnail","6":"product_cat-cake-toppers","7":"product_cat-mann-papier-cake-toppers","8":"product_cat-papier-cake-toppers","9":"product_cat-sport-hobby-beruf-papier-cake-toppers","10":"product_shipping_class-warenpost","11":"wcpa_has_options","13":"first","14":"instock","15":"taxable","16":"shipping-taxable","17":"purchasable","18":"product-type-variable"},"_links":{"self":[{"href":"https:\/\/test1.cmsmart.net\/candy\/wp-json\/wp\/v2\/product\/2588","targetHints":{"allow":["GET"]}}],"collection":[{"href":"https:\/\/test1.cmsmart.net\/candy\/wp-json\/wp\/v2\/product"}],"about":[{"href":"https:\/\/test1.cmsmart.net\/candy\/wp-json\/wp\/v2\/types\/product"}],"replies":[{"embeddable":true,"href":"https:\/\/test1.cmsmart.net\/candy\/wp-json\/wp\/v2\/comments?post=2588"}],"wp:featuredmedia":[{"embeddable":true,"href":"https:\/\/test1.cmsmart.net\/candy\/wp-json\/wp\/v2\/media\/2592"}],"wp:attachment":[{"href":"https:\/\/test1.cmsmart.net\/candy\/wp-json\/wp\/v2\/media?parent=2588"}],"wp:term":[{"taxonomy":"product_brand","embeddable":true,"href":"https:\/\/test1.cmsmart.net\/candy\/wp-json\/wp\/v2\/product_brand?post=2588"},{"taxonomy":"product_cat","embeddable":true,"href":"https:\/\/test1.cmsmart.net\/candy\/wp-json\/wp\/v2\/product_cat?post=2588"},{"taxonomy":"product_tag","embeddable":true,"href":"https:\/\/test1.cmsmart.net\/candy\/wp-json\/wp\/v2\/product_tag?post=2588"}],"curies":[{"name":"wp","href":"https:\/\/api.w.org\/{rel}","templated":true}]}}