{"id":2581,"date":"2022-11-13T18:54:50","date_gmt":"2022-11-13T17:54:50","guid":{"rendered":"https:\/\/test1.cmsmart.net\/candy\/?post_type=product&#038;p=2581"},"modified":"2024-03-20T21:50:44","modified_gmt":"2024-03-20T20:50:44","slug":"personalisierter-papier-cake-topper-bodybuilder","status":"publish","type":"product","link":"https:\/\/test1.cmsmart.net\/candy\/produkt\/personalisierter-papier-cake-topper-bodybuilder\/","title":{"rendered":"Personalisierter Papier-Cake-Topper &#8211; Bodybuilder"},"content":{"rendered":"<p>Unser Papier-Cake-Topper mit dem Motiv eines Bodybuilders ist die perfekte Dekoration f\u00fcr Geburtstagstorten. Dieser hochwertige Topper verleiht Ihrem Kuchen eine sportliche Note und feiert die Leidenschaft f\u00fcr Fitness und St\u00e4rke.<\/p>\n<p>Detailreich gestaltet und auf hochwertigem Papier gedruckt, integriert sich dieser Topper nahtlos auf der Torte. Verleihen Sie Ihrem Geburtstag eine muskul\u00e4re und kraftvolle Ausstrahlung mit diesem einzigartigen Cake-Topper.<\/p>\n<p>&nbsp;<\/p>\n","protected":false},"excerpt":{"rendered":"<p>Feiern Sie mit unserem personalisierten Papier-Cake-Topper die St\u00e4rke und Leidenschaft f\u00fcr Fitness auf Ihrer Geburtstagstorte. Dieser Topper bringt kraftvolle Energie auf den Kuchentisch und ist die ideale Dekoration f\u00fcr Fitnessbegeisterte.<\/p>\n","protected":false},"featured_media":2586,"comment_status":"open","ping_status":"closed","template":"","meta":[],"product_brand":[],"product_cat":[18,68,51,72,15],"product_tag":[],"class_list":{"0":"post-2581","1":"product","2":"type-product","3":"status-publish","4":"has-post-thumbnail","6":"product_cat-cake-toppers","7":"product_cat-mann-papier-cake-toppers","8":"product_cat-papier-cake-toppers","9":"product_cat-sport-hobby-beruf-papier-cake-toppers","10":"product_cat-unkategorisiert","11":"product_shipping_class-warenpost","13":"first","14":"instock","15":"taxable","16":"shipping-taxable","17":"purchasable","18":"product-type-variable"},"_links":{"self":[{"href":"https:\/\/test1.cmsmart.net\/candy\/wp-json\/wp\/v2\/product\/2581","targetHints":{"allow":["GET"]}}],"collection":[{"href":"https:\/\/test1.cmsmart.net\/candy\/wp-json\/wp\/v2\/product"}],"about":[{"href":"https:\/\/test1.cmsmart.net\/candy\/wp-json\/wp\/v2\/types\/product"}],"replies":[{"embeddable":true,"href":"https:\/\/test1.cmsmart.net\/candy\/wp-json\/wp\/v2\/comments?post=2581"}],"wp:featuredmedia":[{"embeddable":true,"href":"https:\/\/test1.cmsmart.net\/candy\/wp-json\/wp\/v2\/media\/2586"}],"wp:attachment":[{"href":"https:\/\/test1.cmsmart.net\/candy\/wp-json\/wp\/v2\/media?parent=2581"}],"wp:term":[{"taxonomy":"product_brand","embeddable":true,"href":"https:\/\/test1.cmsmart.net\/candy\/wp-json\/wp\/v2\/product_brand?post=2581"},{"taxonomy":"product_cat","embeddable":true,"href":"https:\/\/test1.cmsmart.net\/candy\/wp-json\/wp\/v2\/product_cat?post=2581"},{"taxonomy":"product_tag","embeddable":true,"href":"https:\/\/test1.cmsmart.net\/candy\/wp-json\/wp\/v2\/product_tag?post=2581"}],"curies":[{"name":"wp","href":"https:\/\/api.w.org\/{rel}","templated":true}]}}