{"id":2515,"date":"2022-11-09T21:39:08","date_gmt":"2022-11-09T20:39:08","guid":{"rendered":"https:\/\/test1.cmsmart.net\/candy\/?post_type=product&#038;p=2515"},"modified":"2024-03-20T21:50:45","modified_gmt":"2024-03-20T20:50:45","slug":"cake-topper-dino-weltnamezahl","status":"publish","type":"product","link":"https:\/\/test1.cmsmart.net\/candy\/produkt\/cake-topper-dino-weltnamezahl\/","title":{"rendered":"Personalisierter Papier-Cake-Topper &#8211; Bunte Dino-Welt mit Name und Zahl"},"content":{"rendered":"<p>Unser Papier-Cake-Topper, gestaltet mit einer lebendigen Dino-Welt, kombiniert mit einem Namen und einer Zahl, ist die perfekte Erg\u00e4nzung f\u00fcr jede Geburtstagstorte. Diese farbenfrohe Darstellung der Dino-Welt bringt eine lebendige und freudige Atmosph\u00e4re auf den Kuchentisch.<\/p>\n<p>Sorgf\u00e4ltig bedruckt auf hochwertigem Papier, integriert sich dieser Topper m\u00fchelos auf der Oberfl\u00e4che Ihrer Torte. Verleihen Sie dem Geburtstag Ihres kleinen Abenteurers mit diesem einzigartigen Cake-Topper eine farbenfrohe und personalisierte Note.<\/p>\n","protected":false},"excerpt":{"rendered":"<p>Feiern Sie einen Dino-m\u00e4\u00dfigen Geburtstag mit unserem personalisierten Papier-Cake-Topper. Diese bunte Dino-Welt mit Namen und Zahl zaubert auf jeder Torte ein L\u00e4cheln auf die Gesichter der kleinen Entdecker.<\/p>\n","protected":false},"featured_media":2523,"comment_status":"open","ping_status":"closed","template":"","meta":[],"product_brand":[],"product_cat":[80,81,18,170,79,51],"product_tag":[],"class_list":{"0":"post-2515","1":"product","2":"type-product","3":"status-publish","4":"has-post-thumbnail","6":"product_cat-baby-boy-kinder-papier-cake-toppers","7":"product_cat-baby-girl-kinder-papier-cake-toppers","8":"product_cat-cake-toppers","9":"product_cat-dino-papier-cake-toppers","10":"product_cat-jungs","11":"product_cat-papier-cake-toppers","12":"product_shipping_class-warenpost","13":"wcpa_has_options","15":"first","16":"instock","17":"taxable","18":"shipping-taxable","19":"purchasable","20":"product-type-variable"},"_links":{"self":[{"href":"https:\/\/test1.cmsmart.net\/candy\/wp-json\/wp\/v2\/product\/2515","targetHints":{"allow":["GET"]}}],"collection":[{"href":"https:\/\/test1.cmsmart.net\/candy\/wp-json\/wp\/v2\/product"}],"about":[{"href":"https:\/\/test1.cmsmart.net\/candy\/wp-json\/wp\/v2\/types\/product"}],"replies":[{"embeddable":true,"href":"https:\/\/test1.cmsmart.net\/candy\/wp-json\/wp\/v2\/comments?post=2515"}],"wp:featuredmedia":[{"embeddable":true,"href":"https:\/\/test1.cmsmart.net\/candy\/wp-json\/wp\/v2\/media\/2523"}],"wp:attachment":[{"href":"https:\/\/test1.cmsmart.net\/candy\/wp-json\/wp\/v2\/media?parent=2515"}],"wp:term":[{"taxonomy":"product_brand","embeddable":true,"href":"https:\/\/test1.cmsmart.net\/candy\/wp-json\/wp\/v2\/product_brand?post=2515"},{"taxonomy":"product_cat","embeddable":true,"href":"https:\/\/test1.cmsmart.net\/candy\/wp-json\/wp\/v2\/product_cat?post=2515"},{"taxonomy":"product_tag","embeddable":true,"href":"https:\/\/test1.cmsmart.net\/candy\/wp-json\/wp\/v2\/product_tag?post=2515"}],"curies":[{"name":"wp","href":"https:\/\/api.w.org\/{rel}","templated":true}]}}