{"id":2436,"date":"2024-01-07T11:10:49","date_gmt":"2024-01-07T10:10:49","guid":{"rendered":"https:\/\/test1.cmsmart.net\/candy\/?post_type=product&#038;p=2436"},"modified":"2024-03-20T21:50:24","modified_gmt":"2024-03-20T20:50:24","slug":"personalisierter-papier-cake-topper-sweet-16-mit-goldener-krone-fuer-maedchen","status":"publish","type":"product","link":"https:\/\/test1.cmsmart.net\/candy\/produkt\/personalisierter-papier-cake-topper-sweet-16-mit-goldener-krone-fuer-maedchen\/","title":{"rendered":"Personalisierter Papier-Cake-Topper &#8211; Sweet 16 mit goldener Krone f\u00fcr M\u00e4dchen"},"content":{"rendered":"<p>Unser Papier-Cake-Topper f\u00fcr den 16. Geburtstag mit der Aufschrift &#8222;Sweet 16&#8220; und einer gl\u00e4nzenden goldenen Krone bietet eine glamour\u00f6se und individuelle Dekoration f\u00fcr den besonderen Tag eines jungen M\u00e4dchens.<\/p>\n<p>Hergestellt aus hochwertigem Papier in strahlendem Gold, verleiht dieser Topper Ihrer Torte oder Desserts eine k\u00f6nigliche und festliche Note. Die stilvolle Schrift &#8222;Sweet 16&#8220; und die gl\u00e4nzende Krone machen ihn zum glitzernden H\u00f6hepunkt auf der Geburtstagsfeier.<\/p>\n<p>Die Anwendung ist einfach und passt perfekt auf verschiedene Arten von Kuchen und Desserts. Verleihen Sie der Feierlichkeit Ihrer geliebten Tochter mit diesem Sweet-16-Cake-Topper eine elegante und glanzvolle Note.<\/p>\n","protected":false},"excerpt":{"rendered":"<p>Feiern Sie den 16. Geburtstag Ihrer Tochter mit unserem personalisierten Papier-Cake-Topper. Die glamour\u00f6se &#8222;Sweet 16&#8220;-Schrift und die gl\u00e4nzende goldene Krone verleihen Ihren Backwaren eine k\u00f6nigliche Eleganz f\u00fcr einen unvergesslichen Tag.<\/p>\n","protected":false},"featured_media":2438,"comment_status":"open","ping_status":"closed","template":"","meta":[],"product_brand":[],"product_cat":[18,67,74,78,51],"product_tag":[],"class_list":{"0":"post-2436","1":"product","2":"type-product","3":"status-publish","4":"has-post-thumbnail","6":"product_cat-cake-toppers","7":"product_cat-frau-papier-cake-toppers","8":"product_cat-happy-birthday-geburtstag-papier-cake-toppers","9":"product_cat-maedchen","10":"product_cat-papier-cake-toppers","11":"product_shipping_class-warenpost","13":"first","14":"instock","15":"taxable","16":"shipping-taxable","17":"purchasable","18":"product-type-variable"},"_links":{"self":[{"href":"https:\/\/test1.cmsmart.net\/candy\/wp-json\/wp\/v2\/product\/2436","targetHints":{"allow":["GET"]}}],"collection":[{"href":"https:\/\/test1.cmsmart.net\/candy\/wp-json\/wp\/v2\/product"}],"about":[{"href":"https:\/\/test1.cmsmart.net\/candy\/wp-json\/wp\/v2\/types\/product"}],"replies":[{"embeddable":true,"href":"https:\/\/test1.cmsmart.net\/candy\/wp-json\/wp\/v2\/comments?post=2436"}],"wp:featuredmedia":[{"embeddable":true,"href":"https:\/\/test1.cmsmart.net\/candy\/wp-json\/wp\/v2\/media\/2438"}],"wp:attachment":[{"href":"https:\/\/test1.cmsmart.net\/candy\/wp-json\/wp\/v2\/media?parent=2436"}],"wp:term":[{"taxonomy":"product_brand","embeddable":true,"href":"https:\/\/test1.cmsmart.net\/candy\/wp-json\/wp\/v2\/product_brand?post=2436"},{"taxonomy":"product_cat","embeddable":true,"href":"https:\/\/test1.cmsmart.net\/candy\/wp-json\/wp\/v2\/product_cat?post=2436"},{"taxonomy":"product_tag","embeddable":true,"href":"https:\/\/test1.cmsmart.net\/candy\/wp-json\/wp\/v2\/product_tag?post=2436"}],"curies":[{"name":"wp","href":"https:\/\/api.w.org\/{rel}","templated":true}]}}