{"id":2390,"date":"2022-10-24T16:44:47","date_gmt":"2022-10-24T14:44:47","guid":{"rendered":"https:\/\/test1.cmsmart.net\/candy\/?post_type=product&#038;p=2390"},"modified":"2024-03-20T21:50:45","modified_gmt":"2024-03-20T20:50:45","slug":"einhorn-unicorn-cake-topper-mit-wunschnamen","status":"publish","type":"product","link":"https:\/\/test1.cmsmart.net\/candy\/produkt\/einhorn-unicorn-cake-topper-mit-wunschnamen\/","title":{"rendered":"Personalisierter Papier-Cake-Topper &#8211; Einhorn Unicorn mit Wunschnamen"},"content":{"rendered":"<p>Unser bunter und pastellfarbener Einhorn Unicorn Papier-Cake-Topper mit dem Wunschnamen ist eine bezaubernde Erg\u00e4nzung f\u00fcr Ihre Geburtstagstorte. Das niedliche Einhornmotiv, handgefertigt aus hochwertigem Papier, f\u00fcgt Ihrer Feier eine magische und pers\u00f6nliche Note hinzu.<\/p>\n<p>Pr\u00e4zise und mit Liebe zum Detail gestaltet, wird dieser Topper Ihre Torte verzaubern. Feiern Sie Ihre besonderen Anl\u00e4sse mit diesem individuellen, handgefertigten Cake-Topper, der die Fantasie und den Charme eines Einhorns zum Leben erweckt.<\/p>\n","protected":false},"excerpt":{"rendered":"<p>Verleihen Sie Ihrer Geburtstagstorte mit unserem personalisierten Einhorn Unicorn Papier-Cake-Topper in bunten und pastellfarbenen T\u00f6nen eine zauberhafte Note. Handgefertigt und individuell gestaltet, ist dieser Topper die perfekte Dekoration f\u00fcr alle, die Einh\u00f6rner lieben.<\/p>\n","protected":false},"featured_media":2633,"comment_status":"open","ping_status":"closed","template":"","meta":[],"product_brand":[],"product_cat":[81,18,78,66,51],"product_tag":[],"class_list":{"0":"post-2390","1":"product","2":"type-product","3":"status-publish","4":"has-post-thumbnail","6":"product_cat-baby-girl-kinder-papier-cake-toppers","7":"product_cat-cake-toppers","8":"product_cat-maedchen","9":"product_cat-name-papier-cake-toppers","10":"product_cat-papier-cake-toppers","11":"product_shipping_class-warenpost","12":"wcpa_has_options","14":"first","15":"instock","16":"taxable","17":"shipping-taxable","18":"purchasable","19":"product-type-variable","20":"has-default-attributes"},"_links":{"self":[{"href":"https:\/\/test1.cmsmart.net\/candy\/wp-json\/wp\/v2\/product\/2390","targetHints":{"allow":["GET"]}}],"collection":[{"href":"https:\/\/test1.cmsmart.net\/candy\/wp-json\/wp\/v2\/product"}],"about":[{"href":"https:\/\/test1.cmsmart.net\/candy\/wp-json\/wp\/v2\/types\/product"}],"replies":[{"embeddable":true,"href":"https:\/\/test1.cmsmart.net\/candy\/wp-json\/wp\/v2\/comments?post=2390"}],"wp:featuredmedia":[{"embeddable":true,"href":"https:\/\/test1.cmsmart.net\/candy\/wp-json\/wp\/v2\/media\/2633"}],"wp:attachment":[{"href":"https:\/\/test1.cmsmart.net\/candy\/wp-json\/wp\/v2\/media?parent=2390"}],"wp:term":[{"taxonomy":"product_brand","embeddable":true,"href":"https:\/\/test1.cmsmart.net\/candy\/wp-json\/wp\/v2\/product_brand?post=2390"},{"taxonomy":"product_cat","embeddable":true,"href":"https:\/\/test1.cmsmart.net\/candy\/wp-json\/wp\/v2\/product_cat?post=2390"},{"taxonomy":"product_tag","embeddable":true,"href":"https:\/\/test1.cmsmart.net\/candy\/wp-json\/wp\/v2\/product_tag?post=2390"}],"curies":[{"name":"wp","href":"https:\/\/api.w.org\/{rel}","templated":true}]}}