{"id":2319,"date":"2024-01-28T11:18:08","date_gmt":"2024-01-28T10:18:08","guid":{"rendered":"https:\/\/test1.cmsmart.net\/candy\/?post_type=product&#038;p=2319"},"modified":"2024-03-20T21:50:24","modified_gmt":"2024-03-20T20:50:24","slug":"papier-cake-topper-zauberhafte-meerjungfrau","status":"publish","type":"product","link":"https:\/\/test1.cmsmart.net\/candy\/produkt\/papier-cake-topper-zauberhafte-meerjungfrau\/","title":{"rendered":"Papier-Cake Topper &#8211; Zauberhafte Meerjungfrau"},"content":{"rendered":"<p>Unser Papier-Cake Topper mit dem bezaubernden Motiv einer Meerjungfrau entf\u00fchrt Sie in die magische Unterwasserwelt. Liebevoll gestaltet auf hochwertigem Papier, f\u00e4ngt dieser Topper die Anmut und den Charme der Meerjungfrauen ein und verleiht Ihrer Torte eine m\u00e4rchenhafte Note.<\/p>\n<p>Einfach auf der Torte platziert, integriert sich dieser handgefertigte Topper nahtlos und sorgt f\u00fcr ein professionelles und bezauberndes Erscheinungsbild. Ideal f\u00fcr Geburtstage, Taufen oder andere festliche Anl\u00e4sse, l\u00e4sst dieser Meerjungfrau Cake Topper Kinderaugen strahlen.<\/p>\n<p>Tauchen Sie ein in die zauberhafte Welt der Meerjungfrauen mit unserem Papier-Cake Topper und verwandeln Sie Ihre Torte in ein m\u00e4rchenhaftes Meisterwerk.<\/p>\n","protected":false},"excerpt":{"rendered":"<p>Verleihen Sie Ihrer Torte eine m\u00e4rchenhafte Note mit unserem Papier-Cake Topper im Meerjungfrau-Motiv. Perfekt f\u00fcr magische Anl\u00e4sse und Geburtstage, wird dieser Topper Kinderaugen zum Strahlen bringen.<\/p>\n","protected":false},"featured_media":2321,"comment_status":"open","ping_status":"closed","template":"","meta":[],"product_brand":[],"product_cat":[18,69,78,51],"product_tag":[],"class_list":{"0":"post-2319","1":"product","2":"type-product","3":"status-publish","4":"has-post-thumbnail","6":"product_cat-cake-toppers","7":"product_cat-kinder-papier-cake-toppers","8":"product_cat-maedchen","9":"product_cat-papier-cake-toppers","10":"product_shipping_class-warenpost","12":"first","13":"instock","14":"taxable","15":"shipping-taxable","16":"purchasable","17":"product-type-variable"},"_links":{"self":[{"href":"https:\/\/test1.cmsmart.net\/candy\/wp-json\/wp\/v2\/product\/2319","targetHints":{"allow":["GET"]}}],"collection":[{"href":"https:\/\/test1.cmsmart.net\/candy\/wp-json\/wp\/v2\/product"}],"about":[{"href":"https:\/\/test1.cmsmart.net\/candy\/wp-json\/wp\/v2\/types\/product"}],"replies":[{"embeddable":true,"href":"https:\/\/test1.cmsmart.net\/candy\/wp-json\/wp\/v2\/comments?post=2319"}],"wp:featuredmedia":[{"embeddable":true,"href":"https:\/\/test1.cmsmart.net\/candy\/wp-json\/wp\/v2\/media\/2321"}],"wp:attachment":[{"href":"https:\/\/test1.cmsmart.net\/candy\/wp-json\/wp\/v2\/media?parent=2319"}],"wp:term":[{"taxonomy":"product_brand","embeddable":true,"href":"https:\/\/test1.cmsmart.net\/candy\/wp-json\/wp\/v2\/product_brand?post=2319"},{"taxonomy":"product_cat","embeddable":true,"href":"https:\/\/test1.cmsmart.net\/candy\/wp-json\/wp\/v2\/product_cat?post=2319"},{"taxonomy":"product_tag","embeddable":true,"href":"https:\/\/test1.cmsmart.net\/candy\/wp-json\/wp\/v2\/product_tag?post=2319"}],"curies":[{"name":"wp","href":"https:\/\/api.w.org\/{rel}","templated":true}]}}