{"id":2846,"date":"2023-02-25T16:04:50","date_gmt":"2023-02-25T15:04:50","guid":{"rendered":"https:\/\/test1.cmsmart.net\/candy\/versand__lieferung\/"},"modified":"2024-03-25T08:36:48","modified_gmt":"2024-03-25T07:36:48","slug":"versand-zahlung","status":"publish","type":"page","link":"https:\/\/test1.cmsmart.net\/candy\/versand-zahlung\/","title":{"rendered":"Versand &#038; Zahlung"},"content":{"rendered":"<div class=\"wpb-content-wrapper\"><p>[vc_row][vc_column][vc_column_text]<\/p>\n<h2>Versandinformationen<\/h2>\n<p>Ein Versand der Ware ist standardm\u00e4\u00dfig nur in die unten aufgef\u00fchrten L\u00e4nder m\u00f6glich. Je nach Umfang Ihrer Bestellung erfolgt der Versand per DHL oder per Deutsche Post . Die jeweils anfallenden Versandkosten k\u00f6nnen Sie der unten angegebenen Tabelle entnehmen.<\/p>\n<p>Sollten Sie den Versand in ein anderes Land w\u00fcnschen, dann schreiben Sie uns bitte vor einer Bestellung eine E-Mail info@candy-studio.de und nennen Sie uns bitte den Artikel mit der Menge und der Lieferadresse mit dem Land und der entsprechenden Postleitzahl. Wir werden Ihnen dann kurzfristig mitteilen, ob wir auch in das gew\u00fcnschte Land versenden k\u00f6nnen und Ihnen \u2013 sollte eine Lieferung an die gew\u00fcnschte Lieferadresse m\u00f6glich sein &#8211;\u00a0 die Versandkosten mitteilen, da wir die Versandm\u00f6glichkeit und die Kosten vorab bei unserem Versandpartner erfragen m\u00fcssen.<\/p>\n<ol>\n<li><strong> Versand innerhalb Deutschlands<\/strong><strong>:<\/strong><\/li>\n<\/ol>\n<p>F\u00fcr den Versand innerhalb des deutschen Festlandes berechnen wir pauschal pro Bestellung die per Warenpost verschickt werden kann 3,50 Euro, bei Versand eines Paketes fallen 5,00 Euro an. Ab einem Bruttobestellwert von 50Euro versenden wir versandkostenfrei<\/p>\n<ol>\n<li><strong> Versand au\u00dferhalb Deutschlands (Zone 1 &#8211; EU, Belgien, D\u00e4nemark, Frankreich, Luxemburg, Monaco, Niederlande, Polen, Tschechien, \u00d6sterreich)<\/strong><\/li>\n<\/ol>\n<p>Die Versandkosten nach Zone 1 &#8211; EU betragen pauschal 4 Euro f\u00fcr Warenpost und 10 Euro f\u00fcr ein Paket pro Bestellung.<\/p>\n<h2>Zahlungsinformationen<\/h2>\n<p>Bei Versand innerhalb und ausserhalb Deutschlands<\/p>\n<p>F\u00fcr Lieferungen innerhalb Deutschlands bieten wir folgende Zahlungsm\u00f6glichkeiten an, sofern in der jeweiligen Produktbeschreibung nichts anderes bestimmt ist:<\/p>\n<p>1. Vorkasse per Bank\u00fcberweisung<br \/>\n2. Paypal<br \/>\n3. Klarna Pay Now<br \/>\n4. Apple Pay<br \/>\n5. Kreditkarte<br \/>\n6. Przelewy24<br \/>\n7. Zahlung via SOFORT \u00dcberweisung[\/vc_column_text][\/vc_column][\/vc_row]<\/p>\n<\/div>","protected":false},"excerpt":{"rendered":"<p>[vc_row][vc_column][vc_column_text] Versandinformationen Ein Versand der Ware ist standardm\u00e4\u00dfig nur in die unten aufgef\u00fchrten L\u00e4nder m\u00f6glich. Je nach Umfang Ihrer Bestellung erfolgt der Versand per DHL oder per Deutsche Post . Die jeweils anfallenden Versandkosten k\u00f6nnen Sie der unten angegebenen Tabelle entnehmen. Sollten Sie den Versand in ein anderes Land w\u00fcnschen, dann schreiben Sie uns bitte [&hellip;]<\/p>\n","protected":false},"author":1,"featured_media":0,"parent":0,"menu_order":0,"comment_status":"closed","ping_status":"closed","template":"","meta":{"footnotes":""},"class_list":["post-2846","page","type-page","status-publish","hentry"],"_links":{"self":[{"href":"https:\/\/test1.cmsmart.net\/candy\/wp-json\/wp\/v2\/pages\/2846","targetHints":{"allow":["GET"]}}],"collection":[{"href":"https:\/\/test1.cmsmart.net\/candy\/wp-json\/wp\/v2\/pages"}],"about":[{"href":"https:\/\/test1.cmsmart.net\/candy\/wp-json\/wp\/v2\/types\/page"}],"author":[{"embeddable":true,"href":"https:\/\/test1.cmsmart.net\/candy\/wp-json\/wp\/v2\/users\/1"}],"replies":[{"embeddable":true,"href":"https:\/\/test1.cmsmart.net\/candy\/wp-json\/wp\/v2\/comments?post=2846"}],"version-history":[{"count":5,"href":"https:\/\/test1.cmsmart.net\/candy\/wp-json\/wp\/v2\/pages\/2846\/revisions"}],"predecessor-version":[{"id":3460,"href":"https:\/\/test1.cmsmart.net\/candy\/wp-json\/wp\/v2\/pages\/2846\/revisions\/3460"}],"wp:attachment":[{"href":"https:\/\/test1.cmsmart.net\/candy\/wp-json\/wp\/v2\/media?parent=2846"}],"curies":[{"name":"wp","href":"https:\/\/api.w.org\/{rel}","templated":true}]}}